{"id":5760,"date":"2021-02-04T12:59:20","date_gmt":"2024-10-23T14:42:48","guid":{"rendered":"https:\/\/uniest.it\/prodotto\/creme-cellulite-douce\/"},"modified":"2024-10-23T16:30:11","modified_gmt":"2024-10-23T15:30:11","slug":"creme-cellulite-douce","status":"publish","type":"product","link":"https:\/\/uniest.it\/fr\/prodotto\/creme-cellulite-douce\/","title":{"rendered":"Cr\u00e8me Cellulite Douce"},"content":{"rendered":"<p>Cr\u00e8me de massage innovante \u00e0 base d&rsquo;huile de soja et de prot\u00e9ines de germe de bl\u00e9, qui combine les fonctions des extraits v\u00e9g\u00e9taux drainants et min\u00e9ralisants de Fucus, Marron d&rsquo;Inde et Lierre avec celles des huiles essentielles de Romarin, Orange douce et Menthe poivr\u00e9e, nourrissantes, tonifiantes et clarifiantes. Une utilisation constante rendra la peau douce, tonique et compacte et pour obtenir d&rsquo;excellents r\u00e9sultats, nous vous recommandons d&rsquo;utiliser cette cr\u00e8me en combinaison avec les autres produits recommand\u00e9s de la gamme. La cellulite dite molle ou \u0153d\u00e9mateuse se pr\u00e9sente g\u00e9n\u00e9ralement comme une infiltration douce au toucher, riche en liquides stagnants, caract\u00e9ristique des femmes plus calmes, s\u00e9dentaires, g\u00e9n\u00e9ralement au corps l\u00e9g\u00e8rement arrondi.<\/p>\n","protected":false},"excerpt":{"rendered":"<p>Cr\u00e8me de massage innovante \u00e0 base d&rsquo;huile de soja et de prot\u00e9ines de germe de bl\u00e9, qui combine les fonctions des extraits v\u00e9g\u00e9taux drainants et min\u00e9ralisants de Fucus, Marron d&rsquo;Inde et Lierre avec celles des huiles essentielles de Romarin, Orange douce et Menthe poivr\u00e9e, nourrissantes, tonifiantes et clarifiantes. Une utilisation constante rendra la peau douce, [&hellip;]<\/p>\n","protected":false},"featured_media":5761,"template":"","meta":{"_acf_changed":false,"inline_featured_image":false},"product_brand":[],"product_cat":[1372],"product_tag":[],"class_list":{"0":"post-5760","1":"product","2":"type-product","3":"status-publish","4":"has-post-thumbnail","6":"product_beauty-anti-cellulite","7":"product_beauty-detox-e-dren","8":"product_beauty-idratare","9":"product_beauty-nutrire-e-rigenerare","10":"product_beauty-rassodare-e-tonificare","11":"product_skin-cellulite","12":"product_kind-cellulite-e-tonificazione","13":"product_kind-tutte-le-creme-corpo","14":"product_lines-cellulite-e-ritenzione","15":"product_cat-corpo-fr","16":"pa_size-150-fr","18":"first","19":"instock","20":"taxable","21":"shipping-taxable","22":"purchasable","23":"product-type-simple"},"acf":[],"yoast_head":"<!-- This site is optimized with the Yoast SEO plugin v24.6 - https:\/\/yoast.com\/wordpress\/plugins\/seo\/ -->\n<title>Cr\u00e8me Cellulite Douce - Uniest<\/title>\n<meta name=\"robots\" content=\"index, follow, max-snippet:-1, max-image-preview:large, max-video-preview:-1\" \/>\n<link rel=\"canonical\" href=\"https:\/\/uniest.it\/prodotto\/crema-cellulite-morbida\/\" \/>\n<meta property=\"og:locale\" content=\"fr_FR\" \/>\n<meta property=\"og:type\" content=\"article\" \/>\n<meta property=\"og:title\" content=\"Cr\u00e8me Cellulite Douce - Uniest\" \/>\n<meta property=\"og:description\" content=\"Cr\u00e8me de massage innovante \u00e0 base d&rsquo;huile de soja et de prot\u00e9ines de germe de bl\u00e9, qui combine les fonctions des extraits v\u00e9g\u00e9taux drainants et min\u00e9ralisants de Fucus, Marron d&rsquo;Inde et Lierre avec celles des huiles essentielles de Romarin, Orange douce et Menthe poivr\u00e9e, nourrissantes, tonifiantes et clarifiantes. Une utilisation constante rendra la peau douce, [&hellip;]\" \/>\n<meta property=\"og:url\" content=\"https:\/\/uniest.it\/prodotto\/crema-cellulite-morbida\/\" \/>\n<meta property=\"og:site_name\" content=\"Uniest\" \/>\n<meta property=\"article:modified_time\" content=\"2024-10-23T15:30:11+00:00\" \/>\n<meta property=\"og:image\" content=\"https:\/\/uniest.it\/wp-content\/uploads\/2020\/11\/111AAE.png\" \/>\n\t<meta property=\"og:image:width\" content=\"1283\" \/>\n\t<meta property=\"og:image:height\" content=\"2000\" \/>\n\t<meta property=\"og:image:type\" content=\"image\/png\" \/>\n<meta name=\"twitter:card\" content=\"summary_large_image\" \/>\n<meta name=\"twitter:label1\" content=\"Dur\u00e9e de lecture estim\u00e9e\" \/>\n\t<meta name=\"twitter:data1\" content=\"1 minute\" \/>\n<script type=\"application\/ld+json\" class=\"yoast-schema-graph\">{\"@context\":\"https:\/\/schema.org\",\"@graph\":[{\"@type\":\"WebPage\",\"@id\":\"https:\/\/uniest.it\/prodotto\/crema-cellulite-morbida\/\",\"url\":\"https:\/\/uniest.it\/prodotto\/crema-cellulite-morbida\/\",\"name\":\"Cr\u00e8me Cellulite Douce - Uniest\",\"isPartOf\":{\"@id\":\"https:\/\/uniest.it\/#website\"},\"primaryImageOfPage\":{\"@id\":\"https:\/\/uniest.it\/prodotto\/crema-cellulite-morbida\/#primaryimage\"},\"image\":{\"@id\":\"https:\/\/uniest.it\/prodotto\/crema-cellulite-morbida\/#primaryimage\"},\"thumbnailUrl\":\"https:\/\/uniest.it\/wp-content\/uploads\/2020\/11\/111AAE.png\",\"datePublished\":\"2024-10-23T14:42:48+00:00\",\"dateModified\":\"2024-10-23T15:30:11+00:00\",\"breadcrumb\":{\"@id\":\"https:\/\/uniest.it\/prodotto\/crema-cellulite-morbida\/#breadcrumb\"},\"inLanguage\":\"fr-FR\",\"potentialAction\":[{\"@type\":\"ReadAction\",\"target\":[\"https:\/\/uniest.it\/prodotto\/crema-cellulite-morbida\/\"]}]},{\"@type\":\"ImageObject\",\"inLanguage\":\"fr-FR\",\"@id\":\"https:\/\/uniest.it\/prodotto\/crema-cellulite-morbida\/#primaryimage\",\"url\":\"https:\/\/uniest.it\/wp-content\/uploads\/2020\/11\/111AAE.png\",\"contentUrl\":\"https:\/\/uniest.it\/wp-content\/uploads\/2020\/11\/111AAE.png\",\"width\":1283,\"height\":2000},{\"@type\":\"BreadcrumbList\",\"@id\":\"https:\/\/uniest.it\/prodotto\/crema-cellulite-morbida\/#breadcrumb\",\"itemListElement\":[{\"@type\":\"ListItem\",\"position\":1,\"name\":\"Home\",\"item\":\"https:\/\/uniest.it\/fr\/\"},{\"@type\":\"ListItem\",\"position\":2,\"name\":\"Shop\",\"item\":\"https:\/\/uniest.it\/shop\/\"},{\"@type\":\"ListItem\",\"position\":3,\"name\":\"Cr\u00e8me Cellulite Douce\"}]},{\"@type\":\"WebSite\",\"@id\":\"https:\/\/uniest.it\/#website\",\"url\":\"https:\/\/uniest.it\/\",\"name\":\"Uniest\",\"description\":\"Cosmetici Naturali e Bio\",\"potentialAction\":[{\"@type\":\"SearchAction\",\"target\":{\"@type\":\"EntryPoint\",\"urlTemplate\":\"https:\/\/uniest.it\/?s={search_term_string}\"},\"query-input\":{\"@type\":\"PropertyValueSpecification\",\"valueRequired\":true,\"valueName\":\"search_term_string\"}}],\"inLanguage\":\"fr-FR\"}]}<\/script>\n<!-- \/ Yoast SEO plugin. -->","yoast_head_json":{"title":"Cr\u00e8me Cellulite Douce - Uniest","robots":{"index":"index","follow":"follow","max-snippet":"max-snippet:-1","max-image-preview":"max-image-preview:large","max-video-preview":"max-video-preview:-1"},"canonical":"https:\/\/uniest.it\/prodotto\/crema-cellulite-morbida\/","og_locale":"fr_FR","og_type":"article","og_title":"Cr\u00e8me Cellulite Douce - Uniest","og_description":"Cr\u00e8me de massage innovante \u00e0 base d&rsquo;huile de soja et de prot\u00e9ines de germe de bl\u00e9, qui combine les fonctions des extraits v\u00e9g\u00e9taux drainants et min\u00e9ralisants de Fucus, Marron d&rsquo;Inde et Lierre avec celles des huiles essentielles de Romarin, Orange douce et Menthe poivr\u00e9e, nourrissantes, tonifiantes et clarifiantes. Une utilisation constante rendra la peau douce, [&hellip;]","og_url":"https:\/\/uniest.it\/prodotto\/crema-cellulite-morbida\/","og_site_name":"Uniest","article_modified_time":"2024-10-23T15:30:11+00:00","og_image":[{"width":1283,"height":2000,"url":"https:\/\/uniest.it\/wp-content\/uploads\/2020\/11\/111AAE.png","type":"image\/png"}],"twitter_card":"summary_large_image","twitter_misc":{"Dur\u00e9e de lecture estim\u00e9e":"1 minute"},"schema":{"@context":"https:\/\/schema.org","@graph":[{"@type":"WebPage","@id":"https:\/\/uniest.it\/prodotto\/crema-cellulite-morbida\/","url":"https:\/\/uniest.it\/prodotto\/crema-cellulite-morbida\/","name":"Cr\u00e8me Cellulite Douce - Uniest","isPartOf":{"@id":"https:\/\/uniest.it\/#website"},"primaryImageOfPage":{"@id":"https:\/\/uniest.it\/prodotto\/crema-cellulite-morbida\/#primaryimage"},"image":{"@id":"https:\/\/uniest.it\/prodotto\/crema-cellulite-morbida\/#primaryimage"},"thumbnailUrl":"https:\/\/uniest.it\/wp-content\/uploads\/2020\/11\/111AAE.png","datePublished":"2024-10-23T14:42:48+00:00","dateModified":"2024-10-23T15:30:11+00:00","breadcrumb":{"@id":"https:\/\/uniest.it\/prodotto\/crema-cellulite-morbida\/#breadcrumb"},"inLanguage":"fr-FR","potentialAction":[{"@type":"ReadAction","target":["https:\/\/uniest.it\/prodotto\/crema-cellulite-morbida\/"]}]},{"@type":"ImageObject","inLanguage":"fr-FR","@id":"https:\/\/uniest.it\/prodotto\/crema-cellulite-morbida\/#primaryimage","url":"https:\/\/uniest.it\/wp-content\/uploads\/2020\/11\/111AAE.png","contentUrl":"https:\/\/uniest.it\/wp-content\/uploads\/2020\/11\/111AAE.png","width":1283,"height":2000},{"@type":"BreadcrumbList","@id":"https:\/\/uniest.it\/prodotto\/crema-cellulite-morbida\/#breadcrumb","itemListElement":[{"@type":"ListItem","position":1,"name":"Home","item":"https:\/\/uniest.it\/fr\/"},{"@type":"ListItem","position":2,"name":"Shop","item":"https:\/\/uniest.it\/shop\/"},{"@type":"ListItem","position":3,"name":"Cr\u00e8me Cellulite Douce"}]},{"@type":"WebSite","@id":"https:\/\/uniest.it\/#website","url":"https:\/\/uniest.it\/","name":"Uniest","description":"Cosmetici Naturali e Bio","potentialAction":[{"@type":"SearchAction","target":{"@type":"EntryPoint","urlTemplate":"https:\/\/uniest.it\/?s={search_term_string}"},"query-input":{"@type":"PropertyValueSpecification","valueRequired":true,"valueName":"search_term_string"}}],"inLanguage":"fr-FR"}]}},"_links":{"self":[{"href":"https:\/\/uniest.it\/fr\/wp-json\/wp\/v2\/product\/5760","targetHints":{"allow":["GET"]}}],"collection":[{"href":"https:\/\/uniest.it\/fr\/wp-json\/wp\/v2\/product"}],"about":[{"href":"https:\/\/uniest.it\/fr\/wp-json\/wp\/v2\/types\/product"}],"wp:featuredmedia":[{"embeddable":true,"href":"https:\/\/uniest.it\/fr\/wp-json\/wp\/v2\/media\/5761"}],"wp:attachment":[{"href":"https:\/\/uniest.it\/fr\/wp-json\/wp\/v2\/media?parent=5760"}],"wp:term":[{"taxonomy":"product_brand","embeddable":true,"href":"https:\/\/uniest.it\/fr\/wp-json\/wp\/v2\/product_brand?post=5760"},{"taxonomy":"product_cat","embeddable":true,"href":"https:\/\/uniest.it\/fr\/wp-json\/wp\/v2\/product_cat?post=5760"},{"taxonomy":"product_tag","embeddable":true,"href":"https:\/\/uniest.it\/fr\/wp-json\/wp\/v2\/product_tag?post=5760"}],"curies":[{"name":"wp","href":"https:\/\/api.w.org\/{rel}","templated":true}]}}