{"id":5762,"date":"2021-02-04T12:59:20","date_gmt":"2024-10-23T14:42:49","guid":{"rendered":"https:\/\/uniest.it\/prodotto\/creme-cellulite-fibreuse\/"},"modified":"2024-10-23T16:30:11","modified_gmt":"2024-10-23T15:30:11","slug":"creme-cellulite-fibreuse","status":"publish","type":"product","link":"https:\/\/uniest.it\/fr\/prodotto\/creme-cellulite-fibreuse\/","title":{"rendered":"Cr\u00e8me Cellulite Fibreuse"},"content":{"rendered":"<p>On parle de cellulite fibreuse lorsque les fibres de collag\u00e8ne entourant les adipocytes augmentent, les tissus deviennent \u00e9pais, rigides et emprisonnent les cellules graisseuses. La cr\u00e8me cellulite fibreuse est une cr\u00e8me de massage naturelle innovante \u00e0 base d&rsquo;huile de son de riz, excellent apaisant et antioxydant et de glyc\u00e9rine v\u00e9g\u00e9tale. L&rsquo;action des cr\u00e8mes anti-cellulite est quadruple : elles \u00e9liminent les cellules lipidiques (action lipolytique) en agissant sur le m\u00e9tabolisme pour \u00e9viter l&rsquo;accumulation d&rsquo;autres graisses. Ensuite ils prot\u00e8gent les capillaires (action protectrice des capillaires) gr\u00e2ce aux extraits naturels de ginko biloba, vigne rouge, myrtille, citron, th\u00e9 vert et vitamines A, C et E. Ces actifs sont scientifiquement reconnus comme ayant la caract\u00e9ristique de stimuler microcirculation dans les tissus r\u00e9\u00e9quilibrant la circulation lymphatique et veineuse (action activatrice de la microcirculation) et drainant les tissus (action drainante).<\/p>\n","protected":false},"excerpt":{"rendered":"<p>On parle de cellulite fibreuse lorsque les fibres de collag\u00e8ne entourant les adipocytes augmentent, les tissus deviennent \u00e9pais, rigides et emprisonnent les cellules graisseuses. La cr\u00e8me cellulite fibreuse est une cr\u00e8me de massage naturelle innovante \u00e0 base d&rsquo;huile de son de riz, excellent apaisant et antioxydant et de glyc\u00e9rine v\u00e9g\u00e9tale. L&rsquo;action des cr\u00e8mes anti-cellulite est [&hellip;]<\/p>\n","protected":false},"featured_media":5763,"template":"","meta":{"_acf_changed":false,"inline_featured_image":false},"product_brand":[],"product_cat":[1372],"product_tag":[],"class_list":{"0":"post-5762","1":"product","2":"type-product","3":"status-publish","4":"has-post-thumbnail","6":"product_beauty-anti-cellulite","7":"product_beauty-detox-e-dren","8":"product_beauty-idratare","9":"product_beauty-nutrire-e-rigenerare","10":"product_beauty-rassodare-e-tonificare","11":"product_skin-cellulite","12":"product_skin-tutte-le-pelli","13":"product_kind-cellulite-e-tonificazione","14":"product_kind-tutte-le-creme-corpo","15":"product_lines-cellulite-e-ritenzione","16":"product_cat-corpo-fr","17":"pa_size-150-fr","19":"first","20":"instock","21":"taxable","22":"shipping-taxable","23":"purchasable","24":"product-type-simple"},"acf":[],"yoast_head":"<!-- This site is optimized with the Yoast SEO plugin v24.6 - https:\/\/yoast.com\/wordpress\/plugins\/seo\/ -->\n<title>Cr\u00e8me Cellulite Fibreuse - Uniest<\/title>\n<meta name=\"robots\" content=\"index, follow, max-snippet:-1, max-image-preview:large, max-video-preview:-1\" \/>\n<link rel=\"canonical\" href=\"https:\/\/uniest.it\/prodotto\/crema-cellulite-fibrosa\/\" \/>\n<meta property=\"og:locale\" content=\"fr_FR\" \/>\n<meta property=\"og:type\" content=\"article\" \/>\n<meta property=\"og:title\" content=\"Cr\u00e8me Cellulite Fibreuse - Uniest\" \/>\n<meta property=\"og:description\" content=\"On parle de cellulite fibreuse lorsque les fibres de collag\u00e8ne entourant les adipocytes augmentent, les tissus deviennent \u00e9pais, rigides et emprisonnent les cellules graisseuses. La cr\u00e8me cellulite fibreuse est une cr\u00e8me de massage naturelle innovante \u00e0 base d&rsquo;huile de son de riz, excellent apaisant et antioxydant et de glyc\u00e9rine v\u00e9g\u00e9tale. L&rsquo;action des cr\u00e8mes anti-cellulite est [&hellip;]\" \/>\n<meta property=\"og:url\" content=\"https:\/\/uniest.it\/prodotto\/crema-cellulite-fibrosa\/\" \/>\n<meta property=\"og:site_name\" content=\"Uniest\" \/>\n<meta property=\"article:modified_time\" content=\"2024-10-23T15:30:11+00:00\" \/>\n<meta property=\"og:image\" content=\"https:\/\/uniest.it\/wp-content\/uploads\/2020\/11\/120AAE.png\" \/>\n\t<meta property=\"og:image:width\" content=\"1283\" \/>\n\t<meta property=\"og:image:height\" content=\"2001\" \/>\n\t<meta property=\"og:image:type\" content=\"image\/png\" \/>\n<meta name=\"twitter:card\" content=\"summary_large_image\" \/>\n<meta name=\"twitter:label1\" content=\"Dur\u00e9e de lecture estim\u00e9e\" \/>\n\t<meta name=\"twitter:data1\" content=\"1 minute\" \/>\n<script type=\"application\/ld+json\" class=\"yoast-schema-graph\">{\"@context\":\"https:\/\/schema.org\",\"@graph\":[{\"@type\":\"WebPage\",\"@id\":\"https:\/\/uniest.it\/prodotto\/crema-cellulite-fibrosa\/\",\"url\":\"https:\/\/uniest.it\/prodotto\/crema-cellulite-fibrosa\/\",\"name\":\"Cr\u00e8me Cellulite Fibreuse - Uniest\",\"isPartOf\":{\"@id\":\"https:\/\/uniest.it\/#website\"},\"primaryImageOfPage\":{\"@id\":\"https:\/\/uniest.it\/prodotto\/crema-cellulite-fibrosa\/#primaryimage\"},\"image\":{\"@id\":\"https:\/\/uniest.it\/prodotto\/crema-cellulite-fibrosa\/#primaryimage\"},\"thumbnailUrl\":\"https:\/\/uniest.it\/wp-content\/uploads\/2020\/11\/120AAE.png\",\"datePublished\":\"2024-10-23T14:42:49+00:00\",\"dateModified\":\"2024-10-23T15:30:11+00:00\",\"breadcrumb\":{\"@id\":\"https:\/\/uniest.it\/prodotto\/crema-cellulite-fibrosa\/#breadcrumb\"},\"inLanguage\":\"fr-FR\",\"potentialAction\":[{\"@type\":\"ReadAction\",\"target\":[\"https:\/\/uniest.it\/prodotto\/crema-cellulite-fibrosa\/\"]}]},{\"@type\":\"ImageObject\",\"inLanguage\":\"fr-FR\",\"@id\":\"https:\/\/uniest.it\/prodotto\/crema-cellulite-fibrosa\/#primaryimage\",\"url\":\"https:\/\/uniest.it\/wp-content\/uploads\/2020\/11\/120AAE.png\",\"contentUrl\":\"https:\/\/uniest.it\/wp-content\/uploads\/2020\/11\/120AAE.png\",\"width\":1283,\"height\":2001},{\"@type\":\"BreadcrumbList\",\"@id\":\"https:\/\/uniest.it\/prodotto\/crema-cellulite-fibrosa\/#breadcrumb\",\"itemListElement\":[{\"@type\":\"ListItem\",\"position\":1,\"name\":\"Home\",\"item\":\"https:\/\/uniest.it\/fr\/\"},{\"@type\":\"ListItem\",\"position\":2,\"name\":\"Shop\",\"item\":\"https:\/\/uniest.it\/shop\/\"},{\"@type\":\"ListItem\",\"position\":3,\"name\":\"Cr\u00e8me Cellulite Fibreuse\"}]},{\"@type\":\"WebSite\",\"@id\":\"https:\/\/uniest.it\/#website\",\"url\":\"https:\/\/uniest.it\/\",\"name\":\"Uniest\",\"description\":\"Cosmetici Naturali e Bio\",\"potentialAction\":[{\"@type\":\"SearchAction\",\"target\":{\"@type\":\"EntryPoint\",\"urlTemplate\":\"https:\/\/uniest.it\/?s={search_term_string}\"},\"query-input\":{\"@type\":\"PropertyValueSpecification\",\"valueRequired\":true,\"valueName\":\"search_term_string\"}}],\"inLanguage\":\"fr-FR\"}]}<\/script>\n<!-- \/ Yoast SEO plugin. -->","yoast_head_json":{"title":"Cr\u00e8me Cellulite Fibreuse - Uniest","robots":{"index":"index","follow":"follow","max-snippet":"max-snippet:-1","max-image-preview":"max-image-preview:large","max-video-preview":"max-video-preview:-1"},"canonical":"https:\/\/uniest.it\/prodotto\/crema-cellulite-fibrosa\/","og_locale":"fr_FR","og_type":"article","og_title":"Cr\u00e8me Cellulite Fibreuse - Uniest","og_description":"On parle de cellulite fibreuse lorsque les fibres de collag\u00e8ne entourant les adipocytes augmentent, les tissus deviennent \u00e9pais, rigides et emprisonnent les cellules graisseuses. La cr\u00e8me cellulite fibreuse est une cr\u00e8me de massage naturelle innovante \u00e0 base d&rsquo;huile de son de riz, excellent apaisant et antioxydant et de glyc\u00e9rine v\u00e9g\u00e9tale. L&rsquo;action des cr\u00e8mes anti-cellulite est [&hellip;]","og_url":"https:\/\/uniest.it\/prodotto\/crema-cellulite-fibrosa\/","og_site_name":"Uniest","article_modified_time":"2024-10-23T15:30:11+00:00","og_image":[{"width":1283,"height":2001,"url":"https:\/\/uniest.it\/wp-content\/uploads\/2020\/11\/120AAE.png","type":"image\/png"}],"twitter_card":"summary_large_image","twitter_misc":{"Dur\u00e9e de lecture estim\u00e9e":"1 minute"},"schema":{"@context":"https:\/\/schema.org","@graph":[{"@type":"WebPage","@id":"https:\/\/uniest.it\/prodotto\/crema-cellulite-fibrosa\/","url":"https:\/\/uniest.it\/prodotto\/crema-cellulite-fibrosa\/","name":"Cr\u00e8me Cellulite Fibreuse - Uniest","isPartOf":{"@id":"https:\/\/uniest.it\/#website"},"primaryImageOfPage":{"@id":"https:\/\/uniest.it\/prodotto\/crema-cellulite-fibrosa\/#primaryimage"},"image":{"@id":"https:\/\/uniest.it\/prodotto\/crema-cellulite-fibrosa\/#primaryimage"},"thumbnailUrl":"https:\/\/uniest.it\/wp-content\/uploads\/2020\/11\/120AAE.png","datePublished":"2024-10-23T14:42:49+00:00","dateModified":"2024-10-23T15:30:11+00:00","breadcrumb":{"@id":"https:\/\/uniest.it\/prodotto\/crema-cellulite-fibrosa\/#breadcrumb"},"inLanguage":"fr-FR","potentialAction":[{"@type":"ReadAction","target":["https:\/\/uniest.it\/prodotto\/crema-cellulite-fibrosa\/"]}]},{"@type":"ImageObject","inLanguage":"fr-FR","@id":"https:\/\/uniest.it\/prodotto\/crema-cellulite-fibrosa\/#primaryimage","url":"https:\/\/uniest.it\/wp-content\/uploads\/2020\/11\/120AAE.png","contentUrl":"https:\/\/uniest.it\/wp-content\/uploads\/2020\/11\/120AAE.png","width":1283,"height":2001},{"@type":"BreadcrumbList","@id":"https:\/\/uniest.it\/prodotto\/crema-cellulite-fibrosa\/#breadcrumb","itemListElement":[{"@type":"ListItem","position":1,"name":"Home","item":"https:\/\/uniest.it\/fr\/"},{"@type":"ListItem","position":2,"name":"Shop","item":"https:\/\/uniest.it\/shop\/"},{"@type":"ListItem","position":3,"name":"Cr\u00e8me Cellulite Fibreuse"}]},{"@type":"WebSite","@id":"https:\/\/uniest.it\/#website","url":"https:\/\/uniest.it\/","name":"Uniest","description":"Cosmetici Naturali e Bio","potentialAction":[{"@type":"SearchAction","target":{"@type":"EntryPoint","urlTemplate":"https:\/\/uniest.it\/?s={search_term_string}"},"query-input":{"@type":"PropertyValueSpecification","valueRequired":true,"valueName":"search_term_string"}}],"inLanguage":"fr-FR"}]}},"_links":{"self":[{"href":"https:\/\/uniest.it\/fr\/wp-json\/wp\/v2\/product\/5762","targetHints":{"allow":["GET"]}}],"collection":[{"href":"https:\/\/uniest.it\/fr\/wp-json\/wp\/v2\/product"}],"about":[{"href":"https:\/\/uniest.it\/fr\/wp-json\/wp\/v2\/types\/product"}],"wp:featuredmedia":[{"embeddable":true,"href":"https:\/\/uniest.it\/fr\/wp-json\/wp\/v2\/media\/5763"}],"wp:attachment":[{"href":"https:\/\/uniest.it\/fr\/wp-json\/wp\/v2\/media?parent=5762"}],"wp:term":[{"taxonomy":"product_brand","embeddable":true,"href":"https:\/\/uniest.it\/fr\/wp-json\/wp\/v2\/product_brand?post=5762"},{"taxonomy":"product_cat","embeddable":true,"href":"https:\/\/uniest.it\/fr\/wp-json\/wp\/v2\/product_cat?post=5762"},{"taxonomy":"product_tag","embeddable":true,"href":"https:\/\/uniest.it\/fr\/wp-json\/wp\/v2\/product_tag?post=5762"}],"curies":[{"name":"wp","href":"https:\/\/api.w.org\/{rel}","templated":true}]}}