{"id":5764,"date":"2021-02-04T12:59:20","date_gmt":"2024-10-23T14:42:50","guid":{"rendered":"https:\/\/uniest.it\/prodotto\/creme-dermotonique\/"},"modified":"2024-10-23T16:30:12","modified_gmt":"2024-10-23T15:30:12","slug":"creme-dermotonique","status":"publish","type":"product","link":"https:\/\/uniest.it\/fr\/prodotto\/creme-dermotonique\/","title":{"rendered":"Cr\u00e8me Dermotonique"},"content":{"rendered":"<p>La Cr\u00e8me Dermotonic est une cr\u00e8me innovante \u00e0 base de cire d&rsquo;abeille naturelle, de glyc\u00e9rine v\u00e9g\u00e9tale, d&rsquo;huile de son de riz et de squalane v\u00e9g\u00e9tal. Contient des extraits v\u00e9g\u00e9taux pr\u00e9cieux de Rose, de Houblon et de Lavande qui agissent en synergie pour combler les fissures de la couche corn\u00e9e, lisser la peau et r\u00e9duire sa rugosit\u00e9. Il a \u00e9galement un effet \u00e9mollient, donnant \u00e0 la peau \u00e9lasticit\u00e9, douceur et hydratation. L&rsquo;utilisation constante de cr\u00e8mes raffermissantes tout au long de l&rsquo;ann\u00e9e permet de pr\u00e9venir le rel\u00e2chement cutan\u00e9 et de maintenir une peau \u00e9lastique, douce, compacte et jeune. L&rsquo;utilisation d&rsquo;une cr\u00e8me raffermissante pour le ventre, la poitrine, le visage ou le corps est donc toujours recommand\u00e9e, car elle contient de nombreux actifs utiles, comme le collag\u00e8ne, l&rsquo;\u00e9lastine, l&rsquo;acide hyaluronique (substances d\u00e9j\u00e0 pr\u00e9sentes dans nos tissus mais dont la stimulation diminue avec le temps). nous aident \u00e0 augmenter la fermet\u00e9 de la peau, son \u00e9lasticit\u00e9 et sa tonicit\u00e9. Cependant, pour \u00eatre vraiment efficace, une cr\u00e8me raffermissante demande de la coh\u00e9rence et de la patience, donc si vous souhaitez des traitements de choc de derni\u00e8re minute, ces produits cosm\u00e9tiques ne sont pas vraiment faits pour vous, \u00e9tant donn\u00e9 que pour \u00eatre efficaces et rendre visibles les premiers r\u00e9sultats et b\u00e9n\u00e9fices, ils n\u00e9cessitent longtemps.<\/p>\n","protected":false},"excerpt":{"rendered":"<p>La Cr\u00e8me Dermotonic est une cr\u00e8me innovante \u00e0 base de cire d&rsquo;abeille naturelle, de glyc\u00e9rine v\u00e9g\u00e9tale, d&rsquo;huile de son de riz et de squalane v\u00e9g\u00e9tal. Contient des extraits v\u00e9g\u00e9taux pr\u00e9cieux de Rose, de Houblon et de Lavande qui agissent en synergie pour combler les fissures de la couche corn\u00e9e, lisser la peau et r\u00e9duire sa [&hellip;]<\/p>\n","protected":false},"featured_media":5765,"template":"","meta":{"_acf_changed":false,"inline_featured_image":false},"product_brand":[],"product_cat":[1372,1383,1378],"product_tag":[],"class_list":{"0":"post-5764","1":"product","2":"type-product","3":"status-publish","4":"has-post-thumbnail","6":"product_beauty-idratare","7":"product_beauty-lenire","8":"product_beauty-nutrire-e-rigenerare","9":"product_beauty-rassodare-e-tonificare","10":"product_skin-tutte-le-pelli","11":"product_kind-cellulite-e-tonificazione","12":"product_kind-tutte-le-creme-corpo","13":"product_lines-corpo-e-benessere","14":"product_cat-corpo-fr","15":"product_cat-viso-fr","16":"product_cat-famiglia-e-pet-fr","17":"pa_size-150-fr","19":"first","20":"instock","21":"taxable","22":"shipping-taxable","23":"purchasable","24":"product-type-simple"},"acf":[],"yoast_head":"<!-- This site is optimized with the Yoast SEO plugin v24.6 - https:\/\/yoast.com\/wordpress\/plugins\/seo\/ -->\n<title>Cr\u00e8me Dermotonique - Uniest<\/title>\n<meta name=\"robots\" content=\"index, follow, max-snippet:-1, max-image-preview:large, max-video-preview:-1\" \/>\n<link rel=\"canonical\" href=\"https:\/\/uniest.it\/prodotto\/crema-dermotonica\/\" \/>\n<meta property=\"og:locale\" content=\"fr_FR\" \/>\n<meta property=\"og:type\" content=\"article\" \/>\n<meta property=\"og:title\" content=\"Cr\u00e8me Dermotonique - Uniest\" \/>\n<meta property=\"og:description\" content=\"La Cr\u00e8me Dermotonic est une cr\u00e8me innovante \u00e0 base de cire d&rsquo;abeille naturelle, de glyc\u00e9rine v\u00e9g\u00e9tale, d&rsquo;huile de son de riz et de squalane v\u00e9g\u00e9tal. Contient des extraits v\u00e9g\u00e9taux pr\u00e9cieux de Rose, de Houblon et de Lavande qui agissent en synergie pour combler les fissures de la couche corn\u00e9e, lisser la peau et r\u00e9duire sa [&hellip;]\" \/>\n<meta property=\"og:url\" content=\"https:\/\/uniest.it\/prodotto\/crema-dermotonica\/\" \/>\n<meta property=\"og:site_name\" content=\"Uniest\" \/>\n<meta property=\"article:modified_time\" content=\"2024-10-23T15:30:12+00:00\" \/>\n<meta property=\"og:image\" content=\"https:\/\/uniest.it\/wp-content\/uploads\/2020\/11\/132AAE.png\" \/>\n\t<meta property=\"og:image:width\" content=\"1283\" \/>\n\t<meta property=\"og:image:height\" content=\"2001\" \/>\n\t<meta property=\"og:image:type\" content=\"image\/png\" \/>\n<meta name=\"twitter:card\" content=\"summary_large_image\" \/>\n<meta name=\"twitter:label1\" content=\"Dur\u00e9e de lecture estim\u00e9e\" \/>\n\t<meta name=\"twitter:data1\" content=\"1 minute\" \/>\n<script type=\"application\/ld+json\" class=\"yoast-schema-graph\">{\"@context\":\"https:\/\/schema.org\",\"@graph\":[{\"@type\":\"WebPage\",\"@id\":\"https:\/\/uniest.it\/prodotto\/crema-dermotonica\/\",\"url\":\"https:\/\/uniest.it\/prodotto\/crema-dermotonica\/\",\"name\":\"Cr\u00e8me Dermotonique - Uniest\",\"isPartOf\":{\"@id\":\"https:\/\/uniest.it\/#website\"},\"primaryImageOfPage\":{\"@id\":\"https:\/\/uniest.it\/prodotto\/crema-dermotonica\/#primaryimage\"},\"image\":{\"@id\":\"https:\/\/uniest.it\/prodotto\/crema-dermotonica\/#primaryimage\"},\"thumbnailUrl\":\"https:\/\/uniest.it\/wp-content\/uploads\/2020\/11\/132AAE.png\",\"datePublished\":\"2024-10-23T14:42:50+00:00\",\"dateModified\":\"2024-10-23T15:30:12+00:00\",\"breadcrumb\":{\"@id\":\"https:\/\/uniest.it\/prodotto\/crema-dermotonica\/#breadcrumb\"},\"inLanguage\":\"fr-FR\",\"potentialAction\":[{\"@type\":\"ReadAction\",\"target\":[\"https:\/\/uniest.it\/prodotto\/crema-dermotonica\/\"]}]},{\"@type\":\"ImageObject\",\"inLanguage\":\"fr-FR\",\"@id\":\"https:\/\/uniest.it\/prodotto\/crema-dermotonica\/#primaryimage\",\"url\":\"https:\/\/uniest.it\/wp-content\/uploads\/2020\/11\/132AAE.png\",\"contentUrl\":\"https:\/\/uniest.it\/wp-content\/uploads\/2020\/11\/132AAE.png\",\"width\":1283,\"height\":2001},{\"@type\":\"BreadcrumbList\",\"@id\":\"https:\/\/uniest.it\/prodotto\/crema-dermotonica\/#breadcrumb\",\"itemListElement\":[{\"@type\":\"ListItem\",\"position\":1,\"name\":\"Home\",\"item\":\"https:\/\/uniest.it\/fr\/\"},{\"@type\":\"ListItem\",\"position\":2,\"name\":\"Shop\",\"item\":\"https:\/\/uniest.it\/shop\/\"},{\"@type\":\"ListItem\",\"position\":3,\"name\":\"Cr\u00e8me Dermotonique\"}]},{\"@type\":\"WebSite\",\"@id\":\"https:\/\/uniest.it\/#website\",\"url\":\"https:\/\/uniest.it\/\",\"name\":\"Uniest\",\"description\":\"Cosmetici Naturali e Bio\",\"potentialAction\":[{\"@type\":\"SearchAction\",\"target\":{\"@type\":\"EntryPoint\",\"urlTemplate\":\"https:\/\/uniest.it\/?s={search_term_string}\"},\"query-input\":{\"@type\":\"PropertyValueSpecification\",\"valueRequired\":true,\"valueName\":\"search_term_string\"}}],\"inLanguage\":\"fr-FR\"}]}<\/script>\n<!-- \/ Yoast SEO plugin. -->","yoast_head_json":{"title":"Cr\u00e8me Dermotonique - Uniest","robots":{"index":"index","follow":"follow","max-snippet":"max-snippet:-1","max-image-preview":"max-image-preview:large","max-video-preview":"max-video-preview:-1"},"canonical":"https:\/\/uniest.it\/prodotto\/crema-dermotonica\/","og_locale":"fr_FR","og_type":"article","og_title":"Cr\u00e8me Dermotonique - Uniest","og_description":"La Cr\u00e8me Dermotonic est une cr\u00e8me innovante \u00e0 base de cire d&rsquo;abeille naturelle, de glyc\u00e9rine v\u00e9g\u00e9tale, d&rsquo;huile de son de riz et de squalane v\u00e9g\u00e9tal. Contient des extraits v\u00e9g\u00e9taux pr\u00e9cieux de Rose, de Houblon et de Lavande qui agissent en synergie pour combler les fissures de la couche corn\u00e9e, lisser la peau et r\u00e9duire sa [&hellip;]","og_url":"https:\/\/uniest.it\/prodotto\/crema-dermotonica\/","og_site_name":"Uniest","article_modified_time":"2024-10-23T15:30:12+00:00","og_image":[{"width":1283,"height":2001,"url":"https:\/\/uniest.it\/wp-content\/uploads\/2020\/11\/132AAE.png","type":"image\/png"}],"twitter_card":"summary_large_image","twitter_misc":{"Dur\u00e9e de lecture estim\u00e9e":"1 minute"},"schema":{"@context":"https:\/\/schema.org","@graph":[{"@type":"WebPage","@id":"https:\/\/uniest.it\/prodotto\/crema-dermotonica\/","url":"https:\/\/uniest.it\/prodotto\/crema-dermotonica\/","name":"Cr\u00e8me Dermotonique - Uniest","isPartOf":{"@id":"https:\/\/uniest.it\/#website"},"primaryImageOfPage":{"@id":"https:\/\/uniest.it\/prodotto\/crema-dermotonica\/#primaryimage"},"image":{"@id":"https:\/\/uniest.it\/prodotto\/crema-dermotonica\/#primaryimage"},"thumbnailUrl":"https:\/\/uniest.it\/wp-content\/uploads\/2020\/11\/132AAE.png","datePublished":"2024-10-23T14:42:50+00:00","dateModified":"2024-10-23T15:30:12+00:00","breadcrumb":{"@id":"https:\/\/uniest.it\/prodotto\/crema-dermotonica\/#breadcrumb"},"inLanguage":"fr-FR","potentialAction":[{"@type":"ReadAction","target":["https:\/\/uniest.it\/prodotto\/crema-dermotonica\/"]}]},{"@type":"ImageObject","inLanguage":"fr-FR","@id":"https:\/\/uniest.it\/prodotto\/crema-dermotonica\/#primaryimage","url":"https:\/\/uniest.it\/wp-content\/uploads\/2020\/11\/132AAE.png","contentUrl":"https:\/\/uniest.it\/wp-content\/uploads\/2020\/11\/132AAE.png","width":1283,"height":2001},{"@type":"BreadcrumbList","@id":"https:\/\/uniest.it\/prodotto\/crema-dermotonica\/#breadcrumb","itemListElement":[{"@type":"ListItem","position":1,"name":"Home","item":"https:\/\/uniest.it\/fr\/"},{"@type":"ListItem","position":2,"name":"Shop","item":"https:\/\/uniest.it\/shop\/"},{"@type":"ListItem","position":3,"name":"Cr\u00e8me Dermotonique"}]},{"@type":"WebSite","@id":"https:\/\/uniest.it\/#website","url":"https:\/\/uniest.it\/","name":"Uniest","description":"Cosmetici Naturali e Bio","potentialAction":[{"@type":"SearchAction","target":{"@type":"EntryPoint","urlTemplate":"https:\/\/uniest.it\/?s={search_term_string}"},"query-input":{"@type":"PropertyValueSpecification","valueRequired":true,"valueName":"search_term_string"}}],"inLanguage":"fr-FR"}]}},"_links":{"self":[{"href":"https:\/\/uniest.it\/fr\/wp-json\/wp\/v2\/product\/5764","targetHints":{"allow":["GET"]}}],"collection":[{"href":"https:\/\/uniest.it\/fr\/wp-json\/wp\/v2\/product"}],"about":[{"href":"https:\/\/uniest.it\/fr\/wp-json\/wp\/v2\/types\/product"}],"wp:featuredmedia":[{"embeddable":true,"href":"https:\/\/uniest.it\/fr\/wp-json\/wp\/v2\/media\/5765"}],"wp:attachment":[{"href":"https:\/\/uniest.it\/fr\/wp-json\/wp\/v2\/media?parent=5764"}],"wp:term":[{"taxonomy":"product_brand","embeddable":true,"href":"https:\/\/uniest.it\/fr\/wp-json\/wp\/v2\/product_brand?post=5764"},{"taxonomy":"product_cat","embeddable":true,"href":"https:\/\/uniest.it\/fr\/wp-json\/wp\/v2\/product_cat?post=5764"},{"taxonomy":"product_tag","embeddable":true,"href":"https:\/\/uniest.it\/fr\/wp-json\/wp\/v2\/product_tag?post=5764"}],"curies":[{"name":"wp","href":"https:\/\/api.w.org\/{rel}","templated":true}]}}