{"id":5766,"date":"2021-02-04T12:59:20","date_gmt":"2024-10-23T14:42:50","guid":{"rendered":"https:\/\/uniest.it\/prodotto\/lait-corporel\/"},"modified":"2024-10-23T16:30:12","modified_gmt":"2024-10-23T15:30:12","slug":"lait-corporel","status":"publish","type":"product","link":"https:\/\/uniest.it\/fr\/prodotto\/lait-corporel\/","title":{"rendered":"Lait corporel"},"content":{"rendered":"<p>Le lait corporel est un lait doux capable de redonner \u00e0 la peau la bonne \u00e9lasticit\u00e9 et la douceur et de lutter efficacement contre le dess\u00e8chement cutan\u00e9. Le lait corporel est un alli\u00e9 tr\u00e8s pr\u00e9cieux pour la beaut\u00e9 de la peau, en effet, contrairement \u00e0 la cr\u00e8me, il a une texture plus l\u00e9g\u00e8re et plus facilement absorbable, mais avec le m\u00eame niveau de nutrition. Les prot\u00e9ines v\u00e9g\u00e9tales du germe de bl\u00e9, formant une couche protectrice et garantissent un parfait bouclier contre la d\u00e9shydratation. Les extraits v\u00e9g\u00e9taux de Santal, M\u00e9lisse, Mauve, Aub\u00e9pine, Millepertuis et H\u00e9lichryse ont des propri\u00e9t\u00e9s apaisantes, anti-rougeurs, relaxantes, adoucissantes et dermoprotectrices, contribuant \u00e0 r\u00e9\u00e9quilibrer le film hydrolipidique de la peau. La peau a soif et doit \u00eatre hydrat\u00e9e tout au long de la journ\u00e9e et notamment toujours apr\u00e8s le nettoyage, en suivant les r\u00e8gles du lait corporel hydratant, tout d&rsquo;abord la consistance.<\/p>\n","protected":false},"excerpt":{"rendered":"<p>Le lait corporel est un lait doux capable de redonner \u00e0 la peau la bonne \u00e9lasticit\u00e9 et la douceur et de lutter efficacement contre le dess\u00e8chement cutan\u00e9. Le lait corporel est un alli\u00e9 tr\u00e8s pr\u00e9cieux pour la beaut\u00e9 de la peau, en effet, contrairement \u00e0 la cr\u00e8me, il a une texture plus l\u00e9g\u00e8re et plus [&hellip;]<\/p>\n","protected":false},"featured_media":5767,"template":"","meta":{"_acf_changed":false,"inline_featured_image":false},"product_brand":[],"product_cat":[1372],"product_tag":[],"class_list":{"0":"post-5766","1":"product","2":"type-product","3":"status-publish","4":"has-post-thumbnail","6":"product_beauty-aromatizzare-e-profumare","7":"product_beauty-idratare","8":"product_beauty-lenire","9":"product_beauty-nutrire-e-rigenerare","10":"product_skin-tutte-le-pelli","11":"product_kind-trattamenti-speciali","12":"product_kind-tutte-le-creme-corpo","13":"product_lines-corpo-e-benessere","14":"product_cat-corpo-fr","15":"pa_size-150-fr","17":"first","18":"instock","19":"taxable","20":"shipping-taxable","21":"purchasable","22":"product-type-simple"},"acf":[],"yoast_head":"<!-- This site is optimized with the Yoast SEO plugin v24.6 - https:\/\/yoast.com\/wordpress\/plugins\/seo\/ -->\n<title>Lait corporel - Uniest<\/title>\n<meta name=\"robots\" content=\"index, follow, max-snippet:-1, max-image-preview:large, max-video-preview:-1\" \/>\n<link rel=\"canonical\" href=\"https:\/\/uniest.it\/prodotto\/body-milk\/\" \/>\n<meta property=\"og:locale\" content=\"fr_FR\" \/>\n<meta property=\"og:type\" content=\"article\" \/>\n<meta property=\"og:title\" content=\"Lait corporel - Uniest\" \/>\n<meta property=\"og:description\" content=\"Le lait corporel est un lait doux capable de redonner \u00e0 la peau la bonne \u00e9lasticit\u00e9 et la douceur et de lutter efficacement contre le dess\u00e8chement cutan\u00e9. Le lait corporel est un alli\u00e9 tr\u00e8s pr\u00e9cieux pour la beaut\u00e9 de la peau, en effet, contrairement \u00e0 la cr\u00e8me, il a une texture plus l\u00e9g\u00e8re et plus [&hellip;]\" \/>\n<meta property=\"og:url\" content=\"https:\/\/uniest.it\/prodotto\/body-milk\/\" \/>\n<meta property=\"og:site_name\" content=\"Uniest\" \/>\n<meta property=\"article:modified_time\" content=\"2024-10-23T15:30:12+00:00\" \/>\n<meta property=\"og:image\" content=\"https:\/\/uniest.it\/wp-content\/uploads\/2020\/11\/135AAE.png\" \/>\n\t<meta property=\"og:image:width\" content=\"1283\" \/>\n\t<meta property=\"og:image:height\" content=\"2001\" \/>\n\t<meta property=\"og:image:type\" content=\"image\/png\" \/>\n<meta name=\"twitter:card\" content=\"summary_large_image\" \/>\n<meta name=\"twitter:label1\" content=\"Dur\u00e9e de lecture estim\u00e9e\" \/>\n\t<meta name=\"twitter:data1\" content=\"1 minute\" \/>\n<script type=\"application\/ld+json\" class=\"yoast-schema-graph\">{\"@context\":\"https:\/\/schema.org\",\"@graph\":[{\"@type\":\"WebPage\",\"@id\":\"https:\/\/uniest.it\/prodotto\/body-milk\/\",\"url\":\"https:\/\/uniest.it\/prodotto\/body-milk\/\",\"name\":\"Lait corporel - Uniest\",\"isPartOf\":{\"@id\":\"https:\/\/uniest.it\/#website\"},\"primaryImageOfPage\":{\"@id\":\"https:\/\/uniest.it\/prodotto\/body-milk\/#primaryimage\"},\"image\":{\"@id\":\"https:\/\/uniest.it\/prodotto\/body-milk\/#primaryimage\"},\"thumbnailUrl\":\"https:\/\/uniest.it\/wp-content\/uploads\/2020\/11\/135AAE.png\",\"datePublished\":\"2024-10-23T14:42:50+00:00\",\"dateModified\":\"2024-10-23T15:30:12+00:00\",\"breadcrumb\":{\"@id\":\"https:\/\/uniest.it\/prodotto\/body-milk\/#breadcrumb\"},\"inLanguage\":\"fr-FR\",\"potentialAction\":[{\"@type\":\"ReadAction\",\"target\":[\"https:\/\/uniest.it\/prodotto\/body-milk\/\"]}]},{\"@type\":\"ImageObject\",\"inLanguage\":\"fr-FR\",\"@id\":\"https:\/\/uniest.it\/prodotto\/body-milk\/#primaryimage\",\"url\":\"https:\/\/uniest.it\/wp-content\/uploads\/2020\/11\/135AAE.png\",\"contentUrl\":\"https:\/\/uniest.it\/wp-content\/uploads\/2020\/11\/135AAE.png\",\"width\":1283,\"height\":2001},{\"@type\":\"BreadcrumbList\",\"@id\":\"https:\/\/uniest.it\/prodotto\/body-milk\/#breadcrumb\",\"itemListElement\":[{\"@type\":\"ListItem\",\"position\":1,\"name\":\"Home\",\"item\":\"https:\/\/uniest.it\/fr\/\"},{\"@type\":\"ListItem\",\"position\":2,\"name\":\"Shop\",\"item\":\"https:\/\/uniest.it\/shop\/\"},{\"@type\":\"ListItem\",\"position\":3,\"name\":\"Lait corporel\"}]},{\"@type\":\"WebSite\",\"@id\":\"https:\/\/uniest.it\/#website\",\"url\":\"https:\/\/uniest.it\/\",\"name\":\"Uniest\",\"description\":\"Cosmetici Naturali e Bio\",\"potentialAction\":[{\"@type\":\"SearchAction\",\"target\":{\"@type\":\"EntryPoint\",\"urlTemplate\":\"https:\/\/uniest.it\/?s={search_term_string}\"},\"query-input\":{\"@type\":\"PropertyValueSpecification\",\"valueRequired\":true,\"valueName\":\"search_term_string\"}}],\"inLanguage\":\"fr-FR\"}]}<\/script>\n<!-- \/ Yoast SEO plugin. -->","yoast_head_json":{"title":"Lait corporel - Uniest","robots":{"index":"index","follow":"follow","max-snippet":"max-snippet:-1","max-image-preview":"max-image-preview:large","max-video-preview":"max-video-preview:-1"},"canonical":"https:\/\/uniest.it\/prodotto\/body-milk\/","og_locale":"fr_FR","og_type":"article","og_title":"Lait corporel - Uniest","og_description":"Le lait corporel est un lait doux capable de redonner \u00e0 la peau la bonne \u00e9lasticit\u00e9 et la douceur et de lutter efficacement contre le dess\u00e8chement cutan\u00e9. Le lait corporel est un alli\u00e9 tr\u00e8s pr\u00e9cieux pour la beaut\u00e9 de la peau, en effet, contrairement \u00e0 la cr\u00e8me, il a une texture plus l\u00e9g\u00e8re et plus [&hellip;]","og_url":"https:\/\/uniest.it\/prodotto\/body-milk\/","og_site_name":"Uniest","article_modified_time":"2024-10-23T15:30:12+00:00","og_image":[{"width":1283,"height":2001,"url":"https:\/\/uniest.it\/wp-content\/uploads\/2020\/11\/135AAE.png","type":"image\/png"}],"twitter_card":"summary_large_image","twitter_misc":{"Dur\u00e9e de lecture estim\u00e9e":"1 minute"},"schema":{"@context":"https:\/\/schema.org","@graph":[{"@type":"WebPage","@id":"https:\/\/uniest.it\/prodotto\/body-milk\/","url":"https:\/\/uniest.it\/prodotto\/body-milk\/","name":"Lait corporel - Uniest","isPartOf":{"@id":"https:\/\/uniest.it\/#website"},"primaryImageOfPage":{"@id":"https:\/\/uniest.it\/prodotto\/body-milk\/#primaryimage"},"image":{"@id":"https:\/\/uniest.it\/prodotto\/body-milk\/#primaryimage"},"thumbnailUrl":"https:\/\/uniest.it\/wp-content\/uploads\/2020\/11\/135AAE.png","datePublished":"2024-10-23T14:42:50+00:00","dateModified":"2024-10-23T15:30:12+00:00","breadcrumb":{"@id":"https:\/\/uniest.it\/prodotto\/body-milk\/#breadcrumb"},"inLanguage":"fr-FR","potentialAction":[{"@type":"ReadAction","target":["https:\/\/uniest.it\/prodotto\/body-milk\/"]}]},{"@type":"ImageObject","inLanguage":"fr-FR","@id":"https:\/\/uniest.it\/prodotto\/body-milk\/#primaryimage","url":"https:\/\/uniest.it\/wp-content\/uploads\/2020\/11\/135AAE.png","contentUrl":"https:\/\/uniest.it\/wp-content\/uploads\/2020\/11\/135AAE.png","width":1283,"height":2001},{"@type":"BreadcrumbList","@id":"https:\/\/uniest.it\/prodotto\/body-milk\/#breadcrumb","itemListElement":[{"@type":"ListItem","position":1,"name":"Home","item":"https:\/\/uniest.it\/fr\/"},{"@type":"ListItem","position":2,"name":"Shop","item":"https:\/\/uniest.it\/shop\/"},{"@type":"ListItem","position":3,"name":"Lait corporel"}]},{"@type":"WebSite","@id":"https:\/\/uniest.it\/#website","url":"https:\/\/uniest.it\/","name":"Uniest","description":"Cosmetici Naturali e Bio","potentialAction":[{"@type":"SearchAction","target":{"@type":"EntryPoint","urlTemplate":"https:\/\/uniest.it\/?s={search_term_string}"},"query-input":{"@type":"PropertyValueSpecification","valueRequired":true,"valueName":"search_term_string"}}],"inLanguage":"fr-FR"}]}},"_links":{"self":[{"href":"https:\/\/uniest.it\/fr\/wp-json\/wp\/v2\/product\/5766","targetHints":{"allow":["GET"]}}],"collection":[{"href":"https:\/\/uniest.it\/fr\/wp-json\/wp\/v2\/product"}],"about":[{"href":"https:\/\/uniest.it\/fr\/wp-json\/wp\/v2\/types\/product"}],"wp:featuredmedia":[{"embeddable":true,"href":"https:\/\/uniest.it\/fr\/wp-json\/wp\/v2\/media\/5767"}],"wp:attachment":[{"href":"https:\/\/uniest.it\/fr\/wp-json\/wp\/v2\/media?parent=5766"}],"wp:term":[{"taxonomy":"product_brand","embeddable":true,"href":"https:\/\/uniest.it\/fr\/wp-json\/wp\/v2\/product_brand?post=5766"},{"taxonomy":"product_cat","embeddable":true,"href":"https:\/\/uniest.it\/fr\/wp-json\/wp\/v2\/product_cat?post=5766"},{"taxonomy":"product_tag","embeddable":true,"href":"https:\/\/uniest.it\/fr\/wp-json\/wp\/v2\/product_tag?post=5766"}],"curies":[{"name":"wp","href":"https:\/\/api.w.org\/{rel}","templated":true}]}}