{"id":5768,"date":"2021-02-04T12:59:20","date_gmt":"2024-10-23T14:42:51","guid":{"rendered":"https:\/\/uniest.it\/prodotto\/huile-bien-etre\/"},"modified":"2024-10-23T16:30:13","modified_gmt":"2024-10-23T15:30:13","slug":"huile-bien-etre","status":"publish","type":"product","link":"https:\/\/uniest.it\/fr\/prodotto\/huile-bien-etre\/","title":{"rendered":"Huile Bien-\u00eatre"},"content":{"rendered":"<p>L&rsquo;huile bien-\u00eatre est un produit d&rsquo;exception compos\u00e9 de plus de 30 huiles essentielles naturelles de plantes. La vari\u00e9t\u00e9 des essences contenues et donc des fonctions exerc\u00e9es en font un pr\u00e9cieux r\u00e9\u00e9quilibrage du corps et de l&rsquo;esprit. Appliqu\u00e9 en massage, il soulage les sensations g\u00eanantes et g\u00e9n\u00e8re un bien-\u00eatre total. C&rsquo;est un fortifiant g\u00e9n\u00e9ral qui peut \u00eatre utilis\u00e9 en aromath\u00e9rapie, hydroth\u00e9rapie, sauna, friction et massage. Ses senteurs enveloppent le corps d&rsquo;un parfum d\u00e9licat et aident \u00e0 retrouver notre bien-\u00eatre \u00e9motionnel.<\/p>\n","protected":false},"excerpt":{"rendered":"<p>L&rsquo;huile bien-\u00eatre est un produit d&rsquo;exception compos\u00e9 de plus de 30 huiles essentielles naturelles de plantes. La vari\u00e9t\u00e9 des essences contenues et donc des fonctions exerc\u00e9es en font un pr\u00e9cieux r\u00e9\u00e9quilibrage du corps et de l&rsquo;esprit. Appliqu\u00e9 en massage, il soulage les sensations g\u00eanantes et g\u00e9n\u00e8re un bien-\u00eatre total. C&rsquo;est un fortifiant g\u00e9n\u00e9ral qui peut [&hellip;]<\/p>\n","protected":false},"featured_media":5769,"template":"","meta":{"_acf_changed":false,"inline_featured_image":false},"product_brand":[],"product_cat":[1372,1390],"product_tag":[],"class_list":{"0":"post-5768","1":"product","2":"type-product","3":"status-publish","4":"has-post-thumbnail","6":"product_beauty-aromatizzare-e-profumare","7":"product_beauty-balsamico","8":"product_beauty-idratare","9":"product_beauty-nutrire-e-rigenerare","10":"product_beauty-purificare","11":"product_beauty-rassodare-e-tonificare","12":"product_skin-tutte-le-pelli","13":"product_kind-aromaterapia-e-profumi","14":"product_kind-oli-e-burri","15":"product_kind-sieri-ed-oli","16":"product_kind-speciale-sport","17":"product_kind_pets-aromaterapia-e-profumi","18":"product_lines-corpo-e-benessere","19":"product_cat-corpo-fr","20":"product_cat-casa-e-ambiente-fr","21":"pa_size-100-fr","23":"first","24":"instock","25":"taxable","26":"shipping-taxable","27":"purchasable","28":"product-type-simple"},"acf":[],"yoast_head":"<!-- This site is optimized with the Yoast SEO plugin v24.6 - https:\/\/yoast.com\/wordpress\/plugins\/seo\/ -->\n<title>Huile Bien-\u00eatre - Uniest<\/title>\n<meta name=\"robots\" content=\"index, follow, max-snippet:-1, max-image-preview:large, max-video-preview:-1\" \/>\n<link rel=\"canonical\" href=\"https:\/\/uniest.it\/prodotto\/olio-benessere-2\/\" \/>\n<meta property=\"og:locale\" content=\"fr_FR\" \/>\n<meta property=\"og:type\" content=\"article\" \/>\n<meta property=\"og:title\" content=\"Huile Bien-\u00eatre - Uniest\" \/>\n<meta property=\"og:description\" content=\"L&rsquo;huile bien-\u00eatre est un produit d&rsquo;exception compos\u00e9 de plus de 30 huiles essentielles naturelles de plantes. La vari\u00e9t\u00e9 des essences contenues et donc des fonctions exerc\u00e9es en font un pr\u00e9cieux r\u00e9\u00e9quilibrage du corps et de l&rsquo;esprit. Appliqu\u00e9 en massage, il soulage les sensations g\u00eanantes et g\u00e9n\u00e8re un bien-\u00eatre total. C&rsquo;est un fortifiant g\u00e9n\u00e9ral qui peut [&hellip;]\" \/>\n<meta property=\"og:url\" content=\"https:\/\/uniest.it\/prodotto\/olio-benessere-2\/\" \/>\n<meta property=\"og:site_name\" content=\"Uniest\" \/>\n<meta property=\"article:modified_time\" content=\"2024-10-23T15:30:13+00:00\" \/>\n<meta property=\"og:image\" content=\"https:\/\/uniest.it\/wp-content\/uploads\/2020\/11\/145AAE.png\" \/>\n\t<meta property=\"og:image:width\" content=\"1283\" \/>\n\t<meta property=\"og:image:height\" content=\"2001\" \/>\n\t<meta property=\"og:image:type\" content=\"image\/png\" \/>\n<meta name=\"twitter:card\" content=\"summary_large_image\" \/>\n<script type=\"application\/ld+json\" class=\"yoast-schema-graph\">{\"@context\":\"https:\/\/schema.org\",\"@graph\":[{\"@type\":\"WebPage\",\"@id\":\"https:\/\/uniest.it\/prodotto\/olio-benessere-2\/\",\"url\":\"https:\/\/uniest.it\/prodotto\/olio-benessere-2\/\",\"name\":\"Huile Bien-\u00eatre - Uniest\",\"isPartOf\":{\"@id\":\"https:\/\/uniest.it\/#website\"},\"primaryImageOfPage\":{\"@id\":\"https:\/\/uniest.it\/prodotto\/olio-benessere-2\/#primaryimage\"},\"image\":{\"@id\":\"https:\/\/uniest.it\/prodotto\/olio-benessere-2\/#primaryimage\"},\"thumbnailUrl\":\"https:\/\/uniest.it\/wp-content\/uploads\/2020\/11\/145AAE.png\",\"datePublished\":\"2024-10-23T14:42:51+00:00\",\"dateModified\":\"2024-10-23T15:30:13+00:00\",\"breadcrumb\":{\"@id\":\"https:\/\/uniest.it\/prodotto\/olio-benessere-2\/#breadcrumb\"},\"inLanguage\":\"fr-FR\",\"potentialAction\":[{\"@type\":\"ReadAction\",\"target\":[\"https:\/\/uniest.it\/prodotto\/olio-benessere-2\/\"]}]},{\"@type\":\"ImageObject\",\"inLanguage\":\"fr-FR\",\"@id\":\"https:\/\/uniest.it\/prodotto\/olio-benessere-2\/#primaryimage\",\"url\":\"https:\/\/uniest.it\/wp-content\/uploads\/2020\/11\/145AAE.png\",\"contentUrl\":\"https:\/\/uniest.it\/wp-content\/uploads\/2020\/11\/145AAE.png\",\"width\":1283,\"height\":2001},{\"@type\":\"BreadcrumbList\",\"@id\":\"https:\/\/uniest.it\/prodotto\/olio-benessere-2\/#breadcrumb\",\"itemListElement\":[{\"@type\":\"ListItem\",\"position\":1,\"name\":\"Home\",\"item\":\"https:\/\/uniest.it\/fr\/\"},{\"@type\":\"ListItem\",\"position\":2,\"name\":\"Shop\",\"item\":\"https:\/\/uniest.it\/shop\/\"},{\"@type\":\"ListItem\",\"position\":3,\"name\":\"Huile Bien-\u00eatre\"}]},{\"@type\":\"WebSite\",\"@id\":\"https:\/\/uniest.it\/#website\",\"url\":\"https:\/\/uniest.it\/\",\"name\":\"Uniest\",\"description\":\"Cosmetici Naturali e Bio\",\"potentialAction\":[{\"@type\":\"SearchAction\",\"target\":{\"@type\":\"EntryPoint\",\"urlTemplate\":\"https:\/\/uniest.it\/?s={search_term_string}\"},\"query-input\":{\"@type\":\"PropertyValueSpecification\",\"valueRequired\":true,\"valueName\":\"search_term_string\"}}],\"inLanguage\":\"fr-FR\"}]}<\/script>\n<!-- \/ Yoast SEO plugin. -->","yoast_head_json":{"title":"Huile Bien-\u00eatre - Uniest","robots":{"index":"index","follow":"follow","max-snippet":"max-snippet:-1","max-image-preview":"max-image-preview:large","max-video-preview":"max-video-preview:-1"},"canonical":"https:\/\/uniest.it\/prodotto\/olio-benessere-2\/","og_locale":"fr_FR","og_type":"article","og_title":"Huile Bien-\u00eatre - Uniest","og_description":"L&rsquo;huile bien-\u00eatre est un produit d&rsquo;exception compos\u00e9 de plus de 30 huiles essentielles naturelles de plantes. La vari\u00e9t\u00e9 des essences contenues et donc des fonctions exerc\u00e9es en font un pr\u00e9cieux r\u00e9\u00e9quilibrage du corps et de l&rsquo;esprit. Appliqu\u00e9 en massage, il soulage les sensations g\u00eanantes et g\u00e9n\u00e8re un bien-\u00eatre total. C&rsquo;est un fortifiant g\u00e9n\u00e9ral qui peut [&hellip;]","og_url":"https:\/\/uniest.it\/prodotto\/olio-benessere-2\/","og_site_name":"Uniest","article_modified_time":"2024-10-23T15:30:13+00:00","og_image":[{"width":1283,"height":2001,"url":"https:\/\/uniest.it\/wp-content\/uploads\/2020\/11\/145AAE.png","type":"image\/png"}],"twitter_card":"summary_large_image","schema":{"@context":"https:\/\/schema.org","@graph":[{"@type":"WebPage","@id":"https:\/\/uniest.it\/prodotto\/olio-benessere-2\/","url":"https:\/\/uniest.it\/prodotto\/olio-benessere-2\/","name":"Huile Bien-\u00eatre - Uniest","isPartOf":{"@id":"https:\/\/uniest.it\/#website"},"primaryImageOfPage":{"@id":"https:\/\/uniest.it\/prodotto\/olio-benessere-2\/#primaryimage"},"image":{"@id":"https:\/\/uniest.it\/prodotto\/olio-benessere-2\/#primaryimage"},"thumbnailUrl":"https:\/\/uniest.it\/wp-content\/uploads\/2020\/11\/145AAE.png","datePublished":"2024-10-23T14:42:51+00:00","dateModified":"2024-10-23T15:30:13+00:00","breadcrumb":{"@id":"https:\/\/uniest.it\/prodotto\/olio-benessere-2\/#breadcrumb"},"inLanguage":"fr-FR","potentialAction":[{"@type":"ReadAction","target":["https:\/\/uniest.it\/prodotto\/olio-benessere-2\/"]}]},{"@type":"ImageObject","inLanguage":"fr-FR","@id":"https:\/\/uniest.it\/prodotto\/olio-benessere-2\/#primaryimage","url":"https:\/\/uniest.it\/wp-content\/uploads\/2020\/11\/145AAE.png","contentUrl":"https:\/\/uniest.it\/wp-content\/uploads\/2020\/11\/145AAE.png","width":1283,"height":2001},{"@type":"BreadcrumbList","@id":"https:\/\/uniest.it\/prodotto\/olio-benessere-2\/#breadcrumb","itemListElement":[{"@type":"ListItem","position":1,"name":"Home","item":"https:\/\/uniest.it\/fr\/"},{"@type":"ListItem","position":2,"name":"Shop","item":"https:\/\/uniest.it\/shop\/"},{"@type":"ListItem","position":3,"name":"Huile Bien-\u00eatre"}]},{"@type":"WebSite","@id":"https:\/\/uniest.it\/#website","url":"https:\/\/uniest.it\/","name":"Uniest","description":"Cosmetici Naturali e Bio","potentialAction":[{"@type":"SearchAction","target":{"@type":"EntryPoint","urlTemplate":"https:\/\/uniest.it\/?s={search_term_string}"},"query-input":{"@type":"PropertyValueSpecification","valueRequired":true,"valueName":"search_term_string"}}],"inLanguage":"fr-FR"}]}},"_links":{"self":[{"href":"https:\/\/uniest.it\/fr\/wp-json\/wp\/v2\/product\/5768","targetHints":{"allow":["GET"]}}],"collection":[{"href":"https:\/\/uniest.it\/fr\/wp-json\/wp\/v2\/product"}],"about":[{"href":"https:\/\/uniest.it\/fr\/wp-json\/wp\/v2\/types\/product"}],"wp:featuredmedia":[{"embeddable":true,"href":"https:\/\/uniest.it\/fr\/wp-json\/wp\/v2\/media\/5769"}],"wp:attachment":[{"href":"https:\/\/uniest.it\/fr\/wp-json\/wp\/v2\/media?parent=5768"}],"wp:term":[{"taxonomy":"product_brand","embeddable":true,"href":"https:\/\/uniest.it\/fr\/wp-json\/wp\/v2\/product_brand?post=5768"},{"taxonomy":"product_cat","embeddable":true,"href":"https:\/\/uniest.it\/fr\/wp-json\/wp\/v2\/product_cat?post=5768"},{"taxonomy":"product_tag","embeddable":true,"href":"https:\/\/uniest.it\/fr\/wp-json\/wp\/v2\/product_tag?post=5768"}],"curies":[{"name":"wp","href":"https:\/\/api.w.org\/{rel}","templated":true}]}}