{"id":5772,"date":"2024-10-23T15:42:52","date_gmt":"2024-10-23T14:42:52","guid":{"rendered":"https:\/\/uniest.it\/prodotto\/eleutherocoque\/"},"modified":"2024-10-23T16:30:14","modified_gmt":"2024-10-23T15:30:14","slug":"eleutherocoque","status":"publish","type":"product","link":"https:\/\/uniest.it\/fr\/prodotto\/eleutherocoque\/","title":{"rendered":"\u00c9leuth\u00e9rocoque"},"content":{"rendered":"<p>La racine d&rsquo;\u00c9leuth\u00e9rocoque est utilis\u00e9e en phytoth\u00e9rapie pour ses remarquables propri\u00e9t\u00e9s toniques et adaptog\u00e8nes, capables d&rsquo;am\u00e9liorer les performances de l&rsquo;organisme fatigu\u00e9, en favorisant l&rsquo;\u00e9quilibre du syst\u00e8me immunitaire. L&rsquo;utilisation de la plante est indiqu\u00e9e dans les \u00e9tats de stress et de surmenage, d&rsquo;asth\u00e9nie, de convalescence, d&rsquo;\u00e9puisement psycho-physique, de fatigue et d&rsquo;hypotension. L&rsquo;\u00c9leuth\u00e9rocoque est \u00e9galement connu sous le nom de \u00ab\u00a0Ginseng des Femmes\u00a0\u00bb, en cas de stress, en effet, les femmes sont plus sujettes \u00e0 des \u00e9tats d&rsquo;anxi\u00e9t\u00e9 et de d\u00e9pression. Son utilisation est capable d&rsquo;am\u00e9liorer le niveau de concentration et d&rsquo;attention dans les \u00e9tudes et les activit\u00e9s sportives.<\/p>\n","protected":false},"excerpt":{"rendered":"<p>La racine d&rsquo;\u00c9leuth\u00e9rocoque est utilis\u00e9e en phytoth\u00e9rapie pour ses remarquables propri\u00e9t\u00e9s toniques et adaptog\u00e8nes, capables d&rsquo;am\u00e9liorer les performances de l&rsquo;organisme fatigu\u00e9, en favorisant l&rsquo;\u00e9quilibre du syst\u00e8me immunitaire. L&rsquo;utilisation de la plante est indiqu\u00e9e dans les \u00e9tats de stress et de surmenage, d&rsquo;asth\u00e9nie, de convalescence, d&rsquo;\u00e9puisement psycho-physique, de fatigue et d&rsquo;hypotension. L&rsquo;\u00c9leuth\u00e9rocoque est \u00e9galement connu sous [&hellip;]<\/p>\n","protected":false},"featured_media":5773,"template":"","meta":{"_acf_changed":false,"inline_featured_image":false},"product_brand":[],"product_cat":[1381],"product_tag":[],"class_list":{"0":"post-5772","1":"product","2":"type-product","3":"status-publish","4":"has-post-thumbnail","6":"product_beauty-capelli","7":"product_beauty-diabete","8":"product_beauty-energia","9":"product_beauty-gola","10":"product_beauty-insonnia","11":"product_beauty-memoria","12":"product_beauty-metabolismo","13":"product_beauty-rilassante","14":"product_beauty-sistema-immunitario","15":"product_beauty-stress","16":"product_beauty-tono","17":"product_beauty-umore","18":"product_beauty-unghie","19":"product_kind-integrazione-alimentare","20":"product_lines-benessere","21":"product_cat-benessere-fr","22":"pa_size-100-cps-fr","24":"first","25":"outofstock","26":"taxable","27":"shipping-taxable","28":"purchasable","29":"product-type-simple"},"acf":[],"yoast_head":"<!-- This site is optimized with the Yoast SEO plugin v24.6 - https:\/\/yoast.com\/wordpress\/plugins\/seo\/ -->\n<title>\u00c9leuth\u00e9rocoque - Uniest<\/title>\n<meta name=\"robots\" content=\"index, follow, max-snippet:-1, max-image-preview:large, max-video-preview:-1\" \/>\n<link rel=\"canonical\" href=\"https:\/\/uniest.it\/prodotto\/eleuterococco\/\" \/>\n<meta property=\"og:locale\" content=\"fr_FR\" \/>\n<meta property=\"og:type\" content=\"article\" \/>\n<meta property=\"og:title\" content=\"\u00c9leuth\u00e9rocoque - Uniest\" \/>\n<meta property=\"og:description\" content=\"La racine d&rsquo;\u00c9leuth\u00e9rocoque est utilis\u00e9e en phytoth\u00e9rapie pour ses remarquables propri\u00e9t\u00e9s toniques et adaptog\u00e8nes, capables d&rsquo;am\u00e9liorer les performances de l&rsquo;organisme fatigu\u00e9, en favorisant l&rsquo;\u00e9quilibre du syst\u00e8me immunitaire. L&rsquo;utilisation de la plante est indiqu\u00e9e dans les \u00e9tats de stress et de surmenage, d&rsquo;asth\u00e9nie, de convalescence, d&rsquo;\u00e9puisement psycho-physique, de fatigue et d&rsquo;hypotension. L&rsquo;\u00c9leuth\u00e9rocoque est \u00e9galement connu sous [&hellip;]\" \/>\n<meta property=\"og:url\" content=\"https:\/\/uniest.it\/prodotto\/eleuterococco\/\" \/>\n<meta property=\"og:site_name\" content=\"Uniest\" \/>\n<meta property=\"article:modified_time\" content=\"2024-10-23T15:30:14+00:00\" \/>\n<meta property=\"og:image\" content=\"https:\/\/uniest.it\/wp-content\/uploads\/2020\/12\/156ZOP.png\" \/>\n\t<meta property=\"og:image:width\" content=\"1283\" \/>\n\t<meta property=\"og:image:height\" content=\"2000\" \/>\n\t<meta property=\"og:image:type\" content=\"image\/png\" \/>\n<meta name=\"twitter:card\" content=\"summary_large_image\" \/>\n<meta name=\"twitter:label1\" content=\"Dur\u00e9e de lecture estim\u00e9e\" \/>\n\t<meta name=\"twitter:data1\" content=\"1 minute\" \/>\n<script type=\"application\/ld+json\" class=\"yoast-schema-graph\">{\"@context\":\"https:\/\/schema.org\",\"@graph\":[{\"@type\":\"WebPage\",\"@id\":\"https:\/\/uniest.it\/prodotto\/eleuterococco\/\",\"url\":\"https:\/\/uniest.it\/prodotto\/eleuterococco\/\",\"name\":\"\u00c9leuth\u00e9rocoque - Uniest\",\"isPartOf\":{\"@id\":\"https:\/\/uniest.it\/#website\"},\"primaryImageOfPage\":{\"@id\":\"https:\/\/uniest.it\/prodotto\/eleuterococco\/#primaryimage\"},\"image\":{\"@id\":\"https:\/\/uniest.it\/prodotto\/eleuterococco\/#primaryimage\"},\"thumbnailUrl\":\"https:\/\/uniest.it\/wp-content\/uploads\/2020\/12\/156ZOP.png\",\"datePublished\":\"2024-10-23T14:42:52+00:00\",\"dateModified\":\"2024-10-23T15:30:14+00:00\",\"breadcrumb\":{\"@id\":\"https:\/\/uniest.it\/prodotto\/eleuterococco\/#breadcrumb\"},\"inLanguage\":\"fr-FR\",\"potentialAction\":[{\"@type\":\"ReadAction\",\"target\":[\"https:\/\/uniest.it\/prodotto\/eleuterococco\/\"]}]},{\"@type\":\"ImageObject\",\"inLanguage\":\"fr-FR\",\"@id\":\"https:\/\/uniest.it\/prodotto\/eleuterococco\/#primaryimage\",\"url\":\"https:\/\/uniest.it\/wp-content\/uploads\/2020\/12\/156ZOP.png\",\"contentUrl\":\"https:\/\/uniest.it\/wp-content\/uploads\/2020\/12\/156ZOP.png\",\"width\":1283,\"height\":2000},{\"@type\":\"BreadcrumbList\",\"@id\":\"https:\/\/uniest.it\/prodotto\/eleuterococco\/#breadcrumb\",\"itemListElement\":[{\"@type\":\"ListItem\",\"position\":1,\"name\":\"Home\",\"item\":\"https:\/\/uniest.it\/fr\/\"},{\"@type\":\"ListItem\",\"position\":2,\"name\":\"Shop\",\"item\":\"https:\/\/uniest.it\/shop\/\"},{\"@type\":\"ListItem\",\"position\":3,\"name\":\"\u00c9leuth\u00e9rocoque\"}]},{\"@type\":\"WebSite\",\"@id\":\"https:\/\/uniest.it\/#website\",\"url\":\"https:\/\/uniest.it\/\",\"name\":\"Uniest\",\"description\":\"Cosmetici Naturali e Bio\",\"potentialAction\":[{\"@type\":\"SearchAction\",\"target\":{\"@type\":\"EntryPoint\",\"urlTemplate\":\"https:\/\/uniest.it\/?s={search_term_string}\"},\"query-input\":{\"@type\":\"PropertyValueSpecification\",\"valueRequired\":true,\"valueName\":\"search_term_string\"}}],\"inLanguage\":\"fr-FR\"}]}<\/script>\n<!-- \/ Yoast SEO plugin. -->","yoast_head_json":{"title":"\u00c9leuth\u00e9rocoque - Uniest","robots":{"index":"index","follow":"follow","max-snippet":"max-snippet:-1","max-image-preview":"max-image-preview:large","max-video-preview":"max-video-preview:-1"},"canonical":"https:\/\/uniest.it\/prodotto\/eleuterococco\/","og_locale":"fr_FR","og_type":"article","og_title":"\u00c9leuth\u00e9rocoque - Uniest","og_description":"La racine d&rsquo;\u00c9leuth\u00e9rocoque est utilis\u00e9e en phytoth\u00e9rapie pour ses remarquables propri\u00e9t\u00e9s toniques et adaptog\u00e8nes, capables d&rsquo;am\u00e9liorer les performances de l&rsquo;organisme fatigu\u00e9, en favorisant l&rsquo;\u00e9quilibre du syst\u00e8me immunitaire. L&rsquo;utilisation de la plante est indiqu\u00e9e dans les \u00e9tats de stress et de surmenage, d&rsquo;asth\u00e9nie, de convalescence, d&rsquo;\u00e9puisement psycho-physique, de fatigue et d&rsquo;hypotension. L&rsquo;\u00c9leuth\u00e9rocoque est \u00e9galement connu sous [&hellip;]","og_url":"https:\/\/uniest.it\/prodotto\/eleuterococco\/","og_site_name":"Uniest","article_modified_time":"2024-10-23T15:30:14+00:00","og_image":[{"width":1283,"height":2000,"url":"https:\/\/uniest.it\/wp-content\/uploads\/2020\/12\/156ZOP.png","type":"image\/png"}],"twitter_card":"summary_large_image","twitter_misc":{"Dur\u00e9e de lecture estim\u00e9e":"1 minute"},"schema":{"@context":"https:\/\/schema.org","@graph":[{"@type":"WebPage","@id":"https:\/\/uniest.it\/prodotto\/eleuterococco\/","url":"https:\/\/uniest.it\/prodotto\/eleuterococco\/","name":"\u00c9leuth\u00e9rocoque - Uniest","isPartOf":{"@id":"https:\/\/uniest.it\/#website"},"primaryImageOfPage":{"@id":"https:\/\/uniest.it\/prodotto\/eleuterococco\/#primaryimage"},"image":{"@id":"https:\/\/uniest.it\/prodotto\/eleuterococco\/#primaryimage"},"thumbnailUrl":"https:\/\/uniest.it\/wp-content\/uploads\/2020\/12\/156ZOP.png","datePublished":"2024-10-23T14:42:52+00:00","dateModified":"2024-10-23T15:30:14+00:00","breadcrumb":{"@id":"https:\/\/uniest.it\/prodotto\/eleuterococco\/#breadcrumb"},"inLanguage":"fr-FR","potentialAction":[{"@type":"ReadAction","target":["https:\/\/uniest.it\/prodotto\/eleuterococco\/"]}]},{"@type":"ImageObject","inLanguage":"fr-FR","@id":"https:\/\/uniest.it\/prodotto\/eleuterococco\/#primaryimage","url":"https:\/\/uniest.it\/wp-content\/uploads\/2020\/12\/156ZOP.png","contentUrl":"https:\/\/uniest.it\/wp-content\/uploads\/2020\/12\/156ZOP.png","width":1283,"height":2000},{"@type":"BreadcrumbList","@id":"https:\/\/uniest.it\/prodotto\/eleuterococco\/#breadcrumb","itemListElement":[{"@type":"ListItem","position":1,"name":"Home","item":"https:\/\/uniest.it\/fr\/"},{"@type":"ListItem","position":2,"name":"Shop","item":"https:\/\/uniest.it\/shop\/"},{"@type":"ListItem","position":3,"name":"\u00c9leuth\u00e9rocoque"}]},{"@type":"WebSite","@id":"https:\/\/uniest.it\/#website","url":"https:\/\/uniest.it\/","name":"Uniest","description":"Cosmetici Naturali e Bio","potentialAction":[{"@type":"SearchAction","target":{"@type":"EntryPoint","urlTemplate":"https:\/\/uniest.it\/?s={search_term_string}"},"query-input":{"@type":"PropertyValueSpecification","valueRequired":true,"valueName":"search_term_string"}}],"inLanguage":"fr-FR"}]}},"_links":{"self":[{"href":"https:\/\/uniest.it\/fr\/wp-json\/wp\/v2\/product\/5772","targetHints":{"allow":["GET"]}}],"collection":[{"href":"https:\/\/uniest.it\/fr\/wp-json\/wp\/v2\/product"}],"about":[{"href":"https:\/\/uniest.it\/fr\/wp-json\/wp\/v2\/types\/product"}],"wp:featuredmedia":[{"embeddable":true,"href":"https:\/\/uniest.it\/fr\/wp-json\/wp\/v2\/media\/5773"}],"wp:attachment":[{"href":"https:\/\/uniest.it\/fr\/wp-json\/wp\/v2\/media?parent=5772"}],"wp:term":[{"taxonomy":"product_brand","embeddable":true,"href":"https:\/\/uniest.it\/fr\/wp-json\/wp\/v2\/product_brand?post=5772"},{"taxonomy":"product_cat","embeddable":true,"href":"https:\/\/uniest.it\/fr\/wp-json\/wp\/v2\/product_cat?post=5772"},{"taxonomy":"product_tag","embeddable":true,"href":"https:\/\/uniest.it\/fr\/wp-json\/wp\/v2\/product_tag?post=5772"}],"curies":[{"name":"wp","href":"https:\/\/api.w.org\/{rel}","templated":true}]}}