{"id":5774,"date":"2024-10-23T15:42:53","date_gmt":"2024-10-23T14:42:53","guid":{"rendered":"https:\/\/uniest.it\/prodotto\/keratol-emollient-pour-cors\/"},"modified":"2024-10-23T16:30:14","modified_gmt":"2024-10-23T15:30:14","slug":"keratol-emollient-pour-cors","status":"publish","type":"product","link":"https:\/\/uniest.it\/fr\/prodotto\/keratol-emollient-pour-cors\/","title":{"rendered":"Keratol \u00c9mollient pour Cors"},"content":{"rendered":"<p>Keratol pour callosit\u00e9s est un produit cosm\u00e9tique innovant pour les pieds, con\u00e7u pour lutter physiologiquement contre les rugosit\u00e9s, les callosit\u00e9s, la k\u00e9ratose, les yeux d&rsquo;oiseau et les cuticules. Ce sont des hyperk\u00e9ratoses, c&rsquo;est-\u00e0-dire un \u00e9paississement de la peau provoqu\u00e9 par une compression ou un frottement excessif de la peau, qui provoquent des douleurs lors de la marche. Elles se forment g\u00e9n\u00e9ralement sur la plante du pied et sur la plante du gros orteil et dans de nombreux cas, la peau se fissure provoquant des douleurs avec un risque possible d&rsquo;infection. Gr\u00e2ce \u00e0 l&rsquo;action microexfoliante de l&rsquo;Acide Salicylique et aux propri\u00e9t\u00e9s apaisantes, rafra\u00eechissantes et purifiantes des extraits v\u00e9g\u00e9taux d&rsquo;Hamam\u00e9lis et de Citron, ils apportent un bien-\u00eatre imm\u00e9diat aux pieds qui resteront doux et parfum\u00e9s.<\/p>\n","protected":false},"excerpt":{"rendered":"<p>Keratol pour callosit\u00e9s est un produit cosm\u00e9tique innovant pour les pieds, con\u00e7u pour lutter physiologiquement contre les rugosit\u00e9s, les callosit\u00e9s, la k\u00e9ratose, les yeux d&rsquo;oiseau et les cuticules. Ce sont des hyperk\u00e9ratoses, c&rsquo;est-\u00e0-dire un \u00e9paississement de la peau provoqu\u00e9 par une compression ou un frottement excessif de la peau, qui provoquent des douleurs lors de [&hellip;]<\/p>\n","protected":false},"featured_media":5775,"template":"","meta":{"_acf_changed":false,"inline_featured_image":false},"product_brand":[],"product_cat":[1392],"product_tag":[],"class_list":{"0":"post-5774","1":"product","2":"type-product","3":"status-publish","4":"has-post-thumbnail","6":"product_beauty-esfoliare","7":"product_beauty-idratare","8":"product_beauty-nutrire-e-rigenerare","9":"product_skin-pelli-delicate-e-sensibili","10":"product_skin-pelli-giovani-e-prime-rughe","11":"product_skin-pelli-grasse-e-miste","12":"product_skin-pelli-mature-e-rughe","13":"product_skin-pelli-secche-e-normali","14":"product_skin-tutte-le-pelli","15":"product_kind-tonici-e-lozioni-corpo","16":"product_kind-trattamenti-mani-e-piedi","17":"product_kind-trattamenti-speciali","18":"product_lines-igiene-e-protezione","19":"product_cat-mani-e-piedi-fr","20":"pa_size-30-fr","22":"first","23":"instock","24":"taxable","25":"shipping-taxable","26":"purchasable","27":"product-type-simple"},"acf":[],"yoast_head":"<!-- This site is optimized with the Yoast SEO plugin v24.6 - https:\/\/yoast.com\/wordpress\/plugins\/seo\/ -->\n<title>Keratol \u00c9mollient pour Cors - Uniest<\/title>\n<meta name=\"robots\" content=\"index, follow, max-snippet:-1, max-image-preview:large, max-video-preview:-1\" \/>\n<link rel=\"canonical\" href=\"https:\/\/uniest.it\/prodotto\/cheratol-emolliente-per-duroni\/\" \/>\n<meta property=\"og:locale\" content=\"fr_FR\" \/>\n<meta property=\"og:type\" content=\"article\" \/>\n<meta property=\"og:title\" content=\"Keratol \u00c9mollient pour Cors - Uniest\" \/>\n<meta property=\"og:description\" content=\"Keratol pour callosit\u00e9s est un produit cosm\u00e9tique innovant pour les pieds, con\u00e7u pour lutter physiologiquement contre les rugosit\u00e9s, les callosit\u00e9s, la k\u00e9ratose, les yeux d&rsquo;oiseau et les cuticules. Ce sont des hyperk\u00e9ratoses, c&rsquo;est-\u00e0-dire un \u00e9paississement de la peau provoqu\u00e9 par une compression ou un frottement excessif de la peau, qui provoquent des douleurs lors de [&hellip;]\" \/>\n<meta property=\"og:url\" content=\"https:\/\/uniest.it\/prodotto\/cheratol-emolliente-per-duroni\/\" \/>\n<meta property=\"og:site_name\" content=\"Uniest\" \/>\n<meta property=\"article:modified_time\" content=\"2024-10-23T15:30:14+00:00\" \/>\n<meta property=\"og:image\" content=\"https:\/\/uniest.it\/wp-content\/uploads\/2020\/11\/159AAE.png\" \/>\n\t<meta property=\"og:image:width\" content=\"1283\" \/>\n\t<meta property=\"og:image:height\" content=\"2000\" \/>\n\t<meta property=\"og:image:type\" content=\"image\/png\" \/>\n<meta name=\"twitter:card\" content=\"summary_large_image\" \/>\n<meta name=\"twitter:label1\" content=\"Dur\u00e9e de lecture estim\u00e9e\" \/>\n\t<meta name=\"twitter:data1\" content=\"1 minute\" \/>\n<script type=\"application\/ld+json\" class=\"yoast-schema-graph\">{\"@context\":\"https:\/\/schema.org\",\"@graph\":[{\"@type\":\"WebPage\",\"@id\":\"https:\/\/uniest.it\/prodotto\/cheratol-emolliente-per-duroni\/\",\"url\":\"https:\/\/uniest.it\/prodotto\/cheratol-emolliente-per-duroni\/\",\"name\":\"Keratol \u00c9mollient pour Cors - Uniest\",\"isPartOf\":{\"@id\":\"https:\/\/uniest.it\/#website\"},\"primaryImageOfPage\":{\"@id\":\"https:\/\/uniest.it\/prodotto\/cheratol-emolliente-per-duroni\/#primaryimage\"},\"image\":{\"@id\":\"https:\/\/uniest.it\/prodotto\/cheratol-emolliente-per-duroni\/#primaryimage\"},\"thumbnailUrl\":\"https:\/\/uniest.it\/wp-content\/uploads\/2020\/11\/159AAE.png\",\"datePublished\":\"2024-10-23T14:42:53+00:00\",\"dateModified\":\"2024-10-23T15:30:14+00:00\",\"breadcrumb\":{\"@id\":\"https:\/\/uniest.it\/prodotto\/cheratol-emolliente-per-duroni\/#breadcrumb\"},\"inLanguage\":\"fr-FR\",\"potentialAction\":[{\"@type\":\"ReadAction\",\"target\":[\"https:\/\/uniest.it\/prodotto\/cheratol-emolliente-per-duroni\/\"]}]},{\"@type\":\"ImageObject\",\"inLanguage\":\"fr-FR\",\"@id\":\"https:\/\/uniest.it\/prodotto\/cheratol-emolliente-per-duroni\/#primaryimage\",\"url\":\"https:\/\/uniest.it\/wp-content\/uploads\/2020\/11\/159AAE.png\",\"contentUrl\":\"https:\/\/uniest.it\/wp-content\/uploads\/2020\/11\/159AAE.png\",\"width\":1283,\"height\":2000},{\"@type\":\"BreadcrumbList\",\"@id\":\"https:\/\/uniest.it\/prodotto\/cheratol-emolliente-per-duroni\/#breadcrumb\",\"itemListElement\":[{\"@type\":\"ListItem\",\"position\":1,\"name\":\"Home\",\"item\":\"https:\/\/uniest.it\/fr\/\"},{\"@type\":\"ListItem\",\"position\":2,\"name\":\"Shop\",\"item\":\"https:\/\/uniest.it\/shop\/\"},{\"@type\":\"ListItem\",\"position\":3,\"name\":\"Keratol \u00c9mollient pour Cors\"}]},{\"@type\":\"WebSite\",\"@id\":\"https:\/\/uniest.it\/#website\",\"url\":\"https:\/\/uniest.it\/\",\"name\":\"Uniest\",\"description\":\"Cosmetici Naturali e Bio\",\"potentialAction\":[{\"@type\":\"SearchAction\",\"target\":{\"@type\":\"EntryPoint\",\"urlTemplate\":\"https:\/\/uniest.it\/?s={search_term_string}\"},\"query-input\":{\"@type\":\"PropertyValueSpecification\",\"valueRequired\":true,\"valueName\":\"search_term_string\"}}],\"inLanguage\":\"fr-FR\"}]}<\/script>\n<!-- \/ Yoast SEO plugin. -->","yoast_head_json":{"title":"Keratol \u00c9mollient pour Cors - Uniest","robots":{"index":"index","follow":"follow","max-snippet":"max-snippet:-1","max-image-preview":"max-image-preview:large","max-video-preview":"max-video-preview:-1"},"canonical":"https:\/\/uniest.it\/prodotto\/cheratol-emolliente-per-duroni\/","og_locale":"fr_FR","og_type":"article","og_title":"Keratol \u00c9mollient pour Cors - Uniest","og_description":"Keratol pour callosit\u00e9s est un produit cosm\u00e9tique innovant pour les pieds, con\u00e7u pour lutter physiologiquement contre les rugosit\u00e9s, les callosit\u00e9s, la k\u00e9ratose, les yeux d&rsquo;oiseau et les cuticules. Ce sont des hyperk\u00e9ratoses, c&rsquo;est-\u00e0-dire un \u00e9paississement de la peau provoqu\u00e9 par une compression ou un frottement excessif de la peau, qui provoquent des douleurs lors de [&hellip;]","og_url":"https:\/\/uniest.it\/prodotto\/cheratol-emolliente-per-duroni\/","og_site_name":"Uniest","article_modified_time":"2024-10-23T15:30:14+00:00","og_image":[{"width":1283,"height":2000,"url":"https:\/\/uniest.it\/wp-content\/uploads\/2020\/11\/159AAE.png","type":"image\/png"}],"twitter_card":"summary_large_image","twitter_misc":{"Dur\u00e9e de lecture estim\u00e9e":"1 minute"},"schema":{"@context":"https:\/\/schema.org","@graph":[{"@type":"WebPage","@id":"https:\/\/uniest.it\/prodotto\/cheratol-emolliente-per-duroni\/","url":"https:\/\/uniest.it\/prodotto\/cheratol-emolliente-per-duroni\/","name":"Keratol \u00c9mollient pour Cors - Uniest","isPartOf":{"@id":"https:\/\/uniest.it\/#website"},"primaryImageOfPage":{"@id":"https:\/\/uniest.it\/prodotto\/cheratol-emolliente-per-duroni\/#primaryimage"},"image":{"@id":"https:\/\/uniest.it\/prodotto\/cheratol-emolliente-per-duroni\/#primaryimage"},"thumbnailUrl":"https:\/\/uniest.it\/wp-content\/uploads\/2020\/11\/159AAE.png","datePublished":"2024-10-23T14:42:53+00:00","dateModified":"2024-10-23T15:30:14+00:00","breadcrumb":{"@id":"https:\/\/uniest.it\/prodotto\/cheratol-emolliente-per-duroni\/#breadcrumb"},"inLanguage":"fr-FR","potentialAction":[{"@type":"ReadAction","target":["https:\/\/uniest.it\/prodotto\/cheratol-emolliente-per-duroni\/"]}]},{"@type":"ImageObject","inLanguage":"fr-FR","@id":"https:\/\/uniest.it\/prodotto\/cheratol-emolliente-per-duroni\/#primaryimage","url":"https:\/\/uniest.it\/wp-content\/uploads\/2020\/11\/159AAE.png","contentUrl":"https:\/\/uniest.it\/wp-content\/uploads\/2020\/11\/159AAE.png","width":1283,"height":2000},{"@type":"BreadcrumbList","@id":"https:\/\/uniest.it\/prodotto\/cheratol-emolliente-per-duroni\/#breadcrumb","itemListElement":[{"@type":"ListItem","position":1,"name":"Home","item":"https:\/\/uniest.it\/fr\/"},{"@type":"ListItem","position":2,"name":"Shop","item":"https:\/\/uniest.it\/shop\/"},{"@type":"ListItem","position":3,"name":"Keratol \u00c9mollient pour Cors"}]},{"@type":"WebSite","@id":"https:\/\/uniest.it\/#website","url":"https:\/\/uniest.it\/","name":"Uniest","description":"Cosmetici Naturali e Bio","potentialAction":[{"@type":"SearchAction","target":{"@type":"EntryPoint","urlTemplate":"https:\/\/uniest.it\/?s={search_term_string}"},"query-input":{"@type":"PropertyValueSpecification","valueRequired":true,"valueName":"search_term_string"}}],"inLanguage":"fr-FR"}]}},"_links":{"self":[{"href":"https:\/\/uniest.it\/fr\/wp-json\/wp\/v2\/product\/5774","targetHints":{"allow":["GET"]}}],"collection":[{"href":"https:\/\/uniest.it\/fr\/wp-json\/wp\/v2\/product"}],"about":[{"href":"https:\/\/uniest.it\/fr\/wp-json\/wp\/v2\/types\/product"}],"wp:featuredmedia":[{"embeddable":true,"href":"https:\/\/uniest.it\/fr\/wp-json\/wp\/v2\/media\/5775"}],"wp:attachment":[{"href":"https:\/\/uniest.it\/fr\/wp-json\/wp\/v2\/media?parent=5774"}],"wp:term":[{"taxonomy":"product_brand","embeddable":true,"href":"https:\/\/uniest.it\/fr\/wp-json\/wp\/v2\/product_brand?post=5774"},{"taxonomy":"product_cat","embeddable":true,"href":"https:\/\/uniest.it\/fr\/wp-json\/wp\/v2\/product_cat?post=5774"},{"taxonomy":"product_tag","embeddable":true,"href":"https:\/\/uniest.it\/fr\/wp-json\/wp\/v2\/product_tag?post=5774"}],"curies":[{"name":"wp","href":"https:\/\/api.w.org\/{rel}","templated":true}]}}