{"id":5776,"date":"2021-02-04T12:59:39","date_gmt":"2024-10-23T14:42:54","guid":{"rendered":"https:\/\/uniest.it\/prodotto\/beurre-de-shorea\/"},"modified":"2024-10-23T16:30:15","modified_gmt":"2024-10-23T15:30:15","slug":"beurre-de-shorea","status":"publish","type":"product","link":"https:\/\/uniest.it\/fr\/prodotto\/beurre-de-shorea\/","title":{"rendered":"Beurre de Shorea"},"content":{"rendered":"<p>le packaging peut \u00eatre diff\u00e9rent de celui de la photo Le Beurre Shorea est un \u00ab\u00a0Beurre V\u00e9g\u00e9tal\u00a0\u00bb compos\u00e9 de trois beurres NATURELS : le Beurre de Stenoptera Shorea, le Beurre de Karit\u00e9 Bio* et le Beurre de Cacao. Les caract\u00e9ristiques de ces compos\u00e9s naturels en font un produit adapt\u00e9 pour prot\u00e9ger, nourrir et r\u00e9g\u00e9n\u00e9rer, \u00e9lastifier, raffermir et tonifier et hydrater en profondeur tous les types de peau. Enrichi en extrait naturel de plante d&rsquo;avoine biologique*, en glyc\u00e9rine v\u00e9g\u00e9tale et en huile d&rsquo;amande douce biologique*, hydrate et nourrit en profondeur. Shorea a \u00e9t\u00e9 enrichi en vitamine A, vitamine C et vitamine E pour renforcer les propri\u00e9t\u00e9s antioxydantes et protectrices renomm\u00e9es contre les radicaux libres. Son utilisation est \u00e9galement indiqu\u00e9e pour les peaux les plus d\u00e9licates, sensibles et d\u00e9shydrat\u00e9es et peut \u00e9galement \u00eatre utilis\u00e9e apr\u00e8s le maquillage permanent et semi-permanent et pour les tatouages. Depuis des si\u00e8cles, cet extrait naturel de plante est utilis\u00e9 pour traiter les probl\u00e8mes de peau, et nous l&rsquo;utilisons dans nos produits pour nourrir, r\u00e9g\u00e9n\u00e9rer et revitaliser la peau.<\/p>\n","protected":false},"excerpt":{"rendered":"<p>le packaging peut \u00eatre diff\u00e9rent de celui de la photo Le Beurre Shorea est un \u00ab\u00a0Beurre V\u00e9g\u00e9tal\u00a0\u00bb compos\u00e9 de trois beurres NATURELS : le Beurre de Stenoptera Shorea, le Beurre de Karit\u00e9 Bio* et le Beurre de Cacao. Les caract\u00e9ristiques de ces compos\u00e9s naturels en font un produit adapt\u00e9 pour prot\u00e9ger, nourrir et r\u00e9g\u00e9n\u00e9rer, \u00e9lastifier, [&hellip;]<\/p>\n","protected":false},"featured_media":5778,"template":"","meta":{"_acf_changed":false,"inline_featured_image":false},"product_brand":[],"product_cat":[1372,1383,1392],"product_tag":[],"class_list":{"0":"post-5776","1":"product","2":"type-product","3":"status-publish","4":"has-post-thumbnail","6":"product_beauty-antirughe","7":"product_beauty-idratare","8":"product_beauty-lenire","9":"product_beauty-nutrire-e-rigenerare","10":"product_beauty-proteggere","11":"product_beauty-rassodare-e-tonificare","12":"product_beauty-schiarire","13":"product_skin-tutte-le-pelli","14":"product_kind-creme-antieta-e-prime-rughe","15":"product_kind-oli-e-burri","16":"product_kind-trattamenti-speciali","17":"product_kind-tutte-le-creme-corpo","18":"product_kind-tutte-le-creme-viso","19":"product_lines-corpo-e-benessere","20":"product_cat-corpo-fr","21":"product_cat-viso-fr","22":"product_cat-mani-e-piedi-fr","23":"pa_size-100-fr","25":"first","26":"instock","27":"taxable","28":"shipping-taxable","29":"purchasable","30":"product-type-simple"},"acf":[],"yoast_head":"<!-- This site is optimized with the Yoast SEO plugin v24.6 - https:\/\/yoast.com\/wordpress\/plugins\/seo\/ -->\n<title>Beurre de Shorea - Uniest<\/title>\n<meta name=\"robots\" content=\"index, follow, max-snippet:-1, max-image-preview:large, max-video-preview:-1\" \/>\n<link rel=\"canonical\" href=\"https:\/\/uniest.it\/prodotto\/shorea-butter\/\" \/>\n<meta property=\"og:locale\" content=\"fr_FR\" \/>\n<meta property=\"og:type\" content=\"article\" \/>\n<meta property=\"og:title\" content=\"Beurre de Shorea - Uniest\" \/>\n<meta property=\"og:description\" content=\"le packaging peut \u00eatre diff\u00e9rent de celui de la photo Le Beurre Shorea est un \u00ab\u00a0Beurre V\u00e9g\u00e9tal\u00a0\u00bb compos\u00e9 de trois beurres NATURELS : le Beurre de Stenoptera Shorea, le Beurre de Karit\u00e9 Bio* et le Beurre de Cacao. Les caract\u00e9ristiques de ces compos\u00e9s naturels en font un produit adapt\u00e9 pour prot\u00e9ger, nourrir et r\u00e9g\u00e9n\u00e9rer, \u00e9lastifier, [&hellip;]\" \/>\n<meta property=\"og:url\" content=\"https:\/\/uniest.it\/prodotto\/shorea-butter\/\" \/>\n<meta property=\"og:site_name\" content=\"Uniest\" \/>\n<meta property=\"article:modified_time\" content=\"2024-10-23T15:30:15+00:00\" \/>\n<meta property=\"og:image\" content=\"https:\/\/uniest.it\/wp-content\/uploads\/2021\/02\/shorea-butter.png\" \/>\n\t<meta property=\"og:image:width\" content=\"1414\" \/>\n\t<meta property=\"og:image:height\" content=\"2000\" \/>\n\t<meta property=\"og:image:type\" content=\"image\/png\" \/>\n<meta name=\"twitter:card\" content=\"summary_large_image\" \/>\n<meta name=\"twitter:label1\" content=\"Dur\u00e9e de lecture estim\u00e9e\" \/>\n\t<meta name=\"twitter:data1\" content=\"1 minute\" \/>\n<script type=\"application\/ld+json\" class=\"yoast-schema-graph\">{\"@context\":\"https:\/\/schema.org\",\"@graph\":[{\"@type\":\"WebPage\",\"@id\":\"https:\/\/uniest.it\/prodotto\/shorea-butter\/\",\"url\":\"https:\/\/uniest.it\/prodotto\/shorea-butter\/\",\"name\":\"Beurre de Shorea - Uniest\",\"isPartOf\":{\"@id\":\"https:\/\/uniest.it\/#website\"},\"primaryImageOfPage\":{\"@id\":\"https:\/\/uniest.it\/prodotto\/shorea-butter\/#primaryimage\"},\"image\":{\"@id\":\"https:\/\/uniest.it\/prodotto\/shorea-butter\/#primaryimage\"},\"thumbnailUrl\":\"https:\/\/uniest.it\/wp-content\/uploads\/2021\/02\/shorea-butter.png\",\"datePublished\":\"2024-10-23T14:42:54+00:00\",\"dateModified\":\"2024-10-23T15:30:15+00:00\",\"breadcrumb\":{\"@id\":\"https:\/\/uniest.it\/prodotto\/shorea-butter\/#breadcrumb\"},\"inLanguage\":\"fr-FR\",\"potentialAction\":[{\"@type\":\"ReadAction\",\"target\":[\"https:\/\/uniest.it\/prodotto\/shorea-butter\/\"]}]},{\"@type\":\"ImageObject\",\"inLanguage\":\"fr-FR\",\"@id\":\"https:\/\/uniest.it\/prodotto\/shorea-butter\/#primaryimage\",\"url\":\"https:\/\/uniest.it\/wp-content\/uploads\/2021\/02\/shorea-butter.png\",\"contentUrl\":\"https:\/\/uniest.it\/wp-content\/uploads\/2021\/02\/shorea-butter.png\",\"width\":1414,\"height\":2000,\"caption\":\"160AAE\"},{\"@type\":\"BreadcrumbList\",\"@id\":\"https:\/\/uniest.it\/prodotto\/shorea-butter\/#breadcrumb\",\"itemListElement\":[{\"@type\":\"ListItem\",\"position\":1,\"name\":\"Home\",\"item\":\"https:\/\/uniest.it\/fr\/\"},{\"@type\":\"ListItem\",\"position\":2,\"name\":\"Shop\",\"item\":\"https:\/\/uniest.it\/shop\/\"},{\"@type\":\"ListItem\",\"position\":3,\"name\":\"Beurre de Shorea\"}]},{\"@type\":\"WebSite\",\"@id\":\"https:\/\/uniest.it\/#website\",\"url\":\"https:\/\/uniest.it\/\",\"name\":\"Uniest\",\"description\":\"Cosmetici Naturali e Bio\",\"potentialAction\":[{\"@type\":\"SearchAction\",\"target\":{\"@type\":\"EntryPoint\",\"urlTemplate\":\"https:\/\/uniest.it\/?s={search_term_string}\"},\"query-input\":{\"@type\":\"PropertyValueSpecification\",\"valueRequired\":true,\"valueName\":\"search_term_string\"}}],\"inLanguage\":\"fr-FR\"}]}<\/script>\n<!-- \/ Yoast SEO plugin. -->","yoast_head_json":{"title":"Beurre de Shorea - Uniest","robots":{"index":"index","follow":"follow","max-snippet":"max-snippet:-1","max-image-preview":"max-image-preview:large","max-video-preview":"max-video-preview:-1"},"canonical":"https:\/\/uniest.it\/prodotto\/shorea-butter\/","og_locale":"fr_FR","og_type":"article","og_title":"Beurre de Shorea - Uniest","og_description":"le packaging peut \u00eatre diff\u00e9rent de celui de la photo Le Beurre Shorea est un \u00ab\u00a0Beurre V\u00e9g\u00e9tal\u00a0\u00bb compos\u00e9 de trois beurres NATURELS : le Beurre de Stenoptera Shorea, le Beurre de Karit\u00e9 Bio* et le Beurre de Cacao. Les caract\u00e9ristiques de ces compos\u00e9s naturels en font un produit adapt\u00e9 pour prot\u00e9ger, nourrir et r\u00e9g\u00e9n\u00e9rer, \u00e9lastifier, [&hellip;]","og_url":"https:\/\/uniest.it\/prodotto\/shorea-butter\/","og_site_name":"Uniest","article_modified_time":"2024-10-23T15:30:15+00:00","og_image":[{"width":1414,"height":2000,"url":"https:\/\/uniest.it\/wp-content\/uploads\/2021\/02\/shorea-butter.png","type":"image\/png"}],"twitter_card":"summary_large_image","twitter_misc":{"Dur\u00e9e de lecture estim\u00e9e":"1 minute"},"schema":{"@context":"https:\/\/schema.org","@graph":[{"@type":"WebPage","@id":"https:\/\/uniest.it\/prodotto\/shorea-butter\/","url":"https:\/\/uniest.it\/prodotto\/shorea-butter\/","name":"Beurre de Shorea - Uniest","isPartOf":{"@id":"https:\/\/uniest.it\/#website"},"primaryImageOfPage":{"@id":"https:\/\/uniest.it\/prodotto\/shorea-butter\/#primaryimage"},"image":{"@id":"https:\/\/uniest.it\/prodotto\/shorea-butter\/#primaryimage"},"thumbnailUrl":"https:\/\/uniest.it\/wp-content\/uploads\/2021\/02\/shorea-butter.png","datePublished":"2024-10-23T14:42:54+00:00","dateModified":"2024-10-23T15:30:15+00:00","breadcrumb":{"@id":"https:\/\/uniest.it\/prodotto\/shorea-butter\/#breadcrumb"},"inLanguage":"fr-FR","potentialAction":[{"@type":"ReadAction","target":["https:\/\/uniest.it\/prodotto\/shorea-butter\/"]}]},{"@type":"ImageObject","inLanguage":"fr-FR","@id":"https:\/\/uniest.it\/prodotto\/shorea-butter\/#primaryimage","url":"https:\/\/uniest.it\/wp-content\/uploads\/2021\/02\/shorea-butter.png","contentUrl":"https:\/\/uniest.it\/wp-content\/uploads\/2021\/02\/shorea-butter.png","width":1414,"height":2000,"caption":"160AAE"},{"@type":"BreadcrumbList","@id":"https:\/\/uniest.it\/prodotto\/shorea-butter\/#breadcrumb","itemListElement":[{"@type":"ListItem","position":1,"name":"Home","item":"https:\/\/uniest.it\/fr\/"},{"@type":"ListItem","position":2,"name":"Shop","item":"https:\/\/uniest.it\/shop\/"},{"@type":"ListItem","position":3,"name":"Beurre de Shorea"}]},{"@type":"WebSite","@id":"https:\/\/uniest.it\/#website","url":"https:\/\/uniest.it\/","name":"Uniest","description":"Cosmetici Naturali e Bio","potentialAction":[{"@type":"SearchAction","target":{"@type":"EntryPoint","urlTemplate":"https:\/\/uniest.it\/?s={search_term_string}"},"query-input":{"@type":"PropertyValueSpecification","valueRequired":true,"valueName":"search_term_string"}}],"inLanguage":"fr-FR"}]}},"_links":{"self":[{"href":"https:\/\/uniest.it\/fr\/wp-json\/wp\/v2\/product\/5776","targetHints":{"allow":["GET"]}}],"collection":[{"href":"https:\/\/uniest.it\/fr\/wp-json\/wp\/v2\/product"}],"about":[{"href":"https:\/\/uniest.it\/fr\/wp-json\/wp\/v2\/types\/product"}],"wp:featuredmedia":[{"embeddable":true,"href":"https:\/\/uniest.it\/fr\/wp-json\/wp\/v2\/media\/5778"}],"wp:attachment":[{"href":"https:\/\/uniest.it\/fr\/wp-json\/wp\/v2\/media?parent=5776"}],"wp:term":[{"taxonomy":"product_brand","embeddable":true,"href":"https:\/\/uniest.it\/fr\/wp-json\/wp\/v2\/product_brand?post=5776"},{"taxonomy":"product_cat","embeddable":true,"href":"https:\/\/uniest.it\/fr\/wp-json\/wp\/v2\/product_cat?post=5776"},{"taxonomy":"product_tag","embeddable":true,"href":"https:\/\/uniest.it\/fr\/wp-json\/wp\/v2\/product_tag?post=5776"}],"curies":[{"name":"wp","href":"https:\/\/api.w.org\/{rel}","templated":true}]}}