{"id":5779,"date":"2024-10-23T15:42:54","date_gmt":"2024-10-23T14:42:54","guid":{"rendered":"https:\/\/uniest.it\/prodotto\/bain-emotionnel-vert-250ml\/"},"modified":"2024-10-23T16:30:15","modified_gmt":"2024-10-23T15:30:15","slug":"bain-emotionnel-vert-250ml","status":"publish","type":"product","link":"https:\/\/uniest.it\/fr\/prodotto\/bain-emotionnel-vert-250ml\/","title":{"rendered":"Bain \u00c9motionnel Vert &#8211; 250ml"},"content":{"rendered":"<p>Vert : c&rsquo;est la couleur de la V\u00e9g\u00e9tation, de la Nature et de la Vie. Il symbolise l&rsquo;espoir, la paix et le renouveau. Ceux qui choisissent la couleur verte recherchent l\u2019affirmation de soi, la pr\u00e9dominance de leurs opinions. Ils ont tendance \u00e0 \u00eatre de grands moralisateurs mais pas des moralistes. C&rsquo;est la couleur de la Renaissance printani\u00e8re, de la Force de la Nature. Le vert correspond \u00e0 des sensations de Solidit\u00e9, de Stabilit\u00e9, de Force et de Constance et \u00e0 un comportement caract\u00e9ris\u00e9 par la pers\u00e9v\u00e9rance. Il s&rsquo;agit souvent de personnes douces, sinc\u00e8res, qui aiment la compagnie, de personnes modestes, patientes, qui risquent parfois d&rsquo;\u00eatre exploit\u00e9es par autrui. Ce sont g\u00e9n\u00e9ralement des personnes bien \u00e9lev\u00e9es et polies qui jouissent d\u2019une bonne r\u00e9putation mais qui n\u2019aiment pas \u00eatre trop souvent au centre de l\u2019attention. C&rsquo;est la couleur de la Nature, du monde v\u00e9g\u00e9tal, c&rsquo;est la vie, la croissance, la chance, la jeunesse, le printemps, la fertilit\u00e9 et la religion. Couleur de l&rsquo;espoir, de ceux qui veulent grandir, s&rsquo;affirmer, commander. Effets sur le psychisme : calme, d\u00e9tend, \u00e9limine les tensions, augmente la conscience, stimule le regard et renforce la bonne humeur.<\/p>\n","protected":false},"excerpt":{"rendered":"<p>Vert : c&rsquo;est la couleur de la V\u00e9g\u00e9tation, de la Nature et de la Vie. Il symbolise l&rsquo;espoir, la paix et le renouveau. Ceux qui choisissent la couleur verte recherchent l\u2019affirmation de soi, la pr\u00e9dominance de leurs opinions. Ils ont tendance \u00e0 \u00eatre de grands moralisateurs mais pas des moralistes. C&rsquo;est la couleur de la [&hellip;]<\/p>\n","protected":false},"featured_media":5780,"template":"","meta":{"_acf_changed":false,"inline_featured_image":false},"product_brand":[],"product_cat":[1372,1373],"product_tag":[],"class_list":{"0":"post-5779","1":"product","2":"type-product","3":"status-publish","4":"has-post-thumbnail","6":"product_beauty-aromatizzare-e-profumare","7":"product_beauty-detergere","8":"product_beauty-idratare","9":"product_beauty-lenire","10":"product_beauty-purificare","11":"product_beauty-rassodare-e-tonificare","12":"product_skin-pelli-delicate-e-sensibili","13":"product_skin-pelli-giovani-e-prime-rughe","14":"product_skin-pelli-grasse-e-miste","15":"product_skin-pelli-mature-e-rughe","16":"product_skin-pelli-secche-e-normali","17":"product_skin-tutte-le-pelli","18":"product_skin-tutti-i-capelli","19":"product_kind-bagno","20":"product_kind-doccia","21":"product_kind-shampoo-e-detergenza","22":"product_lines-home-spa","23":"product_cat-corpo-fr","24":"product_cat-uomo-fr","25":"pa_size-250-fr","27":"first","28":"outofstock","29":"taxable","30":"shipping-taxable","31":"purchasable","32":"product-type-simple"},"acf":[],"yoast_head":"<!-- This site is optimized with the Yoast SEO plugin v24.6 - https:\/\/yoast.com\/wordpress\/plugins\/seo\/ -->\n<title>Bain \u00c9motionnel Vert - 250ml - Uniest<\/title>\n<meta name=\"robots\" content=\"index, follow, max-snippet:-1, max-image-preview:large, max-video-preview:-1\" \/>\n<link rel=\"canonical\" href=\"https:\/\/uniest.it\/prodotto\/verde-bagno-emozionale-250ml\/\" \/>\n<meta property=\"og:locale\" content=\"fr_FR\" \/>\n<meta property=\"og:type\" content=\"article\" \/>\n<meta property=\"og:title\" content=\"Bain \u00c9motionnel Vert - 250ml - Uniest\" \/>\n<meta property=\"og:description\" content=\"Vert : c&rsquo;est la couleur de la V\u00e9g\u00e9tation, de la Nature et de la Vie. Il symbolise l&rsquo;espoir, la paix et le renouveau. Ceux qui choisissent la couleur verte recherchent l\u2019affirmation de soi, la pr\u00e9dominance de leurs opinions. Ils ont tendance \u00e0 \u00eatre de grands moralisateurs mais pas des moralistes. C&rsquo;est la couleur de la [&hellip;]\" \/>\n<meta property=\"og:url\" content=\"https:\/\/uniest.it\/prodotto\/verde-bagno-emozionale-250ml\/\" \/>\n<meta property=\"og:site_name\" content=\"Uniest\" \/>\n<meta property=\"article:modified_time\" content=\"2024-10-23T15:30:15+00:00\" \/>\n<meta property=\"og:image\" content=\"https:\/\/uniest.it\/wp-content\/uploads\/2020\/12\/162AAE.png\" \/>\n\t<meta property=\"og:image:width\" content=\"1283\" \/>\n\t<meta property=\"og:image:height\" content=\"2000\" \/>\n\t<meta property=\"og:image:type\" content=\"image\/png\" \/>\n<meta name=\"twitter:card\" content=\"summary_large_image\" \/>\n<meta name=\"twitter:label1\" content=\"Dur\u00e9e de lecture estim\u00e9e\" \/>\n\t<meta name=\"twitter:data1\" content=\"1 minute\" \/>\n<script type=\"application\/ld+json\" class=\"yoast-schema-graph\">{\"@context\":\"https:\/\/schema.org\",\"@graph\":[{\"@type\":\"WebPage\",\"@id\":\"https:\/\/uniest.it\/prodotto\/verde-bagno-emozionale-250ml\/\",\"url\":\"https:\/\/uniest.it\/prodotto\/verde-bagno-emozionale-250ml\/\",\"name\":\"Bain \u00c9motionnel Vert - 250ml - Uniest\",\"isPartOf\":{\"@id\":\"https:\/\/uniest.it\/#website\"},\"primaryImageOfPage\":{\"@id\":\"https:\/\/uniest.it\/prodotto\/verde-bagno-emozionale-250ml\/#primaryimage\"},\"image\":{\"@id\":\"https:\/\/uniest.it\/prodotto\/verde-bagno-emozionale-250ml\/#primaryimage\"},\"thumbnailUrl\":\"https:\/\/uniest.it\/wp-content\/uploads\/2020\/12\/162AAE.png\",\"datePublished\":\"2024-10-23T14:42:54+00:00\",\"dateModified\":\"2024-10-23T15:30:15+00:00\",\"breadcrumb\":{\"@id\":\"https:\/\/uniest.it\/prodotto\/verde-bagno-emozionale-250ml\/#breadcrumb\"},\"inLanguage\":\"fr-FR\",\"potentialAction\":[{\"@type\":\"ReadAction\",\"target\":[\"https:\/\/uniest.it\/prodotto\/verde-bagno-emozionale-250ml\/\"]}]},{\"@type\":\"ImageObject\",\"inLanguage\":\"fr-FR\",\"@id\":\"https:\/\/uniest.it\/prodotto\/verde-bagno-emozionale-250ml\/#primaryimage\",\"url\":\"https:\/\/uniest.it\/wp-content\/uploads\/2020\/12\/162AAE.png\",\"contentUrl\":\"https:\/\/uniest.it\/wp-content\/uploads\/2020\/12\/162AAE.png\",\"width\":1283,\"height\":2000},{\"@type\":\"BreadcrumbList\",\"@id\":\"https:\/\/uniest.it\/prodotto\/verde-bagno-emozionale-250ml\/#breadcrumb\",\"itemListElement\":[{\"@type\":\"ListItem\",\"position\":1,\"name\":\"Home\",\"item\":\"https:\/\/uniest.it\/fr\/\"},{\"@type\":\"ListItem\",\"position\":2,\"name\":\"Shop\",\"item\":\"https:\/\/uniest.it\/shop\/\"},{\"@type\":\"ListItem\",\"position\":3,\"name\":\"Bain \u00c9motionnel Vert &#8211; 250ml\"}]},{\"@type\":\"WebSite\",\"@id\":\"https:\/\/uniest.it\/#website\",\"url\":\"https:\/\/uniest.it\/\",\"name\":\"Uniest\",\"description\":\"Cosmetici Naturali e Bio\",\"potentialAction\":[{\"@type\":\"SearchAction\",\"target\":{\"@type\":\"EntryPoint\",\"urlTemplate\":\"https:\/\/uniest.it\/?s={search_term_string}\"},\"query-input\":{\"@type\":\"PropertyValueSpecification\",\"valueRequired\":true,\"valueName\":\"search_term_string\"}}],\"inLanguage\":\"fr-FR\"}]}<\/script>\n<!-- \/ Yoast SEO plugin. -->","yoast_head_json":{"title":"Bain \u00c9motionnel Vert - 250ml - Uniest","robots":{"index":"index","follow":"follow","max-snippet":"max-snippet:-1","max-image-preview":"max-image-preview:large","max-video-preview":"max-video-preview:-1"},"canonical":"https:\/\/uniest.it\/prodotto\/verde-bagno-emozionale-250ml\/","og_locale":"fr_FR","og_type":"article","og_title":"Bain \u00c9motionnel Vert - 250ml - Uniest","og_description":"Vert : c&rsquo;est la couleur de la V\u00e9g\u00e9tation, de la Nature et de la Vie. Il symbolise l&rsquo;espoir, la paix et le renouveau. Ceux qui choisissent la couleur verte recherchent l\u2019affirmation de soi, la pr\u00e9dominance de leurs opinions. Ils ont tendance \u00e0 \u00eatre de grands moralisateurs mais pas des moralistes. C&rsquo;est la couleur de la [&hellip;]","og_url":"https:\/\/uniest.it\/prodotto\/verde-bagno-emozionale-250ml\/","og_site_name":"Uniest","article_modified_time":"2024-10-23T15:30:15+00:00","og_image":[{"width":1283,"height":2000,"url":"https:\/\/uniest.it\/wp-content\/uploads\/2020\/12\/162AAE.png","type":"image\/png"}],"twitter_card":"summary_large_image","twitter_misc":{"Dur\u00e9e de lecture estim\u00e9e":"1 minute"},"schema":{"@context":"https:\/\/schema.org","@graph":[{"@type":"WebPage","@id":"https:\/\/uniest.it\/prodotto\/verde-bagno-emozionale-250ml\/","url":"https:\/\/uniest.it\/prodotto\/verde-bagno-emozionale-250ml\/","name":"Bain \u00c9motionnel Vert - 250ml - Uniest","isPartOf":{"@id":"https:\/\/uniest.it\/#website"},"primaryImageOfPage":{"@id":"https:\/\/uniest.it\/prodotto\/verde-bagno-emozionale-250ml\/#primaryimage"},"image":{"@id":"https:\/\/uniest.it\/prodotto\/verde-bagno-emozionale-250ml\/#primaryimage"},"thumbnailUrl":"https:\/\/uniest.it\/wp-content\/uploads\/2020\/12\/162AAE.png","datePublished":"2024-10-23T14:42:54+00:00","dateModified":"2024-10-23T15:30:15+00:00","breadcrumb":{"@id":"https:\/\/uniest.it\/prodotto\/verde-bagno-emozionale-250ml\/#breadcrumb"},"inLanguage":"fr-FR","potentialAction":[{"@type":"ReadAction","target":["https:\/\/uniest.it\/prodotto\/verde-bagno-emozionale-250ml\/"]}]},{"@type":"ImageObject","inLanguage":"fr-FR","@id":"https:\/\/uniest.it\/prodotto\/verde-bagno-emozionale-250ml\/#primaryimage","url":"https:\/\/uniest.it\/wp-content\/uploads\/2020\/12\/162AAE.png","contentUrl":"https:\/\/uniest.it\/wp-content\/uploads\/2020\/12\/162AAE.png","width":1283,"height":2000},{"@type":"BreadcrumbList","@id":"https:\/\/uniest.it\/prodotto\/verde-bagno-emozionale-250ml\/#breadcrumb","itemListElement":[{"@type":"ListItem","position":1,"name":"Home","item":"https:\/\/uniest.it\/fr\/"},{"@type":"ListItem","position":2,"name":"Shop","item":"https:\/\/uniest.it\/shop\/"},{"@type":"ListItem","position":3,"name":"Bain \u00c9motionnel Vert &#8211; 250ml"}]},{"@type":"WebSite","@id":"https:\/\/uniest.it\/#website","url":"https:\/\/uniest.it\/","name":"Uniest","description":"Cosmetici Naturali e Bio","potentialAction":[{"@type":"SearchAction","target":{"@type":"EntryPoint","urlTemplate":"https:\/\/uniest.it\/?s={search_term_string}"},"query-input":{"@type":"PropertyValueSpecification","valueRequired":true,"valueName":"search_term_string"}}],"inLanguage":"fr-FR"}]}},"_links":{"self":[{"href":"https:\/\/uniest.it\/fr\/wp-json\/wp\/v2\/product\/5779","targetHints":{"allow":["GET"]}}],"collection":[{"href":"https:\/\/uniest.it\/fr\/wp-json\/wp\/v2\/product"}],"about":[{"href":"https:\/\/uniest.it\/fr\/wp-json\/wp\/v2\/types\/product"}],"wp:featuredmedia":[{"embeddable":true,"href":"https:\/\/uniest.it\/fr\/wp-json\/wp\/v2\/media\/5780"}],"wp:attachment":[{"href":"https:\/\/uniest.it\/fr\/wp-json\/wp\/v2\/media?parent=5779"}],"wp:term":[{"taxonomy":"product_brand","embeddable":true,"href":"https:\/\/uniest.it\/fr\/wp-json\/wp\/v2\/product_brand?post=5779"},{"taxonomy":"product_cat","embeddable":true,"href":"https:\/\/uniest.it\/fr\/wp-json\/wp\/v2\/product_cat?post=5779"},{"taxonomy":"product_tag","embeddable":true,"href":"https:\/\/uniest.it\/fr\/wp-json\/wp\/v2\/product_tag?post=5779"}],"curies":[{"name":"wp","href":"https:\/\/api.w.org\/{rel}","templated":true}]}}