{"id":5785,"date":"2024-10-23T15:42:56","date_gmt":"2024-10-23T14:42:56","guid":{"rendered":"https:\/\/uniest.it\/prodotto\/bain-emotionnel-rouge-250ml\/"},"modified":"2024-10-23T16:30:17","modified_gmt":"2024-10-23T15:30:17","slug":"bain-emotionnel-rouge-250ml","status":"publish","type":"product","link":"https:\/\/uniest.it\/fr\/prodotto\/bain-emotionnel-rouge-250ml\/","title":{"rendered":"Bain \u00c9motionnel Rouge &#8211; 250ml"},"content":{"rendered":"<p>Rouge\u00a0: a des valeurs positives et n\u00e9gatives. D\u2019une part, le rouge est la couleur de l\u2019amour, \u00e0 la fois terrestre et spirituel, d\u2019autre part c\u2019est la couleur de la col\u00e8re, de la violence et de l\u2019agression. La couleur Rouge a intuitivement le sens de la vie et de la chaleur sur notre plan\u00e8te. C&rsquo;est la couleur de la Sexualit\u00e9, de la Col\u00e8re et de l&rsquo;Excitation, elle appartient au c\u0153ur, aux poumons, aux reins, aux muscles, aux os et au sang qui, par similitude, s&rsquo;active et se charge.<\/p>\n","protected":false},"excerpt":{"rendered":"<p>Rouge\u00a0: a des valeurs positives et n\u00e9gatives. D\u2019une part, le rouge est la couleur de l\u2019amour, \u00e0 la fois terrestre et spirituel, d\u2019autre part c\u2019est la couleur de la col\u00e8re, de la violence et de l\u2019agression. La couleur Rouge a intuitivement le sens de la vie et de la chaleur sur notre plan\u00e8te. C&rsquo;est la [&hellip;]<\/p>\n","protected":false},"featured_media":5786,"template":"","meta":{"_acf_changed":false,"inline_featured_image":false},"product_brand":[],"product_cat":[1372,1373],"product_tag":[],"class_list":{"0":"post-5785","1":"product","2":"type-product","3":"status-publish","4":"has-post-thumbnail","6":"product_beauty-aromatizzare-e-profumare","7":"product_beauty-detergere","8":"product_beauty-idratare","9":"product_beauty-nutrire-e-rigenerare","10":"product_beauty-rassodare-e-tonificare","11":"product_skin-pelli-delicate-e-sensibili","12":"product_skin-pelli-giovani-e-prime-rughe","13":"product_skin-pelli-grasse-e-miste","14":"product_skin-pelli-mature-e-rughe","15":"product_skin-pelli-secche-e-normali","16":"product_skin-tutte-le-pelli","17":"product_skin-tutti-i-capelli","18":"product_kind-bagno","19":"product_kind-doccia","20":"product_kind-shampoo-e-detergenza","21":"product_lines-home-spa","22":"product_cat-corpo-fr","23":"product_cat-uomo-fr","24":"pa_size-250-fr","26":"first","27":"outofstock","28":"taxable","29":"shipping-taxable","30":"purchasable","31":"product-type-simple"},"acf":[],"yoast_head":"<!-- This site is optimized with the Yoast SEO plugin v24.6 - https:\/\/yoast.com\/wordpress\/plugins\/seo\/ -->\n<title>Bain \u00c9motionnel Rouge - 250ml - Uniest<\/title>\n<meta name=\"robots\" content=\"index, follow, max-snippet:-1, max-image-preview:large, max-video-preview:-1\" \/>\n<link rel=\"canonical\" href=\"https:\/\/uniest.it\/prodotto\/rosso-bagno-emozionale-250ml\/\" \/>\n<meta property=\"og:locale\" content=\"fr_FR\" \/>\n<meta property=\"og:type\" content=\"article\" \/>\n<meta property=\"og:title\" content=\"Bain \u00c9motionnel Rouge - 250ml - Uniest\" \/>\n<meta property=\"og:description\" content=\"Rouge\u00a0: a des valeurs positives et n\u00e9gatives. D\u2019une part, le rouge est la couleur de l\u2019amour, \u00e0 la fois terrestre et spirituel, d\u2019autre part c\u2019est la couleur de la col\u00e8re, de la violence et de l\u2019agression. La couleur Rouge a intuitivement le sens de la vie et de la chaleur sur notre plan\u00e8te. C&rsquo;est la [&hellip;]\" \/>\n<meta property=\"og:url\" content=\"https:\/\/uniest.it\/prodotto\/rosso-bagno-emozionale-250ml\/\" \/>\n<meta property=\"og:site_name\" content=\"Uniest\" \/>\n<meta property=\"article:modified_time\" content=\"2024-10-23T15:30:17+00:00\" \/>\n<meta property=\"og:image\" content=\"https:\/\/uniest.it\/wp-content\/uploads\/2020\/12\/168AAE.png\" \/>\n\t<meta property=\"og:image:width\" content=\"1283\" \/>\n\t<meta property=\"og:image:height\" content=\"2000\" \/>\n\t<meta property=\"og:image:type\" content=\"image\/png\" \/>\n<meta name=\"twitter:card\" content=\"summary_large_image\" \/>\n<script type=\"application\/ld+json\" class=\"yoast-schema-graph\">{\"@context\":\"https:\/\/schema.org\",\"@graph\":[{\"@type\":\"WebPage\",\"@id\":\"https:\/\/uniest.it\/prodotto\/rosso-bagno-emozionale-250ml\/\",\"url\":\"https:\/\/uniest.it\/prodotto\/rosso-bagno-emozionale-250ml\/\",\"name\":\"Bain \u00c9motionnel Rouge - 250ml - Uniest\",\"isPartOf\":{\"@id\":\"https:\/\/uniest.it\/#website\"},\"primaryImageOfPage\":{\"@id\":\"https:\/\/uniest.it\/prodotto\/rosso-bagno-emozionale-250ml\/#primaryimage\"},\"image\":{\"@id\":\"https:\/\/uniest.it\/prodotto\/rosso-bagno-emozionale-250ml\/#primaryimage\"},\"thumbnailUrl\":\"https:\/\/uniest.it\/wp-content\/uploads\/2020\/12\/168AAE.png\",\"datePublished\":\"2024-10-23T14:42:56+00:00\",\"dateModified\":\"2024-10-23T15:30:17+00:00\",\"breadcrumb\":{\"@id\":\"https:\/\/uniest.it\/prodotto\/rosso-bagno-emozionale-250ml\/#breadcrumb\"},\"inLanguage\":\"fr-FR\",\"potentialAction\":[{\"@type\":\"ReadAction\",\"target\":[\"https:\/\/uniest.it\/prodotto\/rosso-bagno-emozionale-250ml\/\"]}]},{\"@type\":\"ImageObject\",\"inLanguage\":\"fr-FR\",\"@id\":\"https:\/\/uniest.it\/prodotto\/rosso-bagno-emozionale-250ml\/#primaryimage\",\"url\":\"https:\/\/uniest.it\/wp-content\/uploads\/2020\/12\/168AAE.png\",\"contentUrl\":\"https:\/\/uniest.it\/wp-content\/uploads\/2020\/12\/168AAE.png\",\"width\":1283,\"height\":2000},{\"@type\":\"BreadcrumbList\",\"@id\":\"https:\/\/uniest.it\/prodotto\/rosso-bagno-emozionale-250ml\/#breadcrumb\",\"itemListElement\":[{\"@type\":\"ListItem\",\"position\":1,\"name\":\"Home\",\"item\":\"https:\/\/uniest.it\/fr\/\"},{\"@type\":\"ListItem\",\"position\":2,\"name\":\"Shop\",\"item\":\"https:\/\/uniest.it\/shop\/\"},{\"@type\":\"ListItem\",\"position\":3,\"name\":\"Bain \u00c9motionnel Rouge &#8211; 250ml\"}]},{\"@type\":\"WebSite\",\"@id\":\"https:\/\/uniest.it\/#website\",\"url\":\"https:\/\/uniest.it\/\",\"name\":\"Uniest\",\"description\":\"Cosmetici Naturali e Bio\",\"potentialAction\":[{\"@type\":\"SearchAction\",\"target\":{\"@type\":\"EntryPoint\",\"urlTemplate\":\"https:\/\/uniest.it\/?s={search_term_string}\"},\"query-input\":{\"@type\":\"PropertyValueSpecification\",\"valueRequired\":true,\"valueName\":\"search_term_string\"}}],\"inLanguage\":\"fr-FR\"}]}<\/script>\n<!-- \/ Yoast SEO plugin. -->","yoast_head_json":{"title":"Bain \u00c9motionnel Rouge - 250ml - Uniest","robots":{"index":"index","follow":"follow","max-snippet":"max-snippet:-1","max-image-preview":"max-image-preview:large","max-video-preview":"max-video-preview:-1"},"canonical":"https:\/\/uniest.it\/prodotto\/rosso-bagno-emozionale-250ml\/","og_locale":"fr_FR","og_type":"article","og_title":"Bain \u00c9motionnel Rouge - 250ml - Uniest","og_description":"Rouge\u00a0: a des valeurs positives et n\u00e9gatives. D\u2019une part, le rouge est la couleur de l\u2019amour, \u00e0 la fois terrestre et spirituel, d\u2019autre part c\u2019est la couleur de la col\u00e8re, de la violence et de l\u2019agression. La couleur Rouge a intuitivement le sens de la vie et de la chaleur sur notre plan\u00e8te. C&rsquo;est la [&hellip;]","og_url":"https:\/\/uniest.it\/prodotto\/rosso-bagno-emozionale-250ml\/","og_site_name":"Uniest","article_modified_time":"2024-10-23T15:30:17+00:00","og_image":[{"width":1283,"height":2000,"url":"https:\/\/uniest.it\/wp-content\/uploads\/2020\/12\/168AAE.png","type":"image\/png"}],"twitter_card":"summary_large_image","schema":{"@context":"https:\/\/schema.org","@graph":[{"@type":"WebPage","@id":"https:\/\/uniest.it\/prodotto\/rosso-bagno-emozionale-250ml\/","url":"https:\/\/uniest.it\/prodotto\/rosso-bagno-emozionale-250ml\/","name":"Bain \u00c9motionnel Rouge - 250ml - Uniest","isPartOf":{"@id":"https:\/\/uniest.it\/#website"},"primaryImageOfPage":{"@id":"https:\/\/uniest.it\/prodotto\/rosso-bagno-emozionale-250ml\/#primaryimage"},"image":{"@id":"https:\/\/uniest.it\/prodotto\/rosso-bagno-emozionale-250ml\/#primaryimage"},"thumbnailUrl":"https:\/\/uniest.it\/wp-content\/uploads\/2020\/12\/168AAE.png","datePublished":"2024-10-23T14:42:56+00:00","dateModified":"2024-10-23T15:30:17+00:00","breadcrumb":{"@id":"https:\/\/uniest.it\/prodotto\/rosso-bagno-emozionale-250ml\/#breadcrumb"},"inLanguage":"fr-FR","potentialAction":[{"@type":"ReadAction","target":["https:\/\/uniest.it\/prodotto\/rosso-bagno-emozionale-250ml\/"]}]},{"@type":"ImageObject","inLanguage":"fr-FR","@id":"https:\/\/uniest.it\/prodotto\/rosso-bagno-emozionale-250ml\/#primaryimage","url":"https:\/\/uniest.it\/wp-content\/uploads\/2020\/12\/168AAE.png","contentUrl":"https:\/\/uniest.it\/wp-content\/uploads\/2020\/12\/168AAE.png","width":1283,"height":2000},{"@type":"BreadcrumbList","@id":"https:\/\/uniest.it\/prodotto\/rosso-bagno-emozionale-250ml\/#breadcrumb","itemListElement":[{"@type":"ListItem","position":1,"name":"Home","item":"https:\/\/uniest.it\/fr\/"},{"@type":"ListItem","position":2,"name":"Shop","item":"https:\/\/uniest.it\/shop\/"},{"@type":"ListItem","position":3,"name":"Bain \u00c9motionnel Rouge &#8211; 250ml"}]},{"@type":"WebSite","@id":"https:\/\/uniest.it\/#website","url":"https:\/\/uniest.it\/","name":"Uniest","description":"Cosmetici Naturali e Bio","potentialAction":[{"@type":"SearchAction","target":{"@type":"EntryPoint","urlTemplate":"https:\/\/uniest.it\/?s={search_term_string}"},"query-input":{"@type":"PropertyValueSpecification","valueRequired":true,"valueName":"search_term_string"}}],"inLanguage":"fr-FR"}]}},"_links":{"self":[{"href":"https:\/\/uniest.it\/fr\/wp-json\/wp\/v2\/product\/5785","targetHints":{"allow":["GET"]}}],"collection":[{"href":"https:\/\/uniest.it\/fr\/wp-json\/wp\/v2\/product"}],"about":[{"href":"https:\/\/uniest.it\/fr\/wp-json\/wp\/v2\/types\/product"}],"wp:featuredmedia":[{"embeddable":true,"href":"https:\/\/uniest.it\/fr\/wp-json\/wp\/v2\/media\/5786"}],"wp:attachment":[{"href":"https:\/\/uniest.it\/fr\/wp-json\/wp\/v2\/media?parent=5785"}],"wp:term":[{"taxonomy":"product_brand","embeddable":true,"href":"https:\/\/uniest.it\/fr\/wp-json\/wp\/v2\/product_brand?post=5785"},{"taxonomy":"product_cat","embeddable":true,"href":"https:\/\/uniest.it\/fr\/wp-json\/wp\/v2\/product_cat?post=5785"},{"taxonomy":"product_tag","embeddable":true,"href":"https:\/\/uniest.it\/fr\/wp-json\/wp\/v2\/product_tag?post=5785"}],"curies":[{"name":"wp","href":"https:\/\/api.w.org\/{rel}","templated":true}]}}