{"id":5793,"date":"2024-10-23T15:42:58","date_gmt":"2024-10-23T14:42:58","guid":{"rendered":"https:\/\/uniest.it\/prodotto\/bain-emotionnel-blanc-250-ml\/"},"modified":"2024-10-23T16:30:19","modified_gmt":"2024-10-23T15:30:19","slug":"bain-emotionnel-blanc-250-ml","status":"publish","type":"product","link":"https:\/\/uniest.it\/fr\/prodotto\/bain-emotionnel-blanc-250-ml\/","title":{"rendered":"Bain \u00c9motionnel Blanc &#8211; 250 ml"},"content":{"rendered":"<p>White exprime l&rsquo;espoir pour l&rsquo;avenir, la confiance dans les autres et dans le monde en g\u00e9n\u00e9ral ; repr\u00e9sente l&rsquo;\u00e9tat de puret\u00e9 et de sentiments nobles et le d\u00e9sir de changement. Ce n&rsquo;est pas une couleur car elle contient toutes les autres, synonyme de neutralit\u00e9, elle peut exprimer le d\u00e9sir de ne pas s&rsquo;exposer, la confidentialit\u00e9, mais c&rsquo;est aussi la couleur du Nouveau, du Pur, de l&rsquo;Intact.<\/p>\n","protected":false},"excerpt":{"rendered":"<p>White exprime l&rsquo;espoir pour l&rsquo;avenir, la confiance dans les autres et dans le monde en g\u00e9n\u00e9ral ; repr\u00e9sente l&rsquo;\u00e9tat de puret\u00e9 et de sentiments nobles et le d\u00e9sir de changement. Ce n&rsquo;est pas une couleur car elle contient toutes les autres, synonyme de neutralit\u00e9, elle peut exprimer le d\u00e9sir de ne pas s&rsquo;exposer, la confidentialit\u00e9, [&hellip;]<\/p>\n","protected":false},"featured_media":5794,"template":"","meta":{"_acf_changed":false,"inline_featured_image":false},"product_brand":[],"product_cat":[1372,1373],"product_tag":[],"class_list":{"0":"post-5793","1":"product","2":"type-product","3":"status-publish","4":"has-post-thumbnail","6":"product_beauty-aromatizzare-e-profumare","7":"product_beauty-detergere","8":"product_beauty-idratare","9":"product_beauty-lenire","10":"product_beauty-purificare","11":"product_beauty-riequilibrare","12":"product_skin-pelli-delicate-e-sensibili","13":"product_skin-pelli-giovani-e-prime-rughe","14":"product_skin-pelli-grasse-e-miste","15":"product_skin-pelli-mature-e-rughe","16":"product_skin-pelli-secche-e-normali","17":"product_skin-tutte-le-pelli","18":"product_skin-tutti-i-capelli","19":"product_kind-bagno","20":"product_kind-doccia","21":"product_kind-shampoo-e-detergenza","22":"product_lines-home-spa","23":"product_cat-corpo-fr","24":"product_cat-uomo-fr","25":"pa_size-250-fr","27":"first","28":"outofstock","29":"taxable","30":"shipping-taxable","31":"purchasable","32":"product-type-simple"},"acf":[],"yoast_head":"<!-- This site is optimized with the Yoast SEO plugin v24.6 - https:\/\/yoast.com\/wordpress\/plugins\/seo\/ -->\n<title>Bain \u00c9motionnel Blanc - 250 ml - Uniest<\/title>\n<meta name=\"robots\" content=\"index, follow, max-snippet:-1, max-image-preview:large, max-video-preview:-1\" \/>\n<link rel=\"canonical\" href=\"https:\/\/uniest.it\/prodotto\/bianco-bagno-emozionale-250-ml\/\" \/>\n<meta property=\"og:locale\" content=\"fr_FR\" \/>\n<meta property=\"og:type\" content=\"article\" \/>\n<meta property=\"og:title\" content=\"Bain \u00c9motionnel Blanc - 250 ml - Uniest\" \/>\n<meta property=\"og:description\" content=\"White exprime l&rsquo;espoir pour l&rsquo;avenir, la confiance dans les autres et dans le monde en g\u00e9n\u00e9ral ; repr\u00e9sente l&rsquo;\u00e9tat de puret\u00e9 et de sentiments nobles et le d\u00e9sir de changement. Ce n&rsquo;est pas une couleur car elle contient toutes les autres, synonyme de neutralit\u00e9, elle peut exprimer le d\u00e9sir de ne pas s&rsquo;exposer, la confidentialit\u00e9, [&hellip;]\" \/>\n<meta property=\"og:url\" content=\"https:\/\/uniest.it\/prodotto\/bianco-bagno-emozionale-250-ml\/\" \/>\n<meta property=\"og:site_name\" content=\"Uniest\" \/>\n<meta property=\"article:modified_time\" content=\"2024-10-23T15:30:19+00:00\" \/>\n<meta property=\"og:image\" content=\"https:\/\/uniest.it\/wp-content\/uploads\/2020\/12\/177AAE.png\" \/>\n\t<meta property=\"og:image:width\" content=\"1283\" \/>\n\t<meta property=\"og:image:height\" content=\"2000\" \/>\n\t<meta property=\"og:image:type\" content=\"image\/png\" \/>\n<meta name=\"twitter:card\" content=\"summary_large_image\" \/>\n<script type=\"application\/ld+json\" class=\"yoast-schema-graph\">{\"@context\":\"https:\/\/schema.org\",\"@graph\":[{\"@type\":\"WebPage\",\"@id\":\"https:\/\/uniest.it\/prodotto\/bianco-bagno-emozionale-250-ml\/\",\"url\":\"https:\/\/uniest.it\/prodotto\/bianco-bagno-emozionale-250-ml\/\",\"name\":\"Bain \u00c9motionnel Blanc - 250 ml - Uniest\",\"isPartOf\":{\"@id\":\"https:\/\/uniest.it\/#website\"},\"primaryImageOfPage\":{\"@id\":\"https:\/\/uniest.it\/prodotto\/bianco-bagno-emozionale-250-ml\/#primaryimage\"},\"image\":{\"@id\":\"https:\/\/uniest.it\/prodotto\/bianco-bagno-emozionale-250-ml\/#primaryimage\"},\"thumbnailUrl\":\"https:\/\/uniest.it\/wp-content\/uploads\/2020\/12\/177AAE.png\",\"datePublished\":\"2024-10-23T14:42:58+00:00\",\"dateModified\":\"2024-10-23T15:30:19+00:00\",\"breadcrumb\":{\"@id\":\"https:\/\/uniest.it\/prodotto\/bianco-bagno-emozionale-250-ml\/#breadcrumb\"},\"inLanguage\":\"fr-FR\",\"potentialAction\":[{\"@type\":\"ReadAction\",\"target\":[\"https:\/\/uniest.it\/prodotto\/bianco-bagno-emozionale-250-ml\/\"]}]},{\"@type\":\"ImageObject\",\"inLanguage\":\"fr-FR\",\"@id\":\"https:\/\/uniest.it\/prodotto\/bianco-bagno-emozionale-250-ml\/#primaryimage\",\"url\":\"https:\/\/uniest.it\/wp-content\/uploads\/2020\/12\/177AAE.png\",\"contentUrl\":\"https:\/\/uniest.it\/wp-content\/uploads\/2020\/12\/177AAE.png\",\"width\":1283,\"height\":2000},{\"@type\":\"BreadcrumbList\",\"@id\":\"https:\/\/uniest.it\/prodotto\/bianco-bagno-emozionale-250-ml\/#breadcrumb\",\"itemListElement\":[{\"@type\":\"ListItem\",\"position\":1,\"name\":\"Home\",\"item\":\"https:\/\/uniest.it\/fr\/\"},{\"@type\":\"ListItem\",\"position\":2,\"name\":\"Shop\",\"item\":\"https:\/\/uniest.it\/shop\/\"},{\"@type\":\"ListItem\",\"position\":3,\"name\":\"Bain \u00c9motionnel Blanc &#8211; 250 ml\"}]},{\"@type\":\"WebSite\",\"@id\":\"https:\/\/uniest.it\/#website\",\"url\":\"https:\/\/uniest.it\/\",\"name\":\"Uniest\",\"description\":\"Cosmetici Naturali e Bio\",\"potentialAction\":[{\"@type\":\"SearchAction\",\"target\":{\"@type\":\"EntryPoint\",\"urlTemplate\":\"https:\/\/uniest.it\/?s={search_term_string}\"},\"query-input\":{\"@type\":\"PropertyValueSpecification\",\"valueRequired\":true,\"valueName\":\"search_term_string\"}}],\"inLanguage\":\"fr-FR\"}]}<\/script>\n<!-- \/ Yoast SEO plugin. -->","yoast_head_json":{"title":"Bain \u00c9motionnel Blanc - 250 ml - Uniest","robots":{"index":"index","follow":"follow","max-snippet":"max-snippet:-1","max-image-preview":"max-image-preview:large","max-video-preview":"max-video-preview:-1"},"canonical":"https:\/\/uniest.it\/prodotto\/bianco-bagno-emozionale-250-ml\/","og_locale":"fr_FR","og_type":"article","og_title":"Bain \u00c9motionnel Blanc - 250 ml - Uniest","og_description":"White exprime l&rsquo;espoir pour l&rsquo;avenir, la confiance dans les autres et dans le monde en g\u00e9n\u00e9ral ; repr\u00e9sente l&rsquo;\u00e9tat de puret\u00e9 et de sentiments nobles et le d\u00e9sir de changement. Ce n&rsquo;est pas une couleur car elle contient toutes les autres, synonyme de neutralit\u00e9, elle peut exprimer le d\u00e9sir de ne pas s&rsquo;exposer, la confidentialit\u00e9, [&hellip;]","og_url":"https:\/\/uniest.it\/prodotto\/bianco-bagno-emozionale-250-ml\/","og_site_name":"Uniest","article_modified_time":"2024-10-23T15:30:19+00:00","og_image":[{"width":1283,"height":2000,"url":"https:\/\/uniest.it\/wp-content\/uploads\/2020\/12\/177AAE.png","type":"image\/png"}],"twitter_card":"summary_large_image","schema":{"@context":"https:\/\/schema.org","@graph":[{"@type":"WebPage","@id":"https:\/\/uniest.it\/prodotto\/bianco-bagno-emozionale-250-ml\/","url":"https:\/\/uniest.it\/prodotto\/bianco-bagno-emozionale-250-ml\/","name":"Bain \u00c9motionnel Blanc - 250 ml - Uniest","isPartOf":{"@id":"https:\/\/uniest.it\/#website"},"primaryImageOfPage":{"@id":"https:\/\/uniest.it\/prodotto\/bianco-bagno-emozionale-250-ml\/#primaryimage"},"image":{"@id":"https:\/\/uniest.it\/prodotto\/bianco-bagno-emozionale-250-ml\/#primaryimage"},"thumbnailUrl":"https:\/\/uniest.it\/wp-content\/uploads\/2020\/12\/177AAE.png","datePublished":"2024-10-23T14:42:58+00:00","dateModified":"2024-10-23T15:30:19+00:00","breadcrumb":{"@id":"https:\/\/uniest.it\/prodotto\/bianco-bagno-emozionale-250-ml\/#breadcrumb"},"inLanguage":"fr-FR","potentialAction":[{"@type":"ReadAction","target":["https:\/\/uniest.it\/prodotto\/bianco-bagno-emozionale-250-ml\/"]}]},{"@type":"ImageObject","inLanguage":"fr-FR","@id":"https:\/\/uniest.it\/prodotto\/bianco-bagno-emozionale-250-ml\/#primaryimage","url":"https:\/\/uniest.it\/wp-content\/uploads\/2020\/12\/177AAE.png","contentUrl":"https:\/\/uniest.it\/wp-content\/uploads\/2020\/12\/177AAE.png","width":1283,"height":2000},{"@type":"BreadcrumbList","@id":"https:\/\/uniest.it\/prodotto\/bianco-bagno-emozionale-250-ml\/#breadcrumb","itemListElement":[{"@type":"ListItem","position":1,"name":"Home","item":"https:\/\/uniest.it\/fr\/"},{"@type":"ListItem","position":2,"name":"Shop","item":"https:\/\/uniest.it\/shop\/"},{"@type":"ListItem","position":3,"name":"Bain \u00c9motionnel Blanc &#8211; 250 ml"}]},{"@type":"WebSite","@id":"https:\/\/uniest.it\/#website","url":"https:\/\/uniest.it\/","name":"Uniest","description":"Cosmetici Naturali e Bio","potentialAction":[{"@type":"SearchAction","target":{"@type":"EntryPoint","urlTemplate":"https:\/\/uniest.it\/?s={search_term_string}"},"query-input":{"@type":"PropertyValueSpecification","valueRequired":true,"valueName":"search_term_string"}}],"inLanguage":"fr-FR"}]}},"_links":{"self":[{"href":"https:\/\/uniest.it\/fr\/wp-json\/wp\/v2\/product\/5793","targetHints":{"allow":["GET"]}}],"collection":[{"href":"https:\/\/uniest.it\/fr\/wp-json\/wp\/v2\/product"}],"about":[{"href":"https:\/\/uniest.it\/fr\/wp-json\/wp\/v2\/types\/product"}],"wp:featuredmedia":[{"embeddable":true,"href":"https:\/\/uniest.it\/fr\/wp-json\/wp\/v2\/media\/5794"}],"wp:attachment":[{"href":"https:\/\/uniest.it\/fr\/wp-json\/wp\/v2\/media?parent=5793"}],"wp:term":[{"taxonomy":"product_brand","embeddable":true,"href":"https:\/\/uniest.it\/fr\/wp-json\/wp\/v2\/product_brand?post=5793"},{"taxonomy":"product_cat","embeddable":true,"href":"https:\/\/uniest.it\/fr\/wp-json\/wp\/v2\/product_cat?post=5793"},{"taxonomy":"product_tag","embeddable":true,"href":"https:\/\/uniest.it\/fr\/wp-json\/wp\/v2\/product_tag?post=5793"}],"curies":[{"name":"wp","href":"https:\/\/api.w.org\/{rel}","templated":true}]}}