{"id":5795,"date":"2024-10-23T15:42:58","date_gmt":"2024-10-23T14:42:58","guid":{"rendered":"https:\/\/uniest.it\/prodotto\/bain-emotionnel-marron\/"},"modified":"2024-10-23T16:30:19","modified_gmt":"2024-10-23T15:30:19","slug":"bain-emotionnel-marron","status":"publish","type":"product","link":"https:\/\/uniest.it\/fr\/prodotto\/bain-emotionnel-marron\/","title":{"rendered":"Bain \u00e9motionnel marron"},"content":{"rendered":"<p>Le marron est un symbole d&rsquo;harmonie int\u00e9rieure, de cr\u00e9ativit\u00e9 artistique et sexuelle, de confiance en soi et dans les autres. Cette couleur vous lib\u00e8re \u00e9galement des sympt\u00f4mes d\u00e9pressifs, augmentant votre capacit\u00e9 \u00e0 r\u00e9agir rapidement et efficacement aux adversit\u00e9s de la vie. La couleur Marron est la couleur de la Terre et du Bois, elle repr\u00e9sente la physicalit\u00e9 et la connexion avec la Terre ; c&rsquo;est un symbole de satisfaction sur le plan physique. Brown exprime l&rsquo;\u00e9motivit\u00e9, l&rsquo;\u00e9quilibre, la bonne sant\u00e9 et la sensualit\u00e9.<\/p>\n","protected":false},"excerpt":{"rendered":"<p>Le marron est un symbole d&rsquo;harmonie int\u00e9rieure, de cr\u00e9ativit\u00e9 artistique et sexuelle, de confiance en soi et dans les autres. Cette couleur vous lib\u00e8re \u00e9galement des sympt\u00f4mes d\u00e9pressifs, augmentant votre capacit\u00e9 \u00e0 r\u00e9agir rapidement et efficacement aux adversit\u00e9s de la vie. La couleur Marron est la couleur de la Terre et du Bois, elle repr\u00e9sente [&hellip;]<\/p>\n","protected":false},"featured_media":5796,"template":"","meta":{"_acf_changed":false,"inline_featured_image":false},"product_brand":[],"product_cat":[1372,1373],"product_tag":[],"class_list":{"0":"post-5795","1":"product","2":"type-product","3":"status-publish","4":"has-post-thumbnail","6":"product_beauty-aromatizzare-e-profumare","7":"product_beauty-detergere","8":"product_beauty-idratare","9":"product_beauty-nutrire-e-rigenerare","10":"product_beauty-rassodare-e-tonificare","11":"product_beauty-riequilibrare","12":"product_skin-pelli-delicate-e-sensibili","13":"product_skin-pelli-giovani-e-prime-rughe","14":"product_skin-pelli-grasse-e-miste","15":"product_skin-pelli-mature-e-rughe","16":"product_skin-pelli-secche-e-normali","17":"product_skin-tutte-le-pelli","18":"product_skin-tutti-i-capelli","19":"product_kind-bagno","20":"product_kind-doccia","21":"product_kind-shampoo-e-detergenza","22":"product_lines-home-spa","23":"product_cat-corpo-fr","24":"product_cat-uomo-fr","25":"pa_size-250-fr","27":"first","28":"outofstock","29":"taxable","30":"shipping-taxable","31":"purchasable","32":"product-type-simple"},"acf":[],"yoast_head":"<!-- This site is optimized with the Yoast SEO plugin v24.6 - https:\/\/yoast.com\/wordpress\/plugins\/seo\/ -->\n<title>Bain \u00e9motionnel marron - Uniest<\/title>\n<meta name=\"robots\" content=\"index, follow, max-snippet:-1, max-image-preview:large, max-video-preview:-1\" \/>\n<link rel=\"canonical\" href=\"https:\/\/uniest.it\/prodotto\/marrone-bagno-emozionale\/\" \/>\n<meta property=\"og:locale\" content=\"fr_FR\" \/>\n<meta property=\"og:type\" content=\"article\" \/>\n<meta property=\"og:title\" content=\"Bain \u00e9motionnel marron - Uniest\" \/>\n<meta property=\"og:description\" content=\"Le marron est un symbole d&rsquo;harmonie int\u00e9rieure, de cr\u00e9ativit\u00e9 artistique et sexuelle, de confiance en soi et dans les autres. Cette couleur vous lib\u00e8re \u00e9galement des sympt\u00f4mes d\u00e9pressifs, augmentant votre capacit\u00e9 \u00e0 r\u00e9agir rapidement et efficacement aux adversit\u00e9s de la vie. La couleur Marron est la couleur de la Terre et du Bois, elle repr\u00e9sente [&hellip;]\" \/>\n<meta property=\"og:url\" content=\"https:\/\/uniest.it\/prodotto\/marrone-bagno-emozionale\/\" \/>\n<meta property=\"og:site_name\" content=\"Uniest\" \/>\n<meta property=\"article:modified_time\" content=\"2024-10-23T15:30:19+00:00\" \/>\n<meta property=\"og:image\" content=\"https:\/\/uniest.it\/wp-content\/uploads\/2020\/12\/180AAE.png\" \/>\n\t<meta property=\"og:image:width\" content=\"1283\" \/>\n\t<meta property=\"og:image:height\" content=\"2001\" \/>\n\t<meta property=\"og:image:type\" content=\"image\/png\" \/>\n<meta name=\"twitter:card\" content=\"summary_large_image\" \/>\n<script type=\"application\/ld+json\" class=\"yoast-schema-graph\">{\"@context\":\"https:\/\/schema.org\",\"@graph\":[{\"@type\":\"WebPage\",\"@id\":\"https:\/\/uniest.it\/prodotto\/marrone-bagno-emozionale\/\",\"url\":\"https:\/\/uniest.it\/prodotto\/marrone-bagno-emozionale\/\",\"name\":\"Bain \u00e9motionnel marron - Uniest\",\"isPartOf\":{\"@id\":\"https:\/\/uniest.it\/#website\"},\"primaryImageOfPage\":{\"@id\":\"https:\/\/uniest.it\/prodotto\/marrone-bagno-emozionale\/#primaryimage\"},\"image\":{\"@id\":\"https:\/\/uniest.it\/prodotto\/marrone-bagno-emozionale\/#primaryimage\"},\"thumbnailUrl\":\"https:\/\/uniest.it\/wp-content\/uploads\/2020\/12\/180AAE.png\",\"datePublished\":\"2024-10-23T14:42:58+00:00\",\"dateModified\":\"2024-10-23T15:30:19+00:00\",\"breadcrumb\":{\"@id\":\"https:\/\/uniest.it\/prodotto\/marrone-bagno-emozionale\/#breadcrumb\"},\"inLanguage\":\"fr-FR\",\"potentialAction\":[{\"@type\":\"ReadAction\",\"target\":[\"https:\/\/uniest.it\/prodotto\/marrone-bagno-emozionale\/\"]}]},{\"@type\":\"ImageObject\",\"inLanguage\":\"fr-FR\",\"@id\":\"https:\/\/uniest.it\/prodotto\/marrone-bagno-emozionale\/#primaryimage\",\"url\":\"https:\/\/uniest.it\/wp-content\/uploads\/2020\/12\/180AAE.png\",\"contentUrl\":\"https:\/\/uniest.it\/wp-content\/uploads\/2020\/12\/180AAE.png\",\"width\":1283,\"height\":2001},{\"@type\":\"BreadcrumbList\",\"@id\":\"https:\/\/uniest.it\/prodotto\/marrone-bagno-emozionale\/#breadcrumb\",\"itemListElement\":[{\"@type\":\"ListItem\",\"position\":1,\"name\":\"Home\",\"item\":\"https:\/\/uniest.it\/fr\/\"},{\"@type\":\"ListItem\",\"position\":2,\"name\":\"Shop\",\"item\":\"https:\/\/uniest.it\/shop\/\"},{\"@type\":\"ListItem\",\"position\":3,\"name\":\"Bain \u00e9motionnel marron\"}]},{\"@type\":\"WebSite\",\"@id\":\"https:\/\/uniest.it\/#website\",\"url\":\"https:\/\/uniest.it\/\",\"name\":\"Uniest\",\"description\":\"Cosmetici Naturali e Bio\",\"potentialAction\":[{\"@type\":\"SearchAction\",\"target\":{\"@type\":\"EntryPoint\",\"urlTemplate\":\"https:\/\/uniest.it\/?s={search_term_string}\"},\"query-input\":{\"@type\":\"PropertyValueSpecification\",\"valueRequired\":true,\"valueName\":\"search_term_string\"}}],\"inLanguage\":\"fr-FR\"}]}<\/script>\n<!-- \/ Yoast SEO plugin. -->","yoast_head_json":{"title":"Bain \u00e9motionnel marron - Uniest","robots":{"index":"index","follow":"follow","max-snippet":"max-snippet:-1","max-image-preview":"max-image-preview:large","max-video-preview":"max-video-preview:-1"},"canonical":"https:\/\/uniest.it\/prodotto\/marrone-bagno-emozionale\/","og_locale":"fr_FR","og_type":"article","og_title":"Bain \u00e9motionnel marron - Uniest","og_description":"Le marron est un symbole d&rsquo;harmonie int\u00e9rieure, de cr\u00e9ativit\u00e9 artistique et sexuelle, de confiance en soi et dans les autres. Cette couleur vous lib\u00e8re \u00e9galement des sympt\u00f4mes d\u00e9pressifs, augmentant votre capacit\u00e9 \u00e0 r\u00e9agir rapidement et efficacement aux adversit\u00e9s de la vie. La couleur Marron est la couleur de la Terre et du Bois, elle repr\u00e9sente [&hellip;]","og_url":"https:\/\/uniest.it\/prodotto\/marrone-bagno-emozionale\/","og_site_name":"Uniest","article_modified_time":"2024-10-23T15:30:19+00:00","og_image":[{"width":1283,"height":2001,"url":"https:\/\/uniest.it\/wp-content\/uploads\/2020\/12\/180AAE.png","type":"image\/png"}],"twitter_card":"summary_large_image","schema":{"@context":"https:\/\/schema.org","@graph":[{"@type":"WebPage","@id":"https:\/\/uniest.it\/prodotto\/marrone-bagno-emozionale\/","url":"https:\/\/uniest.it\/prodotto\/marrone-bagno-emozionale\/","name":"Bain \u00e9motionnel marron - Uniest","isPartOf":{"@id":"https:\/\/uniest.it\/#website"},"primaryImageOfPage":{"@id":"https:\/\/uniest.it\/prodotto\/marrone-bagno-emozionale\/#primaryimage"},"image":{"@id":"https:\/\/uniest.it\/prodotto\/marrone-bagno-emozionale\/#primaryimage"},"thumbnailUrl":"https:\/\/uniest.it\/wp-content\/uploads\/2020\/12\/180AAE.png","datePublished":"2024-10-23T14:42:58+00:00","dateModified":"2024-10-23T15:30:19+00:00","breadcrumb":{"@id":"https:\/\/uniest.it\/prodotto\/marrone-bagno-emozionale\/#breadcrumb"},"inLanguage":"fr-FR","potentialAction":[{"@type":"ReadAction","target":["https:\/\/uniest.it\/prodotto\/marrone-bagno-emozionale\/"]}]},{"@type":"ImageObject","inLanguage":"fr-FR","@id":"https:\/\/uniest.it\/prodotto\/marrone-bagno-emozionale\/#primaryimage","url":"https:\/\/uniest.it\/wp-content\/uploads\/2020\/12\/180AAE.png","contentUrl":"https:\/\/uniest.it\/wp-content\/uploads\/2020\/12\/180AAE.png","width":1283,"height":2001},{"@type":"BreadcrumbList","@id":"https:\/\/uniest.it\/prodotto\/marrone-bagno-emozionale\/#breadcrumb","itemListElement":[{"@type":"ListItem","position":1,"name":"Home","item":"https:\/\/uniest.it\/fr\/"},{"@type":"ListItem","position":2,"name":"Shop","item":"https:\/\/uniest.it\/shop\/"},{"@type":"ListItem","position":3,"name":"Bain \u00e9motionnel marron"}]},{"@type":"WebSite","@id":"https:\/\/uniest.it\/#website","url":"https:\/\/uniest.it\/","name":"Uniest","description":"Cosmetici Naturali e Bio","potentialAction":[{"@type":"SearchAction","target":{"@type":"EntryPoint","urlTemplate":"https:\/\/uniest.it\/?s={search_term_string}"},"query-input":{"@type":"PropertyValueSpecification","valueRequired":true,"valueName":"search_term_string"}}],"inLanguage":"fr-FR"}]}},"_links":{"self":[{"href":"https:\/\/uniest.it\/fr\/wp-json\/wp\/v2\/product\/5795","targetHints":{"allow":["GET"]}}],"collection":[{"href":"https:\/\/uniest.it\/fr\/wp-json\/wp\/v2\/product"}],"about":[{"href":"https:\/\/uniest.it\/fr\/wp-json\/wp\/v2\/types\/product"}],"wp:featuredmedia":[{"embeddable":true,"href":"https:\/\/uniest.it\/fr\/wp-json\/wp\/v2\/media\/5796"}],"wp:attachment":[{"href":"https:\/\/uniest.it\/fr\/wp-json\/wp\/v2\/media?parent=5795"}],"wp:term":[{"taxonomy":"product_brand","embeddable":true,"href":"https:\/\/uniest.it\/fr\/wp-json\/wp\/v2\/product_brand?post=5795"},{"taxonomy":"product_cat","embeddable":true,"href":"https:\/\/uniest.it\/fr\/wp-json\/wp\/v2\/product_cat?post=5795"},{"taxonomy":"product_tag","embeddable":true,"href":"https:\/\/uniest.it\/fr\/wp-json\/wp\/v2\/product_tag?post=5795"}],"curies":[{"name":"wp","href":"https:\/\/api.w.org\/{rel}","templated":true}]}}