{"id":5797,"date":"2021-02-04T12:59:39","date_gmt":"2024-10-23T14:42:58","guid":{"rendered":"https:\/\/uniest.it\/prodotto\/deonaturel\/"},"modified":"2024-10-23T16:30:20","modified_gmt":"2024-10-23T15:30:20","slug":"deonaturel","status":"publish","type":"product","link":"https:\/\/uniest.it\/fr\/prodotto\/deonaturel\/","title":{"rendered":"D\u00e9onaturel"},"content":{"rendered":"<p>DeoNatural est un d\u00e9odorant, sans aluminium et dot\u00e9 d&rsquo;une mol\u00e9cule captrice d&rsquo;odeurs, au beurre de karit\u00e9 et \u00e0 l&rsquo;huile d&rsquo;amande douce bio, \u00e0 la glyc\u00e9rine v\u00e9g\u00e9tale et \u00e0 l&rsquo;extrait de sauge. D\u00e9licat comme une caresse, il agit dans le plein respect de la peau, n&rsquo;obstrue pas les pores mais laisse naturellement respirer l&rsquo;\u00e9piderme, n&rsquo;irrite pas la peau et convient donc m\u00eame aux peaux les plus sensibles. Son emballage pratique, \u00e9galement adapt\u00e9 \u00e0 la conservation dans le sac, en fait un alli\u00e9 beaut\u00e9 irrempla\u00e7able, caract\u00e9ris\u00e9 par un parfum l\u00e9ger, certifi\u00e9 sans allerg\u00e8ne. Fabriqu\u00e9e artisanalement, sa formule ne contient pas d&rsquo;alcool, ce qui la rend id\u00e9ale m\u00eame apr\u00e8s l&rsquo;\u00e9pilation, pour une peau saine et d\u00e9licatement parfum\u00e9e en toute s\u00e9curit\u00e9.<\/p>\n","protected":false},"excerpt":{"rendered":"<p>DeoNatural est un d\u00e9odorant, sans aluminium et dot\u00e9 d&rsquo;une mol\u00e9cule captrice d&rsquo;odeurs, au beurre de karit\u00e9 et \u00e0 l&rsquo;huile d&rsquo;amande douce bio, \u00e0 la glyc\u00e9rine v\u00e9g\u00e9tale et \u00e0 l&rsquo;extrait de sauge. D\u00e9licat comme une caresse, il agit dans le plein respect de la peau, n&rsquo;obstrue pas les pores mais laisse naturellement respirer l&rsquo;\u00e9piderme, n&rsquo;irrite pas [&hellip;]<\/p>\n","protected":false},"featured_media":5798,"template":"","meta":{"_acf_changed":false,"inline_featured_image":false},"product_brand":[],"product_cat":[1372,1392],"product_tag":[],"class_list":{"0":"post-5797","1":"product","2":"type-product","3":"status-publish","4":"has-post-thumbnail","6":"product_beauty-aromatizzare-e-profumare","7":"product_beauty-idratare","8":"product_beauty-nutrire-e-rigenerare","9":"product_beauty-proteggere","10":"product_skin-tutte-le-pelli","11":"product_kind-tonici-e-lozioni-corpo","12":"product_kind-trattamenti-mani-e-piedi","13":"product_lines-igiene-e-protezione","14":"product_cat-corpo-fr","15":"product_cat-mani-e-piedi-fr","16":"pa_size-50-fr","18":"first","19":"instock","20":"taxable","21":"shipping-taxable","22":"purchasable","23":"product-type-simple"},"acf":[],"yoast_head":"<!-- This site is optimized with the Yoast SEO plugin v24.6 - https:\/\/yoast.com\/wordpress\/plugins\/seo\/ -->\n<title>D\u00e9onaturel - Uniest<\/title>\n<meta name=\"robots\" content=\"index, follow, max-snippet:-1, max-image-preview:large, max-video-preview:-1\" \/>\n<link rel=\"canonical\" href=\"https:\/\/uniest.it\/prodotto\/deonatural\/\" \/>\n<meta property=\"og:locale\" content=\"fr_FR\" \/>\n<meta property=\"og:type\" content=\"article\" \/>\n<meta property=\"og:title\" content=\"D\u00e9onaturel - Uniest\" \/>\n<meta property=\"og:description\" content=\"DeoNatural est un d\u00e9odorant, sans aluminium et dot\u00e9 d&rsquo;une mol\u00e9cule captrice d&rsquo;odeurs, au beurre de karit\u00e9 et \u00e0 l&rsquo;huile d&rsquo;amande douce bio, \u00e0 la glyc\u00e9rine v\u00e9g\u00e9tale et \u00e0 l&rsquo;extrait de sauge. D\u00e9licat comme une caresse, il agit dans le plein respect de la peau, n&rsquo;obstrue pas les pores mais laisse naturellement respirer l&rsquo;\u00e9piderme, n&rsquo;irrite pas [&hellip;]\" \/>\n<meta property=\"og:url\" content=\"https:\/\/uniest.it\/prodotto\/deonatural\/\" \/>\n<meta property=\"og:site_name\" content=\"Uniest\" \/>\n<meta property=\"article:modified_time\" content=\"2024-10-23T15:30:20+00:00\" \/>\n<meta property=\"og:image\" content=\"https:\/\/uniest.it\/wp-content\/uploads\/2020\/11\/185AAE.png\" \/>\n\t<meta property=\"og:image:width\" content=\"1283\" \/>\n\t<meta property=\"og:image:height\" content=\"2000\" \/>\n\t<meta property=\"og:image:type\" content=\"image\/png\" \/>\n<meta name=\"twitter:card\" content=\"summary_large_image\" \/>\n<meta name=\"twitter:label1\" content=\"Dur\u00e9e de lecture estim\u00e9e\" \/>\n\t<meta name=\"twitter:data1\" content=\"1 minute\" \/>\n<script type=\"application\/ld+json\" class=\"yoast-schema-graph\">{\"@context\":\"https:\/\/schema.org\",\"@graph\":[{\"@type\":\"WebPage\",\"@id\":\"https:\/\/uniest.it\/prodotto\/deonatural\/\",\"url\":\"https:\/\/uniest.it\/prodotto\/deonatural\/\",\"name\":\"D\u00e9onaturel - Uniest\",\"isPartOf\":{\"@id\":\"https:\/\/uniest.it\/#website\"},\"primaryImageOfPage\":{\"@id\":\"https:\/\/uniest.it\/prodotto\/deonatural\/#primaryimage\"},\"image\":{\"@id\":\"https:\/\/uniest.it\/prodotto\/deonatural\/#primaryimage\"},\"thumbnailUrl\":\"https:\/\/uniest.it\/wp-content\/uploads\/2020\/11\/185AAE.png\",\"datePublished\":\"2024-10-23T14:42:58+00:00\",\"dateModified\":\"2024-10-23T15:30:20+00:00\",\"breadcrumb\":{\"@id\":\"https:\/\/uniest.it\/prodotto\/deonatural\/#breadcrumb\"},\"inLanguage\":\"fr-FR\",\"potentialAction\":[{\"@type\":\"ReadAction\",\"target\":[\"https:\/\/uniest.it\/prodotto\/deonatural\/\"]}]},{\"@type\":\"ImageObject\",\"inLanguage\":\"fr-FR\",\"@id\":\"https:\/\/uniest.it\/prodotto\/deonatural\/#primaryimage\",\"url\":\"https:\/\/uniest.it\/wp-content\/uploads\/2020\/11\/185AAE.png\",\"contentUrl\":\"https:\/\/uniest.it\/wp-content\/uploads\/2020\/11\/185AAE.png\",\"width\":1283,\"height\":2000},{\"@type\":\"BreadcrumbList\",\"@id\":\"https:\/\/uniest.it\/prodotto\/deonatural\/#breadcrumb\",\"itemListElement\":[{\"@type\":\"ListItem\",\"position\":1,\"name\":\"Home\",\"item\":\"https:\/\/uniest.it\/fr\/\"},{\"@type\":\"ListItem\",\"position\":2,\"name\":\"Shop\",\"item\":\"https:\/\/uniest.it\/shop\/\"},{\"@type\":\"ListItem\",\"position\":3,\"name\":\"D\u00e9onaturel\"}]},{\"@type\":\"WebSite\",\"@id\":\"https:\/\/uniest.it\/#website\",\"url\":\"https:\/\/uniest.it\/\",\"name\":\"Uniest\",\"description\":\"Cosmetici Naturali e Bio\",\"potentialAction\":[{\"@type\":\"SearchAction\",\"target\":{\"@type\":\"EntryPoint\",\"urlTemplate\":\"https:\/\/uniest.it\/?s={search_term_string}\"},\"query-input\":{\"@type\":\"PropertyValueSpecification\",\"valueRequired\":true,\"valueName\":\"search_term_string\"}}],\"inLanguage\":\"fr-FR\"}]}<\/script>\n<!-- \/ Yoast SEO plugin. -->","yoast_head_json":{"title":"D\u00e9onaturel - Uniest","robots":{"index":"index","follow":"follow","max-snippet":"max-snippet:-1","max-image-preview":"max-image-preview:large","max-video-preview":"max-video-preview:-1"},"canonical":"https:\/\/uniest.it\/prodotto\/deonatural\/","og_locale":"fr_FR","og_type":"article","og_title":"D\u00e9onaturel - Uniest","og_description":"DeoNatural est un d\u00e9odorant, sans aluminium et dot\u00e9 d&rsquo;une mol\u00e9cule captrice d&rsquo;odeurs, au beurre de karit\u00e9 et \u00e0 l&rsquo;huile d&rsquo;amande douce bio, \u00e0 la glyc\u00e9rine v\u00e9g\u00e9tale et \u00e0 l&rsquo;extrait de sauge. D\u00e9licat comme une caresse, il agit dans le plein respect de la peau, n&rsquo;obstrue pas les pores mais laisse naturellement respirer l&rsquo;\u00e9piderme, n&rsquo;irrite pas [&hellip;]","og_url":"https:\/\/uniest.it\/prodotto\/deonatural\/","og_site_name":"Uniest","article_modified_time":"2024-10-23T15:30:20+00:00","og_image":[{"width":1283,"height":2000,"url":"https:\/\/uniest.it\/wp-content\/uploads\/2020\/11\/185AAE.png","type":"image\/png"}],"twitter_card":"summary_large_image","twitter_misc":{"Dur\u00e9e de lecture estim\u00e9e":"1 minute"},"schema":{"@context":"https:\/\/schema.org","@graph":[{"@type":"WebPage","@id":"https:\/\/uniest.it\/prodotto\/deonatural\/","url":"https:\/\/uniest.it\/prodotto\/deonatural\/","name":"D\u00e9onaturel - Uniest","isPartOf":{"@id":"https:\/\/uniest.it\/#website"},"primaryImageOfPage":{"@id":"https:\/\/uniest.it\/prodotto\/deonatural\/#primaryimage"},"image":{"@id":"https:\/\/uniest.it\/prodotto\/deonatural\/#primaryimage"},"thumbnailUrl":"https:\/\/uniest.it\/wp-content\/uploads\/2020\/11\/185AAE.png","datePublished":"2024-10-23T14:42:58+00:00","dateModified":"2024-10-23T15:30:20+00:00","breadcrumb":{"@id":"https:\/\/uniest.it\/prodotto\/deonatural\/#breadcrumb"},"inLanguage":"fr-FR","potentialAction":[{"@type":"ReadAction","target":["https:\/\/uniest.it\/prodotto\/deonatural\/"]}]},{"@type":"ImageObject","inLanguage":"fr-FR","@id":"https:\/\/uniest.it\/prodotto\/deonatural\/#primaryimage","url":"https:\/\/uniest.it\/wp-content\/uploads\/2020\/11\/185AAE.png","contentUrl":"https:\/\/uniest.it\/wp-content\/uploads\/2020\/11\/185AAE.png","width":1283,"height":2000},{"@type":"BreadcrumbList","@id":"https:\/\/uniest.it\/prodotto\/deonatural\/#breadcrumb","itemListElement":[{"@type":"ListItem","position":1,"name":"Home","item":"https:\/\/uniest.it\/fr\/"},{"@type":"ListItem","position":2,"name":"Shop","item":"https:\/\/uniest.it\/shop\/"},{"@type":"ListItem","position":3,"name":"D\u00e9onaturel"}]},{"@type":"WebSite","@id":"https:\/\/uniest.it\/#website","url":"https:\/\/uniest.it\/","name":"Uniest","description":"Cosmetici Naturali e Bio","potentialAction":[{"@type":"SearchAction","target":{"@type":"EntryPoint","urlTemplate":"https:\/\/uniest.it\/?s={search_term_string}"},"query-input":{"@type":"PropertyValueSpecification","valueRequired":true,"valueName":"search_term_string"}}],"inLanguage":"fr-FR"}]}},"_links":{"self":[{"href":"https:\/\/uniest.it\/fr\/wp-json\/wp\/v2\/product\/5797","targetHints":{"allow":["GET"]}}],"collection":[{"href":"https:\/\/uniest.it\/fr\/wp-json\/wp\/v2\/product"}],"about":[{"href":"https:\/\/uniest.it\/fr\/wp-json\/wp\/v2\/types\/product"}],"wp:featuredmedia":[{"embeddable":true,"href":"https:\/\/uniest.it\/fr\/wp-json\/wp\/v2\/media\/5798"}],"wp:attachment":[{"href":"https:\/\/uniest.it\/fr\/wp-json\/wp\/v2\/media?parent=5797"}],"wp:term":[{"taxonomy":"product_brand","embeddable":true,"href":"https:\/\/uniest.it\/fr\/wp-json\/wp\/v2\/product_brand?post=5797"},{"taxonomy":"product_cat","embeddable":true,"href":"https:\/\/uniest.it\/fr\/wp-json\/wp\/v2\/product_cat?post=5797"},{"taxonomy":"product_tag","embeddable":true,"href":"https:\/\/uniest.it\/fr\/wp-json\/wp\/v2\/product_tag?post=5797"}],"curies":[{"name":"wp","href":"https:\/\/api.w.org\/{rel}","templated":true}]}}