{"id":5799,"date":"2021-02-04T12:59:39","date_gmt":"2024-10-23T14:42:59","guid":{"rendered":"https:\/\/uniest.it\/prodotto\/dentifree-plus\/"},"modified":"2024-10-23T16:30:20","modified_gmt":"2024-10-23T15:30:20","slug":"dentifree-plus","status":"publish","type":"product","link":"https:\/\/uniest.it\/fr\/prodotto\/dentifree-plus\/","title":{"rendered":"Dentifree Plus"},"content":{"rendered":"<p>Dentifree Plus est un dentifrice naturel con\u00e7u pour la bonne hygi\u00e8ne bucco-dentaire quotidienne de toute la famille ; contient des ingr\u00e9dients d\u00e9riv\u00e9s de mati\u00e8res premi\u00e8res d&rsquo;origine v\u00e9g\u00e9tale et naturelle avec une action calmante et apaisante, renforce et tonifie les gencives, m\u00eame les plus rouges et douloureuses, avec une action rafra\u00eechissante et r\u00e9g\u00e9n\u00e9ratrice pour un sourire sain et naturellement parfait. L&rsquo;utilisation constante de Dentifree Plus laisse une fra\u00eecheur d\u00e9licate et un assainissement donn\u00e9 par la pr\u00e9sence de l&rsquo;ar\u00f4me de menthe et de l&rsquo;huile essentielle de menthe poivr\u00e9e. Une bonne hygi\u00e8ne bucco-dentaire est pr\u00e9serv\u00e9e par l&rsquo;association de l&rsquo;Aloe Bio* et de l&rsquo;Extrait V\u00e9g\u00e9tal de Sauge, reconnu pour son effet antibact\u00e9rien naturel notable, apportant hydratation et nutrition aux gencives gr\u00e2ce \u00e0 la pr\u00e9sence d&rsquo;algues spiruline et de glycosaminoglycanes. *issu de l&rsquo;agriculture biologique.<\/p>\n","protected":false},"excerpt":{"rendered":"<p>Dentifree Plus est un dentifrice naturel con\u00e7u pour la bonne hygi\u00e8ne bucco-dentaire quotidienne de toute la famille ; contient des ingr\u00e9dients d\u00e9riv\u00e9s de mati\u00e8res premi\u00e8res d&rsquo;origine v\u00e9g\u00e9tale et naturelle avec une action calmante et apaisante, renforce et tonifie les gencives, m\u00eame les plus rouges et douloureuses, avec une action rafra\u00eechissante et r\u00e9g\u00e9n\u00e9ratrice pour un sourire [&hellip;]<\/p>\n","protected":false},"featured_media":5800,"template":"","meta":{"_acf_changed":false,"inline_featured_image":false},"product_brand":[],"product_cat":[1372,1383,1373],"product_tag":[],"class_list":{"0":"post-5799","1":"product","2":"type-product","3":"status-publish","4":"has-post-thumbnail","6":"product_beauty-detergere","7":"product_beauty-lenire","8":"product_beauty-proteggere","9":"product_skin-tutte-le-pelli","10":"product_kind-bagno","11":"product_kind-doccia-e-detergenza","12":"product_lines-igiene-e-protezione","13":"product_cat-corpo-fr","14":"product_cat-viso-fr","15":"product_cat-uomo-fr","16":"pa_size-100-fr","18":"first","19":"instock","20":"taxable","21":"shipping-taxable","22":"purchasable","23":"product-type-simple"},"acf":[],"yoast_head":"<!-- This site is optimized with the Yoast SEO plugin v24.6 - https:\/\/yoast.com\/wordpress\/plugins\/seo\/ -->\n<title>Dentifree Plus - Uniest<\/title>\n<meta name=\"robots\" content=\"index, follow, max-snippet:-1, max-image-preview:large, max-video-preview:-1\" \/>\n<link rel=\"canonical\" href=\"https:\/\/uniest.it\/prodotto\/dentifree-plus\/\" \/>\n<meta property=\"og:locale\" content=\"fr_FR\" \/>\n<meta property=\"og:type\" content=\"article\" \/>\n<meta property=\"og:title\" content=\"Dentifree Plus - Uniest\" \/>\n<meta property=\"og:description\" content=\"Dentifree Plus est un dentifrice naturel con\u00e7u pour la bonne hygi\u00e8ne bucco-dentaire quotidienne de toute la famille ; contient des ingr\u00e9dients d\u00e9riv\u00e9s de mati\u00e8res premi\u00e8res d&rsquo;origine v\u00e9g\u00e9tale et naturelle avec une action calmante et apaisante, renforce et tonifie les gencives, m\u00eame les plus rouges et douloureuses, avec une action rafra\u00eechissante et r\u00e9g\u00e9n\u00e9ratrice pour un sourire [&hellip;]\" \/>\n<meta property=\"og:url\" content=\"https:\/\/uniest.it\/prodotto\/dentifree-plus\/\" \/>\n<meta property=\"og:site_name\" content=\"Uniest\" \/>\n<meta property=\"article:modified_time\" content=\"2024-10-23T15:30:20+00:00\" \/>\n<meta property=\"og:image\" content=\"https:\/\/uniest.it\/wp-content\/uploads\/2020\/11\/190AAE.png\" \/>\n\t<meta property=\"og:image:width\" content=\"1283\" \/>\n\t<meta property=\"og:image:height\" content=\"2000\" \/>\n\t<meta property=\"og:image:type\" content=\"image\/png\" \/>\n<meta name=\"twitter:card\" content=\"summary_large_image\" \/>\n<meta name=\"twitter:label1\" content=\"Dur\u00e9e de lecture estim\u00e9e\" \/>\n\t<meta name=\"twitter:data1\" content=\"1 minute\" \/>\n<script type=\"application\/ld+json\" class=\"yoast-schema-graph\">{\"@context\":\"https:\/\/schema.org\",\"@graph\":[{\"@type\":\"WebPage\",\"@id\":\"https:\/\/uniest.it\/prodotto\/dentifree-plus\/\",\"url\":\"https:\/\/uniest.it\/prodotto\/dentifree-plus\/\",\"name\":\"Dentifree Plus - Uniest\",\"isPartOf\":{\"@id\":\"https:\/\/uniest.it\/#website\"},\"primaryImageOfPage\":{\"@id\":\"https:\/\/uniest.it\/prodotto\/dentifree-plus\/#primaryimage\"},\"image\":{\"@id\":\"https:\/\/uniest.it\/prodotto\/dentifree-plus\/#primaryimage\"},\"thumbnailUrl\":\"https:\/\/uniest.it\/wp-content\/uploads\/2020\/11\/190AAE.png\",\"datePublished\":\"2024-10-23T14:42:59+00:00\",\"dateModified\":\"2024-10-23T15:30:20+00:00\",\"breadcrumb\":{\"@id\":\"https:\/\/uniest.it\/prodotto\/dentifree-plus\/#breadcrumb\"},\"inLanguage\":\"fr-FR\",\"potentialAction\":[{\"@type\":\"ReadAction\",\"target\":[\"https:\/\/uniest.it\/prodotto\/dentifree-plus\/\"]}]},{\"@type\":\"ImageObject\",\"inLanguage\":\"fr-FR\",\"@id\":\"https:\/\/uniest.it\/prodotto\/dentifree-plus\/#primaryimage\",\"url\":\"https:\/\/uniest.it\/wp-content\/uploads\/2020\/11\/190AAE.png\",\"contentUrl\":\"https:\/\/uniest.it\/wp-content\/uploads\/2020\/11\/190AAE.png\",\"width\":1283,\"height\":2000},{\"@type\":\"BreadcrumbList\",\"@id\":\"https:\/\/uniest.it\/prodotto\/dentifree-plus\/#breadcrumb\",\"itemListElement\":[{\"@type\":\"ListItem\",\"position\":1,\"name\":\"Home\",\"item\":\"https:\/\/uniest.it\/fr\/\"},{\"@type\":\"ListItem\",\"position\":2,\"name\":\"Shop\",\"item\":\"https:\/\/uniest.it\/shop\/\"},{\"@type\":\"ListItem\",\"position\":3,\"name\":\"Dentifree Plus\"}]},{\"@type\":\"WebSite\",\"@id\":\"https:\/\/uniest.it\/#website\",\"url\":\"https:\/\/uniest.it\/\",\"name\":\"Uniest\",\"description\":\"Cosmetici Naturali e Bio\",\"potentialAction\":[{\"@type\":\"SearchAction\",\"target\":{\"@type\":\"EntryPoint\",\"urlTemplate\":\"https:\/\/uniest.it\/?s={search_term_string}\"},\"query-input\":{\"@type\":\"PropertyValueSpecification\",\"valueRequired\":true,\"valueName\":\"search_term_string\"}}],\"inLanguage\":\"fr-FR\"}]}<\/script>\n<!-- \/ Yoast SEO plugin. -->","yoast_head_json":{"title":"Dentifree Plus - Uniest","robots":{"index":"index","follow":"follow","max-snippet":"max-snippet:-1","max-image-preview":"max-image-preview:large","max-video-preview":"max-video-preview:-1"},"canonical":"https:\/\/uniest.it\/prodotto\/dentifree-plus\/","og_locale":"fr_FR","og_type":"article","og_title":"Dentifree Plus - Uniest","og_description":"Dentifree Plus est un dentifrice naturel con\u00e7u pour la bonne hygi\u00e8ne bucco-dentaire quotidienne de toute la famille ; contient des ingr\u00e9dients d\u00e9riv\u00e9s de mati\u00e8res premi\u00e8res d&rsquo;origine v\u00e9g\u00e9tale et naturelle avec une action calmante et apaisante, renforce et tonifie les gencives, m\u00eame les plus rouges et douloureuses, avec une action rafra\u00eechissante et r\u00e9g\u00e9n\u00e9ratrice pour un sourire [&hellip;]","og_url":"https:\/\/uniest.it\/prodotto\/dentifree-plus\/","og_site_name":"Uniest","article_modified_time":"2024-10-23T15:30:20+00:00","og_image":[{"width":1283,"height":2000,"url":"https:\/\/uniest.it\/wp-content\/uploads\/2020\/11\/190AAE.png","type":"image\/png"}],"twitter_card":"summary_large_image","twitter_misc":{"Dur\u00e9e de lecture estim\u00e9e":"1 minute"},"schema":{"@context":"https:\/\/schema.org","@graph":[{"@type":"WebPage","@id":"https:\/\/uniest.it\/prodotto\/dentifree-plus\/","url":"https:\/\/uniest.it\/prodotto\/dentifree-plus\/","name":"Dentifree Plus - Uniest","isPartOf":{"@id":"https:\/\/uniest.it\/#website"},"primaryImageOfPage":{"@id":"https:\/\/uniest.it\/prodotto\/dentifree-plus\/#primaryimage"},"image":{"@id":"https:\/\/uniest.it\/prodotto\/dentifree-plus\/#primaryimage"},"thumbnailUrl":"https:\/\/uniest.it\/wp-content\/uploads\/2020\/11\/190AAE.png","datePublished":"2024-10-23T14:42:59+00:00","dateModified":"2024-10-23T15:30:20+00:00","breadcrumb":{"@id":"https:\/\/uniest.it\/prodotto\/dentifree-plus\/#breadcrumb"},"inLanguage":"fr-FR","potentialAction":[{"@type":"ReadAction","target":["https:\/\/uniest.it\/prodotto\/dentifree-plus\/"]}]},{"@type":"ImageObject","inLanguage":"fr-FR","@id":"https:\/\/uniest.it\/prodotto\/dentifree-plus\/#primaryimage","url":"https:\/\/uniest.it\/wp-content\/uploads\/2020\/11\/190AAE.png","contentUrl":"https:\/\/uniest.it\/wp-content\/uploads\/2020\/11\/190AAE.png","width":1283,"height":2000},{"@type":"BreadcrumbList","@id":"https:\/\/uniest.it\/prodotto\/dentifree-plus\/#breadcrumb","itemListElement":[{"@type":"ListItem","position":1,"name":"Home","item":"https:\/\/uniest.it\/fr\/"},{"@type":"ListItem","position":2,"name":"Shop","item":"https:\/\/uniest.it\/shop\/"},{"@type":"ListItem","position":3,"name":"Dentifree Plus"}]},{"@type":"WebSite","@id":"https:\/\/uniest.it\/#website","url":"https:\/\/uniest.it\/","name":"Uniest","description":"Cosmetici Naturali e Bio","potentialAction":[{"@type":"SearchAction","target":{"@type":"EntryPoint","urlTemplate":"https:\/\/uniest.it\/?s={search_term_string}"},"query-input":{"@type":"PropertyValueSpecification","valueRequired":true,"valueName":"search_term_string"}}],"inLanguage":"fr-FR"}]}},"_links":{"self":[{"href":"https:\/\/uniest.it\/fr\/wp-json\/wp\/v2\/product\/5799","targetHints":{"allow":["GET"]}}],"collection":[{"href":"https:\/\/uniest.it\/fr\/wp-json\/wp\/v2\/product"}],"about":[{"href":"https:\/\/uniest.it\/fr\/wp-json\/wp\/v2\/types\/product"}],"wp:featuredmedia":[{"embeddable":true,"href":"https:\/\/uniest.it\/fr\/wp-json\/wp\/v2\/media\/5800"}],"wp:attachment":[{"href":"https:\/\/uniest.it\/fr\/wp-json\/wp\/v2\/media?parent=5799"}],"wp:term":[{"taxonomy":"product_brand","embeddable":true,"href":"https:\/\/uniest.it\/fr\/wp-json\/wp\/v2\/product_brand?post=5799"},{"taxonomy":"product_cat","embeddable":true,"href":"https:\/\/uniest.it\/fr\/wp-json\/wp\/v2\/product_cat?post=5799"},{"taxonomy":"product_tag","embeddable":true,"href":"https:\/\/uniest.it\/fr\/wp-json\/wp\/v2\/product_tag?post=5799"}],"curies":[{"name":"wp","href":"https:\/\/api.w.org\/{rel}","templated":true}]}}