{"id":5801,"date":"2021-02-04T12:59:39","date_gmt":"2024-10-23T14:42:59","guid":{"rendered":"https:\/\/uniest.it\/prodotto\/creme-mains-au-calendula\/"},"modified":"2024-10-23T16:30:21","modified_gmt":"2024-10-23T15:30:21","slug":"creme-mains-au-calendula","status":"publish","type":"product","link":"https:\/\/uniest.it\/fr\/prodotto\/creme-mains-au-calendula\/","title":{"rendered":"Cr\u00e8me Mains au Calendula"},"content":{"rendered":"<p>La cr\u00e8me mains au Calendula est une cr\u00e8me d\u00e9licate \u00e0 base du pr\u00e9cieux extrait v\u00e9g\u00e9tal de Calendula Bio, qui a pour caract\u00e9ristique d&rsquo;adoucir la peau des mains. Il a \u00e9galement pour fonction de cicatriser les petites fissures provoqu\u00e9es par les facteurs climatiques (froid et vent) et les nettoyages fr\u00e9quents. Pour renforcer les effets du Calendula, des extraits v\u00e9g\u00e9taux de M\u00e9lisse et de Propolis ont \u00e9t\u00e9 ajout\u00e9s, excellents agents anti-rougeurs et cicatrisants, tandis que la Vitamine E poss\u00e8de des propri\u00e9t\u00e9s antioxydantes. Le beurre de karit\u00e9 biologique, l&rsquo;huile de son de riz, l&rsquo;huile de carotte, la l\u00e9cithine de soja, les prot\u00e9ines de germe de bl\u00e9 et la glyc\u00e9rine v\u00e9g\u00e9tale redonnent \u00e9lasticit\u00e9 et hydratation \u00e0 la peau. Avec la Cr\u00e8me Mains au Calendula, vous \u00e9viterez les ger\u00e7ures et la s\u00e9cheresse, montrant toujours des mains douces et velout\u00e9es, agr\u00e9ables au toucher.<\/p>\n","protected":false},"excerpt":{"rendered":"<p>La cr\u00e8me mains au Calendula est une cr\u00e8me d\u00e9licate \u00e0 base du pr\u00e9cieux extrait v\u00e9g\u00e9tal de Calendula Bio, qui a pour caract\u00e9ristique d&rsquo;adoucir la peau des mains. Il a \u00e9galement pour fonction de cicatriser les petites fissures provoqu\u00e9es par les facteurs climatiques (froid et vent) et les nettoyages fr\u00e9quents. Pour renforcer les effets du Calendula, [&hellip;]<\/p>\n","protected":false},"featured_media":5802,"template":"","meta":{"_acf_changed":false,"inline_featured_image":false},"product_brand":[],"product_cat":[1392],"product_tag":[],"class_list":{"0":"post-5801","1":"product","2":"type-product","3":"status-publish","4":"has-post-thumbnail","6":"product_beauty-antirughe","7":"product_beauty-idratare","8":"product_beauty-lenire","9":"product_beauty-nutrire-e-rigenerare","10":"product_beauty-proteggere","11":"product_beauty-schiarire","12":"product_skin-pelli-delicate-e-sensibili","13":"product_skin-pelli-giovani-e-prime-rughe","14":"product_skin-pelli-grasse-e-miste","15":"product_skin-pelli-mature-e-rughe","16":"product_skin-pelli-secche-e-normali","17":"product_skin-tutte-le-pelli","18":"product_kind-trattamenti-mani-e-piedi","19":"product_kind-tutte-le-creme-corpo","20":"product_lines-igiene-e-protezione","21":"product_cat-mani-e-piedi-fr","22":"pa_size-75-fr","24":"first","25":"instock","26":"taxable","27":"shipping-taxable","28":"purchasable","29":"product-type-simple"},"acf":[],"yoast_head":"<!-- This site is optimized with the Yoast SEO plugin v24.6 - https:\/\/yoast.com\/wordpress\/plugins\/seo\/ -->\n<title>Cr\u00e8me Mains au Calendula - Uniest<\/title>\n<meta name=\"robots\" content=\"index, follow, max-snippet:-1, max-image-preview:large, max-video-preview:-1\" \/>\n<link rel=\"canonical\" href=\"https:\/\/uniest.it\/prodotto\/crema-mani-alla-calendula\/\" \/>\n<meta property=\"og:locale\" content=\"fr_FR\" \/>\n<meta property=\"og:type\" content=\"article\" \/>\n<meta property=\"og:title\" content=\"Cr\u00e8me Mains au Calendula - Uniest\" \/>\n<meta property=\"og:description\" content=\"La cr\u00e8me mains au Calendula est une cr\u00e8me d\u00e9licate \u00e0 base du pr\u00e9cieux extrait v\u00e9g\u00e9tal de Calendula Bio, qui a pour caract\u00e9ristique d&rsquo;adoucir la peau des mains. Il a \u00e9galement pour fonction de cicatriser les petites fissures provoqu\u00e9es par les facteurs climatiques (froid et vent) et les nettoyages fr\u00e9quents. Pour renforcer les effets du Calendula, [&hellip;]\" \/>\n<meta property=\"og:url\" content=\"https:\/\/uniest.it\/prodotto\/crema-mani-alla-calendula\/\" \/>\n<meta property=\"og:site_name\" content=\"Uniest\" \/>\n<meta property=\"article:modified_time\" content=\"2024-10-23T15:30:21+00:00\" \/>\n<meta property=\"og:image\" content=\"https:\/\/uniest.it\/wp-content\/uploads\/2020\/11\/192AAE.png\" \/>\n\t<meta property=\"og:image:width\" content=\"1283\" \/>\n\t<meta property=\"og:image:height\" content=\"2000\" \/>\n\t<meta property=\"og:image:type\" content=\"image\/png\" \/>\n<meta name=\"twitter:card\" content=\"summary_large_image\" \/>\n<meta name=\"twitter:label1\" content=\"Dur\u00e9e de lecture estim\u00e9e\" \/>\n\t<meta name=\"twitter:data1\" content=\"1 minute\" \/>\n<script type=\"application\/ld+json\" class=\"yoast-schema-graph\">{\"@context\":\"https:\/\/schema.org\",\"@graph\":[{\"@type\":\"WebPage\",\"@id\":\"https:\/\/uniest.it\/prodotto\/crema-mani-alla-calendula\/\",\"url\":\"https:\/\/uniest.it\/prodotto\/crema-mani-alla-calendula\/\",\"name\":\"Cr\u00e8me Mains au Calendula - Uniest\",\"isPartOf\":{\"@id\":\"https:\/\/uniest.it\/#website\"},\"primaryImageOfPage\":{\"@id\":\"https:\/\/uniest.it\/prodotto\/crema-mani-alla-calendula\/#primaryimage\"},\"image\":{\"@id\":\"https:\/\/uniest.it\/prodotto\/crema-mani-alla-calendula\/#primaryimage\"},\"thumbnailUrl\":\"https:\/\/uniest.it\/wp-content\/uploads\/2020\/11\/192AAE.png\",\"datePublished\":\"2024-10-23T14:42:59+00:00\",\"dateModified\":\"2024-10-23T15:30:21+00:00\",\"breadcrumb\":{\"@id\":\"https:\/\/uniest.it\/prodotto\/crema-mani-alla-calendula\/#breadcrumb\"},\"inLanguage\":\"fr-FR\",\"potentialAction\":[{\"@type\":\"ReadAction\",\"target\":[\"https:\/\/uniest.it\/prodotto\/crema-mani-alla-calendula\/\"]}]},{\"@type\":\"ImageObject\",\"inLanguage\":\"fr-FR\",\"@id\":\"https:\/\/uniest.it\/prodotto\/crema-mani-alla-calendula\/#primaryimage\",\"url\":\"https:\/\/uniest.it\/wp-content\/uploads\/2020\/11\/192AAE.png\",\"contentUrl\":\"https:\/\/uniest.it\/wp-content\/uploads\/2020\/11\/192AAE.png\",\"width\":1283,\"height\":2000},{\"@type\":\"BreadcrumbList\",\"@id\":\"https:\/\/uniest.it\/prodotto\/crema-mani-alla-calendula\/#breadcrumb\",\"itemListElement\":[{\"@type\":\"ListItem\",\"position\":1,\"name\":\"Home\",\"item\":\"https:\/\/uniest.it\/fr\/\"},{\"@type\":\"ListItem\",\"position\":2,\"name\":\"Shop\",\"item\":\"https:\/\/uniest.it\/shop\/\"},{\"@type\":\"ListItem\",\"position\":3,\"name\":\"Cr\u00e8me Mains au Calendula\"}]},{\"@type\":\"WebSite\",\"@id\":\"https:\/\/uniest.it\/#website\",\"url\":\"https:\/\/uniest.it\/\",\"name\":\"Uniest\",\"description\":\"Cosmetici Naturali e Bio\",\"potentialAction\":[{\"@type\":\"SearchAction\",\"target\":{\"@type\":\"EntryPoint\",\"urlTemplate\":\"https:\/\/uniest.it\/?s={search_term_string}\"},\"query-input\":{\"@type\":\"PropertyValueSpecification\",\"valueRequired\":true,\"valueName\":\"search_term_string\"}}],\"inLanguage\":\"fr-FR\"}]}<\/script>\n<!-- \/ Yoast SEO plugin. -->","yoast_head_json":{"title":"Cr\u00e8me Mains au Calendula - Uniest","robots":{"index":"index","follow":"follow","max-snippet":"max-snippet:-1","max-image-preview":"max-image-preview:large","max-video-preview":"max-video-preview:-1"},"canonical":"https:\/\/uniest.it\/prodotto\/crema-mani-alla-calendula\/","og_locale":"fr_FR","og_type":"article","og_title":"Cr\u00e8me Mains au Calendula - Uniest","og_description":"La cr\u00e8me mains au Calendula est une cr\u00e8me d\u00e9licate \u00e0 base du pr\u00e9cieux extrait v\u00e9g\u00e9tal de Calendula Bio, qui a pour caract\u00e9ristique d&rsquo;adoucir la peau des mains. Il a \u00e9galement pour fonction de cicatriser les petites fissures provoqu\u00e9es par les facteurs climatiques (froid et vent) et les nettoyages fr\u00e9quents. Pour renforcer les effets du Calendula, [&hellip;]","og_url":"https:\/\/uniest.it\/prodotto\/crema-mani-alla-calendula\/","og_site_name":"Uniest","article_modified_time":"2024-10-23T15:30:21+00:00","og_image":[{"width":1283,"height":2000,"url":"https:\/\/uniest.it\/wp-content\/uploads\/2020\/11\/192AAE.png","type":"image\/png"}],"twitter_card":"summary_large_image","twitter_misc":{"Dur\u00e9e de lecture estim\u00e9e":"1 minute"},"schema":{"@context":"https:\/\/schema.org","@graph":[{"@type":"WebPage","@id":"https:\/\/uniest.it\/prodotto\/crema-mani-alla-calendula\/","url":"https:\/\/uniest.it\/prodotto\/crema-mani-alla-calendula\/","name":"Cr\u00e8me Mains au Calendula - Uniest","isPartOf":{"@id":"https:\/\/uniest.it\/#website"},"primaryImageOfPage":{"@id":"https:\/\/uniest.it\/prodotto\/crema-mani-alla-calendula\/#primaryimage"},"image":{"@id":"https:\/\/uniest.it\/prodotto\/crema-mani-alla-calendula\/#primaryimage"},"thumbnailUrl":"https:\/\/uniest.it\/wp-content\/uploads\/2020\/11\/192AAE.png","datePublished":"2024-10-23T14:42:59+00:00","dateModified":"2024-10-23T15:30:21+00:00","breadcrumb":{"@id":"https:\/\/uniest.it\/prodotto\/crema-mani-alla-calendula\/#breadcrumb"},"inLanguage":"fr-FR","potentialAction":[{"@type":"ReadAction","target":["https:\/\/uniest.it\/prodotto\/crema-mani-alla-calendula\/"]}]},{"@type":"ImageObject","inLanguage":"fr-FR","@id":"https:\/\/uniest.it\/prodotto\/crema-mani-alla-calendula\/#primaryimage","url":"https:\/\/uniest.it\/wp-content\/uploads\/2020\/11\/192AAE.png","contentUrl":"https:\/\/uniest.it\/wp-content\/uploads\/2020\/11\/192AAE.png","width":1283,"height":2000},{"@type":"BreadcrumbList","@id":"https:\/\/uniest.it\/prodotto\/crema-mani-alla-calendula\/#breadcrumb","itemListElement":[{"@type":"ListItem","position":1,"name":"Home","item":"https:\/\/uniest.it\/fr\/"},{"@type":"ListItem","position":2,"name":"Shop","item":"https:\/\/uniest.it\/shop\/"},{"@type":"ListItem","position":3,"name":"Cr\u00e8me Mains au Calendula"}]},{"@type":"WebSite","@id":"https:\/\/uniest.it\/#website","url":"https:\/\/uniest.it\/","name":"Uniest","description":"Cosmetici Naturali e Bio","potentialAction":[{"@type":"SearchAction","target":{"@type":"EntryPoint","urlTemplate":"https:\/\/uniest.it\/?s={search_term_string}"},"query-input":{"@type":"PropertyValueSpecification","valueRequired":true,"valueName":"search_term_string"}}],"inLanguage":"fr-FR"}]}},"_links":{"self":[{"href":"https:\/\/uniest.it\/fr\/wp-json\/wp\/v2\/product\/5801","targetHints":{"allow":["GET"]}}],"collection":[{"href":"https:\/\/uniest.it\/fr\/wp-json\/wp\/v2\/product"}],"about":[{"href":"https:\/\/uniest.it\/fr\/wp-json\/wp\/v2\/types\/product"}],"wp:featuredmedia":[{"embeddable":true,"href":"https:\/\/uniest.it\/fr\/wp-json\/wp\/v2\/media\/5802"}],"wp:attachment":[{"href":"https:\/\/uniest.it\/fr\/wp-json\/wp\/v2\/media?parent=5801"}],"wp:term":[{"taxonomy":"product_brand","embeddable":true,"href":"https:\/\/uniest.it\/fr\/wp-json\/wp\/v2\/product_brand?post=5801"},{"taxonomy":"product_cat","embeddable":true,"href":"https:\/\/uniest.it\/fr\/wp-json\/wp\/v2\/product_cat?post=5801"},{"taxonomy":"product_tag","embeddable":true,"href":"https:\/\/uniest.it\/fr\/wp-json\/wp\/v2\/product_tag?post=5801"}],"curies":[{"name":"wp","href":"https:\/\/api.w.org\/{rel}","templated":true}]}}