{"id":5803,"date":"2021-02-04T12:59:39","date_gmt":"2024-10-23T14:43:00","guid":{"rendered":"https:\/\/uniest.it\/prodotto\/creme-adoucissante-pour-les-pieds\/"},"modified":"2024-10-23T16:30:21","modified_gmt":"2024-10-23T15:30:21","slug":"creme-adoucissante-pour-les-pieds","status":"publish","type":"product","link":"https:\/\/uniest.it\/fr\/prodotto\/creme-adoucissante-pour-les-pieds\/","title":{"rendered":"Cr\u00e8me Adoucissante Pour Les Pieds"},"content":{"rendered":"<p>Cr\u00e8me adoucissante pour les pieds gr\u00e2ce \u00e0 sa formulation particuli\u00e8re, cette cr\u00e8me douce \u00e0 base naturelle apporte \u00e9lasticit\u00e9, douceur, tonicit\u00e9 et bien-\u00eatre aux pieds. Elle associe les propri\u00e9t\u00e9s \u00e9mollientes et protectrices de l&rsquo;huile de son de riz aux propri\u00e9t\u00e9s nourrissantes et hydratantes de la glyc\u00e9rine v\u00e9g\u00e9tale et de l&rsquo;acide glycolique. De plus, l\u2019acide kojique poss\u00e8de des propri\u00e9t\u00e9s antibact\u00e9riennes qui peuvent aider \u00e0 pr\u00e9venir les mycoses g\u00eanantes. Les huiles essentielles de Menthol et de Camphre tonifient et rafra\u00eechissent les pieds. Pendant l&rsquo;\u00e9t\u00e9, devant porter des sandales et des pantoufles, nous sommes plus enclins \u00e0 pr\u00eater plus d&rsquo;attention \u00e0 nos pieds, en utilisant des cr\u00e8mes, divers traitements et gommages pour qu&rsquo;ils soient toujours doux et lisses, sans signes de s\u00e9cheresse. En r\u00e9alit\u00e9, la meilleure fa\u00e7on d\u2019avoir toujours des pieds bien rang\u00e9s et lisses est d\u2019en prendre bien soin tout au long de l\u2019ann\u00e9e. &nbsp; &nbsp;<\/p>\n","protected":false},"excerpt":{"rendered":"<p>Cr\u00e8me adoucissante pour les pieds gr\u00e2ce \u00e0 sa formulation particuli\u00e8re, cette cr\u00e8me douce \u00e0 base naturelle apporte \u00e9lasticit\u00e9, douceur, tonicit\u00e9 et bien-\u00eatre aux pieds. Elle associe les propri\u00e9t\u00e9s \u00e9mollientes et protectrices de l&rsquo;huile de son de riz aux propri\u00e9t\u00e9s nourrissantes et hydratantes de la glyc\u00e9rine v\u00e9g\u00e9tale et de l&rsquo;acide glycolique. De plus, l\u2019acide kojique poss\u00e8de [&hellip;]<\/p>\n","protected":false},"featured_media":5804,"template":"","meta":{"_acf_changed":false,"inline_featured_image":false},"product_brand":[],"product_cat":[1392],"product_tag":[],"class_list":{"0":"post-5803","1":"product","2":"type-product","3":"status-publish","4":"has-post-thumbnail","6":"product_beauty-idratare","7":"product_beauty-lenire","8":"product_beauty-nutrire-e-rigenerare","9":"product_beauty-proteggere","10":"product_beauty-schiarire","11":"product_skin-pelli-delicate-e-sensibili","12":"product_skin-pelli-giovani-e-prime-rughe","13":"product_skin-pelli-grasse-e-miste","14":"product_skin-pelli-mature-e-rughe","15":"product_skin-pelli-secche-e-normali","16":"product_skin-tutte-le-pelli","17":"product_kind-trattamenti-mani-e-piedi","18":"product_kind-tutte-le-creme-corpo","19":"product_lines-igiene-e-protezione","20":"product_cat-mani-e-piedi-fr","21":"pa_size-75-fr","23":"first","24":"instock","25":"taxable","26":"shipping-taxable","27":"purchasable","28":"product-type-simple"},"acf":[],"yoast_head":"<!-- This site is optimized with the Yoast SEO plugin v24.6 - https:\/\/yoast.com\/wordpress\/plugins\/seo\/ -->\n<title>Cr\u00e8me Adoucissante Pour Les Pieds - Uniest<\/title>\n<meta name=\"robots\" content=\"index, follow, max-snippet:-1, max-image-preview:large, max-video-preview:-1\" \/>\n<link rel=\"canonical\" href=\"https:\/\/uniest.it\/prodotto\/crema-ammorbidente-piedi\/\" \/>\n<meta property=\"og:locale\" content=\"fr_FR\" \/>\n<meta property=\"og:type\" content=\"article\" \/>\n<meta property=\"og:title\" content=\"Cr\u00e8me Adoucissante Pour Les Pieds - Uniest\" \/>\n<meta property=\"og:description\" content=\"Cr\u00e8me adoucissante pour les pieds gr\u00e2ce \u00e0 sa formulation particuli\u00e8re, cette cr\u00e8me douce \u00e0 base naturelle apporte \u00e9lasticit\u00e9, douceur, tonicit\u00e9 et bien-\u00eatre aux pieds. Elle associe les propri\u00e9t\u00e9s \u00e9mollientes et protectrices de l&rsquo;huile de son de riz aux propri\u00e9t\u00e9s nourrissantes et hydratantes de la glyc\u00e9rine v\u00e9g\u00e9tale et de l&rsquo;acide glycolique. De plus, l\u2019acide kojique poss\u00e8de [&hellip;]\" \/>\n<meta property=\"og:url\" content=\"https:\/\/uniest.it\/prodotto\/crema-ammorbidente-piedi\/\" \/>\n<meta property=\"og:site_name\" content=\"Uniest\" \/>\n<meta property=\"article:modified_time\" content=\"2024-10-23T15:30:21+00:00\" \/>\n<meta property=\"og:image\" content=\"https:\/\/uniest.it\/wp-content\/uploads\/2020\/11\/195AAE.png\" \/>\n\t<meta property=\"og:image:width\" content=\"1283\" \/>\n\t<meta property=\"og:image:height\" content=\"2000\" \/>\n\t<meta property=\"og:image:type\" content=\"image\/png\" \/>\n<meta name=\"twitter:card\" content=\"summary_large_image\" \/>\n<meta name=\"twitter:label1\" content=\"Dur\u00e9e de lecture estim\u00e9e\" \/>\n\t<meta name=\"twitter:data1\" content=\"1 minute\" \/>\n<script type=\"application\/ld+json\" class=\"yoast-schema-graph\">{\"@context\":\"https:\/\/schema.org\",\"@graph\":[{\"@type\":\"WebPage\",\"@id\":\"https:\/\/uniest.it\/prodotto\/crema-ammorbidente-piedi\/\",\"url\":\"https:\/\/uniest.it\/prodotto\/crema-ammorbidente-piedi\/\",\"name\":\"Cr\u00e8me Adoucissante Pour Les Pieds - Uniest\",\"isPartOf\":{\"@id\":\"https:\/\/uniest.it\/#website\"},\"primaryImageOfPage\":{\"@id\":\"https:\/\/uniest.it\/prodotto\/crema-ammorbidente-piedi\/#primaryimage\"},\"image\":{\"@id\":\"https:\/\/uniest.it\/prodotto\/crema-ammorbidente-piedi\/#primaryimage\"},\"thumbnailUrl\":\"https:\/\/uniest.it\/wp-content\/uploads\/2020\/11\/195AAE.png\",\"datePublished\":\"2024-10-23T14:43:00+00:00\",\"dateModified\":\"2024-10-23T15:30:21+00:00\",\"breadcrumb\":{\"@id\":\"https:\/\/uniest.it\/prodotto\/crema-ammorbidente-piedi\/#breadcrumb\"},\"inLanguage\":\"fr-FR\",\"potentialAction\":[{\"@type\":\"ReadAction\",\"target\":[\"https:\/\/uniest.it\/prodotto\/crema-ammorbidente-piedi\/\"]}]},{\"@type\":\"ImageObject\",\"inLanguage\":\"fr-FR\",\"@id\":\"https:\/\/uniest.it\/prodotto\/crema-ammorbidente-piedi\/#primaryimage\",\"url\":\"https:\/\/uniest.it\/wp-content\/uploads\/2020\/11\/195AAE.png\",\"contentUrl\":\"https:\/\/uniest.it\/wp-content\/uploads\/2020\/11\/195AAE.png\",\"width\":1283,\"height\":2000},{\"@type\":\"BreadcrumbList\",\"@id\":\"https:\/\/uniest.it\/prodotto\/crema-ammorbidente-piedi\/#breadcrumb\",\"itemListElement\":[{\"@type\":\"ListItem\",\"position\":1,\"name\":\"Home\",\"item\":\"https:\/\/uniest.it\/fr\/\"},{\"@type\":\"ListItem\",\"position\":2,\"name\":\"Shop\",\"item\":\"https:\/\/uniest.it\/shop\/\"},{\"@type\":\"ListItem\",\"position\":3,\"name\":\"Cr\u00e8me Adoucissante Pour Les Pieds\"}]},{\"@type\":\"WebSite\",\"@id\":\"https:\/\/uniest.it\/#website\",\"url\":\"https:\/\/uniest.it\/\",\"name\":\"Uniest\",\"description\":\"Cosmetici Naturali e Bio\",\"potentialAction\":[{\"@type\":\"SearchAction\",\"target\":{\"@type\":\"EntryPoint\",\"urlTemplate\":\"https:\/\/uniest.it\/?s={search_term_string}\"},\"query-input\":{\"@type\":\"PropertyValueSpecification\",\"valueRequired\":true,\"valueName\":\"search_term_string\"}}],\"inLanguage\":\"fr-FR\"}]}<\/script>\n<!-- \/ Yoast SEO plugin. -->","yoast_head_json":{"title":"Cr\u00e8me Adoucissante Pour Les Pieds - Uniest","robots":{"index":"index","follow":"follow","max-snippet":"max-snippet:-1","max-image-preview":"max-image-preview:large","max-video-preview":"max-video-preview:-1"},"canonical":"https:\/\/uniest.it\/prodotto\/crema-ammorbidente-piedi\/","og_locale":"fr_FR","og_type":"article","og_title":"Cr\u00e8me Adoucissante Pour Les Pieds - Uniest","og_description":"Cr\u00e8me adoucissante pour les pieds gr\u00e2ce \u00e0 sa formulation particuli\u00e8re, cette cr\u00e8me douce \u00e0 base naturelle apporte \u00e9lasticit\u00e9, douceur, tonicit\u00e9 et bien-\u00eatre aux pieds. Elle associe les propri\u00e9t\u00e9s \u00e9mollientes et protectrices de l&rsquo;huile de son de riz aux propri\u00e9t\u00e9s nourrissantes et hydratantes de la glyc\u00e9rine v\u00e9g\u00e9tale et de l&rsquo;acide glycolique. De plus, l\u2019acide kojique poss\u00e8de [&hellip;]","og_url":"https:\/\/uniest.it\/prodotto\/crema-ammorbidente-piedi\/","og_site_name":"Uniest","article_modified_time":"2024-10-23T15:30:21+00:00","og_image":[{"width":1283,"height":2000,"url":"https:\/\/uniest.it\/wp-content\/uploads\/2020\/11\/195AAE.png","type":"image\/png"}],"twitter_card":"summary_large_image","twitter_misc":{"Dur\u00e9e de lecture estim\u00e9e":"1 minute"},"schema":{"@context":"https:\/\/schema.org","@graph":[{"@type":"WebPage","@id":"https:\/\/uniest.it\/prodotto\/crema-ammorbidente-piedi\/","url":"https:\/\/uniest.it\/prodotto\/crema-ammorbidente-piedi\/","name":"Cr\u00e8me Adoucissante Pour Les Pieds - Uniest","isPartOf":{"@id":"https:\/\/uniest.it\/#website"},"primaryImageOfPage":{"@id":"https:\/\/uniest.it\/prodotto\/crema-ammorbidente-piedi\/#primaryimage"},"image":{"@id":"https:\/\/uniest.it\/prodotto\/crema-ammorbidente-piedi\/#primaryimage"},"thumbnailUrl":"https:\/\/uniest.it\/wp-content\/uploads\/2020\/11\/195AAE.png","datePublished":"2024-10-23T14:43:00+00:00","dateModified":"2024-10-23T15:30:21+00:00","breadcrumb":{"@id":"https:\/\/uniest.it\/prodotto\/crema-ammorbidente-piedi\/#breadcrumb"},"inLanguage":"fr-FR","potentialAction":[{"@type":"ReadAction","target":["https:\/\/uniest.it\/prodotto\/crema-ammorbidente-piedi\/"]}]},{"@type":"ImageObject","inLanguage":"fr-FR","@id":"https:\/\/uniest.it\/prodotto\/crema-ammorbidente-piedi\/#primaryimage","url":"https:\/\/uniest.it\/wp-content\/uploads\/2020\/11\/195AAE.png","contentUrl":"https:\/\/uniest.it\/wp-content\/uploads\/2020\/11\/195AAE.png","width":1283,"height":2000},{"@type":"BreadcrumbList","@id":"https:\/\/uniest.it\/prodotto\/crema-ammorbidente-piedi\/#breadcrumb","itemListElement":[{"@type":"ListItem","position":1,"name":"Home","item":"https:\/\/uniest.it\/fr\/"},{"@type":"ListItem","position":2,"name":"Shop","item":"https:\/\/uniest.it\/shop\/"},{"@type":"ListItem","position":3,"name":"Cr\u00e8me Adoucissante Pour Les Pieds"}]},{"@type":"WebSite","@id":"https:\/\/uniest.it\/#website","url":"https:\/\/uniest.it\/","name":"Uniest","description":"Cosmetici Naturali e Bio","potentialAction":[{"@type":"SearchAction","target":{"@type":"EntryPoint","urlTemplate":"https:\/\/uniest.it\/?s={search_term_string}"},"query-input":{"@type":"PropertyValueSpecification","valueRequired":true,"valueName":"search_term_string"}}],"inLanguage":"fr-FR"}]}},"_links":{"self":[{"href":"https:\/\/uniest.it\/fr\/wp-json\/wp\/v2\/product\/5803","targetHints":{"allow":["GET"]}}],"collection":[{"href":"https:\/\/uniest.it\/fr\/wp-json\/wp\/v2\/product"}],"about":[{"href":"https:\/\/uniest.it\/fr\/wp-json\/wp\/v2\/types\/product"}],"wp:featuredmedia":[{"embeddable":true,"href":"https:\/\/uniest.it\/fr\/wp-json\/wp\/v2\/media\/5804"}],"wp:attachment":[{"href":"https:\/\/uniest.it\/fr\/wp-json\/wp\/v2\/media?parent=5803"}],"wp:term":[{"taxonomy":"product_brand","embeddable":true,"href":"https:\/\/uniest.it\/fr\/wp-json\/wp\/v2\/product_brand?post=5803"},{"taxonomy":"product_cat","embeddable":true,"href":"https:\/\/uniest.it\/fr\/wp-json\/wp\/v2\/product_cat?post=5803"},{"taxonomy":"product_tag","embeddable":true,"href":"https:\/\/uniest.it\/fr\/wp-json\/wp\/v2\/product_tag?post=5803"}],"curies":[{"name":"wp","href":"https:\/\/api.w.org\/{rel}","templated":true}]}}