{"id":5805,"date":"2021-02-04T12:59:39","date_gmt":"2024-10-23T14:43:01","guid":{"rendered":"https:\/\/uniest.it\/prodotto\/creme-pieds-chauds-et-fatigues\/"},"modified":"2024-10-23T16:30:22","modified_gmt":"2024-10-23T15:30:22","slug":"creme-pieds-chauds-et-fatigues","status":"publish","type":"product","link":"https:\/\/uniest.it\/fr\/prodotto\/creme-pieds-chauds-et-fatigues\/","title":{"rendered":"Cr\u00e8me Pieds Chauds et Fatigu\u00e9s"},"content":{"rendered":"<p>La cr\u00e8me chaude pour les pieds combat la sensation de pieds chauds, fatigu\u00e9s et gonfl\u00e9s, caus\u00e9e par une mauvaise circulation ou par la saison, donnant une perception de fra\u00eecheur, de l\u00e9g\u00e8ret\u00e9 et de bien-\u00eatre. Les huiles essentielles de menthol, de camphre et de pin sylvestre tonifient et rafra\u00eechissent la peau des pieds, \u00e9liminent les odeurs d\u00e9sagr\u00e9ables et aident \u00e9galement \u00e0 pr\u00e9venir les mycoses g\u00eanantes. L&rsquo;extrait de bouleau bio a une action apaisante et est excellent contre les rhumatismes et les douleurs articulaires, tandis que l&rsquo;huile de son de riz apporte douceur et \u00e9lasticit\u00e9. L&rsquo;Aloe Barbadensis Bio, le Beurre de Karit\u00e9 Bio, l&rsquo;Huile d&rsquo;Amande douce Bio et la Glyc\u00e9rine V\u00e9g\u00e9tale apportent douceur et hydratation \u00e0 la peau.<\/p>\n","protected":false},"excerpt":{"rendered":"<p>La cr\u00e8me chaude pour les pieds combat la sensation de pieds chauds, fatigu\u00e9s et gonfl\u00e9s, caus\u00e9e par une mauvaise circulation ou par la saison, donnant une perception de fra\u00eecheur, de l\u00e9g\u00e8ret\u00e9 et de bien-\u00eatre. Les huiles essentielles de menthol, de camphre et de pin sylvestre tonifient et rafra\u00eechissent la peau des pieds, \u00e9liminent les odeurs [&hellip;]<\/p>\n","protected":false},"featured_media":5806,"template":"","meta":{"_acf_changed":false,"inline_featured_image":false},"product_brand":[],"product_cat":[1392],"product_tag":[],"class_list":{"0":"post-5805","1":"product","2":"type-product","3":"status-publish","4":"has-post-thumbnail","6":"product_beauty-balsamico","7":"product_beauty-idratare","8":"product_beauty-lenire","9":"product_beauty-nutrire-e-rigenerare","10":"product_beauty-proteggere","11":"product_beauty-rassodare-e-tonificare","12":"product_skin-pelli-delicate-e-sensibili","13":"product_skin-pelli-giovani-e-prime-rughe","14":"product_skin-pelli-grasse-e-miste","15":"product_skin-pelli-mature-e-rughe","16":"product_skin-pelli-secche-e-normali","17":"product_skin-tutte-le-pelli","18":"product_kind-trattamenti-mani-e-piedi","19":"product_kind-trattamenti-speciali","20":"product_kind-tutte-le-creme-corpo","21":"product_lines-igiene-e-protezione","22":"product_cat-mani-e-piedi-fr","23":"pa_size-75-fr","25":"first","26":"outofstock","27":"taxable","28":"shipping-taxable","29":"purchasable","30":"product-type-simple"},"acf":[],"yoast_head":"<!-- This site is optimized with the Yoast SEO plugin v24.6 - https:\/\/yoast.com\/wordpress\/plugins\/seo\/ -->\n<title>Cr\u00e8me Pieds Chauds et Fatigu\u00e9s - Uniest<\/title>\n<meta name=\"robots\" content=\"index, follow, max-snippet:-1, max-image-preview:large, max-video-preview:-1\" \/>\n<link rel=\"canonical\" href=\"https:\/\/uniest.it\/prodotto\/crema-piedi-caldi-e-stanchi\/\" \/>\n<meta property=\"og:locale\" content=\"fr_FR\" \/>\n<meta property=\"og:type\" content=\"article\" \/>\n<meta property=\"og:title\" content=\"Cr\u00e8me Pieds Chauds et Fatigu\u00e9s - Uniest\" \/>\n<meta property=\"og:description\" content=\"La cr\u00e8me chaude pour les pieds combat la sensation de pieds chauds, fatigu\u00e9s et gonfl\u00e9s, caus\u00e9e par une mauvaise circulation ou par la saison, donnant une perception de fra\u00eecheur, de l\u00e9g\u00e8ret\u00e9 et de bien-\u00eatre. Les huiles essentielles de menthol, de camphre et de pin sylvestre tonifient et rafra\u00eechissent la peau des pieds, \u00e9liminent les odeurs [&hellip;]\" \/>\n<meta property=\"og:url\" content=\"https:\/\/uniest.it\/prodotto\/crema-piedi-caldi-e-stanchi\/\" \/>\n<meta property=\"og:site_name\" content=\"Uniest\" \/>\n<meta property=\"article:modified_time\" content=\"2024-10-23T15:30:22+00:00\" \/>\n<meta property=\"og:image\" content=\"https:\/\/uniest.it\/wp-content\/uploads\/2020\/11\/198AAE.png\" \/>\n\t<meta property=\"og:image:width\" content=\"1283\" \/>\n\t<meta property=\"og:image:height\" content=\"2000\" \/>\n\t<meta property=\"og:image:type\" content=\"image\/png\" \/>\n<meta name=\"twitter:card\" content=\"summary_large_image\" \/>\n<meta name=\"twitter:label1\" content=\"Dur\u00e9e de lecture estim\u00e9e\" \/>\n\t<meta name=\"twitter:data1\" content=\"1 minute\" \/>\n<script type=\"application\/ld+json\" class=\"yoast-schema-graph\">{\"@context\":\"https:\/\/schema.org\",\"@graph\":[{\"@type\":\"WebPage\",\"@id\":\"https:\/\/uniest.it\/prodotto\/crema-piedi-caldi-e-stanchi\/\",\"url\":\"https:\/\/uniest.it\/prodotto\/crema-piedi-caldi-e-stanchi\/\",\"name\":\"Cr\u00e8me Pieds Chauds et Fatigu\u00e9s - Uniest\",\"isPartOf\":{\"@id\":\"https:\/\/uniest.it\/#website\"},\"primaryImageOfPage\":{\"@id\":\"https:\/\/uniest.it\/prodotto\/crema-piedi-caldi-e-stanchi\/#primaryimage\"},\"image\":{\"@id\":\"https:\/\/uniest.it\/prodotto\/crema-piedi-caldi-e-stanchi\/#primaryimage\"},\"thumbnailUrl\":\"https:\/\/uniest.it\/wp-content\/uploads\/2020\/11\/198AAE.png\",\"datePublished\":\"2024-10-23T14:43:01+00:00\",\"dateModified\":\"2024-10-23T15:30:22+00:00\",\"breadcrumb\":{\"@id\":\"https:\/\/uniest.it\/prodotto\/crema-piedi-caldi-e-stanchi\/#breadcrumb\"},\"inLanguage\":\"fr-FR\",\"potentialAction\":[{\"@type\":\"ReadAction\",\"target\":[\"https:\/\/uniest.it\/prodotto\/crema-piedi-caldi-e-stanchi\/\"]}]},{\"@type\":\"ImageObject\",\"inLanguage\":\"fr-FR\",\"@id\":\"https:\/\/uniest.it\/prodotto\/crema-piedi-caldi-e-stanchi\/#primaryimage\",\"url\":\"https:\/\/uniest.it\/wp-content\/uploads\/2020\/11\/198AAE.png\",\"contentUrl\":\"https:\/\/uniest.it\/wp-content\/uploads\/2020\/11\/198AAE.png\",\"width\":1283,\"height\":2000},{\"@type\":\"BreadcrumbList\",\"@id\":\"https:\/\/uniest.it\/prodotto\/crema-piedi-caldi-e-stanchi\/#breadcrumb\",\"itemListElement\":[{\"@type\":\"ListItem\",\"position\":1,\"name\":\"Home\",\"item\":\"https:\/\/uniest.it\/fr\/\"},{\"@type\":\"ListItem\",\"position\":2,\"name\":\"Shop\",\"item\":\"https:\/\/uniest.it\/shop\/\"},{\"@type\":\"ListItem\",\"position\":3,\"name\":\"Cr\u00e8me Pieds Chauds et Fatigu\u00e9s\"}]},{\"@type\":\"WebSite\",\"@id\":\"https:\/\/uniest.it\/#website\",\"url\":\"https:\/\/uniest.it\/\",\"name\":\"Uniest\",\"description\":\"Cosmetici Naturali e Bio\",\"potentialAction\":[{\"@type\":\"SearchAction\",\"target\":{\"@type\":\"EntryPoint\",\"urlTemplate\":\"https:\/\/uniest.it\/?s={search_term_string}\"},\"query-input\":{\"@type\":\"PropertyValueSpecification\",\"valueRequired\":true,\"valueName\":\"search_term_string\"}}],\"inLanguage\":\"fr-FR\"}]}<\/script>\n<!-- \/ Yoast SEO plugin. -->","yoast_head_json":{"title":"Cr\u00e8me Pieds Chauds et Fatigu\u00e9s - Uniest","robots":{"index":"index","follow":"follow","max-snippet":"max-snippet:-1","max-image-preview":"max-image-preview:large","max-video-preview":"max-video-preview:-1"},"canonical":"https:\/\/uniest.it\/prodotto\/crema-piedi-caldi-e-stanchi\/","og_locale":"fr_FR","og_type":"article","og_title":"Cr\u00e8me Pieds Chauds et Fatigu\u00e9s - Uniest","og_description":"La cr\u00e8me chaude pour les pieds combat la sensation de pieds chauds, fatigu\u00e9s et gonfl\u00e9s, caus\u00e9e par une mauvaise circulation ou par la saison, donnant une perception de fra\u00eecheur, de l\u00e9g\u00e8ret\u00e9 et de bien-\u00eatre. Les huiles essentielles de menthol, de camphre et de pin sylvestre tonifient et rafra\u00eechissent la peau des pieds, \u00e9liminent les odeurs [&hellip;]","og_url":"https:\/\/uniest.it\/prodotto\/crema-piedi-caldi-e-stanchi\/","og_site_name":"Uniest","article_modified_time":"2024-10-23T15:30:22+00:00","og_image":[{"width":1283,"height":2000,"url":"https:\/\/uniest.it\/wp-content\/uploads\/2020\/11\/198AAE.png","type":"image\/png"}],"twitter_card":"summary_large_image","twitter_misc":{"Dur\u00e9e de lecture estim\u00e9e":"1 minute"},"schema":{"@context":"https:\/\/schema.org","@graph":[{"@type":"WebPage","@id":"https:\/\/uniest.it\/prodotto\/crema-piedi-caldi-e-stanchi\/","url":"https:\/\/uniest.it\/prodotto\/crema-piedi-caldi-e-stanchi\/","name":"Cr\u00e8me Pieds Chauds et Fatigu\u00e9s - Uniest","isPartOf":{"@id":"https:\/\/uniest.it\/#website"},"primaryImageOfPage":{"@id":"https:\/\/uniest.it\/prodotto\/crema-piedi-caldi-e-stanchi\/#primaryimage"},"image":{"@id":"https:\/\/uniest.it\/prodotto\/crema-piedi-caldi-e-stanchi\/#primaryimage"},"thumbnailUrl":"https:\/\/uniest.it\/wp-content\/uploads\/2020\/11\/198AAE.png","datePublished":"2024-10-23T14:43:01+00:00","dateModified":"2024-10-23T15:30:22+00:00","breadcrumb":{"@id":"https:\/\/uniest.it\/prodotto\/crema-piedi-caldi-e-stanchi\/#breadcrumb"},"inLanguage":"fr-FR","potentialAction":[{"@type":"ReadAction","target":["https:\/\/uniest.it\/prodotto\/crema-piedi-caldi-e-stanchi\/"]}]},{"@type":"ImageObject","inLanguage":"fr-FR","@id":"https:\/\/uniest.it\/prodotto\/crema-piedi-caldi-e-stanchi\/#primaryimage","url":"https:\/\/uniest.it\/wp-content\/uploads\/2020\/11\/198AAE.png","contentUrl":"https:\/\/uniest.it\/wp-content\/uploads\/2020\/11\/198AAE.png","width":1283,"height":2000},{"@type":"BreadcrumbList","@id":"https:\/\/uniest.it\/prodotto\/crema-piedi-caldi-e-stanchi\/#breadcrumb","itemListElement":[{"@type":"ListItem","position":1,"name":"Home","item":"https:\/\/uniest.it\/fr\/"},{"@type":"ListItem","position":2,"name":"Shop","item":"https:\/\/uniest.it\/shop\/"},{"@type":"ListItem","position":3,"name":"Cr\u00e8me Pieds Chauds et Fatigu\u00e9s"}]},{"@type":"WebSite","@id":"https:\/\/uniest.it\/#website","url":"https:\/\/uniest.it\/","name":"Uniest","description":"Cosmetici Naturali e Bio","potentialAction":[{"@type":"SearchAction","target":{"@type":"EntryPoint","urlTemplate":"https:\/\/uniest.it\/?s={search_term_string}"},"query-input":{"@type":"PropertyValueSpecification","valueRequired":true,"valueName":"search_term_string"}}],"inLanguage":"fr-FR"}]}},"_links":{"self":[{"href":"https:\/\/uniest.it\/fr\/wp-json\/wp\/v2\/product\/5805","targetHints":{"allow":["GET"]}}],"collection":[{"href":"https:\/\/uniest.it\/fr\/wp-json\/wp\/v2\/product"}],"about":[{"href":"https:\/\/uniest.it\/fr\/wp-json\/wp\/v2\/types\/product"}],"wp:featuredmedia":[{"embeddable":true,"href":"https:\/\/uniest.it\/fr\/wp-json\/wp\/v2\/media\/5806"}],"wp:attachment":[{"href":"https:\/\/uniest.it\/fr\/wp-json\/wp\/v2\/media?parent=5805"}],"wp:term":[{"taxonomy":"product_brand","embeddable":true,"href":"https:\/\/uniest.it\/fr\/wp-json\/wp\/v2\/product_brand?post=5805"},{"taxonomy":"product_cat","embeddable":true,"href":"https:\/\/uniest.it\/fr\/wp-json\/wp\/v2\/product_cat?post=5805"},{"taxonomy":"product_tag","embeddable":true,"href":"https:\/\/uniest.it\/fr\/wp-json\/wp\/v2\/product_tag?post=5805"}],"curies":[{"name":"wp","href":"https:\/\/api.w.org\/{rel}","templated":true}]}}