{"id":5807,"date":"2021-02-04T12:59:39","date_gmt":"2024-10-23T14:43:01","guid":{"rendered":"https:\/\/uniest.it\/prodotto\/creme-pieds-froids\/"},"modified":"2024-10-23T16:30:23","modified_gmt":"2024-10-23T15:30:23","slug":"creme-pieds-froids","status":"publish","type":"product","link":"https:\/\/uniest.it\/fr\/prodotto\/creme-pieds-froids\/","title":{"rendered":"Cr\u00e8me Pieds Froids"},"content":{"rendered":"<p>Cr\u00e8me pour les pieds froids con\u00e7ue pour combattre la sensation g\u00eanante de pieds froids, secs ou gerc\u00e9s, caus\u00e9e par une mauvaise circulation, la tension \u00e9motionnelle, le froid et le climat rigoureux. C&rsquo;est un compos\u00e9 compos\u00e9 d&rsquo;une s\u00e9rie d&rsquo;\u00e9l\u00e9ments naturels id\u00e9aux pour le soin de nos pieds, capable de donner imm\u00e9diatement une grande sensation de chaleur et de chaleur. Il apporte chaleur et nutrition aux pointes des pieds gr\u00e2ce \u00e0 l&rsquo;utilisation de Cannelle et de Capsicum reconnus pour leurs propri\u00e9t\u00e9s rub\u00e9fiantes et r\u00e9chauffantes. Les deux stimulent la circulation sanguine, de plus la cannelle a des qualit\u00e9s anti-inflammatoires et analg\u00e9siques, mais aussi en cas de douleurs dues \u00e0 l&rsquo;arthrite. De plus, l\u2019huile essentielle de camphre poss\u00e8de des propri\u00e9t\u00e9s antiseptiques qui peuvent aider \u00e0 pr\u00e9venir les mycoses g\u00eanantes. L&rsquo;Huile de Son de Riz, la Glyc\u00e9rine V\u00e9g\u00e9tale et l&rsquo;extrait de Mauve, par leur action \u00e9molliente et hydratante, rendent les pieds doux et \u00e9lastiques.<\/p>\n","protected":false},"excerpt":{"rendered":"<p>Cr\u00e8me pour les pieds froids con\u00e7ue pour combattre la sensation g\u00eanante de pieds froids, secs ou gerc\u00e9s, caus\u00e9e par une mauvaise circulation, la tension \u00e9motionnelle, le froid et le climat rigoureux. C&rsquo;est un compos\u00e9 compos\u00e9 d&rsquo;une s\u00e9rie d&rsquo;\u00e9l\u00e9ments naturels id\u00e9aux pour le soin de nos pieds, capable de donner imm\u00e9diatement une grande sensation de chaleur [&hellip;]<\/p>\n","protected":false},"featured_media":5808,"template":"","meta":{"_acf_changed":false,"inline_featured_image":false},"product_brand":[],"product_cat":[1392],"product_tag":[],"class_list":{"0":"post-5807","1":"product","2":"type-product","3":"status-publish","4":"has-post-thumbnail","6":"product_beauty-idratare","7":"product_beauty-nutrire-e-rigenerare","8":"product_beauty-proteggere","9":"product_skin-pelli-delicate-e-sensibili","10":"product_skin-pelli-giovani-e-prime-rughe","11":"product_skin-pelli-grasse-e-miste","12":"product_skin-pelli-mature-e-rughe","13":"product_skin-pelli-secche-e-normali","14":"product_skin-tutte-le-pelli","15":"product_kind-trattamenti-mani-e-piedi","16":"product_kind-trattamenti-speciali","17":"product_kind-tutte-le-creme-corpo","18":"product_lines-igiene-e-protezione","19":"product_cat-mani-e-piedi-fr","20":"pa_size-75-fr","22":"first","23":"instock","24":"taxable","25":"shipping-taxable","26":"purchasable","27":"product-type-simple"},"acf":[],"yoast_head":"<!-- This site is optimized with the Yoast SEO plugin v24.6 - https:\/\/yoast.com\/wordpress\/plugins\/seo\/ -->\n<title>Cr\u00e8me Pieds Froids - Uniest<\/title>\n<meta name=\"robots\" content=\"index, follow, max-snippet:-1, max-image-preview:large, max-video-preview:-1\" \/>\n<link rel=\"canonical\" href=\"https:\/\/uniest.it\/prodotto\/crema-piedi-freddi\/\" \/>\n<meta property=\"og:locale\" content=\"fr_FR\" \/>\n<meta property=\"og:type\" content=\"article\" \/>\n<meta property=\"og:title\" content=\"Cr\u00e8me Pieds Froids - Uniest\" \/>\n<meta property=\"og:description\" content=\"Cr\u00e8me pour les pieds froids con\u00e7ue pour combattre la sensation g\u00eanante de pieds froids, secs ou gerc\u00e9s, caus\u00e9e par une mauvaise circulation, la tension \u00e9motionnelle, le froid et le climat rigoureux. C&rsquo;est un compos\u00e9 compos\u00e9 d&rsquo;une s\u00e9rie d&rsquo;\u00e9l\u00e9ments naturels id\u00e9aux pour le soin de nos pieds, capable de donner imm\u00e9diatement une grande sensation de chaleur [&hellip;]\" \/>\n<meta property=\"og:url\" content=\"https:\/\/uniest.it\/prodotto\/crema-piedi-freddi\/\" \/>\n<meta property=\"og:site_name\" content=\"Uniest\" \/>\n<meta property=\"article:modified_time\" content=\"2024-10-23T15:30:23+00:00\" \/>\n<meta property=\"og:image\" content=\"https:\/\/uniest.it\/wp-content\/uploads\/2020\/11\/204AAE.png\" \/>\n\t<meta property=\"og:image:width\" content=\"1283\" \/>\n\t<meta property=\"og:image:height\" content=\"2000\" \/>\n\t<meta property=\"og:image:type\" content=\"image\/png\" \/>\n<meta name=\"twitter:card\" content=\"summary_large_image\" \/>\n<meta name=\"twitter:label1\" content=\"Dur\u00e9e de lecture estim\u00e9e\" \/>\n\t<meta name=\"twitter:data1\" content=\"1 minute\" \/>\n<script type=\"application\/ld+json\" class=\"yoast-schema-graph\">{\"@context\":\"https:\/\/schema.org\",\"@graph\":[{\"@type\":\"WebPage\",\"@id\":\"https:\/\/uniest.it\/prodotto\/crema-piedi-freddi\/\",\"url\":\"https:\/\/uniest.it\/prodotto\/crema-piedi-freddi\/\",\"name\":\"Cr\u00e8me Pieds Froids - Uniest\",\"isPartOf\":{\"@id\":\"https:\/\/uniest.it\/#website\"},\"primaryImageOfPage\":{\"@id\":\"https:\/\/uniest.it\/prodotto\/crema-piedi-freddi\/#primaryimage\"},\"image\":{\"@id\":\"https:\/\/uniest.it\/prodotto\/crema-piedi-freddi\/#primaryimage\"},\"thumbnailUrl\":\"https:\/\/uniest.it\/wp-content\/uploads\/2020\/11\/204AAE.png\",\"datePublished\":\"2024-10-23T14:43:01+00:00\",\"dateModified\":\"2024-10-23T15:30:23+00:00\",\"breadcrumb\":{\"@id\":\"https:\/\/uniest.it\/prodotto\/crema-piedi-freddi\/#breadcrumb\"},\"inLanguage\":\"fr-FR\",\"potentialAction\":[{\"@type\":\"ReadAction\",\"target\":[\"https:\/\/uniest.it\/prodotto\/crema-piedi-freddi\/\"]}]},{\"@type\":\"ImageObject\",\"inLanguage\":\"fr-FR\",\"@id\":\"https:\/\/uniest.it\/prodotto\/crema-piedi-freddi\/#primaryimage\",\"url\":\"https:\/\/uniest.it\/wp-content\/uploads\/2020\/11\/204AAE.png\",\"contentUrl\":\"https:\/\/uniest.it\/wp-content\/uploads\/2020\/11\/204AAE.png\",\"width\":1283,\"height\":2000},{\"@type\":\"BreadcrumbList\",\"@id\":\"https:\/\/uniest.it\/prodotto\/crema-piedi-freddi\/#breadcrumb\",\"itemListElement\":[{\"@type\":\"ListItem\",\"position\":1,\"name\":\"Home\",\"item\":\"https:\/\/uniest.it\/fr\/\"},{\"@type\":\"ListItem\",\"position\":2,\"name\":\"Shop\",\"item\":\"https:\/\/uniest.it\/shop\/\"},{\"@type\":\"ListItem\",\"position\":3,\"name\":\"Cr\u00e8me Pieds Froids\"}]},{\"@type\":\"WebSite\",\"@id\":\"https:\/\/uniest.it\/#website\",\"url\":\"https:\/\/uniest.it\/\",\"name\":\"Uniest\",\"description\":\"Cosmetici Naturali e Bio\",\"potentialAction\":[{\"@type\":\"SearchAction\",\"target\":{\"@type\":\"EntryPoint\",\"urlTemplate\":\"https:\/\/uniest.it\/?s={search_term_string}\"},\"query-input\":{\"@type\":\"PropertyValueSpecification\",\"valueRequired\":true,\"valueName\":\"search_term_string\"}}],\"inLanguage\":\"fr-FR\"}]}<\/script>\n<!-- \/ Yoast SEO plugin. -->","yoast_head_json":{"title":"Cr\u00e8me Pieds Froids - Uniest","robots":{"index":"index","follow":"follow","max-snippet":"max-snippet:-1","max-image-preview":"max-image-preview:large","max-video-preview":"max-video-preview:-1"},"canonical":"https:\/\/uniest.it\/prodotto\/crema-piedi-freddi\/","og_locale":"fr_FR","og_type":"article","og_title":"Cr\u00e8me Pieds Froids - Uniest","og_description":"Cr\u00e8me pour les pieds froids con\u00e7ue pour combattre la sensation g\u00eanante de pieds froids, secs ou gerc\u00e9s, caus\u00e9e par une mauvaise circulation, la tension \u00e9motionnelle, le froid et le climat rigoureux. C&rsquo;est un compos\u00e9 compos\u00e9 d&rsquo;une s\u00e9rie d&rsquo;\u00e9l\u00e9ments naturels id\u00e9aux pour le soin de nos pieds, capable de donner imm\u00e9diatement une grande sensation de chaleur [&hellip;]","og_url":"https:\/\/uniest.it\/prodotto\/crema-piedi-freddi\/","og_site_name":"Uniest","article_modified_time":"2024-10-23T15:30:23+00:00","og_image":[{"width":1283,"height":2000,"url":"https:\/\/uniest.it\/wp-content\/uploads\/2020\/11\/204AAE.png","type":"image\/png"}],"twitter_card":"summary_large_image","twitter_misc":{"Dur\u00e9e de lecture estim\u00e9e":"1 minute"},"schema":{"@context":"https:\/\/schema.org","@graph":[{"@type":"WebPage","@id":"https:\/\/uniest.it\/prodotto\/crema-piedi-freddi\/","url":"https:\/\/uniest.it\/prodotto\/crema-piedi-freddi\/","name":"Cr\u00e8me Pieds Froids - Uniest","isPartOf":{"@id":"https:\/\/uniest.it\/#website"},"primaryImageOfPage":{"@id":"https:\/\/uniest.it\/prodotto\/crema-piedi-freddi\/#primaryimage"},"image":{"@id":"https:\/\/uniest.it\/prodotto\/crema-piedi-freddi\/#primaryimage"},"thumbnailUrl":"https:\/\/uniest.it\/wp-content\/uploads\/2020\/11\/204AAE.png","datePublished":"2024-10-23T14:43:01+00:00","dateModified":"2024-10-23T15:30:23+00:00","breadcrumb":{"@id":"https:\/\/uniest.it\/prodotto\/crema-piedi-freddi\/#breadcrumb"},"inLanguage":"fr-FR","potentialAction":[{"@type":"ReadAction","target":["https:\/\/uniest.it\/prodotto\/crema-piedi-freddi\/"]}]},{"@type":"ImageObject","inLanguage":"fr-FR","@id":"https:\/\/uniest.it\/prodotto\/crema-piedi-freddi\/#primaryimage","url":"https:\/\/uniest.it\/wp-content\/uploads\/2020\/11\/204AAE.png","contentUrl":"https:\/\/uniest.it\/wp-content\/uploads\/2020\/11\/204AAE.png","width":1283,"height":2000},{"@type":"BreadcrumbList","@id":"https:\/\/uniest.it\/prodotto\/crema-piedi-freddi\/#breadcrumb","itemListElement":[{"@type":"ListItem","position":1,"name":"Home","item":"https:\/\/uniest.it\/fr\/"},{"@type":"ListItem","position":2,"name":"Shop","item":"https:\/\/uniest.it\/shop\/"},{"@type":"ListItem","position":3,"name":"Cr\u00e8me Pieds Froids"}]},{"@type":"WebSite","@id":"https:\/\/uniest.it\/#website","url":"https:\/\/uniest.it\/","name":"Uniest","description":"Cosmetici Naturali e Bio","potentialAction":[{"@type":"SearchAction","target":{"@type":"EntryPoint","urlTemplate":"https:\/\/uniest.it\/?s={search_term_string}"},"query-input":{"@type":"PropertyValueSpecification","valueRequired":true,"valueName":"search_term_string"}}],"inLanguage":"fr-FR"}]}},"_links":{"self":[{"href":"https:\/\/uniest.it\/fr\/wp-json\/wp\/v2\/product\/5807","targetHints":{"allow":["GET"]}}],"collection":[{"href":"https:\/\/uniest.it\/fr\/wp-json\/wp\/v2\/product"}],"about":[{"href":"https:\/\/uniest.it\/fr\/wp-json\/wp\/v2\/types\/product"}],"wp:featuredmedia":[{"embeddable":true,"href":"https:\/\/uniest.it\/fr\/wp-json\/wp\/v2\/media\/5808"}],"wp:attachment":[{"href":"https:\/\/uniest.it\/fr\/wp-json\/wp\/v2\/media?parent=5807"}],"wp:term":[{"taxonomy":"product_brand","embeddable":true,"href":"https:\/\/uniest.it\/fr\/wp-json\/wp\/v2\/product_brand?post=5807"},{"taxonomy":"product_cat","embeddable":true,"href":"https:\/\/uniest.it\/fr\/wp-json\/wp\/v2\/product_cat?post=5807"},{"taxonomy":"product_tag","embeddable":true,"href":"https:\/\/uniest.it\/fr\/wp-json\/wp\/v2\/product_tag?post=5807"}],"curies":[{"name":"wp","href":"https:\/\/api.w.org\/{rel}","templated":true}]}}