{"id":5811,"date":"2021-02-04T12:59:39","date_gmt":"2024-10-23T14:43:02","guid":{"rendered":"https:\/\/uniest.it\/prodotto\/erbagel\/"},"modified":"2024-10-23T16:30:24","modified_gmt":"2024-10-23T15:30:24","slug":"erbagel","status":"publish","type":"product","link":"https:\/\/uniest.it\/fr\/prodotto\/erbagel\/","title":{"rendered":"Erbagel"},"content":{"rendered":"<p>Erbagel est un produit naturel cr\u00e9\u00e9 pour donner l\u00e9g\u00e8ret\u00e9 et fra\u00eecheur aux extr\u00e9mit\u00e9s fatigu\u00e9es, \u00e0 commencer par les pieds, donnant une sensation de tonicit\u00e9 \u00e0 la peau. Les huiles essentielles de Menthe poivr\u00e9e et de Menthol procurent aux jambes une d\u00e9licate sensation rafra\u00eechissante et tonifiante. Le Cypr\u00e8s, anti-\u0153d\u00e9mateux et l&rsquo;Arnica, protecteur capillaire, contribuent \u00e0 donner la sensation d&rsquo;avoir des jambes l\u00e9g\u00e8res et d\u00e9gonfl\u00e9es. De plus, l&rsquo;Acide Hyaluronique de bas poids mol\u00e9culaire, extr\u00eamement pr\u00e9cieux, conf\u00e8re \u00e0 la peau un effet \u00ab peau soyeuse \u00bb, typique des peaux jeunes et \u00e9lastiques. Propri\u00e9t\u00e9s L&rsquo;huile essentielle de menthe poivr\u00e9e poss\u00e8de des propri\u00e9t\u00e9s balsamiques, calmantes, apaisantes, drainantes, drainantes, purifiantes, rafra\u00eechissantes, vascularisantes et stimulantes. L&rsquo;huile essentielle de menthol poss\u00e8de des propri\u00e9t\u00e9s rafra\u00eechissantes, purifiantes et antiseptiques. L&rsquo;extrait d&rsquo;arnica poss\u00e8de des propri\u00e9t\u00e9s calmantes, apaisantes, drainantes, drainantes et protectrices capillaires, tandis que l&rsquo;extrait v\u00e9g\u00e9tal de cypr\u00e8s poss\u00e8de des propri\u00e9t\u00e9s astringentes, vasoconstrictrices et anti-\u0153d\u00e9mateuses. L&rsquo;acide hyaluronique renforce l&rsquo;hydratation cutan\u00e9e \u00e0 court et \u00e0 long terme, am\u00e9liore la fonction barri\u00e8re de la peau et am\u00e9liore significativement son \u00e9lasticit\u00e9.<\/p>\n","protected":false},"excerpt":{"rendered":"<p>Erbagel est un produit naturel cr\u00e9\u00e9 pour donner l\u00e9g\u00e8ret\u00e9 et fra\u00eecheur aux extr\u00e9mit\u00e9s fatigu\u00e9es, \u00e0 commencer par les pieds, donnant une sensation de tonicit\u00e9 \u00e0 la peau. Les huiles essentielles de Menthe poivr\u00e9e et de Menthol procurent aux jambes une d\u00e9licate sensation rafra\u00eechissante et tonifiante. Le Cypr\u00e8s, anti-\u0153d\u00e9mateux et l&rsquo;Arnica, protecteur capillaire, contribuent \u00e0 donner [&hellip;]<\/p>\n","protected":false},"featured_media":5812,"template":"","meta":{"_acf_changed":false,"inline_featured_image":false},"product_brand":[],"product_cat":[1372,1378,1392],"product_tag":[],"class_list":{"0":"post-5811","1":"product","2":"type-product","3":"status-publish","4":"has-post-thumbnail","6":"product_beauty-balsamico","7":"product_beauty-detox-e-dren","8":"product_beauty-idratare","9":"product_beauty-lenire","10":"product_beauty-proteggere","11":"product_beauty-rassodare-e-tonificare","12":"product_skin-tutte-le-pelli","13":"product_kind-trattamenti-speciali","14":"product_kind-tutte-le-creme-corpo","15":"product_lines-igiene-e-protezione","16":"product_cat-corpo-fr","17":"product_cat-famiglia-e-pet-fr","18":"product_cat-mani-e-piedi-fr","19":"pa_size-150-fr","21":"first","22":"instock","23":"taxable","24":"shipping-taxable","25":"purchasable","26":"product-type-simple"},"acf":[],"yoast_head":"<!-- This site is optimized with the Yoast SEO plugin v24.6 - https:\/\/yoast.com\/wordpress\/plugins\/seo\/ -->\n<title>Erbagel - Uniest<\/title>\n<meta name=\"robots\" content=\"index, follow, max-snippet:-1, max-image-preview:large, max-video-preview:-1\" \/>\n<link rel=\"canonical\" href=\"https:\/\/uniest.it\/prodotto\/erbagel\/\" \/>\n<meta property=\"og:locale\" content=\"fr_FR\" \/>\n<meta property=\"og:type\" content=\"article\" \/>\n<meta property=\"og:title\" content=\"Erbagel - Uniest\" \/>\n<meta property=\"og:description\" content=\"Erbagel est un produit naturel cr\u00e9\u00e9 pour donner l\u00e9g\u00e8ret\u00e9 et fra\u00eecheur aux extr\u00e9mit\u00e9s fatigu\u00e9es, \u00e0 commencer par les pieds, donnant une sensation de tonicit\u00e9 \u00e0 la peau. Les huiles essentielles de Menthe poivr\u00e9e et de Menthol procurent aux jambes une d\u00e9licate sensation rafra\u00eechissante et tonifiante. Le Cypr\u00e8s, anti-\u0153d\u00e9mateux et l&rsquo;Arnica, protecteur capillaire, contribuent \u00e0 donner [&hellip;]\" \/>\n<meta property=\"og:url\" content=\"https:\/\/uniest.it\/prodotto\/erbagel\/\" \/>\n<meta property=\"og:site_name\" content=\"Uniest\" \/>\n<meta property=\"article:modified_time\" content=\"2024-10-23T15:30:24+00:00\" \/>\n<meta property=\"og:image\" content=\"https:\/\/uniest.it\/wp-content\/uploads\/2020\/11\/222AAE.png\" \/>\n\t<meta property=\"og:image:width\" content=\"1283\" \/>\n\t<meta property=\"og:image:height\" content=\"2000\" \/>\n\t<meta property=\"og:image:type\" content=\"image\/png\" \/>\n<meta name=\"twitter:card\" content=\"summary_large_image\" \/>\n<meta name=\"twitter:label1\" content=\"Dur\u00e9e de lecture estim\u00e9e\" \/>\n\t<meta name=\"twitter:data1\" content=\"1 minute\" \/>\n<script type=\"application\/ld+json\" class=\"yoast-schema-graph\">{\"@context\":\"https:\/\/schema.org\",\"@graph\":[{\"@type\":\"WebPage\",\"@id\":\"https:\/\/uniest.it\/prodotto\/erbagel\/\",\"url\":\"https:\/\/uniest.it\/prodotto\/erbagel\/\",\"name\":\"Erbagel - Uniest\",\"isPartOf\":{\"@id\":\"https:\/\/uniest.it\/#website\"},\"primaryImageOfPage\":{\"@id\":\"https:\/\/uniest.it\/prodotto\/erbagel\/#primaryimage\"},\"image\":{\"@id\":\"https:\/\/uniest.it\/prodotto\/erbagel\/#primaryimage\"},\"thumbnailUrl\":\"https:\/\/uniest.it\/wp-content\/uploads\/2020\/11\/222AAE.png\",\"datePublished\":\"2024-10-23T14:43:02+00:00\",\"dateModified\":\"2024-10-23T15:30:24+00:00\",\"breadcrumb\":{\"@id\":\"https:\/\/uniest.it\/prodotto\/erbagel\/#breadcrumb\"},\"inLanguage\":\"fr-FR\",\"potentialAction\":[{\"@type\":\"ReadAction\",\"target\":[\"https:\/\/uniest.it\/prodotto\/erbagel\/\"]}]},{\"@type\":\"ImageObject\",\"inLanguage\":\"fr-FR\",\"@id\":\"https:\/\/uniest.it\/prodotto\/erbagel\/#primaryimage\",\"url\":\"https:\/\/uniest.it\/wp-content\/uploads\/2020\/11\/222AAE.png\",\"contentUrl\":\"https:\/\/uniest.it\/wp-content\/uploads\/2020\/11\/222AAE.png\",\"width\":1283,\"height\":2000},{\"@type\":\"BreadcrumbList\",\"@id\":\"https:\/\/uniest.it\/prodotto\/erbagel\/#breadcrumb\",\"itemListElement\":[{\"@type\":\"ListItem\",\"position\":1,\"name\":\"Home\",\"item\":\"https:\/\/uniest.it\/fr\/\"},{\"@type\":\"ListItem\",\"position\":2,\"name\":\"Shop\",\"item\":\"https:\/\/uniest.it\/shop\/\"},{\"@type\":\"ListItem\",\"position\":3,\"name\":\"Erbagel\"}]},{\"@type\":\"WebSite\",\"@id\":\"https:\/\/uniest.it\/#website\",\"url\":\"https:\/\/uniest.it\/\",\"name\":\"Uniest\",\"description\":\"Cosmetici Naturali e Bio\",\"potentialAction\":[{\"@type\":\"SearchAction\",\"target\":{\"@type\":\"EntryPoint\",\"urlTemplate\":\"https:\/\/uniest.it\/?s={search_term_string}\"},\"query-input\":{\"@type\":\"PropertyValueSpecification\",\"valueRequired\":true,\"valueName\":\"search_term_string\"}}],\"inLanguage\":\"fr-FR\"}]}<\/script>\n<!-- \/ Yoast SEO plugin. -->","yoast_head_json":{"title":"Erbagel - Uniest","robots":{"index":"index","follow":"follow","max-snippet":"max-snippet:-1","max-image-preview":"max-image-preview:large","max-video-preview":"max-video-preview:-1"},"canonical":"https:\/\/uniest.it\/prodotto\/erbagel\/","og_locale":"fr_FR","og_type":"article","og_title":"Erbagel - Uniest","og_description":"Erbagel est un produit naturel cr\u00e9\u00e9 pour donner l\u00e9g\u00e8ret\u00e9 et fra\u00eecheur aux extr\u00e9mit\u00e9s fatigu\u00e9es, \u00e0 commencer par les pieds, donnant une sensation de tonicit\u00e9 \u00e0 la peau. Les huiles essentielles de Menthe poivr\u00e9e et de Menthol procurent aux jambes une d\u00e9licate sensation rafra\u00eechissante et tonifiante. Le Cypr\u00e8s, anti-\u0153d\u00e9mateux et l&rsquo;Arnica, protecteur capillaire, contribuent \u00e0 donner [&hellip;]","og_url":"https:\/\/uniest.it\/prodotto\/erbagel\/","og_site_name":"Uniest","article_modified_time":"2024-10-23T15:30:24+00:00","og_image":[{"width":1283,"height":2000,"url":"https:\/\/uniest.it\/wp-content\/uploads\/2020\/11\/222AAE.png","type":"image\/png"}],"twitter_card":"summary_large_image","twitter_misc":{"Dur\u00e9e de lecture estim\u00e9e":"1 minute"},"schema":{"@context":"https:\/\/schema.org","@graph":[{"@type":"WebPage","@id":"https:\/\/uniest.it\/prodotto\/erbagel\/","url":"https:\/\/uniest.it\/prodotto\/erbagel\/","name":"Erbagel - Uniest","isPartOf":{"@id":"https:\/\/uniest.it\/#website"},"primaryImageOfPage":{"@id":"https:\/\/uniest.it\/prodotto\/erbagel\/#primaryimage"},"image":{"@id":"https:\/\/uniest.it\/prodotto\/erbagel\/#primaryimage"},"thumbnailUrl":"https:\/\/uniest.it\/wp-content\/uploads\/2020\/11\/222AAE.png","datePublished":"2024-10-23T14:43:02+00:00","dateModified":"2024-10-23T15:30:24+00:00","breadcrumb":{"@id":"https:\/\/uniest.it\/prodotto\/erbagel\/#breadcrumb"},"inLanguage":"fr-FR","potentialAction":[{"@type":"ReadAction","target":["https:\/\/uniest.it\/prodotto\/erbagel\/"]}]},{"@type":"ImageObject","inLanguage":"fr-FR","@id":"https:\/\/uniest.it\/prodotto\/erbagel\/#primaryimage","url":"https:\/\/uniest.it\/wp-content\/uploads\/2020\/11\/222AAE.png","contentUrl":"https:\/\/uniest.it\/wp-content\/uploads\/2020\/11\/222AAE.png","width":1283,"height":2000},{"@type":"BreadcrumbList","@id":"https:\/\/uniest.it\/prodotto\/erbagel\/#breadcrumb","itemListElement":[{"@type":"ListItem","position":1,"name":"Home","item":"https:\/\/uniest.it\/fr\/"},{"@type":"ListItem","position":2,"name":"Shop","item":"https:\/\/uniest.it\/shop\/"},{"@type":"ListItem","position":3,"name":"Erbagel"}]},{"@type":"WebSite","@id":"https:\/\/uniest.it\/#website","url":"https:\/\/uniest.it\/","name":"Uniest","description":"Cosmetici Naturali e Bio","potentialAction":[{"@type":"SearchAction","target":{"@type":"EntryPoint","urlTemplate":"https:\/\/uniest.it\/?s={search_term_string}"},"query-input":{"@type":"PropertyValueSpecification","valueRequired":true,"valueName":"search_term_string"}}],"inLanguage":"fr-FR"}]}},"_links":{"self":[{"href":"https:\/\/uniest.it\/fr\/wp-json\/wp\/v2\/product\/5811","targetHints":{"allow":["GET"]}}],"collection":[{"href":"https:\/\/uniest.it\/fr\/wp-json\/wp\/v2\/product"}],"about":[{"href":"https:\/\/uniest.it\/fr\/wp-json\/wp\/v2\/types\/product"}],"wp:featuredmedia":[{"embeddable":true,"href":"https:\/\/uniest.it\/fr\/wp-json\/wp\/v2\/media\/5812"}],"wp:attachment":[{"href":"https:\/\/uniest.it\/fr\/wp-json\/wp\/v2\/media?parent=5811"}],"wp:term":[{"taxonomy":"product_brand","embeddable":true,"href":"https:\/\/uniest.it\/fr\/wp-json\/wp\/v2\/product_brand?post=5811"},{"taxonomy":"product_cat","embeddable":true,"href":"https:\/\/uniest.it\/fr\/wp-json\/wp\/v2\/product_cat?post=5811"},{"taxonomy":"product_tag","embeddable":true,"href":"https:\/\/uniest.it\/fr\/wp-json\/wp\/v2\/product_tag?post=5811"}],"curies":[{"name":"wp","href":"https:\/\/api.w.org\/{rel}","templated":true}]}}