{"id":5813,"date":"2021-02-04T12:59:39","date_gmt":"2024-10-23T14:43:03","guid":{"rendered":"https:\/\/uniest.it\/prodotto\/epluchage-de-legumes\/"},"modified":"2024-10-23T16:30:24","modified_gmt":"2024-10-23T15:30:24","slug":"epluchage-de-legumes","status":"publish","type":"product","link":"https:\/\/uniest.it\/fr\/prodotto\/epluchage-de-legumes\/","title":{"rendered":"\u00c9pluchage De L\u00e9gumes"},"content":{"rendered":"<p>Le peeling v\u00e9g\u00e9tal permet de lib\u00e9rer la peau des impuret\u00e9s et des cellules mortes gr\u00e2ce \u00e0 l&rsquo;action microexfoliante de la poudre d&rsquo;Amande douce. La peau para\u00eet plus lumineuse gr\u00e2ce \u00e0 l&rsquo;effet des huiles essentielles de Romarin et de Citron, douce et lisse. En plus de lisser et d&rsquo;\u00e9claircir la peau, l&rsquo;utilisation du Peeling V\u00e9g\u00e9tal contribue \u00e0 am\u00e9liorer l&rsquo;oxyg\u00e9nation cutan\u00e9e et l&rsquo;\u00e9lasticit\u00e9 des tissus, en augmentant la p\u00e9n\u00e9tration des principes actifs contenus dans les produits appliqu\u00e9s ensuite. Sa formulation cr\u00e8me \u00e0 base d&rsquo;huile de son de riz et de beurre de karit\u00e9 biologique hydrate et pr\u00e9vient le dess\u00e8chement cutan\u00e9. Convient aussi bien au visage qu&rsquo;au corps.<\/p>\n","protected":false},"excerpt":{"rendered":"<p>Le peeling v\u00e9g\u00e9tal permet de lib\u00e9rer la peau des impuret\u00e9s et des cellules mortes gr\u00e2ce \u00e0 l&rsquo;action microexfoliante de la poudre d&rsquo;Amande douce. La peau para\u00eet plus lumineuse gr\u00e2ce \u00e0 l&rsquo;effet des huiles essentielles de Romarin et de Citron, douce et lisse. En plus de lisser et d&rsquo;\u00e9claircir la peau, l&rsquo;utilisation du Peeling V\u00e9g\u00e9tal contribue [&hellip;]<\/p>\n","protected":false},"featured_media":5814,"template":"","meta":{"_acf_changed":false,"inline_featured_image":false},"product_brand":[],"product_cat":[1372,1383,1392],"product_tag":[],"class_list":{"0":"post-5813","1":"product","2":"type-product","3":"status-publish","4":"has-post-thumbnail","6":"product_beauty-anti-cellulite","7":"product_beauty-antirughe","8":"product_beauty-esfoliare","9":"product_beauty-idratare","10":"product_beauty-nutrire-e-rigenerare","11":"product_beauty-rassodare-e-tonificare","12":"product_skin-tutte-le-pelli","13":"product_kind-maschere-ed-esfolianti-viso","14":"product_kind-trattamenti-mani-e-piedi","15":"product_kind-trattamenti-speciali","16":"product_lines-corpo-e-benessere","17":"product_cat-corpo-fr","18":"product_cat-viso-fr","19":"product_cat-mani-e-piedi-fr","20":"pa_size-100-fr","22":"first","23":"instock","24":"taxable","25":"shipping-taxable","26":"purchasable","27":"product-type-simple"},"acf":[],"yoast_head":"<!-- This site is optimized with the Yoast SEO plugin v24.6 - https:\/\/yoast.com\/wordpress\/plugins\/seo\/ -->\n<title>\u00c9pluchage De L\u00e9gumes - Uniest<\/title>\n<meta name=\"robots\" content=\"index, follow, max-snippet:-1, max-image-preview:large, max-video-preview:-1\" \/>\n<link rel=\"canonical\" href=\"https:\/\/uniest.it\/prodotto\/peeling-vegetale\/\" \/>\n<meta property=\"og:locale\" content=\"fr_FR\" \/>\n<meta property=\"og:type\" content=\"article\" \/>\n<meta property=\"og:title\" content=\"\u00c9pluchage De L\u00e9gumes - Uniest\" \/>\n<meta property=\"og:description\" content=\"Le peeling v\u00e9g\u00e9tal permet de lib\u00e9rer la peau des impuret\u00e9s et des cellules mortes gr\u00e2ce \u00e0 l&rsquo;action microexfoliante de la poudre d&rsquo;Amande douce. La peau para\u00eet plus lumineuse gr\u00e2ce \u00e0 l&rsquo;effet des huiles essentielles de Romarin et de Citron, douce et lisse. En plus de lisser et d&rsquo;\u00e9claircir la peau, l&rsquo;utilisation du Peeling V\u00e9g\u00e9tal contribue [&hellip;]\" \/>\n<meta property=\"og:url\" content=\"https:\/\/uniest.it\/prodotto\/peeling-vegetale\/\" \/>\n<meta property=\"og:site_name\" content=\"Uniest\" \/>\n<meta property=\"article:modified_time\" content=\"2024-10-23T15:30:24+00:00\" \/>\n<meta property=\"og:image\" content=\"https:\/\/uniest.it\/wp-content\/uploads\/2020\/11\/223AAE.png\" \/>\n\t<meta property=\"og:image:width\" content=\"1283\" \/>\n\t<meta property=\"og:image:height\" content=\"2001\" \/>\n\t<meta property=\"og:image:type\" content=\"image\/png\" \/>\n<meta name=\"twitter:card\" content=\"summary_large_image\" \/>\n<meta name=\"twitter:label1\" content=\"Dur\u00e9e de lecture estim\u00e9e\" \/>\n\t<meta name=\"twitter:data1\" content=\"1 minute\" \/>\n<script type=\"application\/ld+json\" class=\"yoast-schema-graph\">{\"@context\":\"https:\/\/schema.org\",\"@graph\":[{\"@type\":\"WebPage\",\"@id\":\"https:\/\/uniest.it\/prodotto\/peeling-vegetale\/\",\"url\":\"https:\/\/uniest.it\/prodotto\/peeling-vegetale\/\",\"name\":\"\u00c9pluchage De L\u00e9gumes - Uniest\",\"isPartOf\":{\"@id\":\"https:\/\/uniest.it\/#website\"},\"primaryImageOfPage\":{\"@id\":\"https:\/\/uniest.it\/prodotto\/peeling-vegetale\/#primaryimage\"},\"image\":{\"@id\":\"https:\/\/uniest.it\/prodotto\/peeling-vegetale\/#primaryimage\"},\"thumbnailUrl\":\"https:\/\/uniest.it\/wp-content\/uploads\/2020\/11\/223AAE.png\",\"datePublished\":\"2024-10-23T14:43:03+00:00\",\"dateModified\":\"2024-10-23T15:30:24+00:00\",\"breadcrumb\":{\"@id\":\"https:\/\/uniest.it\/prodotto\/peeling-vegetale\/#breadcrumb\"},\"inLanguage\":\"fr-FR\",\"potentialAction\":[{\"@type\":\"ReadAction\",\"target\":[\"https:\/\/uniest.it\/prodotto\/peeling-vegetale\/\"]}]},{\"@type\":\"ImageObject\",\"inLanguage\":\"fr-FR\",\"@id\":\"https:\/\/uniest.it\/prodotto\/peeling-vegetale\/#primaryimage\",\"url\":\"https:\/\/uniest.it\/wp-content\/uploads\/2020\/11\/223AAE.png\",\"contentUrl\":\"https:\/\/uniest.it\/wp-content\/uploads\/2020\/11\/223AAE.png\",\"width\":1283,\"height\":2001},{\"@type\":\"BreadcrumbList\",\"@id\":\"https:\/\/uniest.it\/prodotto\/peeling-vegetale\/#breadcrumb\",\"itemListElement\":[{\"@type\":\"ListItem\",\"position\":1,\"name\":\"Home\",\"item\":\"https:\/\/uniest.it\/fr\/\"},{\"@type\":\"ListItem\",\"position\":2,\"name\":\"Shop\",\"item\":\"https:\/\/uniest.it\/shop\/\"},{\"@type\":\"ListItem\",\"position\":3,\"name\":\"\u00c9pluchage De L\u00e9gumes\"}]},{\"@type\":\"WebSite\",\"@id\":\"https:\/\/uniest.it\/#website\",\"url\":\"https:\/\/uniest.it\/\",\"name\":\"Uniest\",\"description\":\"Cosmetici Naturali e Bio\",\"potentialAction\":[{\"@type\":\"SearchAction\",\"target\":{\"@type\":\"EntryPoint\",\"urlTemplate\":\"https:\/\/uniest.it\/?s={search_term_string}\"},\"query-input\":{\"@type\":\"PropertyValueSpecification\",\"valueRequired\":true,\"valueName\":\"search_term_string\"}}],\"inLanguage\":\"fr-FR\"}]}<\/script>\n<!-- \/ Yoast SEO plugin. -->","yoast_head_json":{"title":"\u00c9pluchage De L\u00e9gumes - Uniest","robots":{"index":"index","follow":"follow","max-snippet":"max-snippet:-1","max-image-preview":"max-image-preview:large","max-video-preview":"max-video-preview:-1"},"canonical":"https:\/\/uniest.it\/prodotto\/peeling-vegetale\/","og_locale":"fr_FR","og_type":"article","og_title":"\u00c9pluchage De L\u00e9gumes - Uniest","og_description":"Le peeling v\u00e9g\u00e9tal permet de lib\u00e9rer la peau des impuret\u00e9s et des cellules mortes gr\u00e2ce \u00e0 l&rsquo;action microexfoliante de la poudre d&rsquo;Amande douce. La peau para\u00eet plus lumineuse gr\u00e2ce \u00e0 l&rsquo;effet des huiles essentielles de Romarin et de Citron, douce et lisse. En plus de lisser et d&rsquo;\u00e9claircir la peau, l&rsquo;utilisation du Peeling V\u00e9g\u00e9tal contribue [&hellip;]","og_url":"https:\/\/uniest.it\/prodotto\/peeling-vegetale\/","og_site_name":"Uniest","article_modified_time":"2024-10-23T15:30:24+00:00","og_image":[{"width":1283,"height":2001,"url":"https:\/\/uniest.it\/wp-content\/uploads\/2020\/11\/223AAE.png","type":"image\/png"}],"twitter_card":"summary_large_image","twitter_misc":{"Dur\u00e9e de lecture estim\u00e9e":"1 minute"},"schema":{"@context":"https:\/\/schema.org","@graph":[{"@type":"WebPage","@id":"https:\/\/uniest.it\/prodotto\/peeling-vegetale\/","url":"https:\/\/uniest.it\/prodotto\/peeling-vegetale\/","name":"\u00c9pluchage De L\u00e9gumes - Uniest","isPartOf":{"@id":"https:\/\/uniest.it\/#website"},"primaryImageOfPage":{"@id":"https:\/\/uniest.it\/prodotto\/peeling-vegetale\/#primaryimage"},"image":{"@id":"https:\/\/uniest.it\/prodotto\/peeling-vegetale\/#primaryimage"},"thumbnailUrl":"https:\/\/uniest.it\/wp-content\/uploads\/2020\/11\/223AAE.png","datePublished":"2024-10-23T14:43:03+00:00","dateModified":"2024-10-23T15:30:24+00:00","breadcrumb":{"@id":"https:\/\/uniest.it\/prodotto\/peeling-vegetale\/#breadcrumb"},"inLanguage":"fr-FR","potentialAction":[{"@type":"ReadAction","target":["https:\/\/uniest.it\/prodotto\/peeling-vegetale\/"]}]},{"@type":"ImageObject","inLanguage":"fr-FR","@id":"https:\/\/uniest.it\/prodotto\/peeling-vegetale\/#primaryimage","url":"https:\/\/uniest.it\/wp-content\/uploads\/2020\/11\/223AAE.png","contentUrl":"https:\/\/uniest.it\/wp-content\/uploads\/2020\/11\/223AAE.png","width":1283,"height":2001},{"@type":"BreadcrumbList","@id":"https:\/\/uniest.it\/prodotto\/peeling-vegetale\/#breadcrumb","itemListElement":[{"@type":"ListItem","position":1,"name":"Home","item":"https:\/\/uniest.it\/fr\/"},{"@type":"ListItem","position":2,"name":"Shop","item":"https:\/\/uniest.it\/shop\/"},{"@type":"ListItem","position":3,"name":"\u00c9pluchage De L\u00e9gumes"}]},{"@type":"WebSite","@id":"https:\/\/uniest.it\/#website","url":"https:\/\/uniest.it\/","name":"Uniest","description":"Cosmetici Naturali e Bio","potentialAction":[{"@type":"SearchAction","target":{"@type":"EntryPoint","urlTemplate":"https:\/\/uniest.it\/?s={search_term_string}"},"query-input":{"@type":"PropertyValueSpecification","valueRequired":true,"valueName":"search_term_string"}}],"inLanguage":"fr-FR"}]}},"_links":{"self":[{"href":"https:\/\/uniest.it\/fr\/wp-json\/wp\/v2\/product\/5813","targetHints":{"allow":["GET"]}}],"collection":[{"href":"https:\/\/uniest.it\/fr\/wp-json\/wp\/v2\/product"}],"about":[{"href":"https:\/\/uniest.it\/fr\/wp-json\/wp\/v2\/types\/product"}],"wp:featuredmedia":[{"embeddable":true,"href":"https:\/\/uniest.it\/fr\/wp-json\/wp\/v2\/media\/5814"}],"wp:attachment":[{"href":"https:\/\/uniest.it\/fr\/wp-json\/wp\/v2\/media?parent=5813"}],"wp:term":[{"taxonomy":"product_brand","embeddable":true,"href":"https:\/\/uniest.it\/fr\/wp-json\/wp\/v2\/product_brand?post=5813"},{"taxonomy":"product_cat","embeddable":true,"href":"https:\/\/uniest.it\/fr\/wp-json\/wp\/v2\/product_cat?post=5813"},{"taxonomy":"product_tag","embeddable":true,"href":"https:\/\/uniest.it\/fr\/wp-json\/wp\/v2\/product_tag?post=5813"}],"curies":[{"name":"wp","href":"https:\/\/api.w.org\/{rel}","templated":true}]}}