{"id":5815,"date":"2021-02-04T13:00:05","date_gmt":"2024-10-23T14:43:04","guid":{"rendered":"https:\/\/uniest.it\/prodotto\/shampoing-fortifiant-et-epaississant\/"},"modified":"2024-10-23T16:30:25","modified_gmt":"2024-10-23T15:30:25","slug":"shampoing-fortifiant-et-epaississant","status":"publish","type":"product","link":"https:\/\/uniest.it\/fr\/prodotto\/shampoing-fortifiant-et-epaississant\/","title":{"rendered":"Shampoing Fortifiant et \u00c9paississant"},"content":{"rendered":"<p>*Il est possible que l&#8217;emballage diff\u00e8re de la photographie. Shampoing fortifiant et \u00e9paississant dont la formule d\u00e9licate est id\u00e9ale pour laver les cheveux fragiles et cassants. La pr\u00e9sence de min\u00e9raux, apport\u00e9e par l&rsquo;Extrait V\u00e9g\u00e9tal de Ch\u00eane Marin, associ\u00e9e \u00e0 l&rsquo;action calmante et d\u00e9congestionnante de l&rsquo;Extrait V\u00e9g\u00e9tal de Calendula*, nourrissent de la racine aux cheveux fragiles et cassants, nettoyant d\u00e9licatement le cuir chevelu. Puissante action fortifiante et \u00e9paississante donn\u00e9e par les pr\u00e9cieux extraits de Maca et de Glycog\u00e8ne, qui aident \u00e0 lutter contre la chute et la casse des cheveux, aidant \u00e0 revitaliser m\u00eame les cheveux les plus fatigu\u00e9s et stress\u00e9s. En effet, les cheveux retrouveront leur \u00e9clat et leur vitalit\u00e9 naturels. * Produit issu de l&rsquo;agriculture biologique<\/p>\n","protected":false},"excerpt":{"rendered":"<p>*Il est possible que l&#8217;emballage diff\u00e8re de la photographie. Shampoing fortifiant et \u00e9paississant dont la formule d\u00e9licate est id\u00e9ale pour laver les cheveux fragiles et cassants. La pr\u00e9sence de min\u00e9raux, apport\u00e9e par l&rsquo;Extrait V\u00e9g\u00e9tal de Ch\u00eane Marin, associ\u00e9e \u00e0 l&rsquo;action calmante et d\u00e9congestionnante de l&rsquo;Extrait V\u00e9g\u00e9tal de Calendula*, nourrissent de la racine aux cheveux fragiles [&hellip;]<\/p>\n","protected":false},"featured_media":5816,"template":"","meta":{"_acf_changed":false,"inline_featured_image":false},"product_brand":[],"product_cat":[1384,1372,1373],"product_tag":[],"class_list":{"0":"post-5815","1":"product","2":"type-product","3":"status-publish","4":"has-post-thumbnail","6":"product_beauty-detergere","7":"product_beauty-idratare","8":"product_beauty-nutrire-e-rigenerare","9":"product_beauty-proteggere","10":"product_skin-tutti-i-capelli","11":"product_kind-bagno","12":"product_kind-doccia","13":"product_kind-shampoo-e-detergenza","14":"product_lines-capelli","15":"product_cat-capelli-fr","16":"product_cat-corpo-fr","17":"product_cat-uomo-fr","18":"pa_size-250-fr","20":"first","21":"instock","22":"taxable","23":"shipping-taxable","24":"purchasable","25":"product-type-simple"},"acf":[],"yoast_head":"<!-- This site is optimized with the Yoast SEO plugin v24.6 - https:\/\/yoast.com\/wordpress\/plugins\/seo\/ -->\n<title>Shampoing Fortifiant et \u00c9paississant - Uniest<\/title>\n<meta name=\"robots\" content=\"index, follow, max-snippet:-1, max-image-preview:large, max-video-preview:-1\" \/>\n<link rel=\"canonical\" href=\"https:\/\/uniest.it\/fr\/prodotto\/shampoing-fortifiant-et-epaississant\/\" \/>\n<meta property=\"og:locale\" content=\"fr_FR\" \/>\n<meta property=\"og:type\" content=\"article\" \/>\n<meta property=\"og:title\" content=\"Shampoing Fortifiant et \u00c9paississant - Uniest\" \/>\n<meta property=\"og:description\" content=\"*Il est possible que l&#8217;emballage diff\u00e8re de la photographie. Shampoing fortifiant et \u00e9paississant dont la formule d\u00e9licate est id\u00e9ale pour laver les cheveux fragiles et cassants. La pr\u00e9sence de min\u00e9raux, apport\u00e9e par l&rsquo;Extrait V\u00e9g\u00e9tal de Ch\u00eane Marin, associ\u00e9e \u00e0 l&rsquo;action calmante et d\u00e9congestionnante de l&rsquo;Extrait V\u00e9g\u00e9tal de Calendula*, nourrissent de la racine aux cheveux fragiles [&hellip;]\" \/>\n<meta property=\"og:url\" content=\"https:\/\/uniest.it\/fr\/prodotto\/shampoing-fortifiant-et-epaississant\/\" \/>\n<meta property=\"og:site_name\" content=\"Uniest\" \/>\n<meta property=\"article:modified_time\" content=\"2024-10-23T15:30:25+00:00\" \/>\n<meta property=\"og:image\" content=\"https:\/\/uniest.it\/wp-content\/uploads\/2020\/11\/256AAE.png\" \/>\n\t<meta property=\"og:image:width\" content=\"1283\" \/>\n\t<meta property=\"og:image:height\" content=\"2001\" \/>\n\t<meta property=\"og:image:type\" content=\"image\/png\" \/>\n<meta name=\"twitter:card\" content=\"summary_large_image\" \/>\n<meta name=\"twitter:label1\" content=\"Dur\u00e9e de lecture estim\u00e9e\" \/>\n\t<meta name=\"twitter:data1\" content=\"1 minute\" \/>\n<script type=\"application\/ld+json\" class=\"yoast-schema-graph\">{\"@context\":\"https:\/\/schema.org\",\"@graph\":[{\"@type\":\"WebPage\",\"@id\":\"https:\/\/uniest.it\/fr\/prodotto\/shampoing-fortifiant-et-epaississant\/\",\"url\":\"https:\/\/uniest.it\/fr\/prodotto\/shampoing-fortifiant-et-epaississant\/\",\"name\":\"Shampoing Fortifiant et \u00c9paississant - Uniest\",\"isPartOf\":{\"@id\":\"https:\/\/uniest.it\/#website\"},\"primaryImageOfPage\":{\"@id\":\"https:\/\/uniest.it\/fr\/prodotto\/shampoing-fortifiant-et-epaississant\/#primaryimage\"},\"image\":{\"@id\":\"https:\/\/uniest.it\/fr\/prodotto\/shampoing-fortifiant-et-epaississant\/#primaryimage\"},\"thumbnailUrl\":\"https:\/\/uniest.it\/wp-content\/uploads\/2020\/11\/256AAE.png\",\"datePublished\":\"2024-10-23T14:43:04+00:00\",\"dateModified\":\"2024-10-23T15:30:25+00:00\",\"breadcrumb\":{\"@id\":\"https:\/\/uniest.it\/fr\/prodotto\/shampoing-fortifiant-et-epaississant\/#breadcrumb\"},\"inLanguage\":\"fr-FR\",\"potentialAction\":[{\"@type\":\"ReadAction\",\"target\":[\"https:\/\/uniest.it\/fr\/prodotto\/shampoing-fortifiant-et-epaississant\/\"]}]},{\"@type\":\"ImageObject\",\"inLanguage\":\"fr-FR\",\"@id\":\"https:\/\/uniest.it\/fr\/prodotto\/shampoing-fortifiant-et-epaississant\/#primaryimage\",\"url\":\"https:\/\/uniest.it\/wp-content\/uploads\/2020\/11\/256AAE.png\",\"contentUrl\":\"https:\/\/uniest.it\/wp-content\/uploads\/2020\/11\/256AAE.png\",\"width\":1283,\"height\":2001},{\"@type\":\"BreadcrumbList\",\"@id\":\"https:\/\/uniest.it\/fr\/prodotto\/shampoing-fortifiant-et-epaississant\/#breadcrumb\",\"itemListElement\":[{\"@type\":\"ListItem\",\"position\":1,\"name\":\"Home\",\"item\":\"https:\/\/uniest.it\/fr\/\"},{\"@type\":\"ListItem\",\"position\":2,\"name\":\"Shop\",\"item\":\"https:\/\/uniest.it\/shop\/\"},{\"@type\":\"ListItem\",\"position\":3,\"name\":\"Shampoing Fortifiant et \u00c9paississant\"}]},{\"@type\":\"WebSite\",\"@id\":\"https:\/\/uniest.it\/#website\",\"url\":\"https:\/\/uniest.it\/\",\"name\":\"Uniest\",\"description\":\"Cosmetici Naturali e Bio\",\"potentialAction\":[{\"@type\":\"SearchAction\",\"target\":{\"@type\":\"EntryPoint\",\"urlTemplate\":\"https:\/\/uniest.it\/?s={search_term_string}\"},\"query-input\":{\"@type\":\"PropertyValueSpecification\",\"valueRequired\":true,\"valueName\":\"search_term_string\"}}],\"inLanguage\":\"fr-FR\"}]}<\/script>\n<!-- \/ Yoast SEO plugin. -->","yoast_head_json":{"title":"Shampoing Fortifiant et \u00c9paississant - Uniest","robots":{"index":"index","follow":"follow","max-snippet":"max-snippet:-1","max-image-preview":"max-image-preview:large","max-video-preview":"max-video-preview:-1"},"canonical":"https:\/\/uniest.it\/fr\/prodotto\/shampoing-fortifiant-et-epaississant\/","og_locale":"fr_FR","og_type":"article","og_title":"Shampoing Fortifiant et \u00c9paississant - Uniest","og_description":"*Il est possible que l&#8217;emballage diff\u00e8re de la photographie. Shampoing fortifiant et \u00e9paississant dont la formule d\u00e9licate est id\u00e9ale pour laver les cheveux fragiles et cassants. La pr\u00e9sence de min\u00e9raux, apport\u00e9e par l&rsquo;Extrait V\u00e9g\u00e9tal de Ch\u00eane Marin, associ\u00e9e \u00e0 l&rsquo;action calmante et d\u00e9congestionnante de l&rsquo;Extrait V\u00e9g\u00e9tal de Calendula*, nourrissent de la racine aux cheveux fragiles [&hellip;]","og_url":"https:\/\/uniest.it\/fr\/prodotto\/shampoing-fortifiant-et-epaississant\/","og_site_name":"Uniest","article_modified_time":"2024-10-23T15:30:25+00:00","og_image":[{"width":1283,"height":2001,"url":"https:\/\/uniest.it\/wp-content\/uploads\/2020\/11\/256AAE.png","type":"image\/png"}],"twitter_card":"summary_large_image","twitter_misc":{"Dur\u00e9e de lecture estim\u00e9e":"1 minute"},"schema":{"@context":"https:\/\/schema.org","@graph":[{"@type":"WebPage","@id":"https:\/\/uniest.it\/fr\/prodotto\/shampoing-fortifiant-et-epaississant\/","url":"https:\/\/uniest.it\/fr\/prodotto\/shampoing-fortifiant-et-epaississant\/","name":"Shampoing Fortifiant et \u00c9paississant - Uniest","isPartOf":{"@id":"https:\/\/uniest.it\/#website"},"primaryImageOfPage":{"@id":"https:\/\/uniest.it\/fr\/prodotto\/shampoing-fortifiant-et-epaississant\/#primaryimage"},"image":{"@id":"https:\/\/uniest.it\/fr\/prodotto\/shampoing-fortifiant-et-epaississant\/#primaryimage"},"thumbnailUrl":"https:\/\/uniest.it\/wp-content\/uploads\/2020\/11\/256AAE.png","datePublished":"2024-10-23T14:43:04+00:00","dateModified":"2024-10-23T15:30:25+00:00","breadcrumb":{"@id":"https:\/\/uniest.it\/fr\/prodotto\/shampoing-fortifiant-et-epaississant\/#breadcrumb"},"inLanguage":"fr-FR","potentialAction":[{"@type":"ReadAction","target":["https:\/\/uniest.it\/fr\/prodotto\/shampoing-fortifiant-et-epaississant\/"]}]},{"@type":"ImageObject","inLanguage":"fr-FR","@id":"https:\/\/uniest.it\/fr\/prodotto\/shampoing-fortifiant-et-epaississant\/#primaryimage","url":"https:\/\/uniest.it\/wp-content\/uploads\/2020\/11\/256AAE.png","contentUrl":"https:\/\/uniest.it\/wp-content\/uploads\/2020\/11\/256AAE.png","width":1283,"height":2001},{"@type":"BreadcrumbList","@id":"https:\/\/uniest.it\/fr\/prodotto\/shampoing-fortifiant-et-epaississant\/#breadcrumb","itemListElement":[{"@type":"ListItem","position":1,"name":"Home","item":"https:\/\/uniest.it\/fr\/"},{"@type":"ListItem","position":2,"name":"Shop","item":"https:\/\/uniest.it\/shop\/"},{"@type":"ListItem","position":3,"name":"Shampoing Fortifiant et \u00c9paississant"}]},{"@type":"WebSite","@id":"https:\/\/uniest.it\/#website","url":"https:\/\/uniest.it\/","name":"Uniest","description":"Cosmetici Naturali e Bio","potentialAction":[{"@type":"SearchAction","target":{"@type":"EntryPoint","urlTemplate":"https:\/\/uniest.it\/?s={search_term_string}"},"query-input":{"@type":"PropertyValueSpecification","valueRequired":true,"valueName":"search_term_string"}}],"inLanguage":"fr-FR"}]}},"_links":{"self":[{"href":"https:\/\/uniest.it\/fr\/wp-json\/wp\/v2\/product\/5815","targetHints":{"allow":["GET"]}}],"collection":[{"href":"https:\/\/uniest.it\/fr\/wp-json\/wp\/v2\/product"}],"about":[{"href":"https:\/\/uniest.it\/fr\/wp-json\/wp\/v2\/types\/product"}],"wp:featuredmedia":[{"embeddable":true,"href":"https:\/\/uniest.it\/fr\/wp-json\/wp\/v2\/media\/5816"}],"wp:attachment":[{"href":"https:\/\/uniest.it\/fr\/wp-json\/wp\/v2\/media?parent=5815"}],"wp:term":[{"taxonomy":"product_brand","embeddable":true,"href":"https:\/\/uniest.it\/fr\/wp-json\/wp\/v2\/product_brand?post=5815"},{"taxonomy":"product_cat","embeddable":true,"href":"https:\/\/uniest.it\/fr\/wp-json\/wp\/v2\/product_cat?post=5815"},{"taxonomy":"product_tag","embeddable":true,"href":"https:\/\/uniest.it\/fr\/wp-json\/wp\/v2\/product_tag?post=5815"}],"curies":[{"name":"wp","href":"https:\/\/api.w.org\/{rel}","templated":true}]}}