{"id":5817,"date":"2021-02-04T13:00:05","date_gmt":"2024-10-23T14:43:04","guid":{"rendered":"https:\/\/uniest.it\/prodotto\/shampoing-reequilibrant-au-bouleau\/"},"modified":"2024-10-23T16:30:25","modified_gmt":"2024-10-23T15:30:25","slug":"shampoing-reequilibrant-au-bouleau","status":"publish","type":"product","link":"https:\/\/uniest.it\/fr\/prodotto\/shampoing-reequilibrant-au-bouleau\/","title":{"rendered":"Shampoing R\u00e9\u00e9quilibrant au Bouleau"},"content":{"rendered":"<p>Le shampooing r\u00e9\u00e9quilibrant au bouleau a \u00e9t\u00e9 cr\u00e9\u00e9 pour traiter le probl\u00e8me ennuyeux du cuir chevelu gras, excellent pour les cheveux gras et les pellicules. Il permet d&rsquo;\u00e9liminer l&rsquo;exc\u00e8s de s\u00e9bum sans irriter la peau, cependant, ses propri\u00e9t\u00e9s fortifiantes et purifiantes aident \u00e0 lutter contre la chute des cheveux. Les propri\u00e9t\u00e9s d\u00e9sinfectantes et anti-inflammatoires du bouleau en font un ingr\u00e9dient utile pour r\u00e9tablir l\u2019\u00e9quilibre du cuir chevelu et des cheveux gras. C&rsquo;est pourquoi les hommes et les femmes peuvent utiliser ce produit, aussi bien en phase de pr\u00e9vention que de traitement, et \u00e9tant une lotion naturelle et pure, il n&rsquo;a aucune contre-indication. Les extraits v\u00e9g\u00e9taux de bouleau, d&rsquo;ortie, de lierre et de gen\u00e9vrier bio, associ\u00e9s \u00e0 l&rsquo;acide lactique, r\u00e9tablissent progressivement l&rsquo;\u00e9quilibre naturel du cuir chevelu. Il nettoie extr\u00eamement d\u00e9licatement, r\u00e9\u00e9quilibrant la production de s\u00e9bum et \u00e9liminant efficacement les pellicules. De plus, \u00e9tant d&rsquo;origine v\u00e9g\u00e9tale, il rend les cheveux tr\u00e8s brillants, doux et soyeux.<\/p>\n","protected":false},"excerpt":{"rendered":"<p>Le shampooing r\u00e9\u00e9quilibrant au bouleau a \u00e9t\u00e9 cr\u00e9\u00e9 pour traiter le probl\u00e8me ennuyeux du cuir chevelu gras, excellent pour les cheveux gras et les pellicules. Il permet d&rsquo;\u00e9liminer l&rsquo;exc\u00e8s de s\u00e9bum sans irriter la peau, cependant, ses propri\u00e9t\u00e9s fortifiantes et purifiantes aident \u00e0 lutter contre la chute des cheveux. Les propri\u00e9t\u00e9s d\u00e9sinfectantes et anti-inflammatoires du [&hellip;]<\/p>\n","protected":false},"featured_media":5818,"template":"","meta":{"_acf_changed":false,"inline_featured_image":false},"product_brand":[],"product_cat":[1384,1372],"product_tag":[],"class_list":{"0":"post-5817","1":"product","2":"type-product","3":"status-publish","4":"has-post-thumbnail","6":"product_beauty-detergere","7":"product_beauty-idratare","8":"product_beauty-lenire","9":"product_beauty-purificare","10":"product_beauty-riequilibrare","11":"product_skin-tutti-i-capelli","12":"product_kind-bagno","13":"product_kind-doccia","14":"product_kind-shampoo-e-detergenza","15":"product_lines-capelli","16":"product_cat-capelli-fr","17":"product_cat-corpo-fr","18":"pa_size-250-fr","20":"first","21":"instock","22":"taxable","23":"shipping-taxable","24":"purchasable","25":"product-type-simple"},"acf":[],"yoast_head":"<!-- This site is optimized with the Yoast SEO plugin v24.6 - https:\/\/yoast.com\/wordpress\/plugins\/seo\/ -->\n<title>Shampoing R\u00e9\u00e9quilibrant au Bouleau - Uniest<\/title>\n<meta name=\"robots\" content=\"index, follow, max-snippet:-1, max-image-preview:large, max-video-preview:-1\" \/>\n<link rel=\"canonical\" href=\"https:\/\/uniest.it\/prodotto\/shampoo-riequilibrante-alla-betulla\/\" \/>\n<meta property=\"og:locale\" content=\"fr_FR\" \/>\n<meta property=\"og:type\" content=\"article\" \/>\n<meta property=\"og:title\" content=\"Shampoing R\u00e9\u00e9quilibrant au Bouleau - Uniest\" \/>\n<meta property=\"og:description\" content=\"Le shampooing r\u00e9\u00e9quilibrant au bouleau a \u00e9t\u00e9 cr\u00e9\u00e9 pour traiter le probl\u00e8me ennuyeux du cuir chevelu gras, excellent pour les cheveux gras et les pellicules. Il permet d&rsquo;\u00e9liminer l&rsquo;exc\u00e8s de s\u00e9bum sans irriter la peau, cependant, ses propri\u00e9t\u00e9s fortifiantes et purifiantes aident \u00e0 lutter contre la chute des cheveux. Les propri\u00e9t\u00e9s d\u00e9sinfectantes et anti-inflammatoires du [&hellip;]\" \/>\n<meta property=\"og:url\" content=\"https:\/\/uniest.it\/prodotto\/shampoo-riequilibrante-alla-betulla\/\" \/>\n<meta property=\"og:site_name\" content=\"Uniest\" \/>\n<meta property=\"article:modified_time\" content=\"2024-10-23T15:30:25+00:00\" \/>\n<meta property=\"og:image\" content=\"https:\/\/uniest.it\/wp-content\/uploads\/2020\/11\/257AAE.png\" \/>\n\t<meta property=\"og:image:width\" content=\"1283\" \/>\n\t<meta property=\"og:image:height\" content=\"2000\" \/>\n\t<meta property=\"og:image:type\" content=\"image\/png\" \/>\n<meta name=\"twitter:card\" content=\"summary_large_image\" \/>\n<meta name=\"twitter:label1\" content=\"Dur\u00e9e de lecture estim\u00e9e\" \/>\n\t<meta name=\"twitter:data1\" content=\"1 minute\" \/>\n<script type=\"application\/ld+json\" class=\"yoast-schema-graph\">{\"@context\":\"https:\/\/schema.org\",\"@graph\":[{\"@type\":\"WebPage\",\"@id\":\"https:\/\/uniest.it\/prodotto\/shampoo-riequilibrante-alla-betulla\/\",\"url\":\"https:\/\/uniest.it\/prodotto\/shampoo-riequilibrante-alla-betulla\/\",\"name\":\"Shampoing R\u00e9\u00e9quilibrant au Bouleau - Uniest\",\"isPartOf\":{\"@id\":\"https:\/\/uniest.it\/#website\"},\"primaryImageOfPage\":{\"@id\":\"https:\/\/uniest.it\/prodotto\/shampoo-riequilibrante-alla-betulla\/#primaryimage\"},\"image\":{\"@id\":\"https:\/\/uniest.it\/prodotto\/shampoo-riequilibrante-alla-betulla\/#primaryimage\"},\"thumbnailUrl\":\"https:\/\/uniest.it\/wp-content\/uploads\/2020\/11\/257AAE.png\",\"datePublished\":\"2024-10-23T14:43:04+00:00\",\"dateModified\":\"2024-10-23T15:30:25+00:00\",\"breadcrumb\":{\"@id\":\"https:\/\/uniest.it\/prodotto\/shampoo-riequilibrante-alla-betulla\/#breadcrumb\"},\"inLanguage\":\"fr-FR\",\"potentialAction\":[{\"@type\":\"ReadAction\",\"target\":[\"https:\/\/uniest.it\/prodotto\/shampoo-riequilibrante-alla-betulla\/\"]}]},{\"@type\":\"ImageObject\",\"inLanguage\":\"fr-FR\",\"@id\":\"https:\/\/uniest.it\/prodotto\/shampoo-riequilibrante-alla-betulla\/#primaryimage\",\"url\":\"https:\/\/uniest.it\/wp-content\/uploads\/2020\/11\/257AAE.png\",\"contentUrl\":\"https:\/\/uniest.it\/wp-content\/uploads\/2020\/11\/257AAE.png\",\"width\":1283,\"height\":2000},{\"@type\":\"BreadcrumbList\",\"@id\":\"https:\/\/uniest.it\/prodotto\/shampoo-riequilibrante-alla-betulla\/#breadcrumb\",\"itemListElement\":[{\"@type\":\"ListItem\",\"position\":1,\"name\":\"Home\",\"item\":\"https:\/\/uniest.it\/fr\/\"},{\"@type\":\"ListItem\",\"position\":2,\"name\":\"Shop\",\"item\":\"https:\/\/uniest.it\/shop\/\"},{\"@type\":\"ListItem\",\"position\":3,\"name\":\"Shampoing R\u00e9\u00e9quilibrant au Bouleau\"}]},{\"@type\":\"WebSite\",\"@id\":\"https:\/\/uniest.it\/#website\",\"url\":\"https:\/\/uniest.it\/\",\"name\":\"Uniest\",\"description\":\"Cosmetici Naturali e Bio\",\"potentialAction\":[{\"@type\":\"SearchAction\",\"target\":{\"@type\":\"EntryPoint\",\"urlTemplate\":\"https:\/\/uniest.it\/?s={search_term_string}\"},\"query-input\":{\"@type\":\"PropertyValueSpecification\",\"valueRequired\":true,\"valueName\":\"search_term_string\"}}],\"inLanguage\":\"fr-FR\"}]}<\/script>\n<!-- \/ Yoast SEO plugin. -->","yoast_head_json":{"title":"Shampoing R\u00e9\u00e9quilibrant au Bouleau - Uniest","robots":{"index":"index","follow":"follow","max-snippet":"max-snippet:-1","max-image-preview":"max-image-preview:large","max-video-preview":"max-video-preview:-1"},"canonical":"https:\/\/uniest.it\/prodotto\/shampoo-riequilibrante-alla-betulla\/","og_locale":"fr_FR","og_type":"article","og_title":"Shampoing R\u00e9\u00e9quilibrant au Bouleau - Uniest","og_description":"Le shampooing r\u00e9\u00e9quilibrant au bouleau a \u00e9t\u00e9 cr\u00e9\u00e9 pour traiter le probl\u00e8me ennuyeux du cuir chevelu gras, excellent pour les cheveux gras et les pellicules. Il permet d&rsquo;\u00e9liminer l&rsquo;exc\u00e8s de s\u00e9bum sans irriter la peau, cependant, ses propri\u00e9t\u00e9s fortifiantes et purifiantes aident \u00e0 lutter contre la chute des cheveux. Les propri\u00e9t\u00e9s d\u00e9sinfectantes et anti-inflammatoires du [&hellip;]","og_url":"https:\/\/uniest.it\/prodotto\/shampoo-riequilibrante-alla-betulla\/","og_site_name":"Uniest","article_modified_time":"2024-10-23T15:30:25+00:00","og_image":[{"width":1283,"height":2000,"url":"https:\/\/uniest.it\/wp-content\/uploads\/2020\/11\/257AAE.png","type":"image\/png"}],"twitter_card":"summary_large_image","twitter_misc":{"Dur\u00e9e de lecture estim\u00e9e":"1 minute"},"schema":{"@context":"https:\/\/schema.org","@graph":[{"@type":"WebPage","@id":"https:\/\/uniest.it\/prodotto\/shampoo-riequilibrante-alla-betulla\/","url":"https:\/\/uniest.it\/prodotto\/shampoo-riequilibrante-alla-betulla\/","name":"Shampoing R\u00e9\u00e9quilibrant au Bouleau - Uniest","isPartOf":{"@id":"https:\/\/uniest.it\/#website"},"primaryImageOfPage":{"@id":"https:\/\/uniest.it\/prodotto\/shampoo-riequilibrante-alla-betulla\/#primaryimage"},"image":{"@id":"https:\/\/uniest.it\/prodotto\/shampoo-riequilibrante-alla-betulla\/#primaryimage"},"thumbnailUrl":"https:\/\/uniest.it\/wp-content\/uploads\/2020\/11\/257AAE.png","datePublished":"2024-10-23T14:43:04+00:00","dateModified":"2024-10-23T15:30:25+00:00","breadcrumb":{"@id":"https:\/\/uniest.it\/prodotto\/shampoo-riequilibrante-alla-betulla\/#breadcrumb"},"inLanguage":"fr-FR","potentialAction":[{"@type":"ReadAction","target":["https:\/\/uniest.it\/prodotto\/shampoo-riequilibrante-alla-betulla\/"]}]},{"@type":"ImageObject","inLanguage":"fr-FR","@id":"https:\/\/uniest.it\/prodotto\/shampoo-riequilibrante-alla-betulla\/#primaryimage","url":"https:\/\/uniest.it\/wp-content\/uploads\/2020\/11\/257AAE.png","contentUrl":"https:\/\/uniest.it\/wp-content\/uploads\/2020\/11\/257AAE.png","width":1283,"height":2000},{"@type":"BreadcrumbList","@id":"https:\/\/uniest.it\/prodotto\/shampoo-riequilibrante-alla-betulla\/#breadcrumb","itemListElement":[{"@type":"ListItem","position":1,"name":"Home","item":"https:\/\/uniest.it\/fr\/"},{"@type":"ListItem","position":2,"name":"Shop","item":"https:\/\/uniest.it\/shop\/"},{"@type":"ListItem","position":3,"name":"Shampoing R\u00e9\u00e9quilibrant au Bouleau"}]},{"@type":"WebSite","@id":"https:\/\/uniest.it\/#website","url":"https:\/\/uniest.it\/","name":"Uniest","description":"Cosmetici Naturali e Bio","potentialAction":[{"@type":"SearchAction","target":{"@type":"EntryPoint","urlTemplate":"https:\/\/uniest.it\/?s={search_term_string}"},"query-input":{"@type":"PropertyValueSpecification","valueRequired":true,"valueName":"search_term_string"}}],"inLanguage":"fr-FR"}]}},"_links":{"self":[{"href":"https:\/\/uniest.it\/fr\/wp-json\/wp\/v2\/product\/5817","targetHints":{"allow":["GET"]}}],"collection":[{"href":"https:\/\/uniest.it\/fr\/wp-json\/wp\/v2\/product"}],"about":[{"href":"https:\/\/uniest.it\/fr\/wp-json\/wp\/v2\/types\/product"}],"wp:featuredmedia":[{"embeddable":true,"href":"https:\/\/uniest.it\/fr\/wp-json\/wp\/v2\/media\/5818"}],"wp:attachment":[{"href":"https:\/\/uniest.it\/fr\/wp-json\/wp\/v2\/media?parent=5817"}],"wp:term":[{"taxonomy":"product_brand","embeddable":true,"href":"https:\/\/uniest.it\/fr\/wp-json\/wp\/v2\/product_brand?post=5817"},{"taxonomy":"product_cat","embeddable":true,"href":"https:\/\/uniest.it\/fr\/wp-json\/wp\/v2\/product_cat?post=5817"},{"taxonomy":"product_tag","embeddable":true,"href":"https:\/\/uniest.it\/fr\/wp-json\/wp\/v2\/product_tag?post=5817"}],"curies":[{"name":"wp","href":"https:\/\/api.w.org\/{rel}","templated":true}]}}