{"id":5819,"date":"2021-02-04T13:00:05","date_gmt":"2024-10-23T14:43:05","guid":{"rendered":"https:\/\/uniest.it\/prodotto\/shampoing-nourrissant-a-la-propolis\/"},"modified":"2024-10-23T16:30:26","modified_gmt":"2024-10-23T15:30:26","slug":"shampoing-nourrissant-a-la-propolis","status":"publish","type":"product","link":"https:\/\/uniest.it\/fr\/prodotto\/shampoing-nourrissant-a-la-propolis\/","title":{"rendered":"Shampoing Nourrissant \u00e0 la Propolis"},"content":{"rendered":"<p>Shampoing nourrissant \u00e0 la propolis con\u00e7u pour laver les cheveux fatigu\u00e9s, cassants, stress\u00e9s, secs, trait\u00e9s par permanente et\/ou coloration, adapt\u00e9 aux cuirs chevelus sensibles et irrit\u00e9s. Les propri\u00e9t\u00e9s antibact\u00e9riennes de la propolis r\u00e9duisent l&rsquo;inflammation et r\u00e9\u00e9quilibrent la peau et les cheveux et sont enti\u00e8rement naturelles, sans allerg\u00e8nes ni substances synth\u00e9tiques. Ce soin, enrichi en extraits v\u00e9g\u00e9taux de Propolis, Ginseng, Gen\u00e9vrier et M\u00e9lisse, nettoie d\u00e9licatement, redonnant force, vitalit\u00e9 et brillance aux cheveux. De plus, l&rsquo;acide lactique aide \u00e0 r\u00e9\u00e9quilibrer le pH du cuir chevelu et est id\u00e9al pour un usage quotidien. Produit par les abeilles, il est \u00e9galement connu sur le plan cicatrisant pour ses propri\u00e9t\u00e9s antibact\u00e9riennes, antifongiques, antiseptiques et anti-inflammatoires. La propolis est connue pour ses effets sur les ongles et les cheveux : que ce soit en application topique ou en consommation, elle peut vous aider \u00e0 briller \u00e0 l&rsquo;int\u00e9rieur comme \u00e0 l&rsquo;ext\u00e9rieur.<\/p>\n","protected":false},"excerpt":{"rendered":"<p>Shampoing nourrissant \u00e0 la propolis con\u00e7u pour laver les cheveux fatigu\u00e9s, cassants, stress\u00e9s, secs, trait\u00e9s par permanente et\/ou coloration, adapt\u00e9 aux cuirs chevelus sensibles et irrit\u00e9s. Les propri\u00e9t\u00e9s antibact\u00e9riennes de la propolis r\u00e9duisent l&rsquo;inflammation et r\u00e9\u00e9quilibrent la peau et les cheveux et sont enti\u00e8rement naturelles, sans allerg\u00e8nes ni substances synth\u00e9tiques. Ce soin, enrichi en extraits [&hellip;]<\/p>\n","protected":false},"featured_media":5820,"template":"","meta":{"_acf_changed":false,"inline_featured_image":false},"product_brand":[],"product_cat":[1384,1372],"product_tag":[],"class_list":{"0":"post-5819","1":"product","2":"type-product","3":"status-publish","4":"has-post-thumbnail","6":"product_beauty-detergere","7":"product_beauty-idratare","8":"product_beauty-nutrire-e-rigenerare","9":"product_beauty-proteggere","10":"product_skin-tutti-i-capelli","11":"product_kind-bagno","12":"product_kind-doccia","13":"product_kind-shampoo-e-detergenza","14":"product_lines-capelli","15":"product_cat-capelli-fr","16":"product_cat-corpo-fr","17":"pa_size-250-fr","19":"first","20":"instock","21":"taxable","22":"shipping-taxable","23":"purchasable","24":"product-type-simple"},"acf":[],"yoast_head":"<!-- This site is optimized with the Yoast SEO plugin v24.6 - https:\/\/yoast.com\/wordpress\/plugins\/seo\/ -->\n<title>Shampoing Nourrissant \u00e0 la Propolis - Uniest<\/title>\n<meta name=\"robots\" content=\"index, follow, max-snippet:-1, max-image-preview:large, max-video-preview:-1\" \/>\n<link rel=\"canonical\" href=\"https:\/\/uniest.it\/prodotto\/shampoo-nutriente-alla-propoli\/\" \/>\n<meta property=\"og:locale\" content=\"fr_FR\" \/>\n<meta property=\"og:type\" content=\"article\" \/>\n<meta property=\"og:title\" content=\"Shampoing Nourrissant \u00e0 la Propolis - Uniest\" \/>\n<meta property=\"og:description\" content=\"Shampoing nourrissant \u00e0 la propolis con\u00e7u pour laver les cheveux fatigu\u00e9s, cassants, stress\u00e9s, secs, trait\u00e9s par permanente et\/ou coloration, adapt\u00e9 aux cuirs chevelus sensibles et irrit\u00e9s. Les propri\u00e9t\u00e9s antibact\u00e9riennes de la propolis r\u00e9duisent l&rsquo;inflammation et r\u00e9\u00e9quilibrent la peau et les cheveux et sont enti\u00e8rement naturelles, sans allerg\u00e8nes ni substances synth\u00e9tiques. Ce soin, enrichi en extraits [&hellip;]\" \/>\n<meta property=\"og:url\" content=\"https:\/\/uniest.it\/prodotto\/shampoo-nutriente-alla-propoli\/\" \/>\n<meta property=\"og:site_name\" content=\"Uniest\" \/>\n<meta property=\"article:modified_time\" content=\"2024-10-23T15:30:26+00:00\" \/>\n<meta property=\"og:image\" content=\"https:\/\/uniest.it\/wp-content\/uploads\/2020\/11\/258AAE.png\" \/>\n\t<meta property=\"og:image:width\" content=\"1283\" \/>\n\t<meta property=\"og:image:height\" content=\"2000\" \/>\n\t<meta property=\"og:image:type\" content=\"image\/png\" \/>\n<meta name=\"twitter:card\" content=\"summary_large_image\" \/>\n<meta name=\"twitter:label1\" content=\"Dur\u00e9e de lecture estim\u00e9e\" \/>\n\t<meta name=\"twitter:data1\" content=\"1 minute\" \/>\n<script type=\"application\/ld+json\" class=\"yoast-schema-graph\">{\"@context\":\"https:\/\/schema.org\",\"@graph\":[{\"@type\":\"WebPage\",\"@id\":\"https:\/\/uniest.it\/prodotto\/shampoo-nutriente-alla-propoli\/\",\"url\":\"https:\/\/uniest.it\/prodotto\/shampoo-nutriente-alla-propoli\/\",\"name\":\"Shampoing Nourrissant \u00e0 la Propolis - Uniest\",\"isPartOf\":{\"@id\":\"https:\/\/uniest.it\/#website\"},\"primaryImageOfPage\":{\"@id\":\"https:\/\/uniest.it\/prodotto\/shampoo-nutriente-alla-propoli\/#primaryimage\"},\"image\":{\"@id\":\"https:\/\/uniest.it\/prodotto\/shampoo-nutriente-alla-propoli\/#primaryimage\"},\"thumbnailUrl\":\"https:\/\/uniest.it\/wp-content\/uploads\/2020\/11\/258AAE.png\",\"datePublished\":\"2024-10-23T14:43:05+00:00\",\"dateModified\":\"2024-10-23T15:30:26+00:00\",\"breadcrumb\":{\"@id\":\"https:\/\/uniest.it\/prodotto\/shampoo-nutriente-alla-propoli\/#breadcrumb\"},\"inLanguage\":\"fr-FR\",\"potentialAction\":[{\"@type\":\"ReadAction\",\"target\":[\"https:\/\/uniest.it\/prodotto\/shampoo-nutriente-alla-propoli\/\"]}]},{\"@type\":\"ImageObject\",\"inLanguage\":\"fr-FR\",\"@id\":\"https:\/\/uniest.it\/prodotto\/shampoo-nutriente-alla-propoli\/#primaryimage\",\"url\":\"https:\/\/uniest.it\/wp-content\/uploads\/2020\/11\/258AAE.png\",\"contentUrl\":\"https:\/\/uniest.it\/wp-content\/uploads\/2020\/11\/258AAE.png\",\"width\":1283,\"height\":2000},{\"@type\":\"BreadcrumbList\",\"@id\":\"https:\/\/uniest.it\/prodotto\/shampoo-nutriente-alla-propoli\/#breadcrumb\",\"itemListElement\":[{\"@type\":\"ListItem\",\"position\":1,\"name\":\"Home\",\"item\":\"https:\/\/uniest.it\/fr\/\"},{\"@type\":\"ListItem\",\"position\":2,\"name\":\"Shop\",\"item\":\"https:\/\/uniest.it\/shop\/\"},{\"@type\":\"ListItem\",\"position\":3,\"name\":\"Shampoing Nourrissant \u00e0 la Propolis\"}]},{\"@type\":\"WebSite\",\"@id\":\"https:\/\/uniest.it\/#website\",\"url\":\"https:\/\/uniest.it\/\",\"name\":\"Uniest\",\"description\":\"Cosmetici Naturali e Bio\",\"potentialAction\":[{\"@type\":\"SearchAction\",\"target\":{\"@type\":\"EntryPoint\",\"urlTemplate\":\"https:\/\/uniest.it\/?s={search_term_string}\"},\"query-input\":{\"@type\":\"PropertyValueSpecification\",\"valueRequired\":true,\"valueName\":\"search_term_string\"}}],\"inLanguage\":\"fr-FR\"}]}<\/script>\n<!-- \/ Yoast SEO plugin. -->","yoast_head_json":{"title":"Shampoing Nourrissant \u00e0 la Propolis - Uniest","robots":{"index":"index","follow":"follow","max-snippet":"max-snippet:-1","max-image-preview":"max-image-preview:large","max-video-preview":"max-video-preview:-1"},"canonical":"https:\/\/uniest.it\/prodotto\/shampoo-nutriente-alla-propoli\/","og_locale":"fr_FR","og_type":"article","og_title":"Shampoing Nourrissant \u00e0 la Propolis - Uniest","og_description":"Shampoing nourrissant \u00e0 la propolis con\u00e7u pour laver les cheveux fatigu\u00e9s, cassants, stress\u00e9s, secs, trait\u00e9s par permanente et\/ou coloration, adapt\u00e9 aux cuirs chevelus sensibles et irrit\u00e9s. Les propri\u00e9t\u00e9s antibact\u00e9riennes de la propolis r\u00e9duisent l&rsquo;inflammation et r\u00e9\u00e9quilibrent la peau et les cheveux et sont enti\u00e8rement naturelles, sans allerg\u00e8nes ni substances synth\u00e9tiques. Ce soin, enrichi en extraits [&hellip;]","og_url":"https:\/\/uniest.it\/prodotto\/shampoo-nutriente-alla-propoli\/","og_site_name":"Uniest","article_modified_time":"2024-10-23T15:30:26+00:00","og_image":[{"width":1283,"height":2000,"url":"https:\/\/uniest.it\/wp-content\/uploads\/2020\/11\/258AAE.png","type":"image\/png"}],"twitter_card":"summary_large_image","twitter_misc":{"Dur\u00e9e de lecture estim\u00e9e":"1 minute"},"schema":{"@context":"https:\/\/schema.org","@graph":[{"@type":"WebPage","@id":"https:\/\/uniest.it\/prodotto\/shampoo-nutriente-alla-propoli\/","url":"https:\/\/uniest.it\/prodotto\/shampoo-nutriente-alla-propoli\/","name":"Shampoing Nourrissant \u00e0 la Propolis - Uniest","isPartOf":{"@id":"https:\/\/uniest.it\/#website"},"primaryImageOfPage":{"@id":"https:\/\/uniest.it\/prodotto\/shampoo-nutriente-alla-propoli\/#primaryimage"},"image":{"@id":"https:\/\/uniest.it\/prodotto\/shampoo-nutriente-alla-propoli\/#primaryimage"},"thumbnailUrl":"https:\/\/uniest.it\/wp-content\/uploads\/2020\/11\/258AAE.png","datePublished":"2024-10-23T14:43:05+00:00","dateModified":"2024-10-23T15:30:26+00:00","breadcrumb":{"@id":"https:\/\/uniest.it\/prodotto\/shampoo-nutriente-alla-propoli\/#breadcrumb"},"inLanguage":"fr-FR","potentialAction":[{"@type":"ReadAction","target":["https:\/\/uniest.it\/prodotto\/shampoo-nutriente-alla-propoli\/"]}]},{"@type":"ImageObject","inLanguage":"fr-FR","@id":"https:\/\/uniest.it\/prodotto\/shampoo-nutriente-alla-propoli\/#primaryimage","url":"https:\/\/uniest.it\/wp-content\/uploads\/2020\/11\/258AAE.png","contentUrl":"https:\/\/uniest.it\/wp-content\/uploads\/2020\/11\/258AAE.png","width":1283,"height":2000},{"@type":"BreadcrumbList","@id":"https:\/\/uniest.it\/prodotto\/shampoo-nutriente-alla-propoli\/#breadcrumb","itemListElement":[{"@type":"ListItem","position":1,"name":"Home","item":"https:\/\/uniest.it\/fr\/"},{"@type":"ListItem","position":2,"name":"Shop","item":"https:\/\/uniest.it\/shop\/"},{"@type":"ListItem","position":3,"name":"Shampoing Nourrissant \u00e0 la Propolis"}]},{"@type":"WebSite","@id":"https:\/\/uniest.it\/#website","url":"https:\/\/uniest.it\/","name":"Uniest","description":"Cosmetici Naturali e Bio","potentialAction":[{"@type":"SearchAction","target":{"@type":"EntryPoint","urlTemplate":"https:\/\/uniest.it\/?s={search_term_string}"},"query-input":{"@type":"PropertyValueSpecification","valueRequired":true,"valueName":"search_term_string"}}],"inLanguage":"fr-FR"}]}},"_links":{"self":[{"href":"https:\/\/uniest.it\/fr\/wp-json\/wp\/v2\/product\/5819","targetHints":{"allow":["GET"]}}],"collection":[{"href":"https:\/\/uniest.it\/fr\/wp-json\/wp\/v2\/product"}],"about":[{"href":"https:\/\/uniest.it\/fr\/wp-json\/wp\/v2\/types\/product"}],"wp:featuredmedia":[{"embeddable":true,"href":"https:\/\/uniest.it\/fr\/wp-json\/wp\/v2\/media\/5820"}],"wp:attachment":[{"href":"https:\/\/uniest.it\/fr\/wp-json\/wp\/v2\/media?parent=5819"}],"wp:term":[{"taxonomy":"product_brand","embeddable":true,"href":"https:\/\/uniest.it\/fr\/wp-json\/wp\/v2\/product_brand?post=5819"},{"taxonomy":"product_cat","embeddable":true,"href":"https:\/\/uniest.it\/fr\/wp-json\/wp\/v2\/product_cat?post=5819"},{"taxonomy":"product_tag","embeddable":true,"href":"https:\/\/uniest.it\/fr\/wp-json\/wp\/v2\/product_tag?post=5819"}],"curies":[{"name":"wp","href":"https:\/\/api.w.org\/{rel}","templated":true}]}}