{"id":5821,"date":"2021-02-04T13:00:05","date_gmt":"2024-10-23T14:43:06","guid":{"rendered":"https:\/\/uniest.it\/prodotto\/shampoing-hydratant-a-lhamamelis\/"},"modified":"2024-10-23T16:30:27","modified_gmt":"2024-10-23T15:30:27","slug":"shampoing-hydratant-a-lhamamelis","status":"publish","type":"product","link":"https:\/\/uniest.it\/fr\/prodotto\/shampoing-hydratant-a-lhamamelis\/","title":{"rendered":"Shampoing hydratant \u00e0 l&rsquo;hamam\u00e9lis"},"content":{"rendered":"<p>*Il est possible que l&#8217;emballage diff\u00e8re de la photographie. Le shampoing hydratant \u00e0 l&rsquo;hamam\u00e9lis est id\u00e9al pour les lavages fr\u00e9quents ou quotidiens, il convient \u00e0 tous les types de cheveux et son utilisation apporte douceur, vitalit\u00e9 et brillance aux cheveux ternes. Les extraits v\u00e9g\u00e9taux d&rsquo;Hamam\u00e9lis, de Verveine, d&rsquo;H\u00e9lichryse et de Kiwi exercent une d\u00e9licate action nettoyante, nourrissante et r\u00e9\u00e9quilibrante d\u00e8s la racine. Les propri\u00e9t\u00e9s apaisantes et calmantes garantissent une action anti-d\u00e9mangeaisons efficace sur les peaux les plus sensibles, en particulier celles qui souffrent de pellicules et ont une nette tendance \u00e0 l&rsquo;amincissement de la peau. Les caract\u00e9ristiques r\u00e9\u00e9pith\u00e9lisantes de l&rsquo;Hamam\u00e9lis, qui d\u00e9coulent d&rsquo;une optimisation du m\u00e9tabolisme cellulaire, sont donc tr\u00e8s utiles. D\u00e9licat pour le cuir chevelu, il laisse les cheveux v\u00e9ritablement nettoy\u00e9s, purifi\u00e9s, doux, volumineux et surtout brillants, et donne \u00e9galement un parfum doux et frais.<\/p>\n","protected":false},"excerpt":{"rendered":"<p>*Il est possible que l&#8217;emballage diff\u00e8re de la photographie. Le shampoing hydratant \u00e0 l&rsquo;hamam\u00e9lis est id\u00e9al pour les lavages fr\u00e9quents ou quotidiens, il convient \u00e0 tous les types de cheveux et son utilisation apporte douceur, vitalit\u00e9 et brillance aux cheveux ternes. Les extraits v\u00e9g\u00e9taux d&rsquo;Hamam\u00e9lis, de Verveine, d&rsquo;H\u00e9lichryse et de Kiwi exercent une d\u00e9licate action [&hellip;]<\/p>\n","protected":false},"featured_media":5822,"template":"","meta":{"_acf_changed":false,"inline_featured_image":false},"product_brand":[],"product_cat":[1384,1372],"product_tag":[],"class_list":{"0":"post-5821","1":"product","2":"type-product","3":"status-publish","4":"has-post-thumbnail","6":"product_beauty-detergere","7":"product_beauty-idratare","8":"product_beauty-lenire","9":"product_beauty-proteggere","10":"product_skin-tutti-i-capelli","11":"product_kind-bagno","12":"product_kind-doccia","13":"product_kind-shampoo-e-detergenza","14":"product_lines-capelli","15":"product_cat-capelli-fr","16":"product_cat-corpo-fr","17":"pa_size-250-fr","19":"first","20":"instock","21":"taxable","22":"shipping-taxable","23":"purchasable","24":"product-type-simple"},"acf":[],"yoast_head":"<!-- This site is optimized with the Yoast SEO plugin v24.6 - https:\/\/yoast.com\/wordpress\/plugins\/seo\/ -->\n<title>Shampoing hydratant \u00e0 l&#039;hamam\u00e9lis - Uniest<\/title>\n<meta name=\"robots\" content=\"index, follow, max-snippet:-1, max-image-preview:large, max-video-preview:-1\" \/>\n<link rel=\"canonical\" href=\"https:\/\/uniest.it\/prodotto\/shampoo-idratante-allamamelide\/\" \/>\n<meta property=\"og:locale\" content=\"fr_FR\" \/>\n<meta property=\"og:type\" content=\"article\" \/>\n<meta property=\"og:title\" content=\"Shampoing hydratant \u00e0 l&#039;hamam\u00e9lis - Uniest\" \/>\n<meta property=\"og:description\" content=\"*Il est possible que l&#8217;emballage diff\u00e8re de la photographie. Le shampoing hydratant \u00e0 l&rsquo;hamam\u00e9lis est id\u00e9al pour les lavages fr\u00e9quents ou quotidiens, il convient \u00e0 tous les types de cheveux et son utilisation apporte douceur, vitalit\u00e9 et brillance aux cheveux ternes. Les extraits v\u00e9g\u00e9taux d&rsquo;Hamam\u00e9lis, de Verveine, d&rsquo;H\u00e9lichryse et de Kiwi exercent une d\u00e9licate action [&hellip;]\" \/>\n<meta property=\"og:url\" content=\"https:\/\/uniest.it\/prodotto\/shampoo-idratante-allamamelide\/\" \/>\n<meta property=\"og:site_name\" content=\"Uniest\" \/>\n<meta property=\"article:modified_time\" content=\"2024-10-23T15:30:27+00:00\" \/>\n<meta property=\"og:image\" content=\"https:\/\/uniest.it\/wp-content\/uploads\/2020\/11\/259AAE.png\" \/>\n\t<meta property=\"og:image:width\" content=\"1283\" \/>\n\t<meta property=\"og:image:height\" content=\"2000\" \/>\n\t<meta property=\"og:image:type\" content=\"image\/png\" \/>\n<meta name=\"twitter:card\" content=\"summary_large_image\" \/>\n<meta name=\"twitter:label1\" content=\"Dur\u00e9e de lecture estim\u00e9e\" \/>\n\t<meta name=\"twitter:data1\" content=\"1 minute\" \/>\n<script type=\"application\/ld+json\" class=\"yoast-schema-graph\">{\"@context\":\"https:\/\/schema.org\",\"@graph\":[{\"@type\":\"WebPage\",\"@id\":\"https:\/\/uniest.it\/prodotto\/shampoo-idratante-allamamelide\/\",\"url\":\"https:\/\/uniest.it\/prodotto\/shampoo-idratante-allamamelide\/\",\"name\":\"Shampoing hydratant \u00e0 l'hamam\u00e9lis - Uniest\",\"isPartOf\":{\"@id\":\"https:\/\/uniest.it\/#website\"},\"primaryImageOfPage\":{\"@id\":\"https:\/\/uniest.it\/prodotto\/shampoo-idratante-allamamelide\/#primaryimage\"},\"image\":{\"@id\":\"https:\/\/uniest.it\/prodotto\/shampoo-idratante-allamamelide\/#primaryimage\"},\"thumbnailUrl\":\"https:\/\/uniest.it\/wp-content\/uploads\/2020\/11\/259AAE.png\",\"datePublished\":\"2024-10-23T14:43:06+00:00\",\"dateModified\":\"2024-10-23T15:30:27+00:00\",\"breadcrumb\":{\"@id\":\"https:\/\/uniest.it\/prodotto\/shampoo-idratante-allamamelide\/#breadcrumb\"},\"inLanguage\":\"fr-FR\",\"potentialAction\":[{\"@type\":\"ReadAction\",\"target\":[\"https:\/\/uniest.it\/prodotto\/shampoo-idratante-allamamelide\/\"]}]},{\"@type\":\"ImageObject\",\"inLanguage\":\"fr-FR\",\"@id\":\"https:\/\/uniest.it\/prodotto\/shampoo-idratante-allamamelide\/#primaryimage\",\"url\":\"https:\/\/uniest.it\/wp-content\/uploads\/2020\/11\/259AAE.png\",\"contentUrl\":\"https:\/\/uniest.it\/wp-content\/uploads\/2020\/11\/259AAE.png\",\"width\":1283,\"height\":2000},{\"@type\":\"BreadcrumbList\",\"@id\":\"https:\/\/uniest.it\/prodotto\/shampoo-idratante-allamamelide\/#breadcrumb\",\"itemListElement\":[{\"@type\":\"ListItem\",\"position\":1,\"name\":\"Home\",\"item\":\"https:\/\/uniest.it\/fr\/\"},{\"@type\":\"ListItem\",\"position\":2,\"name\":\"Shop\",\"item\":\"https:\/\/uniest.it\/shop\/\"},{\"@type\":\"ListItem\",\"position\":3,\"name\":\"Shampoing hydratant \u00e0 l&#8217;hamam\u00e9lis\"}]},{\"@type\":\"WebSite\",\"@id\":\"https:\/\/uniest.it\/#website\",\"url\":\"https:\/\/uniest.it\/\",\"name\":\"Uniest\",\"description\":\"Cosmetici Naturali e Bio\",\"potentialAction\":[{\"@type\":\"SearchAction\",\"target\":{\"@type\":\"EntryPoint\",\"urlTemplate\":\"https:\/\/uniest.it\/?s={search_term_string}\"},\"query-input\":{\"@type\":\"PropertyValueSpecification\",\"valueRequired\":true,\"valueName\":\"search_term_string\"}}],\"inLanguage\":\"fr-FR\"}]}<\/script>\n<!-- \/ Yoast SEO plugin. -->","yoast_head_json":{"title":"Shampoing hydratant \u00e0 l'hamam\u00e9lis - Uniest","robots":{"index":"index","follow":"follow","max-snippet":"max-snippet:-1","max-image-preview":"max-image-preview:large","max-video-preview":"max-video-preview:-1"},"canonical":"https:\/\/uniest.it\/prodotto\/shampoo-idratante-allamamelide\/","og_locale":"fr_FR","og_type":"article","og_title":"Shampoing hydratant \u00e0 l'hamam\u00e9lis - Uniest","og_description":"*Il est possible que l&#8217;emballage diff\u00e8re de la photographie. Le shampoing hydratant \u00e0 l&rsquo;hamam\u00e9lis est id\u00e9al pour les lavages fr\u00e9quents ou quotidiens, il convient \u00e0 tous les types de cheveux et son utilisation apporte douceur, vitalit\u00e9 et brillance aux cheveux ternes. Les extraits v\u00e9g\u00e9taux d&rsquo;Hamam\u00e9lis, de Verveine, d&rsquo;H\u00e9lichryse et de Kiwi exercent une d\u00e9licate action [&hellip;]","og_url":"https:\/\/uniest.it\/prodotto\/shampoo-idratante-allamamelide\/","og_site_name":"Uniest","article_modified_time":"2024-10-23T15:30:27+00:00","og_image":[{"width":1283,"height":2000,"url":"https:\/\/uniest.it\/wp-content\/uploads\/2020\/11\/259AAE.png","type":"image\/png"}],"twitter_card":"summary_large_image","twitter_misc":{"Dur\u00e9e de lecture estim\u00e9e":"1 minute"},"schema":{"@context":"https:\/\/schema.org","@graph":[{"@type":"WebPage","@id":"https:\/\/uniest.it\/prodotto\/shampoo-idratante-allamamelide\/","url":"https:\/\/uniest.it\/prodotto\/shampoo-idratante-allamamelide\/","name":"Shampoing hydratant \u00e0 l'hamam\u00e9lis - Uniest","isPartOf":{"@id":"https:\/\/uniest.it\/#website"},"primaryImageOfPage":{"@id":"https:\/\/uniest.it\/prodotto\/shampoo-idratante-allamamelide\/#primaryimage"},"image":{"@id":"https:\/\/uniest.it\/prodotto\/shampoo-idratante-allamamelide\/#primaryimage"},"thumbnailUrl":"https:\/\/uniest.it\/wp-content\/uploads\/2020\/11\/259AAE.png","datePublished":"2024-10-23T14:43:06+00:00","dateModified":"2024-10-23T15:30:27+00:00","breadcrumb":{"@id":"https:\/\/uniest.it\/prodotto\/shampoo-idratante-allamamelide\/#breadcrumb"},"inLanguage":"fr-FR","potentialAction":[{"@type":"ReadAction","target":["https:\/\/uniest.it\/prodotto\/shampoo-idratante-allamamelide\/"]}]},{"@type":"ImageObject","inLanguage":"fr-FR","@id":"https:\/\/uniest.it\/prodotto\/shampoo-idratante-allamamelide\/#primaryimage","url":"https:\/\/uniest.it\/wp-content\/uploads\/2020\/11\/259AAE.png","contentUrl":"https:\/\/uniest.it\/wp-content\/uploads\/2020\/11\/259AAE.png","width":1283,"height":2000},{"@type":"BreadcrumbList","@id":"https:\/\/uniest.it\/prodotto\/shampoo-idratante-allamamelide\/#breadcrumb","itemListElement":[{"@type":"ListItem","position":1,"name":"Home","item":"https:\/\/uniest.it\/fr\/"},{"@type":"ListItem","position":2,"name":"Shop","item":"https:\/\/uniest.it\/shop\/"},{"@type":"ListItem","position":3,"name":"Shampoing hydratant \u00e0 l&#8217;hamam\u00e9lis"}]},{"@type":"WebSite","@id":"https:\/\/uniest.it\/#website","url":"https:\/\/uniest.it\/","name":"Uniest","description":"Cosmetici Naturali e Bio","potentialAction":[{"@type":"SearchAction","target":{"@type":"EntryPoint","urlTemplate":"https:\/\/uniest.it\/?s={search_term_string}"},"query-input":{"@type":"PropertyValueSpecification","valueRequired":true,"valueName":"search_term_string"}}],"inLanguage":"fr-FR"}]}},"_links":{"self":[{"href":"https:\/\/uniest.it\/fr\/wp-json\/wp\/v2\/product\/5821","targetHints":{"allow":["GET"]}}],"collection":[{"href":"https:\/\/uniest.it\/fr\/wp-json\/wp\/v2\/product"}],"about":[{"href":"https:\/\/uniest.it\/fr\/wp-json\/wp\/v2\/types\/product"}],"wp:featuredmedia":[{"embeddable":true,"href":"https:\/\/uniest.it\/fr\/wp-json\/wp\/v2\/media\/5822"}],"wp:attachment":[{"href":"https:\/\/uniest.it\/fr\/wp-json\/wp\/v2\/media?parent=5821"}],"wp:term":[{"taxonomy":"product_brand","embeddable":true,"href":"https:\/\/uniest.it\/fr\/wp-json\/wp\/v2\/product_brand?post=5821"},{"taxonomy":"product_cat","embeddable":true,"href":"https:\/\/uniest.it\/fr\/wp-json\/wp\/v2\/product_cat?post=5821"},{"taxonomy":"product_tag","embeddable":true,"href":"https:\/\/uniest.it\/fr\/wp-json\/wp\/v2\/product_tag?post=5821"}],"curies":[{"name":"wp","href":"https:\/\/api.w.org\/{rel}","templated":true}]}}