{"id":5823,"date":"2021-02-04T13:00:05","date_gmt":"2024-10-23T14:43:06","guid":{"rendered":"https:\/\/uniest.it\/prodotto\/apres-shampooing-delicat-a-base-de-plantes\/"},"modified":"2024-10-23T16:30:27","modified_gmt":"2024-10-23T15:30:27","slug":"apres-shampooing-delicat-a-base-de-plantes","status":"publish","type":"product","link":"https:\/\/uniest.it\/fr\/prodotto\/apres-shampooing-delicat-a-base-de-plantes\/","title":{"rendered":"Apr\u00e8s-shampooing d\u00e9licat \u00e0 base de plantes"},"content":{"rendered":"<p>Delicate Herbal Hair Conditioner est un revitalisant doux cr\u00e9\u00e9 pour d\u00e9m\u00ealer, adoucir, hydrater et redonner du volume \u00e0 tous les types de cheveux. L&rsquo;huile d&rsquo;argan et l&rsquo;huile de lin associ\u00e9es \u00e0 l&rsquo;extrait v\u00e9g\u00e9tal de m\u00e9lisse, \u00e0 l&rsquo;avoine biologique* et \u00e0 la camomille biologique* prot\u00e8gent les cheveux, les rendant doux, \u00e9lastiques et brillants. La base est totalement naturelle et approuv\u00e9e EcoCert et Cosmos, elle aide \u00e0 pr\u00e9venir et r\u00e9duire l&rsquo;effet \u00ab\u00a0pointes fourchues\u00a0\u00bb, aide \u00e0 lutter contre la casse des cheveux, les rendant plus forts. Gr\u00e2ce \u00e0 la pr\u00e9sence du cocktail d&rsquo;acides amin\u00e9s et de facteurs hydratants, ils rendent cet apr\u00e8s-shampooing \u00e9galement adapt\u00e9 aux personnes aux cheveux trait\u00e9s, stress\u00e9s, ab\u00eem\u00e9s ou fragiles. Apporter la bonne nutrition et l&rsquo;hydratation n\u00e9cessaire pour faire briller les cheveux et donner force, vitalit\u00e9, hydratation et nutrition aux cheveux en profondeur.<\/p>\n","protected":false},"excerpt":{"rendered":"<p>Delicate Herbal Hair Conditioner est un revitalisant doux cr\u00e9\u00e9 pour d\u00e9m\u00ealer, adoucir, hydrater et redonner du volume \u00e0 tous les types de cheveux. L&rsquo;huile d&rsquo;argan et l&rsquo;huile de lin associ\u00e9es \u00e0 l&rsquo;extrait v\u00e9g\u00e9tal de m\u00e9lisse, \u00e0 l&rsquo;avoine biologique* et \u00e0 la camomille biologique* prot\u00e8gent les cheveux, les rendant doux, \u00e9lastiques et brillants. La base est [&hellip;]<\/p>\n","protected":false},"featured_media":5824,"template":"","meta":{"_acf_changed":false,"inline_featured_image":false},"product_brand":[],"product_cat":[1384,1372,1373],"product_tag":[],"class_list":{"0":"post-5823","1":"product","2":"type-product","3":"status-publish","4":"has-post-thumbnail","6":"product_beauty-idratare","7":"product_beauty-nutrire-e-rigenerare","8":"product_beauty-proteggere","9":"product_skin-tutti-i-capelli","10":"product_kind-bagno","11":"product_kind-doccia","12":"product_kind-shampoo-e-detergenza","13":"product_lines-capelli","14":"product_cat-capelli-fr","15":"product_cat-corpo-fr","16":"product_cat-uomo-fr","17":"pa_size-250-fr","19":"first","20":"instock","21":"taxable","22":"shipping-taxable","23":"purchasable","24":"product-type-simple"},"acf":[],"yoast_head":"<!-- This site is optimized with the Yoast SEO plugin v24.6 - https:\/\/yoast.com\/wordpress\/plugins\/seo\/ -->\n<title>Apr\u00e8s-shampooing d\u00e9licat \u00e0 base de plantes - Uniest<\/title>\n<meta name=\"robots\" content=\"index, follow, max-snippet:-1, max-image-preview:large, max-video-preview:-1\" \/>\n<link rel=\"canonical\" href=\"https:\/\/uniest.it\/prodotto\/balsamo-per-capelli-delicato-alle-erbe\/\" \/>\n<meta property=\"og:locale\" content=\"fr_FR\" \/>\n<meta property=\"og:type\" content=\"article\" \/>\n<meta property=\"og:title\" content=\"Apr\u00e8s-shampooing d\u00e9licat \u00e0 base de plantes - Uniest\" \/>\n<meta property=\"og:description\" content=\"Delicate Herbal Hair Conditioner est un revitalisant doux cr\u00e9\u00e9 pour d\u00e9m\u00ealer, adoucir, hydrater et redonner du volume \u00e0 tous les types de cheveux. L&rsquo;huile d&rsquo;argan et l&rsquo;huile de lin associ\u00e9es \u00e0 l&rsquo;extrait v\u00e9g\u00e9tal de m\u00e9lisse, \u00e0 l&rsquo;avoine biologique* et \u00e0 la camomille biologique* prot\u00e8gent les cheveux, les rendant doux, \u00e9lastiques et brillants. La base est [&hellip;]\" \/>\n<meta property=\"og:url\" content=\"https:\/\/uniest.it\/prodotto\/balsamo-per-capelli-delicato-alle-erbe\/\" \/>\n<meta property=\"og:site_name\" content=\"Uniest\" \/>\n<meta property=\"article:modified_time\" content=\"2024-10-23T15:30:27+00:00\" \/>\n<meta property=\"og:image\" content=\"https:\/\/uniest.it\/wp-content\/uploads\/2020\/11\/261AAE.png\" \/>\n\t<meta property=\"og:image:width\" content=\"1283\" \/>\n\t<meta property=\"og:image:height\" content=\"2001\" \/>\n\t<meta property=\"og:image:type\" content=\"image\/png\" \/>\n<meta name=\"twitter:card\" content=\"summary_large_image\" \/>\n<meta name=\"twitter:label1\" content=\"Dur\u00e9e de lecture estim\u00e9e\" \/>\n\t<meta name=\"twitter:data1\" content=\"1 minute\" \/>\n<script type=\"application\/ld+json\" class=\"yoast-schema-graph\">{\"@context\":\"https:\/\/schema.org\",\"@graph\":[{\"@type\":\"WebPage\",\"@id\":\"https:\/\/uniest.it\/prodotto\/balsamo-per-capelli-delicato-alle-erbe\/\",\"url\":\"https:\/\/uniest.it\/prodotto\/balsamo-per-capelli-delicato-alle-erbe\/\",\"name\":\"Apr\u00e8s-shampooing d\u00e9licat \u00e0 base de plantes - Uniest\",\"isPartOf\":{\"@id\":\"https:\/\/uniest.it\/#website\"},\"primaryImageOfPage\":{\"@id\":\"https:\/\/uniest.it\/prodotto\/balsamo-per-capelli-delicato-alle-erbe\/#primaryimage\"},\"image\":{\"@id\":\"https:\/\/uniest.it\/prodotto\/balsamo-per-capelli-delicato-alle-erbe\/#primaryimage\"},\"thumbnailUrl\":\"https:\/\/uniest.it\/wp-content\/uploads\/2020\/11\/261AAE.png\",\"datePublished\":\"2024-10-23T14:43:06+00:00\",\"dateModified\":\"2024-10-23T15:30:27+00:00\",\"breadcrumb\":{\"@id\":\"https:\/\/uniest.it\/prodotto\/balsamo-per-capelli-delicato-alle-erbe\/#breadcrumb\"},\"inLanguage\":\"fr-FR\",\"potentialAction\":[{\"@type\":\"ReadAction\",\"target\":[\"https:\/\/uniest.it\/prodotto\/balsamo-per-capelli-delicato-alle-erbe\/\"]}]},{\"@type\":\"ImageObject\",\"inLanguage\":\"fr-FR\",\"@id\":\"https:\/\/uniest.it\/prodotto\/balsamo-per-capelli-delicato-alle-erbe\/#primaryimage\",\"url\":\"https:\/\/uniest.it\/wp-content\/uploads\/2020\/11\/261AAE.png\",\"contentUrl\":\"https:\/\/uniest.it\/wp-content\/uploads\/2020\/11\/261AAE.png\",\"width\":1283,\"height\":2001},{\"@type\":\"BreadcrumbList\",\"@id\":\"https:\/\/uniest.it\/prodotto\/balsamo-per-capelli-delicato-alle-erbe\/#breadcrumb\",\"itemListElement\":[{\"@type\":\"ListItem\",\"position\":1,\"name\":\"Home\",\"item\":\"https:\/\/uniest.it\/fr\/\"},{\"@type\":\"ListItem\",\"position\":2,\"name\":\"Shop\",\"item\":\"https:\/\/uniest.it\/shop\/\"},{\"@type\":\"ListItem\",\"position\":3,\"name\":\"Apr\u00e8s-shampooing d\u00e9licat \u00e0 base de plantes\"}]},{\"@type\":\"WebSite\",\"@id\":\"https:\/\/uniest.it\/#website\",\"url\":\"https:\/\/uniest.it\/\",\"name\":\"Uniest\",\"description\":\"Cosmetici Naturali e Bio\",\"potentialAction\":[{\"@type\":\"SearchAction\",\"target\":{\"@type\":\"EntryPoint\",\"urlTemplate\":\"https:\/\/uniest.it\/?s={search_term_string}\"},\"query-input\":{\"@type\":\"PropertyValueSpecification\",\"valueRequired\":true,\"valueName\":\"search_term_string\"}}],\"inLanguage\":\"fr-FR\"}]}<\/script>\n<!-- \/ Yoast SEO plugin. -->","yoast_head_json":{"title":"Apr\u00e8s-shampooing d\u00e9licat \u00e0 base de plantes - Uniest","robots":{"index":"index","follow":"follow","max-snippet":"max-snippet:-1","max-image-preview":"max-image-preview:large","max-video-preview":"max-video-preview:-1"},"canonical":"https:\/\/uniest.it\/prodotto\/balsamo-per-capelli-delicato-alle-erbe\/","og_locale":"fr_FR","og_type":"article","og_title":"Apr\u00e8s-shampooing d\u00e9licat \u00e0 base de plantes - Uniest","og_description":"Delicate Herbal Hair Conditioner est un revitalisant doux cr\u00e9\u00e9 pour d\u00e9m\u00ealer, adoucir, hydrater et redonner du volume \u00e0 tous les types de cheveux. L&rsquo;huile d&rsquo;argan et l&rsquo;huile de lin associ\u00e9es \u00e0 l&rsquo;extrait v\u00e9g\u00e9tal de m\u00e9lisse, \u00e0 l&rsquo;avoine biologique* et \u00e0 la camomille biologique* prot\u00e8gent les cheveux, les rendant doux, \u00e9lastiques et brillants. La base est [&hellip;]","og_url":"https:\/\/uniest.it\/prodotto\/balsamo-per-capelli-delicato-alle-erbe\/","og_site_name":"Uniest","article_modified_time":"2024-10-23T15:30:27+00:00","og_image":[{"width":1283,"height":2001,"url":"https:\/\/uniest.it\/wp-content\/uploads\/2020\/11\/261AAE.png","type":"image\/png"}],"twitter_card":"summary_large_image","twitter_misc":{"Dur\u00e9e de lecture estim\u00e9e":"1 minute"},"schema":{"@context":"https:\/\/schema.org","@graph":[{"@type":"WebPage","@id":"https:\/\/uniest.it\/prodotto\/balsamo-per-capelli-delicato-alle-erbe\/","url":"https:\/\/uniest.it\/prodotto\/balsamo-per-capelli-delicato-alle-erbe\/","name":"Apr\u00e8s-shampooing d\u00e9licat \u00e0 base de plantes - Uniest","isPartOf":{"@id":"https:\/\/uniest.it\/#website"},"primaryImageOfPage":{"@id":"https:\/\/uniest.it\/prodotto\/balsamo-per-capelli-delicato-alle-erbe\/#primaryimage"},"image":{"@id":"https:\/\/uniest.it\/prodotto\/balsamo-per-capelli-delicato-alle-erbe\/#primaryimage"},"thumbnailUrl":"https:\/\/uniest.it\/wp-content\/uploads\/2020\/11\/261AAE.png","datePublished":"2024-10-23T14:43:06+00:00","dateModified":"2024-10-23T15:30:27+00:00","breadcrumb":{"@id":"https:\/\/uniest.it\/prodotto\/balsamo-per-capelli-delicato-alle-erbe\/#breadcrumb"},"inLanguage":"fr-FR","potentialAction":[{"@type":"ReadAction","target":["https:\/\/uniest.it\/prodotto\/balsamo-per-capelli-delicato-alle-erbe\/"]}]},{"@type":"ImageObject","inLanguage":"fr-FR","@id":"https:\/\/uniest.it\/prodotto\/balsamo-per-capelli-delicato-alle-erbe\/#primaryimage","url":"https:\/\/uniest.it\/wp-content\/uploads\/2020\/11\/261AAE.png","contentUrl":"https:\/\/uniest.it\/wp-content\/uploads\/2020\/11\/261AAE.png","width":1283,"height":2001},{"@type":"BreadcrumbList","@id":"https:\/\/uniest.it\/prodotto\/balsamo-per-capelli-delicato-alle-erbe\/#breadcrumb","itemListElement":[{"@type":"ListItem","position":1,"name":"Home","item":"https:\/\/uniest.it\/fr\/"},{"@type":"ListItem","position":2,"name":"Shop","item":"https:\/\/uniest.it\/shop\/"},{"@type":"ListItem","position":3,"name":"Apr\u00e8s-shampooing d\u00e9licat \u00e0 base de plantes"}]},{"@type":"WebSite","@id":"https:\/\/uniest.it\/#website","url":"https:\/\/uniest.it\/","name":"Uniest","description":"Cosmetici Naturali e Bio","potentialAction":[{"@type":"SearchAction","target":{"@type":"EntryPoint","urlTemplate":"https:\/\/uniest.it\/?s={search_term_string}"},"query-input":{"@type":"PropertyValueSpecification","valueRequired":true,"valueName":"search_term_string"}}],"inLanguage":"fr-FR"}]}},"_links":{"self":[{"href":"https:\/\/uniest.it\/fr\/wp-json\/wp\/v2\/product\/5823","targetHints":{"allow":["GET"]}}],"collection":[{"href":"https:\/\/uniest.it\/fr\/wp-json\/wp\/v2\/product"}],"about":[{"href":"https:\/\/uniest.it\/fr\/wp-json\/wp\/v2\/types\/product"}],"wp:featuredmedia":[{"embeddable":true,"href":"https:\/\/uniest.it\/fr\/wp-json\/wp\/v2\/media\/5824"}],"wp:attachment":[{"href":"https:\/\/uniest.it\/fr\/wp-json\/wp\/v2\/media?parent=5823"}],"wp:term":[{"taxonomy":"product_brand","embeddable":true,"href":"https:\/\/uniest.it\/fr\/wp-json\/wp\/v2\/product_brand?post=5823"},{"taxonomy":"product_cat","embeddable":true,"href":"https:\/\/uniest.it\/fr\/wp-json\/wp\/v2\/product_cat?post=5823"},{"taxonomy":"product_tag","embeddable":true,"href":"https:\/\/uniest.it\/fr\/wp-json\/wp\/v2\/product_tag?post=5823"}],"curies":[{"name":"wp","href":"https:\/\/api.w.org\/{rel}","templated":true}]}}