{"id":5825,"date":"2024-10-23T15:43:07","date_gmt":"2024-10-23T14:43:07","guid":{"rendered":"https:\/\/uniest.it\/prodotto\/melisse\/"},"modified":"2024-10-23T16:30:28","modified_gmt":"2024-10-23T15:30:28","slug":"melisse","status":"publish","type":"product","link":"https:\/\/uniest.it\/fr\/prodotto\/melisse\/","title":{"rendered":"M\u00e9lisse"},"content":{"rendered":"<p>Le pr\u00e9nom Melissa vient du grec et signifie \u00ab abeille \u00bb ou \u00ab celle qui donne du miel \u00bb. Sans aucun doute, son nectar sucr\u00e9 et son parfum enivrant attirent les abeilles et les insectes de toutes sortes qui sucent le nectar. Les Grecs, les Arabes et les Latins recommandaient son utilisation pour calmer les \u00e9tats d&rsquo;anxi\u00e9t\u00e9, la d\u00e9crivant m\u00eame comme une \u00ab plante qui \u00e9gaye et r\u00e9conforte le c\u0153ur \u00bb. Id\u00e9al pour apaiser la m\u00e9lancolie et surmonter les moments les plus critiques de la vie. La m\u00e9lisse est aussi appel\u00e9e herbe Limoncina, c&rsquo;est une plante herbac\u00e9e vivace appartenant \u00e0 la famille des Lamiac\u00e9es. Sa reconnaissance est facilit\u00e9e \u00e0 la fois par ses feuilles p\u00e9tiol\u00e9es, ovales, poilues, r\u00e9ticul\u00e9es et dent\u00e9es, et par son odeur proche de celle du citron. Il est recommand\u00e9 de r\u00e9colter ces derni\u00e8res, dont sont obtenues les propri\u00e9t\u00e9s cicatrisantes, avant la floraison. Ses propri\u00e9t\u00e9s b\u00e9n\u00e9fiques peuvent \u00eatre utilis\u00e9es pour rel\u00e2cher les tensions et r\u00e9duire la nervosit\u00e9, l\u2019irritabilit\u00e9, l\u2019agitation et le stress. Id\u00e9al \u00e9galement pour faire face au stress accumul\u00e9 pendant les heures de travail ou aux probl\u00e8mes li\u00e9s \u00e0 la sph\u00e8re psychologique. Son action s\u00e9dative est \u00e9galement efficace pour lutter naturellement contre l\u2019insomnie et les maux de t\u00eate. Parmi ses propri\u00e9t\u00e9s, on retrouve des antispasmodiques, pour une meilleure digestion, pour calmer les crampes abdominales, les naus\u00e9es et r\u00e9duire les sympt\u00f4mes du syndrome du c\u00f4lon irritable. La m\u00e9lisse est riche en acide caf\u00e9ique et en acide rosmarinique, de puissants antioxydants qui neutralisent les esp\u00e8ces r\u00e9actives de l&rsquo;oxyg\u00e8ne. La m\u00e9lisse contient un analg\u00e9sique naturel, l&rsquo;eug\u00e9nol, particuli\u00e8rement utile pour lutter contre les douleurs menstruelles.<\/p>\n","protected":false},"excerpt":{"rendered":"<p>Le pr\u00e9nom Melissa vient du grec et signifie \u00ab abeille \u00bb ou \u00ab celle qui donne du miel \u00bb. Sans aucun doute, son nectar sucr\u00e9 et son parfum enivrant attirent les abeilles et les insectes de toutes sortes qui sucent le nectar. Les Grecs, les Arabes et les Latins recommandaient son utilisation pour calmer les [&hellip;]<\/p>\n","protected":false},"featured_media":5826,"template":"","meta":{"_acf_changed":false,"inline_featured_image":false},"product_brand":[],"product_cat":[1381],"product_tag":[],"class_list":{"0":"post-5825","1":"product","2":"type-product","3":"status-publish","4":"has-post-thumbnail","6":"product_beauty-diuretico","7":"product_beauty-drenante","8":"product_beauty-insonnia","9":"product_beauty-intestino","10":"product_beauty-mal-di-testa","11":"product_beauty-menopausa","12":"product_beauty-mesturazioni","13":"product_beauty-rilassante","14":"product_beauty-stress","15":"product_beauty-umore","16":"product_beauty-vie-respiratorie","17":"product_kind-integrazione-alimentare","18":"product_lines-benessere","19":"product_cat-benessere-fr","20":"pa_size-100-cps-fr","22":"first","23":"outofstock","24":"taxable","25":"shipping-taxable","26":"purchasable","27":"product-type-simple"},"acf":[],"yoast_head":"<!-- This site is optimized with the Yoast SEO plugin v24.6 - https:\/\/yoast.com\/wordpress\/plugins\/seo\/ -->\n<title>M\u00e9lisse - Uniest<\/title>\n<meta name=\"robots\" content=\"index, follow, max-snippet:-1, max-image-preview:large, max-video-preview:-1\" \/>\n<link rel=\"canonical\" href=\"https:\/\/uniest.it\/prodotto\/melissa-2\/\" \/>\n<meta property=\"og:locale\" content=\"fr_FR\" \/>\n<meta property=\"og:type\" content=\"article\" \/>\n<meta property=\"og:title\" content=\"M\u00e9lisse - Uniest\" \/>\n<meta property=\"og:description\" content=\"Le pr\u00e9nom Melissa vient du grec et signifie \u00ab abeille \u00bb ou \u00ab celle qui donne du miel \u00bb. Sans aucun doute, son nectar sucr\u00e9 et son parfum enivrant attirent les abeilles et les insectes de toutes sortes qui sucent le nectar. Les Grecs, les Arabes et les Latins recommandaient son utilisation pour calmer les [&hellip;]\" \/>\n<meta property=\"og:url\" content=\"https:\/\/uniest.it\/prodotto\/melissa-2\/\" \/>\n<meta property=\"og:site_name\" content=\"Uniest\" \/>\n<meta property=\"article:modified_time\" content=\"2024-10-23T15:30:28+00:00\" \/>\n<meta property=\"og:image\" content=\"https:\/\/uniest.it\/wp-content\/uploads\/2020\/12\/275ZOP.png\" \/>\n\t<meta property=\"og:image:width\" content=\"1283\" \/>\n\t<meta property=\"og:image:height\" content=\"2000\" \/>\n\t<meta property=\"og:image:type\" content=\"image\/png\" \/>\n<meta name=\"twitter:card\" content=\"summary_large_image\" \/>\n<meta name=\"twitter:label1\" content=\"Dur\u00e9e de lecture estim\u00e9e\" \/>\n\t<meta name=\"twitter:data1\" content=\"2 minutes\" \/>\n<script type=\"application\/ld+json\" class=\"yoast-schema-graph\">{\"@context\":\"https:\/\/schema.org\",\"@graph\":[{\"@type\":\"WebPage\",\"@id\":\"https:\/\/uniest.it\/prodotto\/melissa-2\/\",\"url\":\"https:\/\/uniest.it\/prodotto\/melissa-2\/\",\"name\":\"M\u00e9lisse - Uniest\",\"isPartOf\":{\"@id\":\"https:\/\/uniest.it\/#website\"},\"primaryImageOfPage\":{\"@id\":\"https:\/\/uniest.it\/prodotto\/melissa-2\/#primaryimage\"},\"image\":{\"@id\":\"https:\/\/uniest.it\/prodotto\/melissa-2\/#primaryimage\"},\"thumbnailUrl\":\"https:\/\/uniest.it\/wp-content\/uploads\/2020\/12\/275ZOP.png\",\"datePublished\":\"2024-10-23T14:43:07+00:00\",\"dateModified\":\"2024-10-23T15:30:28+00:00\",\"breadcrumb\":{\"@id\":\"https:\/\/uniest.it\/prodotto\/melissa-2\/#breadcrumb\"},\"inLanguage\":\"fr-FR\",\"potentialAction\":[{\"@type\":\"ReadAction\",\"target\":[\"https:\/\/uniest.it\/prodotto\/melissa-2\/\"]}]},{\"@type\":\"ImageObject\",\"inLanguage\":\"fr-FR\",\"@id\":\"https:\/\/uniest.it\/prodotto\/melissa-2\/#primaryimage\",\"url\":\"https:\/\/uniest.it\/wp-content\/uploads\/2020\/12\/275ZOP.png\",\"contentUrl\":\"https:\/\/uniest.it\/wp-content\/uploads\/2020\/12\/275ZOP.png\",\"width\":1283,\"height\":2000},{\"@type\":\"BreadcrumbList\",\"@id\":\"https:\/\/uniest.it\/prodotto\/melissa-2\/#breadcrumb\",\"itemListElement\":[{\"@type\":\"ListItem\",\"position\":1,\"name\":\"Home\",\"item\":\"https:\/\/uniest.it\/fr\/\"},{\"@type\":\"ListItem\",\"position\":2,\"name\":\"Shop\",\"item\":\"https:\/\/uniest.it\/shop\/\"},{\"@type\":\"ListItem\",\"position\":3,\"name\":\"M\u00e9lisse\"}]},{\"@type\":\"WebSite\",\"@id\":\"https:\/\/uniest.it\/#website\",\"url\":\"https:\/\/uniest.it\/\",\"name\":\"Uniest\",\"description\":\"Cosmetici Naturali e Bio\",\"potentialAction\":[{\"@type\":\"SearchAction\",\"target\":{\"@type\":\"EntryPoint\",\"urlTemplate\":\"https:\/\/uniest.it\/?s={search_term_string}\"},\"query-input\":{\"@type\":\"PropertyValueSpecification\",\"valueRequired\":true,\"valueName\":\"search_term_string\"}}],\"inLanguage\":\"fr-FR\"}]}<\/script>\n<!-- \/ Yoast SEO plugin. -->","yoast_head_json":{"title":"M\u00e9lisse - Uniest","robots":{"index":"index","follow":"follow","max-snippet":"max-snippet:-1","max-image-preview":"max-image-preview:large","max-video-preview":"max-video-preview:-1"},"canonical":"https:\/\/uniest.it\/prodotto\/melissa-2\/","og_locale":"fr_FR","og_type":"article","og_title":"M\u00e9lisse - Uniest","og_description":"Le pr\u00e9nom Melissa vient du grec et signifie \u00ab abeille \u00bb ou \u00ab celle qui donne du miel \u00bb. Sans aucun doute, son nectar sucr\u00e9 et son parfum enivrant attirent les abeilles et les insectes de toutes sortes qui sucent le nectar. Les Grecs, les Arabes et les Latins recommandaient son utilisation pour calmer les [&hellip;]","og_url":"https:\/\/uniest.it\/prodotto\/melissa-2\/","og_site_name":"Uniest","article_modified_time":"2024-10-23T15:30:28+00:00","og_image":[{"width":1283,"height":2000,"url":"https:\/\/uniest.it\/wp-content\/uploads\/2020\/12\/275ZOP.png","type":"image\/png"}],"twitter_card":"summary_large_image","twitter_misc":{"Dur\u00e9e de lecture estim\u00e9e":"2 minutes"},"schema":{"@context":"https:\/\/schema.org","@graph":[{"@type":"WebPage","@id":"https:\/\/uniest.it\/prodotto\/melissa-2\/","url":"https:\/\/uniest.it\/prodotto\/melissa-2\/","name":"M\u00e9lisse - Uniest","isPartOf":{"@id":"https:\/\/uniest.it\/#website"},"primaryImageOfPage":{"@id":"https:\/\/uniest.it\/prodotto\/melissa-2\/#primaryimage"},"image":{"@id":"https:\/\/uniest.it\/prodotto\/melissa-2\/#primaryimage"},"thumbnailUrl":"https:\/\/uniest.it\/wp-content\/uploads\/2020\/12\/275ZOP.png","datePublished":"2024-10-23T14:43:07+00:00","dateModified":"2024-10-23T15:30:28+00:00","breadcrumb":{"@id":"https:\/\/uniest.it\/prodotto\/melissa-2\/#breadcrumb"},"inLanguage":"fr-FR","potentialAction":[{"@type":"ReadAction","target":["https:\/\/uniest.it\/prodotto\/melissa-2\/"]}]},{"@type":"ImageObject","inLanguage":"fr-FR","@id":"https:\/\/uniest.it\/prodotto\/melissa-2\/#primaryimage","url":"https:\/\/uniest.it\/wp-content\/uploads\/2020\/12\/275ZOP.png","contentUrl":"https:\/\/uniest.it\/wp-content\/uploads\/2020\/12\/275ZOP.png","width":1283,"height":2000},{"@type":"BreadcrumbList","@id":"https:\/\/uniest.it\/prodotto\/melissa-2\/#breadcrumb","itemListElement":[{"@type":"ListItem","position":1,"name":"Home","item":"https:\/\/uniest.it\/fr\/"},{"@type":"ListItem","position":2,"name":"Shop","item":"https:\/\/uniest.it\/shop\/"},{"@type":"ListItem","position":3,"name":"M\u00e9lisse"}]},{"@type":"WebSite","@id":"https:\/\/uniest.it\/#website","url":"https:\/\/uniest.it\/","name":"Uniest","description":"Cosmetici Naturali e Bio","potentialAction":[{"@type":"SearchAction","target":{"@type":"EntryPoint","urlTemplate":"https:\/\/uniest.it\/?s={search_term_string}"},"query-input":{"@type":"PropertyValueSpecification","valueRequired":true,"valueName":"search_term_string"}}],"inLanguage":"fr-FR"}]}},"_links":{"self":[{"href":"https:\/\/uniest.it\/fr\/wp-json\/wp\/v2\/product\/5825","targetHints":{"allow":["GET"]}}],"collection":[{"href":"https:\/\/uniest.it\/fr\/wp-json\/wp\/v2\/product"}],"about":[{"href":"https:\/\/uniest.it\/fr\/wp-json\/wp\/v2\/types\/product"}],"wp:featuredmedia":[{"embeddable":true,"href":"https:\/\/uniest.it\/fr\/wp-json\/wp\/v2\/media\/5826"}],"wp:attachment":[{"href":"https:\/\/uniest.it\/fr\/wp-json\/wp\/v2\/media?parent=5825"}],"wp:term":[{"taxonomy":"product_brand","embeddable":true,"href":"https:\/\/uniest.it\/fr\/wp-json\/wp\/v2\/product_brand?post=5825"},{"taxonomy":"product_cat","embeddable":true,"href":"https:\/\/uniest.it\/fr\/wp-json\/wp\/v2\/product_cat?post=5825"},{"taxonomy":"product_tag","embeddable":true,"href":"https:\/\/uniest.it\/fr\/wp-json\/wp\/v2\/product_tag?post=5825"}],"curies":[{"name":"wp","href":"https:\/\/api.w.org\/{rel}","templated":true}]}}