{"id":5829,"date":"2021-02-04T13:00:05","date_gmt":"2024-10-23T14:43:07","guid":{"rendered":"https:\/\/uniest.it\/prodotto\/gel-lavant-desinfectant-naturel-concentre-rapide-pour-les-mains-250-ml\/"},"modified":"2024-10-23T16:30:29","modified_gmt":"2024-10-23T15:30:29","slug":"gel-lavant-desinfectant-naturel-concentre-rapide-pour-les-mains-250-ml","status":"publish","type":"product","link":"https:\/\/uniest.it\/fr\/prodotto\/gel-lavant-desinfectant-naturel-concentre-rapide-pour-les-mains-250-ml\/","title":{"rendered":"Gel Lavant D\u00e9sinfectant Naturel Concentr\u00e9 Rapide pour les Mains &#8211; 250 ml"},"content":{"rendered":"<p>Le Gel Lavant D\u00e9sinfectant Rapide pour les Mains est formul\u00e9 avec 95% d&rsquo;alcool pur et enrichi en huiles essentielles d&rsquo;arbre \u00e0 th\u00e9, d&rsquo;orange, d&rsquo;eucalyptus et de vitamine E. La pr\u00e9sence d&rsquo;autres principes actifs fait que ce produit, une fois appliqu\u00e9, mass\u00e9 et s\u00e9ch\u00e9, laisse les mains douces et soyeux et pas sec. Il peut donc \u00eatre d\u00e9fini comme un assainissant qui respecte et prot\u00e8ge notre peau. Compte tenu de sa concentration en principes actifs, il doit \u00eatre utilis\u00e9 \u00e0 petites doses, quelques gouttes sur les deux mains suffisent pour recouvrir abondamment la surface \u00e0 traiter.<\/p>\n","protected":false},"excerpt":{"rendered":"<p>Le Gel Lavant D\u00e9sinfectant Rapide pour les Mains est formul\u00e9 avec 95% d&rsquo;alcool pur et enrichi en huiles essentielles d&rsquo;arbre \u00e0 th\u00e9, d&rsquo;orange, d&rsquo;eucalyptus et de vitamine E. La pr\u00e9sence d&rsquo;autres principes actifs fait que ce produit, une fois appliqu\u00e9, mass\u00e9 et s\u00e9ch\u00e9, laisse les mains douces et soyeux et pas sec. Il peut donc [&hellip;]<\/p>\n","protected":false},"featured_media":5830,"template":"","meta":{"_acf_changed":false,"inline_featured_image":false},"product_brand":[],"product_cat":[1372,1378,1373,1392],"product_tag":[],"class_list":{"0":"post-5829","1":"product","2":"type-product","3":"status-publish","4":"has-post-thumbnail","6":"product_beauty-detergere","7":"product_beauty-idratare","8":"product_beauty-proteggere","9":"product_skin-tutte-le-pelli","10":"product_kind-bagno","11":"product_kind-doccia","12":"product_kind-shampoo-e-detergenza","13":"product_lines-igiene-e-protezione","14":"product_cat-corpo-fr","15":"product_cat-famiglia-e-pet-fr","16":"product_cat-uomo-fr","17":"product_cat-mani-e-piedi-fr","18":"pa_size-250-fr","20":"first","21":"outofstock","22":"sale","23":"taxable","24":"shipping-taxable","25":"purchasable","26":"product-type-simple"},"acf":[],"yoast_head":"<!-- This site is optimized with the Yoast SEO plugin v24.6 - https:\/\/yoast.com\/wordpress\/plugins\/seo\/ -->\n<title>Gel Lavant D\u00e9sinfectant Naturel Concentr\u00e9 Rapide pour les Mains - 250 ml - Uniest<\/title>\n<meta name=\"robots\" content=\"index, follow, max-snippet:-1, max-image-preview:large, max-video-preview:-1\" \/>\n<link rel=\"canonical\" href=\"https:\/\/uniest.it\/prodotto\/gel-lavamani-igienizzante-naturale-concentrato-rapido-250ml\/\" \/>\n<meta property=\"og:locale\" content=\"fr_FR\" \/>\n<meta property=\"og:type\" content=\"article\" \/>\n<meta property=\"og:title\" content=\"Gel Lavant D\u00e9sinfectant Naturel Concentr\u00e9 Rapide pour les Mains - 250 ml - Uniest\" \/>\n<meta property=\"og:description\" content=\"Le Gel Lavant D\u00e9sinfectant Rapide pour les Mains est formul\u00e9 avec 95% d&rsquo;alcool pur et enrichi en huiles essentielles d&rsquo;arbre \u00e0 th\u00e9, d&rsquo;orange, d&rsquo;eucalyptus et de vitamine E. La pr\u00e9sence d&rsquo;autres principes actifs fait que ce produit, une fois appliqu\u00e9, mass\u00e9 et s\u00e9ch\u00e9, laisse les mains douces et soyeux et pas sec. Il peut donc [&hellip;]\" \/>\n<meta property=\"og:url\" content=\"https:\/\/uniest.it\/prodotto\/gel-lavamani-igienizzante-naturale-concentrato-rapido-250ml\/\" \/>\n<meta property=\"og:site_name\" content=\"Uniest\" \/>\n<meta property=\"article:modified_time\" content=\"2024-10-23T15:30:29+00:00\" \/>\n<meta property=\"og:image\" content=\"https:\/\/uniest.it\/wp-content\/uploads\/2020\/11\/293AAE.png\" \/>\n\t<meta property=\"og:image:width\" content=\"1283\" \/>\n\t<meta property=\"og:image:height\" content=\"2000\" \/>\n\t<meta property=\"og:image:type\" content=\"image\/png\" \/>\n<meta name=\"twitter:card\" content=\"summary_large_image\" \/>\n<script type=\"application\/ld+json\" class=\"yoast-schema-graph\">{\"@context\":\"https:\/\/schema.org\",\"@graph\":[{\"@type\":\"WebPage\",\"@id\":\"https:\/\/uniest.it\/prodotto\/gel-lavamani-igienizzante-naturale-concentrato-rapido-250ml\/\",\"url\":\"https:\/\/uniest.it\/prodotto\/gel-lavamani-igienizzante-naturale-concentrato-rapido-250ml\/\",\"name\":\"Gel Lavant D\u00e9sinfectant Naturel Concentr\u00e9 Rapide pour les Mains - 250 ml - Uniest\",\"isPartOf\":{\"@id\":\"https:\/\/uniest.it\/#website\"},\"primaryImageOfPage\":{\"@id\":\"https:\/\/uniest.it\/prodotto\/gel-lavamani-igienizzante-naturale-concentrato-rapido-250ml\/#primaryimage\"},\"image\":{\"@id\":\"https:\/\/uniest.it\/prodotto\/gel-lavamani-igienizzante-naturale-concentrato-rapido-250ml\/#primaryimage\"},\"thumbnailUrl\":\"https:\/\/uniest.it\/wp-content\/uploads\/2020\/11\/293AAE.png\",\"datePublished\":\"2024-10-23T14:43:07+00:00\",\"dateModified\":\"2024-10-23T15:30:29+00:00\",\"breadcrumb\":{\"@id\":\"https:\/\/uniest.it\/prodotto\/gel-lavamani-igienizzante-naturale-concentrato-rapido-250ml\/#breadcrumb\"},\"inLanguage\":\"fr-FR\",\"potentialAction\":[{\"@type\":\"ReadAction\",\"target\":[\"https:\/\/uniest.it\/prodotto\/gel-lavamani-igienizzante-naturale-concentrato-rapido-250ml\/\"]}]},{\"@type\":\"ImageObject\",\"inLanguage\":\"fr-FR\",\"@id\":\"https:\/\/uniest.it\/prodotto\/gel-lavamani-igienizzante-naturale-concentrato-rapido-250ml\/#primaryimage\",\"url\":\"https:\/\/uniest.it\/wp-content\/uploads\/2020\/11\/293AAE.png\",\"contentUrl\":\"https:\/\/uniest.it\/wp-content\/uploads\/2020\/11\/293AAE.png\",\"width\":1283,\"height\":2000},{\"@type\":\"BreadcrumbList\",\"@id\":\"https:\/\/uniest.it\/prodotto\/gel-lavamani-igienizzante-naturale-concentrato-rapido-250ml\/#breadcrumb\",\"itemListElement\":[{\"@type\":\"ListItem\",\"position\":1,\"name\":\"Home\",\"item\":\"https:\/\/uniest.it\/fr\/\"},{\"@type\":\"ListItem\",\"position\":2,\"name\":\"Shop\",\"item\":\"https:\/\/uniest.it\/shop\/\"},{\"@type\":\"ListItem\",\"position\":3,\"name\":\"Gel Lavant D\u00e9sinfectant Naturel Concentr\u00e9 Rapide pour les Mains &#8211; 250 ml\"}]},{\"@type\":\"WebSite\",\"@id\":\"https:\/\/uniest.it\/#website\",\"url\":\"https:\/\/uniest.it\/\",\"name\":\"Uniest\",\"description\":\"Cosmetici Naturali e Bio\",\"potentialAction\":[{\"@type\":\"SearchAction\",\"target\":{\"@type\":\"EntryPoint\",\"urlTemplate\":\"https:\/\/uniest.it\/?s={search_term_string}\"},\"query-input\":{\"@type\":\"PropertyValueSpecification\",\"valueRequired\":true,\"valueName\":\"search_term_string\"}}],\"inLanguage\":\"fr-FR\"}]}<\/script>\n<!-- \/ Yoast SEO plugin. -->","yoast_head_json":{"title":"Gel Lavant D\u00e9sinfectant Naturel Concentr\u00e9 Rapide pour les Mains - 250 ml - Uniest","robots":{"index":"index","follow":"follow","max-snippet":"max-snippet:-1","max-image-preview":"max-image-preview:large","max-video-preview":"max-video-preview:-1"},"canonical":"https:\/\/uniest.it\/prodotto\/gel-lavamani-igienizzante-naturale-concentrato-rapido-250ml\/","og_locale":"fr_FR","og_type":"article","og_title":"Gel Lavant D\u00e9sinfectant Naturel Concentr\u00e9 Rapide pour les Mains - 250 ml - Uniest","og_description":"Le Gel Lavant D\u00e9sinfectant Rapide pour les Mains est formul\u00e9 avec 95% d&rsquo;alcool pur et enrichi en huiles essentielles d&rsquo;arbre \u00e0 th\u00e9, d&rsquo;orange, d&rsquo;eucalyptus et de vitamine E. La pr\u00e9sence d&rsquo;autres principes actifs fait que ce produit, une fois appliqu\u00e9, mass\u00e9 et s\u00e9ch\u00e9, laisse les mains douces et soyeux et pas sec. Il peut donc [&hellip;]","og_url":"https:\/\/uniest.it\/prodotto\/gel-lavamani-igienizzante-naturale-concentrato-rapido-250ml\/","og_site_name":"Uniest","article_modified_time":"2024-10-23T15:30:29+00:00","og_image":[{"width":1283,"height":2000,"url":"https:\/\/uniest.it\/wp-content\/uploads\/2020\/11\/293AAE.png","type":"image\/png"}],"twitter_card":"summary_large_image","schema":{"@context":"https:\/\/schema.org","@graph":[{"@type":"WebPage","@id":"https:\/\/uniest.it\/prodotto\/gel-lavamani-igienizzante-naturale-concentrato-rapido-250ml\/","url":"https:\/\/uniest.it\/prodotto\/gel-lavamani-igienizzante-naturale-concentrato-rapido-250ml\/","name":"Gel Lavant D\u00e9sinfectant Naturel Concentr\u00e9 Rapide pour les Mains - 250 ml - Uniest","isPartOf":{"@id":"https:\/\/uniest.it\/#website"},"primaryImageOfPage":{"@id":"https:\/\/uniest.it\/prodotto\/gel-lavamani-igienizzante-naturale-concentrato-rapido-250ml\/#primaryimage"},"image":{"@id":"https:\/\/uniest.it\/prodotto\/gel-lavamani-igienizzante-naturale-concentrato-rapido-250ml\/#primaryimage"},"thumbnailUrl":"https:\/\/uniest.it\/wp-content\/uploads\/2020\/11\/293AAE.png","datePublished":"2024-10-23T14:43:07+00:00","dateModified":"2024-10-23T15:30:29+00:00","breadcrumb":{"@id":"https:\/\/uniest.it\/prodotto\/gel-lavamani-igienizzante-naturale-concentrato-rapido-250ml\/#breadcrumb"},"inLanguage":"fr-FR","potentialAction":[{"@type":"ReadAction","target":["https:\/\/uniest.it\/prodotto\/gel-lavamani-igienizzante-naturale-concentrato-rapido-250ml\/"]}]},{"@type":"ImageObject","inLanguage":"fr-FR","@id":"https:\/\/uniest.it\/prodotto\/gel-lavamani-igienizzante-naturale-concentrato-rapido-250ml\/#primaryimage","url":"https:\/\/uniest.it\/wp-content\/uploads\/2020\/11\/293AAE.png","contentUrl":"https:\/\/uniest.it\/wp-content\/uploads\/2020\/11\/293AAE.png","width":1283,"height":2000},{"@type":"BreadcrumbList","@id":"https:\/\/uniest.it\/prodotto\/gel-lavamani-igienizzante-naturale-concentrato-rapido-250ml\/#breadcrumb","itemListElement":[{"@type":"ListItem","position":1,"name":"Home","item":"https:\/\/uniest.it\/fr\/"},{"@type":"ListItem","position":2,"name":"Shop","item":"https:\/\/uniest.it\/shop\/"},{"@type":"ListItem","position":3,"name":"Gel Lavant D\u00e9sinfectant Naturel Concentr\u00e9 Rapide pour les Mains &#8211; 250 ml"}]},{"@type":"WebSite","@id":"https:\/\/uniest.it\/#website","url":"https:\/\/uniest.it\/","name":"Uniest","description":"Cosmetici Naturali e Bio","potentialAction":[{"@type":"SearchAction","target":{"@type":"EntryPoint","urlTemplate":"https:\/\/uniest.it\/?s={search_term_string}"},"query-input":{"@type":"PropertyValueSpecification","valueRequired":true,"valueName":"search_term_string"}}],"inLanguage":"fr-FR"}]}},"_links":{"self":[{"href":"https:\/\/uniest.it\/fr\/wp-json\/wp\/v2\/product\/5829","targetHints":{"allow":["GET"]}}],"collection":[{"href":"https:\/\/uniest.it\/fr\/wp-json\/wp\/v2\/product"}],"about":[{"href":"https:\/\/uniest.it\/fr\/wp-json\/wp\/v2\/types\/product"}],"wp:featuredmedia":[{"embeddable":true,"href":"https:\/\/uniest.it\/fr\/wp-json\/wp\/v2\/media\/5830"}],"wp:attachment":[{"href":"https:\/\/uniest.it\/fr\/wp-json\/wp\/v2\/media?parent=5829"}],"wp:term":[{"taxonomy":"product_brand","embeddable":true,"href":"https:\/\/uniest.it\/fr\/wp-json\/wp\/v2\/product_brand?post=5829"},{"taxonomy":"product_cat","embeddable":true,"href":"https:\/\/uniest.it\/fr\/wp-json\/wp\/v2\/product_cat?post=5829"},{"taxonomy":"product_tag","embeddable":true,"href":"https:\/\/uniest.it\/fr\/wp-json\/wp\/v2\/product_tag?post=5829"}],"curies":[{"name":"wp","href":"https:\/\/api.w.org\/{rel}","templated":true}]}}