{"id":5831,"date":"2024-10-23T15:43:08","date_gmt":"2024-10-23T14:43:08","guid":{"rendered":"https:\/\/uniest.it\/prodotto\/propolis-100-gelules\/"},"modified":"2024-10-23T16:30:29","modified_gmt":"2024-10-23T15:30:29","slug":"propolis-100-gelules","status":"publish","type":"product","link":"https:\/\/uniest.it\/fr\/prodotto\/propolis-100-gelules\/","title":{"rendered":"Propolis &#8211; 100 g\u00e9lules"},"content":{"rendered":"<p>La propolis est une substance r\u00e9sineuse extr\u00eamement b\u00e9n\u00e9fique pour notre organisme. Ses propri\u00e9t\u00e9s ont \u00e9t\u00e9 confirm\u00e9es par la recherche scientifique pour ses effets antibact\u00e9riens, antiviraux et antifongiques. D\u00e9fini comme un antibiotique naturel, il exerce \u00e0 la fois une activit\u00e9 bact\u00e9riostatique, c&rsquo;est-\u00e0-dire qu&rsquo;il emp\u00eache la multiplication des germes, bact\u00e9ries et virus ; il est bact\u00e9ricide, c&rsquo;est \u00e0 dire qu&rsquo;il est capable de tuer ces micro-organismes. La propolis est produite par les abeilles \u00e0 la fin de la saison de collecte du pollen. Les abeilles butineuses ont pour t\u00e2che de r\u00e9colter la r\u00e9sine des bourgeons foliaires et de l\u2019\u00e9corce de certaines esp\u00e8ces d\u2019arbres. Ces petits insectes industrieux utilisent de la cire, du pollen et des enzymes pour fabriquer ce produit totalement naturel. Il semble que son nom d\u00e9rive des mots grecs pro, \u00ab d\u00e9fense \u00bb et polis, \u00ab ville \u00bb, en effet ce n&rsquo;est pas un hasard si les abeilles utilisent la propolis comme isolant des agents ext\u00e9rieurs et d\u00e9sinfectant pour la ruche. Il est utilis\u00e9 par les abeilles pour \u00ab peindre \u00bb et d\u00e9sinfecter les parois internes de la ruche, notamment la chambre de la reine. Sa couleur peut varier du jaune-vert (lorsque les pins pr\u00e9dominent) au rouge\u00e2tre (peupliers) en passant par le noir (bouleaux). La saveur va de l\u2019\u00e2cre-amer au sucr\u00e9.<\/p>\n","protected":false},"excerpt":{"rendered":"<p>La propolis est une substance r\u00e9sineuse extr\u00eamement b\u00e9n\u00e9fique pour notre organisme. Ses propri\u00e9t\u00e9s ont \u00e9t\u00e9 confirm\u00e9es par la recherche scientifique pour ses effets antibact\u00e9riens, antiviraux et antifongiques. D\u00e9fini comme un antibiotique naturel, il exerce \u00e0 la fois une activit\u00e9 bact\u00e9riostatique, c&rsquo;est-\u00e0-dire qu&rsquo;il emp\u00eache la multiplication des germes, bact\u00e9ries et virus ; il est bact\u00e9ricide, c&rsquo;est [&hellip;]<\/p>\n","protected":false},"featured_media":5832,"template":"","meta":{"_acf_changed":false,"inline_featured_image":false},"product_brand":[],"product_cat":[1381],"product_tag":[],"class_list":{"0":"post-5831","1":"product","2":"type-product","3":"status-publish","4":"has-post-thumbnail","6":"product_beauty-antinfiammatoria","7":"product_beauty-gola","8":"product_beauty-lenitivo","9":"product_beauty-mineralizzante","10":"product_beauty-multivitaminico","11":"product_beauty-sistema-immunitario","12":"product_beauty-tratto-urinario","13":"product_beauty-vie-respiratorie","14":"product_kind-integrazione-alimentare","15":"product_lines-benessere","16":"product_cat-benessere-fr","17":"pa_size-100-cps-fr","19":"first","20":"outofstock","21":"taxable","22":"shipping-taxable","23":"purchasable","24":"product-type-simple"},"acf":[],"yoast_head":"<!-- This site is optimized with the Yoast SEO plugin v24.6 - https:\/\/yoast.com\/wordpress\/plugins\/seo\/ -->\n<title>Propolis - 100 g\u00e9lules - Uniest<\/title>\n<meta name=\"robots\" content=\"index, follow, max-snippet:-1, max-image-preview:large, max-video-preview:-1\" \/>\n<link rel=\"canonical\" href=\"https:\/\/uniest.it\/prodotto\/propoli-100-cps\/\" \/>\n<meta property=\"og:locale\" content=\"fr_FR\" \/>\n<meta property=\"og:type\" content=\"article\" \/>\n<meta property=\"og:title\" content=\"Propolis - 100 g\u00e9lules - Uniest\" \/>\n<meta property=\"og:description\" content=\"La propolis est une substance r\u00e9sineuse extr\u00eamement b\u00e9n\u00e9fique pour notre organisme. Ses propri\u00e9t\u00e9s ont \u00e9t\u00e9 confirm\u00e9es par la recherche scientifique pour ses effets antibact\u00e9riens, antiviraux et antifongiques. D\u00e9fini comme un antibiotique naturel, il exerce \u00e0 la fois une activit\u00e9 bact\u00e9riostatique, c&rsquo;est-\u00e0-dire qu&rsquo;il emp\u00eache la multiplication des germes, bact\u00e9ries et virus ; il est bact\u00e9ricide, c&rsquo;est [&hellip;]\" \/>\n<meta property=\"og:url\" content=\"https:\/\/uniest.it\/prodotto\/propoli-100-cps\/\" \/>\n<meta property=\"og:site_name\" content=\"Uniest\" \/>\n<meta property=\"article:modified_time\" content=\"2024-10-23T15:30:29+00:00\" \/>\n<meta property=\"og:image\" content=\"https:\/\/uniest.it\/wp-content\/uploads\/2020\/12\/328ZOP.png\" \/>\n\t<meta property=\"og:image:width\" content=\"1283\" \/>\n\t<meta property=\"og:image:height\" content=\"2000\" \/>\n\t<meta property=\"og:image:type\" content=\"image\/png\" \/>\n<meta name=\"twitter:card\" content=\"summary_large_image\" \/>\n<meta name=\"twitter:label1\" content=\"Dur\u00e9e de lecture estim\u00e9e\" \/>\n\t<meta name=\"twitter:data1\" content=\"1 minute\" \/>\n<script type=\"application\/ld+json\" class=\"yoast-schema-graph\">{\"@context\":\"https:\/\/schema.org\",\"@graph\":[{\"@type\":\"WebPage\",\"@id\":\"https:\/\/uniest.it\/prodotto\/propoli-100-cps\/\",\"url\":\"https:\/\/uniest.it\/prodotto\/propoli-100-cps\/\",\"name\":\"Propolis - 100 g\u00e9lules - Uniest\",\"isPartOf\":{\"@id\":\"https:\/\/uniest.it\/#website\"},\"primaryImageOfPage\":{\"@id\":\"https:\/\/uniest.it\/prodotto\/propoli-100-cps\/#primaryimage\"},\"image\":{\"@id\":\"https:\/\/uniest.it\/prodotto\/propoli-100-cps\/#primaryimage\"},\"thumbnailUrl\":\"https:\/\/uniest.it\/wp-content\/uploads\/2020\/12\/328ZOP.png\",\"datePublished\":\"2024-10-23T14:43:08+00:00\",\"dateModified\":\"2024-10-23T15:30:29+00:00\",\"breadcrumb\":{\"@id\":\"https:\/\/uniest.it\/prodotto\/propoli-100-cps\/#breadcrumb\"},\"inLanguage\":\"fr-FR\",\"potentialAction\":[{\"@type\":\"ReadAction\",\"target\":[\"https:\/\/uniest.it\/prodotto\/propoli-100-cps\/\"]}]},{\"@type\":\"ImageObject\",\"inLanguage\":\"fr-FR\",\"@id\":\"https:\/\/uniest.it\/prodotto\/propoli-100-cps\/#primaryimage\",\"url\":\"https:\/\/uniest.it\/wp-content\/uploads\/2020\/12\/328ZOP.png\",\"contentUrl\":\"https:\/\/uniest.it\/wp-content\/uploads\/2020\/12\/328ZOP.png\",\"width\":1283,\"height\":2000},{\"@type\":\"BreadcrumbList\",\"@id\":\"https:\/\/uniest.it\/prodotto\/propoli-100-cps\/#breadcrumb\",\"itemListElement\":[{\"@type\":\"ListItem\",\"position\":1,\"name\":\"Home\",\"item\":\"https:\/\/uniest.it\/fr\/\"},{\"@type\":\"ListItem\",\"position\":2,\"name\":\"Shop\",\"item\":\"https:\/\/uniest.it\/shop\/\"},{\"@type\":\"ListItem\",\"position\":3,\"name\":\"Propolis &#8211; 100 g\u00e9lules\"}]},{\"@type\":\"WebSite\",\"@id\":\"https:\/\/uniest.it\/#website\",\"url\":\"https:\/\/uniest.it\/\",\"name\":\"Uniest\",\"description\":\"Cosmetici Naturali e Bio\",\"potentialAction\":[{\"@type\":\"SearchAction\",\"target\":{\"@type\":\"EntryPoint\",\"urlTemplate\":\"https:\/\/uniest.it\/?s={search_term_string}\"},\"query-input\":{\"@type\":\"PropertyValueSpecification\",\"valueRequired\":true,\"valueName\":\"search_term_string\"}}],\"inLanguage\":\"fr-FR\"}]}<\/script>\n<!-- \/ Yoast SEO plugin. -->","yoast_head_json":{"title":"Propolis - 100 g\u00e9lules - Uniest","robots":{"index":"index","follow":"follow","max-snippet":"max-snippet:-1","max-image-preview":"max-image-preview:large","max-video-preview":"max-video-preview:-1"},"canonical":"https:\/\/uniest.it\/prodotto\/propoli-100-cps\/","og_locale":"fr_FR","og_type":"article","og_title":"Propolis - 100 g\u00e9lules - Uniest","og_description":"La propolis est une substance r\u00e9sineuse extr\u00eamement b\u00e9n\u00e9fique pour notre organisme. Ses propri\u00e9t\u00e9s ont \u00e9t\u00e9 confirm\u00e9es par la recherche scientifique pour ses effets antibact\u00e9riens, antiviraux et antifongiques. D\u00e9fini comme un antibiotique naturel, il exerce \u00e0 la fois une activit\u00e9 bact\u00e9riostatique, c&rsquo;est-\u00e0-dire qu&rsquo;il emp\u00eache la multiplication des germes, bact\u00e9ries et virus ; il est bact\u00e9ricide, c&rsquo;est [&hellip;]","og_url":"https:\/\/uniest.it\/prodotto\/propoli-100-cps\/","og_site_name":"Uniest","article_modified_time":"2024-10-23T15:30:29+00:00","og_image":[{"width":1283,"height":2000,"url":"https:\/\/uniest.it\/wp-content\/uploads\/2020\/12\/328ZOP.png","type":"image\/png"}],"twitter_card":"summary_large_image","twitter_misc":{"Dur\u00e9e de lecture estim\u00e9e":"1 minute"},"schema":{"@context":"https:\/\/schema.org","@graph":[{"@type":"WebPage","@id":"https:\/\/uniest.it\/prodotto\/propoli-100-cps\/","url":"https:\/\/uniest.it\/prodotto\/propoli-100-cps\/","name":"Propolis - 100 g\u00e9lules - Uniest","isPartOf":{"@id":"https:\/\/uniest.it\/#website"},"primaryImageOfPage":{"@id":"https:\/\/uniest.it\/prodotto\/propoli-100-cps\/#primaryimage"},"image":{"@id":"https:\/\/uniest.it\/prodotto\/propoli-100-cps\/#primaryimage"},"thumbnailUrl":"https:\/\/uniest.it\/wp-content\/uploads\/2020\/12\/328ZOP.png","datePublished":"2024-10-23T14:43:08+00:00","dateModified":"2024-10-23T15:30:29+00:00","breadcrumb":{"@id":"https:\/\/uniest.it\/prodotto\/propoli-100-cps\/#breadcrumb"},"inLanguage":"fr-FR","potentialAction":[{"@type":"ReadAction","target":["https:\/\/uniest.it\/prodotto\/propoli-100-cps\/"]}]},{"@type":"ImageObject","inLanguage":"fr-FR","@id":"https:\/\/uniest.it\/prodotto\/propoli-100-cps\/#primaryimage","url":"https:\/\/uniest.it\/wp-content\/uploads\/2020\/12\/328ZOP.png","contentUrl":"https:\/\/uniest.it\/wp-content\/uploads\/2020\/12\/328ZOP.png","width":1283,"height":2000},{"@type":"BreadcrumbList","@id":"https:\/\/uniest.it\/prodotto\/propoli-100-cps\/#breadcrumb","itemListElement":[{"@type":"ListItem","position":1,"name":"Home","item":"https:\/\/uniest.it\/fr\/"},{"@type":"ListItem","position":2,"name":"Shop","item":"https:\/\/uniest.it\/shop\/"},{"@type":"ListItem","position":3,"name":"Propolis &#8211; 100 g\u00e9lules"}]},{"@type":"WebSite","@id":"https:\/\/uniest.it\/#website","url":"https:\/\/uniest.it\/","name":"Uniest","description":"Cosmetici Naturali e Bio","potentialAction":[{"@type":"SearchAction","target":{"@type":"EntryPoint","urlTemplate":"https:\/\/uniest.it\/?s={search_term_string}"},"query-input":{"@type":"PropertyValueSpecification","valueRequired":true,"valueName":"search_term_string"}}],"inLanguage":"fr-FR"}]}},"_links":{"self":[{"href":"https:\/\/uniest.it\/fr\/wp-json\/wp\/v2\/product\/5831","targetHints":{"allow":["GET"]}}],"collection":[{"href":"https:\/\/uniest.it\/fr\/wp-json\/wp\/v2\/product"}],"about":[{"href":"https:\/\/uniest.it\/fr\/wp-json\/wp\/v2\/types\/product"}],"wp:featuredmedia":[{"embeddable":true,"href":"https:\/\/uniest.it\/fr\/wp-json\/wp\/v2\/media\/5832"}],"wp:attachment":[{"href":"https:\/\/uniest.it\/fr\/wp-json\/wp\/v2\/media?parent=5831"}],"wp:term":[{"taxonomy":"product_brand","embeddable":true,"href":"https:\/\/uniest.it\/fr\/wp-json\/wp\/v2\/product_brand?post=5831"},{"taxonomy":"product_cat","embeddable":true,"href":"https:\/\/uniest.it\/fr\/wp-json\/wp\/v2\/product_cat?post=5831"},{"taxonomy":"product_tag","embeddable":true,"href":"https:\/\/uniest.it\/fr\/wp-json\/wp\/v2\/product_tag?post=5831"}],"curies":[{"name":"wp","href":"https:\/\/api.w.org\/{rel}","templated":true}]}}