{"id":5833,"date":"2024-10-23T15:43:08","date_gmt":"2024-10-23T14:43:08","guid":{"rendered":"https:\/\/uniest.it\/prodotto\/rhubarbe\/"},"modified":"2024-10-23T16:30:30","modified_gmt":"2024-10-23T15:30:30","slug":"rhubarbe","status":"publish","type":"product","link":"https:\/\/uniest.it\/fr\/prodotto\/rhubarbe\/","title":{"rendered":"Rhubarbe"},"content":{"rendered":"<p>La rhubarbe, dont le nom scientifique est Rheum Officinale, appartient \u00e0 la famille des Polygoniaceae et est une plante vivace, g\u00e9n\u00e9ralement tr\u00e8s grande et pouvant d\u00e9passer deux m\u00e8tres de hauteur. Il poss\u00e8de une rosette basale avec de grandes feuilles palm\u00e9es qui atteignent jusqu&rsquo;\u00e0 80 centim\u00e8tres et ont une marge enti\u00e8re ou dentel\u00e9e. De longues tiges rouge\u00e2tres \u00e9mergent de la base des feuilles, au sommet desquelles pend une fleur bisexu\u00e9e, de forme radiale semblable \u00e0 une panicule et de couleur variable du blanc au rose, du jaune au vert, selon la vari\u00e9t\u00e9 de rhubarbe. Sa racine est tr\u00e8s grosse avec un rhizome charnu et robuste qui est utilis\u00e9 pour l&rsquo;extraction de m\u00e9dicaments. Du rhizome chaque ann\u00e9e au moment de la croissance v\u00e9g\u00e9tative \u00e9mergent les feuilles de la rosette basale tandis que la r\u00e9colte du rhizome a lieu en automne \u00e0 partir de la deuxi\u00e8me ann\u00e9e de v\u00e9g\u00e9tation.<\/p>\n","protected":false},"excerpt":{"rendered":"<p>La rhubarbe, dont le nom scientifique est Rheum Officinale, appartient \u00e0 la famille des Polygoniaceae et est une plante vivace, g\u00e9n\u00e9ralement tr\u00e8s grande et pouvant d\u00e9passer deux m\u00e8tres de hauteur. Il poss\u00e8de une rosette basale avec de grandes feuilles palm\u00e9es qui atteignent jusqu&rsquo;\u00e0 80 centim\u00e8tres et ont une marge enti\u00e8re ou dentel\u00e9e. De longues tiges [&hellip;]<\/p>\n","protected":false},"featured_media":5834,"template":"","meta":{"_acf_changed":false,"inline_featured_image":false},"product_brand":[],"product_cat":[1381],"product_tag":[],"class_list":{"0":"post-5833","1":"product","2":"type-product","3":"status-publish","4":"has-post-thumbnail","6":"product_beauty-detox-e-dren","7":"product_beauty-digestivo","8":"product_beauty-intestino","9":"product_beauty-mineralizzante","10":"product_beauty-multivitaminico","11":"product_beauty-perdita-peso","12":"product_beauty-tratto-intestinale","13":"product_kind-integrazione-alimentare","14":"product_lines-benessere","15":"product_cat-benessere-fr","16":"pa_size-100-cps-fr","18":"first","19":"outofstock","20":"taxable","21":"shipping-taxable","22":"purchasable","23":"product-type-simple"},"acf":[],"yoast_head":"<!-- This site is optimized with the Yoast SEO plugin v24.6 - https:\/\/yoast.com\/wordpress\/plugins\/seo\/ -->\n<title>Rhubarbe - Uniest<\/title>\n<meta name=\"robots\" content=\"index, follow, max-snippet:-1, max-image-preview:large, max-video-preview:-1\" \/>\n<link rel=\"canonical\" href=\"https:\/\/uniest.it\/prodotto\/rabarbaro\/\" \/>\n<meta property=\"og:locale\" content=\"fr_FR\" \/>\n<meta property=\"og:type\" content=\"article\" \/>\n<meta property=\"og:title\" content=\"Rhubarbe - Uniest\" \/>\n<meta property=\"og:description\" content=\"La rhubarbe, dont le nom scientifique est Rheum Officinale, appartient \u00e0 la famille des Polygoniaceae et est une plante vivace, g\u00e9n\u00e9ralement tr\u00e8s grande et pouvant d\u00e9passer deux m\u00e8tres de hauteur. Il poss\u00e8de une rosette basale avec de grandes feuilles palm\u00e9es qui atteignent jusqu&rsquo;\u00e0 80 centim\u00e8tres et ont une marge enti\u00e8re ou dentel\u00e9e. De longues tiges [&hellip;]\" \/>\n<meta property=\"og:url\" content=\"https:\/\/uniest.it\/prodotto\/rabarbaro\/\" \/>\n<meta property=\"og:site_name\" content=\"Uniest\" \/>\n<meta property=\"article:modified_time\" content=\"2024-10-23T15:30:30+00:00\" \/>\n<meta property=\"og:image\" content=\"https:\/\/uniest.it\/wp-content\/uploads\/2020\/12\/334ZOP.png\" \/>\n\t<meta property=\"og:image:width\" content=\"1283\" \/>\n\t<meta property=\"og:image:height\" content=\"2000\" \/>\n\t<meta property=\"og:image:type\" content=\"image\/png\" \/>\n<meta name=\"twitter:card\" content=\"summary_large_image\" \/>\n<meta name=\"twitter:label1\" content=\"Dur\u00e9e de lecture estim\u00e9e\" \/>\n\t<meta name=\"twitter:data1\" content=\"1 minute\" \/>\n<script type=\"application\/ld+json\" class=\"yoast-schema-graph\">{\"@context\":\"https:\/\/schema.org\",\"@graph\":[{\"@type\":\"WebPage\",\"@id\":\"https:\/\/uniest.it\/prodotto\/rabarbaro\/\",\"url\":\"https:\/\/uniest.it\/prodotto\/rabarbaro\/\",\"name\":\"Rhubarbe - Uniest\",\"isPartOf\":{\"@id\":\"https:\/\/uniest.it\/#website\"},\"primaryImageOfPage\":{\"@id\":\"https:\/\/uniest.it\/prodotto\/rabarbaro\/#primaryimage\"},\"image\":{\"@id\":\"https:\/\/uniest.it\/prodotto\/rabarbaro\/#primaryimage\"},\"thumbnailUrl\":\"https:\/\/uniest.it\/wp-content\/uploads\/2020\/12\/334ZOP.png\",\"datePublished\":\"2024-10-23T14:43:08+00:00\",\"dateModified\":\"2024-10-23T15:30:30+00:00\",\"breadcrumb\":{\"@id\":\"https:\/\/uniest.it\/prodotto\/rabarbaro\/#breadcrumb\"},\"inLanguage\":\"fr-FR\",\"potentialAction\":[{\"@type\":\"ReadAction\",\"target\":[\"https:\/\/uniest.it\/prodotto\/rabarbaro\/\"]}]},{\"@type\":\"ImageObject\",\"inLanguage\":\"fr-FR\",\"@id\":\"https:\/\/uniest.it\/prodotto\/rabarbaro\/#primaryimage\",\"url\":\"https:\/\/uniest.it\/wp-content\/uploads\/2020\/12\/334ZOP.png\",\"contentUrl\":\"https:\/\/uniest.it\/wp-content\/uploads\/2020\/12\/334ZOP.png\",\"width\":1283,\"height\":2000},{\"@type\":\"BreadcrumbList\",\"@id\":\"https:\/\/uniest.it\/prodotto\/rabarbaro\/#breadcrumb\",\"itemListElement\":[{\"@type\":\"ListItem\",\"position\":1,\"name\":\"Home\",\"item\":\"https:\/\/uniest.it\/fr\/\"},{\"@type\":\"ListItem\",\"position\":2,\"name\":\"Shop\",\"item\":\"https:\/\/uniest.it\/shop\/\"},{\"@type\":\"ListItem\",\"position\":3,\"name\":\"Rhubarbe\"}]},{\"@type\":\"WebSite\",\"@id\":\"https:\/\/uniest.it\/#website\",\"url\":\"https:\/\/uniest.it\/\",\"name\":\"Uniest\",\"description\":\"Cosmetici Naturali e Bio\",\"potentialAction\":[{\"@type\":\"SearchAction\",\"target\":{\"@type\":\"EntryPoint\",\"urlTemplate\":\"https:\/\/uniest.it\/?s={search_term_string}\"},\"query-input\":{\"@type\":\"PropertyValueSpecification\",\"valueRequired\":true,\"valueName\":\"search_term_string\"}}],\"inLanguage\":\"fr-FR\"}]}<\/script>\n<!-- \/ Yoast SEO plugin. -->","yoast_head_json":{"title":"Rhubarbe - Uniest","robots":{"index":"index","follow":"follow","max-snippet":"max-snippet:-1","max-image-preview":"max-image-preview:large","max-video-preview":"max-video-preview:-1"},"canonical":"https:\/\/uniest.it\/prodotto\/rabarbaro\/","og_locale":"fr_FR","og_type":"article","og_title":"Rhubarbe - Uniest","og_description":"La rhubarbe, dont le nom scientifique est Rheum Officinale, appartient \u00e0 la famille des Polygoniaceae et est une plante vivace, g\u00e9n\u00e9ralement tr\u00e8s grande et pouvant d\u00e9passer deux m\u00e8tres de hauteur. Il poss\u00e8de une rosette basale avec de grandes feuilles palm\u00e9es qui atteignent jusqu&rsquo;\u00e0 80 centim\u00e8tres et ont une marge enti\u00e8re ou dentel\u00e9e. De longues tiges [&hellip;]","og_url":"https:\/\/uniest.it\/prodotto\/rabarbaro\/","og_site_name":"Uniest","article_modified_time":"2024-10-23T15:30:30+00:00","og_image":[{"width":1283,"height":2000,"url":"https:\/\/uniest.it\/wp-content\/uploads\/2020\/12\/334ZOP.png","type":"image\/png"}],"twitter_card":"summary_large_image","twitter_misc":{"Dur\u00e9e de lecture estim\u00e9e":"1 minute"},"schema":{"@context":"https:\/\/schema.org","@graph":[{"@type":"WebPage","@id":"https:\/\/uniest.it\/prodotto\/rabarbaro\/","url":"https:\/\/uniest.it\/prodotto\/rabarbaro\/","name":"Rhubarbe - Uniest","isPartOf":{"@id":"https:\/\/uniest.it\/#website"},"primaryImageOfPage":{"@id":"https:\/\/uniest.it\/prodotto\/rabarbaro\/#primaryimage"},"image":{"@id":"https:\/\/uniest.it\/prodotto\/rabarbaro\/#primaryimage"},"thumbnailUrl":"https:\/\/uniest.it\/wp-content\/uploads\/2020\/12\/334ZOP.png","datePublished":"2024-10-23T14:43:08+00:00","dateModified":"2024-10-23T15:30:30+00:00","breadcrumb":{"@id":"https:\/\/uniest.it\/prodotto\/rabarbaro\/#breadcrumb"},"inLanguage":"fr-FR","potentialAction":[{"@type":"ReadAction","target":["https:\/\/uniest.it\/prodotto\/rabarbaro\/"]}]},{"@type":"ImageObject","inLanguage":"fr-FR","@id":"https:\/\/uniest.it\/prodotto\/rabarbaro\/#primaryimage","url":"https:\/\/uniest.it\/wp-content\/uploads\/2020\/12\/334ZOP.png","contentUrl":"https:\/\/uniest.it\/wp-content\/uploads\/2020\/12\/334ZOP.png","width":1283,"height":2000},{"@type":"BreadcrumbList","@id":"https:\/\/uniest.it\/prodotto\/rabarbaro\/#breadcrumb","itemListElement":[{"@type":"ListItem","position":1,"name":"Home","item":"https:\/\/uniest.it\/fr\/"},{"@type":"ListItem","position":2,"name":"Shop","item":"https:\/\/uniest.it\/shop\/"},{"@type":"ListItem","position":3,"name":"Rhubarbe"}]},{"@type":"WebSite","@id":"https:\/\/uniest.it\/#website","url":"https:\/\/uniest.it\/","name":"Uniest","description":"Cosmetici Naturali e Bio","potentialAction":[{"@type":"SearchAction","target":{"@type":"EntryPoint","urlTemplate":"https:\/\/uniest.it\/?s={search_term_string}"},"query-input":{"@type":"PropertyValueSpecification","valueRequired":true,"valueName":"search_term_string"}}],"inLanguage":"fr-FR"}]}},"_links":{"self":[{"href":"https:\/\/uniest.it\/fr\/wp-json\/wp\/v2\/product\/5833","targetHints":{"allow":["GET"]}}],"collection":[{"href":"https:\/\/uniest.it\/fr\/wp-json\/wp\/v2\/product"}],"about":[{"href":"https:\/\/uniest.it\/fr\/wp-json\/wp\/v2\/types\/product"}],"wp:featuredmedia":[{"embeddable":true,"href":"https:\/\/uniest.it\/fr\/wp-json\/wp\/v2\/media\/5834"}],"wp:attachment":[{"href":"https:\/\/uniest.it\/fr\/wp-json\/wp\/v2\/media?parent=5833"}],"wp:term":[{"taxonomy":"product_brand","embeddable":true,"href":"https:\/\/uniest.it\/fr\/wp-json\/wp\/v2\/product_brand?post=5833"},{"taxonomy":"product_cat","embeddable":true,"href":"https:\/\/uniest.it\/fr\/wp-json\/wp\/v2\/product_cat?post=5833"},{"taxonomy":"product_tag","embeddable":true,"href":"https:\/\/uniest.it\/fr\/wp-json\/wp\/v2\/product_tag?post=5833"}],"curies":[{"name":"wp","href":"https:\/\/api.w.org\/{rel}","templated":true}]}}