{"id":5841,"date":"2024-10-23T15:43:10","date_gmt":"2024-10-23T14:43:10","guid":{"rendered":"https:\/\/uniest.it\/prodotto\/bain-emotionnel-jaune-50ml\/"},"modified":"2024-10-23T16:30:32","modified_gmt":"2024-10-23T15:30:32","slug":"bain-emotionnel-jaune-50ml","status":"publish","type":"product","link":"https:\/\/uniest.it\/fr\/prodotto\/bain-emotionnel-jaune-50ml\/","title":{"rendered":"Bain \u00c9motionnel Jaune &#8211; 50ml"},"content":{"rendered":"<p>Jaune : c&rsquo;est la couleur qui ressemble le plus au Soleil, synonyme de vivacit\u00e9, d&rsquo;extraversion, de l\u00e9g\u00e8ret\u00e9, de croissance et de changement. Son utilisation stimule la rationalit\u00e9 et le cerveau gauche. Diff\u00e9rentes significations sont attribu\u00e9es \u00e0 la couleur jaune : elle repr\u00e9sente l&rsquo;intellect, la foi, la bont\u00e9, le dynamisme, l&rsquo;extraversion et le d\u00e9sir de connaissance. Le jaune est associ\u00e9 au c\u00f4t\u00e9 gauche de notre cerveau qui aide \u00e0 nous stimuler, \u00e0 nous soutenir dans nos \u00e9tudes et \u00e0 activer notre c\u00f4t\u00e9 intellectuel.<\/p>\n","protected":false},"excerpt":{"rendered":"<p>Jaune : c&rsquo;est la couleur qui ressemble le plus au Soleil, synonyme de vivacit\u00e9, d&rsquo;extraversion, de l\u00e9g\u00e8ret\u00e9, de croissance et de changement. Son utilisation stimule la rationalit\u00e9 et le cerveau gauche. Diff\u00e9rentes significations sont attribu\u00e9es \u00e0 la couleur jaune : elle repr\u00e9sente l&rsquo;intellect, la foi, la bont\u00e9, le dynamisme, l&rsquo;extraversion et le d\u00e9sir de connaissance. [&hellip;]<\/p>\n","protected":false},"featured_media":5842,"template":"","meta":{"_acf_changed":false,"inline_featured_image":false},"product_brand":[],"product_cat":[1372,1373],"product_tag":[],"class_list":{"0":"post-5841","1":"product","2":"type-product","3":"status-publish","4":"has-post-thumbnail","6":"product_beauty-aromatizzare-e-profumare","7":"product_beauty-detergere","8":"product_beauty-detox-e-dren","9":"product_beauty-idratare","10":"product_beauty-lenire","11":"product_skin-pelli-delicate-e-sensibili","12":"product_skin-pelli-giovani-e-prime-rughe","13":"product_skin-pelli-grasse-e-miste","14":"product_skin-pelli-mature-e-rughe","15":"product_skin-pelli-secche-e-normali","16":"product_skin-tutte-le-pelli","17":"product_skin-tutti-i-capelli","18":"product_kind-bagno","19":"product_kind-doccia","20":"product_kind-shampoo-e-detergenza","21":"product_lines-home-spa","22":"product_cat-corpo-fr","23":"product_cat-uomo-fr","24":"pa_size-50-fr","26":"first","27":"instock","28":"taxable","29":"shipping-taxable","30":"purchasable","31":"product-type-simple"},"acf":[],"yoast_head":"<!-- This site is optimized with the Yoast SEO plugin v24.6 - https:\/\/yoast.com\/wordpress\/plugins\/seo\/ -->\n<title>Bain \u00c9motionnel Jaune - 50ml - Uniest<\/title>\n<meta name=\"robots\" content=\"index, follow, max-snippet:-1, max-image-preview:large, max-video-preview:-1\" \/>\n<link rel=\"canonical\" href=\"https:\/\/uniest.it\/prodotto\/giallo-bagno-emozionale-50ml\/\" \/>\n<meta property=\"og:locale\" content=\"fr_FR\" \/>\n<meta property=\"og:type\" content=\"article\" \/>\n<meta property=\"og:title\" content=\"Bain \u00c9motionnel Jaune - 50ml - Uniest\" \/>\n<meta property=\"og:description\" content=\"Jaune : c&rsquo;est la couleur qui ressemble le plus au Soleil, synonyme de vivacit\u00e9, d&rsquo;extraversion, de l\u00e9g\u00e8ret\u00e9, de croissance et de changement. Son utilisation stimule la rationalit\u00e9 et le cerveau gauche. Diff\u00e9rentes significations sont attribu\u00e9es \u00e0 la couleur jaune : elle repr\u00e9sente l&rsquo;intellect, la foi, la bont\u00e9, le dynamisme, l&rsquo;extraversion et le d\u00e9sir de connaissance. [&hellip;]\" \/>\n<meta property=\"og:url\" content=\"https:\/\/uniest.it\/prodotto\/giallo-bagno-emozionale-50ml\/\" \/>\n<meta property=\"og:site_name\" content=\"Uniest\" \/>\n<meta property=\"article:modified_time\" content=\"2024-10-23T15:30:32+00:00\" \/>\n<meta property=\"og:image\" content=\"https:\/\/uniest.it\/wp-content\/uploads\/2020\/12\/371AAE.png\" \/>\n\t<meta property=\"og:image:width\" content=\"1283\" \/>\n\t<meta property=\"og:image:height\" content=\"2000\" \/>\n\t<meta property=\"og:image:type\" content=\"image\/png\" \/>\n<meta name=\"twitter:card\" content=\"summary_large_image\" \/>\n<script type=\"application\/ld+json\" class=\"yoast-schema-graph\">{\"@context\":\"https:\/\/schema.org\",\"@graph\":[{\"@type\":\"WebPage\",\"@id\":\"https:\/\/uniest.it\/prodotto\/giallo-bagno-emozionale-50ml\/\",\"url\":\"https:\/\/uniest.it\/prodotto\/giallo-bagno-emozionale-50ml\/\",\"name\":\"Bain \u00c9motionnel Jaune - 50ml - Uniest\",\"isPartOf\":{\"@id\":\"https:\/\/uniest.it\/#website\"},\"primaryImageOfPage\":{\"@id\":\"https:\/\/uniest.it\/prodotto\/giallo-bagno-emozionale-50ml\/#primaryimage\"},\"image\":{\"@id\":\"https:\/\/uniest.it\/prodotto\/giallo-bagno-emozionale-50ml\/#primaryimage\"},\"thumbnailUrl\":\"https:\/\/uniest.it\/wp-content\/uploads\/2020\/12\/371AAE.png\",\"datePublished\":\"2024-10-23T14:43:10+00:00\",\"dateModified\":\"2024-10-23T15:30:32+00:00\",\"breadcrumb\":{\"@id\":\"https:\/\/uniest.it\/prodotto\/giallo-bagno-emozionale-50ml\/#breadcrumb\"},\"inLanguage\":\"fr-FR\",\"potentialAction\":[{\"@type\":\"ReadAction\",\"target\":[\"https:\/\/uniest.it\/prodotto\/giallo-bagno-emozionale-50ml\/\"]}]},{\"@type\":\"ImageObject\",\"inLanguage\":\"fr-FR\",\"@id\":\"https:\/\/uniest.it\/prodotto\/giallo-bagno-emozionale-50ml\/#primaryimage\",\"url\":\"https:\/\/uniest.it\/wp-content\/uploads\/2020\/12\/371AAE.png\",\"contentUrl\":\"https:\/\/uniest.it\/wp-content\/uploads\/2020\/12\/371AAE.png\",\"width\":1283,\"height\":2000},{\"@type\":\"BreadcrumbList\",\"@id\":\"https:\/\/uniest.it\/prodotto\/giallo-bagno-emozionale-50ml\/#breadcrumb\",\"itemListElement\":[{\"@type\":\"ListItem\",\"position\":1,\"name\":\"Home\",\"item\":\"https:\/\/uniest.it\/fr\/\"},{\"@type\":\"ListItem\",\"position\":2,\"name\":\"Shop\",\"item\":\"https:\/\/uniest.it\/shop\/\"},{\"@type\":\"ListItem\",\"position\":3,\"name\":\"Bain \u00c9motionnel Jaune &#8211; 50ml\"}]},{\"@type\":\"WebSite\",\"@id\":\"https:\/\/uniest.it\/#website\",\"url\":\"https:\/\/uniest.it\/\",\"name\":\"Uniest\",\"description\":\"Cosmetici Naturali e Bio\",\"potentialAction\":[{\"@type\":\"SearchAction\",\"target\":{\"@type\":\"EntryPoint\",\"urlTemplate\":\"https:\/\/uniest.it\/?s={search_term_string}\"},\"query-input\":{\"@type\":\"PropertyValueSpecification\",\"valueRequired\":true,\"valueName\":\"search_term_string\"}}],\"inLanguage\":\"fr-FR\"}]}<\/script>\n<!-- \/ Yoast SEO plugin. -->","yoast_head_json":{"title":"Bain \u00c9motionnel Jaune - 50ml - Uniest","robots":{"index":"index","follow":"follow","max-snippet":"max-snippet:-1","max-image-preview":"max-image-preview:large","max-video-preview":"max-video-preview:-1"},"canonical":"https:\/\/uniest.it\/prodotto\/giallo-bagno-emozionale-50ml\/","og_locale":"fr_FR","og_type":"article","og_title":"Bain \u00c9motionnel Jaune - 50ml - Uniest","og_description":"Jaune : c&rsquo;est la couleur qui ressemble le plus au Soleil, synonyme de vivacit\u00e9, d&rsquo;extraversion, de l\u00e9g\u00e8ret\u00e9, de croissance et de changement. Son utilisation stimule la rationalit\u00e9 et le cerveau gauche. Diff\u00e9rentes significations sont attribu\u00e9es \u00e0 la couleur jaune : elle repr\u00e9sente l&rsquo;intellect, la foi, la bont\u00e9, le dynamisme, l&rsquo;extraversion et le d\u00e9sir de connaissance. [&hellip;]","og_url":"https:\/\/uniest.it\/prodotto\/giallo-bagno-emozionale-50ml\/","og_site_name":"Uniest","article_modified_time":"2024-10-23T15:30:32+00:00","og_image":[{"width":1283,"height":2000,"url":"https:\/\/uniest.it\/wp-content\/uploads\/2020\/12\/371AAE.png","type":"image\/png"}],"twitter_card":"summary_large_image","schema":{"@context":"https:\/\/schema.org","@graph":[{"@type":"WebPage","@id":"https:\/\/uniest.it\/prodotto\/giallo-bagno-emozionale-50ml\/","url":"https:\/\/uniest.it\/prodotto\/giallo-bagno-emozionale-50ml\/","name":"Bain \u00c9motionnel Jaune - 50ml - Uniest","isPartOf":{"@id":"https:\/\/uniest.it\/#website"},"primaryImageOfPage":{"@id":"https:\/\/uniest.it\/prodotto\/giallo-bagno-emozionale-50ml\/#primaryimage"},"image":{"@id":"https:\/\/uniest.it\/prodotto\/giallo-bagno-emozionale-50ml\/#primaryimage"},"thumbnailUrl":"https:\/\/uniest.it\/wp-content\/uploads\/2020\/12\/371AAE.png","datePublished":"2024-10-23T14:43:10+00:00","dateModified":"2024-10-23T15:30:32+00:00","breadcrumb":{"@id":"https:\/\/uniest.it\/prodotto\/giallo-bagno-emozionale-50ml\/#breadcrumb"},"inLanguage":"fr-FR","potentialAction":[{"@type":"ReadAction","target":["https:\/\/uniest.it\/prodotto\/giallo-bagno-emozionale-50ml\/"]}]},{"@type":"ImageObject","inLanguage":"fr-FR","@id":"https:\/\/uniest.it\/prodotto\/giallo-bagno-emozionale-50ml\/#primaryimage","url":"https:\/\/uniest.it\/wp-content\/uploads\/2020\/12\/371AAE.png","contentUrl":"https:\/\/uniest.it\/wp-content\/uploads\/2020\/12\/371AAE.png","width":1283,"height":2000},{"@type":"BreadcrumbList","@id":"https:\/\/uniest.it\/prodotto\/giallo-bagno-emozionale-50ml\/#breadcrumb","itemListElement":[{"@type":"ListItem","position":1,"name":"Home","item":"https:\/\/uniest.it\/fr\/"},{"@type":"ListItem","position":2,"name":"Shop","item":"https:\/\/uniest.it\/shop\/"},{"@type":"ListItem","position":3,"name":"Bain \u00c9motionnel Jaune &#8211; 50ml"}]},{"@type":"WebSite","@id":"https:\/\/uniest.it\/#website","url":"https:\/\/uniest.it\/","name":"Uniest","description":"Cosmetici Naturali e Bio","potentialAction":[{"@type":"SearchAction","target":{"@type":"EntryPoint","urlTemplate":"https:\/\/uniest.it\/?s={search_term_string}"},"query-input":{"@type":"PropertyValueSpecification","valueRequired":true,"valueName":"search_term_string"}}],"inLanguage":"fr-FR"}]}},"_links":{"self":[{"href":"https:\/\/uniest.it\/fr\/wp-json\/wp\/v2\/product\/5841","targetHints":{"allow":["GET"]}}],"collection":[{"href":"https:\/\/uniest.it\/fr\/wp-json\/wp\/v2\/product"}],"about":[{"href":"https:\/\/uniest.it\/fr\/wp-json\/wp\/v2\/types\/product"}],"wp:featuredmedia":[{"embeddable":true,"href":"https:\/\/uniest.it\/fr\/wp-json\/wp\/v2\/media\/5842"}],"wp:attachment":[{"href":"https:\/\/uniest.it\/fr\/wp-json\/wp\/v2\/media?parent=5841"}],"wp:term":[{"taxonomy":"product_brand","embeddable":true,"href":"https:\/\/uniest.it\/fr\/wp-json\/wp\/v2\/product_brand?post=5841"},{"taxonomy":"product_cat","embeddable":true,"href":"https:\/\/uniest.it\/fr\/wp-json\/wp\/v2\/product_cat?post=5841"},{"taxonomy":"product_tag","embeddable":true,"href":"https:\/\/uniest.it\/fr\/wp-json\/wp\/v2\/product_tag?post=5841"}],"curies":[{"name":"wp","href":"https:\/\/api.w.org\/{rel}","templated":true}]}}