{"id":5843,"date":"2024-10-23T15:43:11","date_gmt":"2024-10-23T14:43:11","guid":{"rendered":"https:\/\/uniest.it\/prodotto\/bain-emotionnel-violet\/"},"modified":"2024-10-23T16:30:32","modified_gmt":"2024-10-23T15:30:32","slug":"bain-emotionnel-violet","status":"publish","type":"product","link":"https:\/\/uniest.it\/fr\/prodotto\/bain-emotionnel-violet\/","title":{"rendered":"Bain \u00e9motionnel violet"},"content":{"rendered":"<p>Violet : repr\u00e9sente souvent la richesse, la justice, la passivit\u00e9 et l&rsquo;\u00e9nergie \u00ab froide \u00bb, c&rsquo;est la couleur de la m\u00e9tamorphose, de la transition, du myst\u00e8re et de la magie. C&rsquo;est la couleur de la spiritualit\u00e9 mais aussi de la fascination \u00e9rotique, elle indique l&rsquo;union des contraires, la suggestibilit\u00e9, qui agit sur l&rsquo;inconscient, donnant force et inspiration spirituelle. Elle repr\u00e9sente la valeur moyenne entre la Terre et le Ciel, entre la passion et l&rsquo;intelligence, entre l&rsquo;amour et la sagesse, en plus c&rsquo;est la couleur de l&rsquo;Art, de la Fantaisie, du R\u00eave et de l&rsquo;Altruisme.<\/p>\n","protected":false},"excerpt":{"rendered":"<p>Violet : repr\u00e9sente souvent la richesse, la justice, la passivit\u00e9 et l&rsquo;\u00e9nergie \u00ab froide \u00bb, c&rsquo;est la couleur de la m\u00e9tamorphose, de la transition, du myst\u00e8re et de la magie. C&rsquo;est la couleur de la spiritualit\u00e9 mais aussi de la fascination \u00e9rotique, elle indique l&rsquo;union des contraires, la suggestibilit\u00e9, qui agit sur l&rsquo;inconscient, donnant force [&hellip;]<\/p>\n","protected":false},"featured_media":5844,"template":"","meta":{"_acf_changed":false,"inline_featured_image":false},"product_brand":[],"product_cat":[1372,1373],"product_tag":[],"class_list":{"0":"post-5843","1":"product","2":"type-product","3":"status-publish","4":"has-post-thumbnail","6":"product_beauty-aromatizzare-e-profumare","7":"product_beauty-detergere","8":"product_beauty-idratare","9":"product_beauty-nutrire-e-rigenerare","10":"product_beauty-rassodare-e-tonificare","11":"product_beauty-riequilibrare","12":"product_skin-pelli-delicate-e-sensibili","13":"product_skin-pelli-giovani-e-prime-rughe","14":"product_skin-pelli-grasse-e-miste","15":"product_skin-pelli-mature-e-rughe","16":"product_skin-pelli-secche-e-normali","17":"product_skin-tutte-le-pelli","18":"product_skin-tutti-i-capelli","19":"product_kind-bagno","20":"product_kind-doccia","21":"product_kind-shampoo-e-detergenza","22":"product_lines-home-spa","23":"product_cat-corpo-fr","24":"product_cat-uomo-fr","25":"pa_size-50-fr","27":"first","28":"instock","29":"taxable","30":"shipping-taxable","31":"purchasable","32":"product-type-simple"},"acf":[],"yoast_head":"<!-- This site is optimized with the Yoast SEO plugin v24.6 - https:\/\/yoast.com\/wordpress\/plugins\/seo\/ -->\n<title>Bain \u00e9motionnel violet - Uniest<\/title>\n<meta name=\"robots\" content=\"index, follow, max-snippet:-1, max-image-preview:large, max-video-preview:-1\" \/>\n<link rel=\"canonical\" href=\"https:\/\/uniest.it\/prodotto\/viola-bagno-emozionale-2\/\" \/>\n<meta property=\"og:locale\" content=\"fr_FR\" \/>\n<meta property=\"og:type\" content=\"article\" \/>\n<meta property=\"og:title\" content=\"Bain \u00e9motionnel violet - Uniest\" \/>\n<meta property=\"og:description\" content=\"Violet : repr\u00e9sente souvent la richesse, la justice, la passivit\u00e9 et l&rsquo;\u00e9nergie \u00ab froide \u00bb, c&rsquo;est la couleur de la m\u00e9tamorphose, de la transition, du myst\u00e8re et de la magie. C&rsquo;est la couleur de la spiritualit\u00e9 mais aussi de la fascination \u00e9rotique, elle indique l&rsquo;union des contraires, la suggestibilit\u00e9, qui agit sur l&rsquo;inconscient, donnant force [&hellip;]\" \/>\n<meta property=\"og:url\" content=\"https:\/\/uniest.it\/prodotto\/viola-bagno-emozionale-2\/\" \/>\n<meta property=\"og:site_name\" content=\"Uniest\" \/>\n<meta property=\"article:modified_time\" content=\"2024-10-23T15:30:32+00:00\" \/>\n<meta property=\"og:image\" content=\"https:\/\/uniest.it\/wp-content\/uploads\/2020\/12\/374AAE.png\" \/>\n\t<meta property=\"og:image:width\" content=\"1283\" \/>\n\t<meta property=\"og:image:height\" content=\"2000\" \/>\n\t<meta property=\"og:image:type\" content=\"image\/png\" \/>\n<meta name=\"twitter:card\" content=\"summary_large_image\" \/>\n<script type=\"application\/ld+json\" class=\"yoast-schema-graph\">{\"@context\":\"https:\/\/schema.org\",\"@graph\":[{\"@type\":\"WebPage\",\"@id\":\"https:\/\/uniest.it\/prodotto\/viola-bagno-emozionale-2\/\",\"url\":\"https:\/\/uniest.it\/prodotto\/viola-bagno-emozionale-2\/\",\"name\":\"Bain \u00e9motionnel violet - Uniest\",\"isPartOf\":{\"@id\":\"https:\/\/uniest.it\/#website\"},\"primaryImageOfPage\":{\"@id\":\"https:\/\/uniest.it\/prodotto\/viola-bagno-emozionale-2\/#primaryimage\"},\"image\":{\"@id\":\"https:\/\/uniest.it\/prodotto\/viola-bagno-emozionale-2\/#primaryimage\"},\"thumbnailUrl\":\"https:\/\/uniest.it\/wp-content\/uploads\/2020\/12\/374AAE.png\",\"datePublished\":\"2024-10-23T14:43:11+00:00\",\"dateModified\":\"2024-10-23T15:30:32+00:00\",\"breadcrumb\":{\"@id\":\"https:\/\/uniest.it\/prodotto\/viola-bagno-emozionale-2\/#breadcrumb\"},\"inLanguage\":\"fr-FR\",\"potentialAction\":[{\"@type\":\"ReadAction\",\"target\":[\"https:\/\/uniest.it\/prodotto\/viola-bagno-emozionale-2\/\"]}]},{\"@type\":\"ImageObject\",\"inLanguage\":\"fr-FR\",\"@id\":\"https:\/\/uniest.it\/prodotto\/viola-bagno-emozionale-2\/#primaryimage\",\"url\":\"https:\/\/uniest.it\/wp-content\/uploads\/2020\/12\/374AAE.png\",\"contentUrl\":\"https:\/\/uniest.it\/wp-content\/uploads\/2020\/12\/374AAE.png\",\"width\":1283,\"height\":2000},{\"@type\":\"BreadcrumbList\",\"@id\":\"https:\/\/uniest.it\/prodotto\/viola-bagno-emozionale-2\/#breadcrumb\",\"itemListElement\":[{\"@type\":\"ListItem\",\"position\":1,\"name\":\"Home\",\"item\":\"https:\/\/uniest.it\/fr\/\"},{\"@type\":\"ListItem\",\"position\":2,\"name\":\"Shop\",\"item\":\"https:\/\/uniest.it\/shop\/\"},{\"@type\":\"ListItem\",\"position\":3,\"name\":\"Bain \u00e9motionnel violet\"}]},{\"@type\":\"WebSite\",\"@id\":\"https:\/\/uniest.it\/#website\",\"url\":\"https:\/\/uniest.it\/\",\"name\":\"Uniest\",\"description\":\"Cosmetici Naturali e Bio\",\"potentialAction\":[{\"@type\":\"SearchAction\",\"target\":{\"@type\":\"EntryPoint\",\"urlTemplate\":\"https:\/\/uniest.it\/?s={search_term_string}\"},\"query-input\":{\"@type\":\"PropertyValueSpecification\",\"valueRequired\":true,\"valueName\":\"search_term_string\"}}],\"inLanguage\":\"fr-FR\"}]}<\/script>\n<!-- \/ Yoast SEO plugin. -->","yoast_head_json":{"title":"Bain \u00e9motionnel violet - Uniest","robots":{"index":"index","follow":"follow","max-snippet":"max-snippet:-1","max-image-preview":"max-image-preview:large","max-video-preview":"max-video-preview:-1"},"canonical":"https:\/\/uniest.it\/prodotto\/viola-bagno-emozionale-2\/","og_locale":"fr_FR","og_type":"article","og_title":"Bain \u00e9motionnel violet - Uniest","og_description":"Violet : repr\u00e9sente souvent la richesse, la justice, la passivit\u00e9 et l&rsquo;\u00e9nergie \u00ab froide \u00bb, c&rsquo;est la couleur de la m\u00e9tamorphose, de la transition, du myst\u00e8re et de la magie. C&rsquo;est la couleur de la spiritualit\u00e9 mais aussi de la fascination \u00e9rotique, elle indique l&rsquo;union des contraires, la suggestibilit\u00e9, qui agit sur l&rsquo;inconscient, donnant force [&hellip;]","og_url":"https:\/\/uniest.it\/prodotto\/viola-bagno-emozionale-2\/","og_site_name":"Uniest","article_modified_time":"2024-10-23T15:30:32+00:00","og_image":[{"width":1283,"height":2000,"url":"https:\/\/uniest.it\/wp-content\/uploads\/2020\/12\/374AAE.png","type":"image\/png"}],"twitter_card":"summary_large_image","schema":{"@context":"https:\/\/schema.org","@graph":[{"@type":"WebPage","@id":"https:\/\/uniest.it\/prodotto\/viola-bagno-emozionale-2\/","url":"https:\/\/uniest.it\/prodotto\/viola-bagno-emozionale-2\/","name":"Bain \u00e9motionnel violet - Uniest","isPartOf":{"@id":"https:\/\/uniest.it\/#website"},"primaryImageOfPage":{"@id":"https:\/\/uniest.it\/prodotto\/viola-bagno-emozionale-2\/#primaryimage"},"image":{"@id":"https:\/\/uniest.it\/prodotto\/viola-bagno-emozionale-2\/#primaryimage"},"thumbnailUrl":"https:\/\/uniest.it\/wp-content\/uploads\/2020\/12\/374AAE.png","datePublished":"2024-10-23T14:43:11+00:00","dateModified":"2024-10-23T15:30:32+00:00","breadcrumb":{"@id":"https:\/\/uniest.it\/prodotto\/viola-bagno-emozionale-2\/#breadcrumb"},"inLanguage":"fr-FR","potentialAction":[{"@type":"ReadAction","target":["https:\/\/uniest.it\/prodotto\/viola-bagno-emozionale-2\/"]}]},{"@type":"ImageObject","inLanguage":"fr-FR","@id":"https:\/\/uniest.it\/prodotto\/viola-bagno-emozionale-2\/#primaryimage","url":"https:\/\/uniest.it\/wp-content\/uploads\/2020\/12\/374AAE.png","contentUrl":"https:\/\/uniest.it\/wp-content\/uploads\/2020\/12\/374AAE.png","width":1283,"height":2000},{"@type":"BreadcrumbList","@id":"https:\/\/uniest.it\/prodotto\/viola-bagno-emozionale-2\/#breadcrumb","itemListElement":[{"@type":"ListItem","position":1,"name":"Home","item":"https:\/\/uniest.it\/fr\/"},{"@type":"ListItem","position":2,"name":"Shop","item":"https:\/\/uniest.it\/shop\/"},{"@type":"ListItem","position":3,"name":"Bain \u00e9motionnel violet"}]},{"@type":"WebSite","@id":"https:\/\/uniest.it\/#website","url":"https:\/\/uniest.it\/","name":"Uniest","description":"Cosmetici Naturali e Bio","potentialAction":[{"@type":"SearchAction","target":{"@type":"EntryPoint","urlTemplate":"https:\/\/uniest.it\/?s={search_term_string}"},"query-input":{"@type":"PropertyValueSpecification","valueRequired":true,"valueName":"search_term_string"}}],"inLanguage":"fr-FR"}]}},"_links":{"self":[{"href":"https:\/\/uniest.it\/fr\/wp-json\/wp\/v2\/product\/5843","targetHints":{"allow":["GET"]}}],"collection":[{"href":"https:\/\/uniest.it\/fr\/wp-json\/wp\/v2\/product"}],"about":[{"href":"https:\/\/uniest.it\/fr\/wp-json\/wp\/v2\/types\/product"}],"wp:featuredmedia":[{"embeddable":true,"href":"https:\/\/uniest.it\/fr\/wp-json\/wp\/v2\/media\/5844"}],"wp:attachment":[{"href":"https:\/\/uniest.it\/fr\/wp-json\/wp\/v2\/media?parent=5843"}],"wp:term":[{"taxonomy":"product_brand","embeddable":true,"href":"https:\/\/uniest.it\/fr\/wp-json\/wp\/v2\/product_brand?post=5843"},{"taxonomy":"product_cat","embeddable":true,"href":"https:\/\/uniest.it\/fr\/wp-json\/wp\/v2\/product_cat?post=5843"},{"taxonomy":"product_tag","embeddable":true,"href":"https:\/\/uniest.it\/fr\/wp-json\/wp\/v2\/product_tag?post=5843"}],"curies":[{"name":"wp","href":"https:\/\/api.w.org\/{rel}","templated":true}]}}