{"id":5849,"date":"2024-10-23T15:43:13","date_gmt":"2024-10-23T14:43:13","guid":{"rendered":"https:\/\/uniest.it\/prodotto\/algues-spiruline\/"},"modified":"2024-10-23T16:30:35","modified_gmt":"2024-10-23T15:30:35","slug":"algues-spiruline","status":"publish","type":"product","link":"https:\/\/uniest.it\/fr\/prodotto\/algues-spiruline\/","title":{"rendered":"Algues spiruline"},"content":{"rendered":"<p>La spiruline est consid\u00e9r\u00e9e comme un aliment complet, car elle contient des prot\u00e9ines, des acides amin\u00e9s, du fer, du calcium, du magn\u00e9sium, du potassium, du s\u00e9l\u00e9nium et des om\u00e9ga-6. Elle contient \u00e9galement de nombreuses vitamines, dont celles des groupes A et B, de la vitamine D, de la vitamine K et de la vitamine E. La forte concentration de ces nutriments rend l&rsquo;algue id\u00e9ale pendant la convalescence, comme soutien apr\u00e8s une intervention chirurgicale ou dans les cas o\u00f9 le syst\u00e8me immunitaire pourrait avoir besoin. aide. Les substances antioxydantes telles que le b\u00eata-carot\u00e8ne, l&rsquo;acide ascorbique et le tocoph\u00e9rol en font un excellent moyen de lutter contre les radicaux libres et les processus de vieillissement. Il est excellent comme activateur de bronzage gr\u00e2ce \u00e0 la grande quantit\u00e9 de b\u00eata-carot\u00e8ne qu&rsquo;il contient.<\/p>\n","protected":false},"excerpt":{"rendered":"<p>La spiruline est consid\u00e9r\u00e9e comme un aliment complet, car elle contient des prot\u00e9ines, des acides amin\u00e9s, du fer, du calcium, du magn\u00e9sium, du potassium, du s\u00e9l\u00e9nium et des om\u00e9ga-6. Elle contient \u00e9galement de nombreuses vitamines, dont celles des groupes A et B, de la vitamine D, de la vitamine K et de la vitamine E. [&hellip;]<\/p>\n","protected":false},"featured_media":5850,"template":"","meta":{"_acf_changed":false,"inline_featured_image":false},"product_brand":[],"product_cat":[1381],"product_tag":[],"class_list":{"0":"post-5849","1":"product","2":"type-product","3":"status-publish","4":"has-post-thumbnail","6":"product_beauty-antiossidante","7":"product_beauty-attivatore-abbronzatura","8":"product_beauty-detox-e-dren","9":"product_beauty-diuretico","10":"product_beauty-drenante","11":"product_beauty-mineralizzante","12":"product_beauty-multivitaminico","13":"product_kind-integrazione-alimentare","14":"product_lines-benessere","15":"product_cat-benessere-fr","16":"pa_size-100-cps-fr","18":"first","19":"outofstock","20":"taxable","21":"shipping-taxable","22":"purchasable","23":"product-type-simple"},"acf":[],"yoast_head":"<!-- This site is optimized with the Yoast SEO plugin v24.6 - https:\/\/yoast.com\/wordpress\/plugins\/seo\/ -->\n<title>Algues spiruline - Uniest<\/title>\n<meta name=\"robots\" content=\"index, follow, max-snippet:-1, max-image-preview:large, max-video-preview:-1\" \/>\n<link rel=\"canonical\" href=\"https:\/\/uniest.it\/prodotto\/alga-spirulina\/\" \/>\n<meta property=\"og:locale\" content=\"fr_FR\" \/>\n<meta property=\"og:type\" content=\"article\" \/>\n<meta property=\"og:title\" content=\"Algues spiruline - Uniest\" \/>\n<meta property=\"og:description\" content=\"La spiruline est consid\u00e9r\u00e9e comme un aliment complet, car elle contient des prot\u00e9ines, des acides amin\u00e9s, du fer, du calcium, du magn\u00e9sium, du potassium, du s\u00e9l\u00e9nium et des om\u00e9ga-6. Elle contient \u00e9galement de nombreuses vitamines, dont celles des groupes A et B, de la vitamine D, de la vitamine K et de la vitamine E. [&hellip;]\" \/>\n<meta property=\"og:url\" content=\"https:\/\/uniest.it\/prodotto\/alga-spirulina\/\" \/>\n<meta property=\"og:site_name\" content=\"Uniest\" \/>\n<meta property=\"article:modified_time\" content=\"2024-10-23T15:30:35+00:00\" \/>\n<meta property=\"og:image\" content=\"https:\/\/uniest.it\/wp-content\/uploads\/2020\/12\/383ZOP.png\" \/>\n\t<meta property=\"og:image:width\" content=\"1283\" \/>\n\t<meta property=\"og:image:height\" content=\"2000\" \/>\n\t<meta property=\"og:image:type\" content=\"image\/png\" \/>\n<meta name=\"twitter:card\" content=\"summary_large_image\" \/>\n<meta name=\"twitter:label1\" content=\"Dur\u00e9e de lecture estim\u00e9e\" \/>\n\t<meta name=\"twitter:data1\" content=\"1 minute\" \/>\n<script type=\"application\/ld+json\" class=\"yoast-schema-graph\">{\"@context\":\"https:\/\/schema.org\",\"@graph\":[{\"@type\":\"WebPage\",\"@id\":\"https:\/\/uniest.it\/prodotto\/alga-spirulina\/\",\"url\":\"https:\/\/uniest.it\/prodotto\/alga-spirulina\/\",\"name\":\"Algues spiruline - Uniest\",\"isPartOf\":{\"@id\":\"https:\/\/uniest.it\/#website\"},\"primaryImageOfPage\":{\"@id\":\"https:\/\/uniest.it\/prodotto\/alga-spirulina\/#primaryimage\"},\"image\":{\"@id\":\"https:\/\/uniest.it\/prodotto\/alga-spirulina\/#primaryimage\"},\"thumbnailUrl\":\"https:\/\/uniest.it\/wp-content\/uploads\/2020\/12\/383ZOP.png\",\"datePublished\":\"2024-10-23T14:43:13+00:00\",\"dateModified\":\"2024-10-23T15:30:35+00:00\",\"breadcrumb\":{\"@id\":\"https:\/\/uniest.it\/prodotto\/alga-spirulina\/#breadcrumb\"},\"inLanguage\":\"fr-FR\",\"potentialAction\":[{\"@type\":\"ReadAction\",\"target\":[\"https:\/\/uniest.it\/prodotto\/alga-spirulina\/\"]}]},{\"@type\":\"ImageObject\",\"inLanguage\":\"fr-FR\",\"@id\":\"https:\/\/uniest.it\/prodotto\/alga-spirulina\/#primaryimage\",\"url\":\"https:\/\/uniest.it\/wp-content\/uploads\/2020\/12\/383ZOP.png\",\"contentUrl\":\"https:\/\/uniest.it\/wp-content\/uploads\/2020\/12\/383ZOP.png\",\"width\":1283,\"height\":2000},{\"@type\":\"BreadcrumbList\",\"@id\":\"https:\/\/uniest.it\/prodotto\/alga-spirulina\/#breadcrumb\",\"itemListElement\":[{\"@type\":\"ListItem\",\"position\":1,\"name\":\"Home\",\"item\":\"https:\/\/uniest.it\/fr\/\"},{\"@type\":\"ListItem\",\"position\":2,\"name\":\"Shop\",\"item\":\"https:\/\/uniest.it\/shop\/\"},{\"@type\":\"ListItem\",\"position\":3,\"name\":\"Algues spiruline\"}]},{\"@type\":\"WebSite\",\"@id\":\"https:\/\/uniest.it\/#website\",\"url\":\"https:\/\/uniest.it\/\",\"name\":\"Uniest\",\"description\":\"Cosmetici Naturali e Bio\",\"potentialAction\":[{\"@type\":\"SearchAction\",\"target\":{\"@type\":\"EntryPoint\",\"urlTemplate\":\"https:\/\/uniest.it\/?s={search_term_string}\"},\"query-input\":{\"@type\":\"PropertyValueSpecification\",\"valueRequired\":true,\"valueName\":\"search_term_string\"}}],\"inLanguage\":\"fr-FR\"}]}<\/script>\n<!-- \/ Yoast SEO plugin. -->","yoast_head_json":{"title":"Algues spiruline - Uniest","robots":{"index":"index","follow":"follow","max-snippet":"max-snippet:-1","max-image-preview":"max-image-preview:large","max-video-preview":"max-video-preview:-1"},"canonical":"https:\/\/uniest.it\/prodotto\/alga-spirulina\/","og_locale":"fr_FR","og_type":"article","og_title":"Algues spiruline - Uniest","og_description":"La spiruline est consid\u00e9r\u00e9e comme un aliment complet, car elle contient des prot\u00e9ines, des acides amin\u00e9s, du fer, du calcium, du magn\u00e9sium, du potassium, du s\u00e9l\u00e9nium et des om\u00e9ga-6. Elle contient \u00e9galement de nombreuses vitamines, dont celles des groupes A et B, de la vitamine D, de la vitamine K et de la vitamine E. [&hellip;]","og_url":"https:\/\/uniest.it\/prodotto\/alga-spirulina\/","og_site_name":"Uniest","article_modified_time":"2024-10-23T15:30:35+00:00","og_image":[{"width":1283,"height":2000,"url":"https:\/\/uniest.it\/wp-content\/uploads\/2020\/12\/383ZOP.png","type":"image\/png"}],"twitter_card":"summary_large_image","twitter_misc":{"Dur\u00e9e de lecture estim\u00e9e":"1 minute"},"schema":{"@context":"https:\/\/schema.org","@graph":[{"@type":"WebPage","@id":"https:\/\/uniest.it\/prodotto\/alga-spirulina\/","url":"https:\/\/uniest.it\/prodotto\/alga-spirulina\/","name":"Algues spiruline - Uniest","isPartOf":{"@id":"https:\/\/uniest.it\/#website"},"primaryImageOfPage":{"@id":"https:\/\/uniest.it\/prodotto\/alga-spirulina\/#primaryimage"},"image":{"@id":"https:\/\/uniest.it\/prodotto\/alga-spirulina\/#primaryimage"},"thumbnailUrl":"https:\/\/uniest.it\/wp-content\/uploads\/2020\/12\/383ZOP.png","datePublished":"2024-10-23T14:43:13+00:00","dateModified":"2024-10-23T15:30:35+00:00","breadcrumb":{"@id":"https:\/\/uniest.it\/prodotto\/alga-spirulina\/#breadcrumb"},"inLanguage":"fr-FR","potentialAction":[{"@type":"ReadAction","target":["https:\/\/uniest.it\/prodotto\/alga-spirulina\/"]}]},{"@type":"ImageObject","inLanguage":"fr-FR","@id":"https:\/\/uniest.it\/prodotto\/alga-spirulina\/#primaryimage","url":"https:\/\/uniest.it\/wp-content\/uploads\/2020\/12\/383ZOP.png","contentUrl":"https:\/\/uniest.it\/wp-content\/uploads\/2020\/12\/383ZOP.png","width":1283,"height":2000},{"@type":"BreadcrumbList","@id":"https:\/\/uniest.it\/prodotto\/alga-spirulina\/#breadcrumb","itemListElement":[{"@type":"ListItem","position":1,"name":"Home","item":"https:\/\/uniest.it\/fr\/"},{"@type":"ListItem","position":2,"name":"Shop","item":"https:\/\/uniest.it\/shop\/"},{"@type":"ListItem","position":3,"name":"Algues spiruline"}]},{"@type":"WebSite","@id":"https:\/\/uniest.it\/#website","url":"https:\/\/uniest.it\/","name":"Uniest","description":"Cosmetici Naturali e Bio","potentialAction":[{"@type":"SearchAction","target":{"@type":"EntryPoint","urlTemplate":"https:\/\/uniest.it\/?s={search_term_string}"},"query-input":{"@type":"PropertyValueSpecification","valueRequired":true,"valueName":"search_term_string"}}],"inLanguage":"fr-FR"}]}},"_links":{"self":[{"href":"https:\/\/uniest.it\/fr\/wp-json\/wp\/v2\/product\/5849","targetHints":{"allow":["GET"]}}],"collection":[{"href":"https:\/\/uniest.it\/fr\/wp-json\/wp\/v2\/product"}],"about":[{"href":"https:\/\/uniest.it\/fr\/wp-json\/wp\/v2\/types\/product"}],"wp:featuredmedia":[{"embeddable":true,"href":"https:\/\/uniest.it\/fr\/wp-json\/wp\/v2\/media\/5850"}],"wp:attachment":[{"href":"https:\/\/uniest.it\/fr\/wp-json\/wp\/v2\/media?parent=5849"}],"wp:term":[{"taxonomy":"product_brand","embeddable":true,"href":"https:\/\/uniest.it\/fr\/wp-json\/wp\/v2\/product_brand?post=5849"},{"taxonomy":"product_cat","embeddable":true,"href":"https:\/\/uniest.it\/fr\/wp-json\/wp\/v2\/product_cat?post=5849"},{"taxonomy":"product_tag","embeddable":true,"href":"https:\/\/uniest.it\/fr\/wp-json\/wp\/v2\/product_tag?post=5849"}],"curies":[{"name":"wp","href":"https:\/\/api.w.org\/{rel}","templated":true}]}}