{"id":5851,"date":"2024-10-23T15:43:13","date_gmt":"2024-10-23T14:43:13","guid":{"rendered":"https:\/\/uniest.it\/prodotto\/pissenlit\/"},"modified":"2024-10-23T16:30:35","modified_gmt":"2024-10-23T15:30:35","slug":"pissenlit","status":"publish","type":"product","link":"https:\/\/uniest.it\/fr\/prodotto\/pissenlit\/","title":{"rendered":"Pissenlit"},"content":{"rendered":"<p>Le pissenlit est une plante herbac\u00e9e r\u00e9pandue dans presque tous les pays temp\u00e9r\u00e9s du monde, o\u00f9 elle fleurit de f\u00e9vrier \u00e0 mai. On l&rsquo;appelle \u00e9galement pissenlit, pissenlit, dent de chien et chicor\u00e9e folle. Cette plante est sous-estim\u00e9e par beaucoup et consid\u00e9r\u00e9e comme une mauvaise herbe alors qu\u2019en r\u00e9alit\u00e9 elle poss\u00e8de d\u2019innombrables qualit\u00e9s b\u00e9n\u00e9fiques. En fait, ses propri\u00e9t\u00e9s m\u00e9dicinales sont connues depuis l\u2019Antiquit\u00e9, \u00e0 tel point que \u00ab taraxakos \u00bb en grec signifie \u00ab je gu\u00e9ris \u00bb. Les principes actifs sont concentr\u00e9s dans les racines et les feuilles, mais les fleurs jaunes peuvent \u00e9galement \u00eatre r\u00e9colt\u00e9es et utilis\u00e9es pour pr\u00e9parer des infusions ou des tisanes. Les racines et les feuilles sont riches en principes amers utiles pour soutenir le travail du foie, l&rsquo;un des organes charg\u00e9s de d\u00e9toxifier notre organisme. Le pissenlit contribue donc \u00e0 soutenir le foie et la v\u00e9sicule biliaire, stimulant \u00e9galement le travail des reins qui, par l&rsquo;urine, \u00e9limineront les substances ind\u00e9sirables. C&rsquo;est donc un rem\u00e8de naturel purifiant et diur\u00e9tique. Le pissenlit est \u00e9galement un bon rem\u00e8de pour les personnes ayant un taux de cholest\u00e9rol \u00e9lev\u00e9, car il aide le foie \u00e0 \u00e9liminer les exc\u00e8s de graisse. Cette plante poss\u00e8de \u00e9galement des qualit\u00e9s digestives et l\u00e9g\u00e8rement laxatives en plus d&rsquo;\u00eatre utile pour renforcer l&rsquo;action de notre syst\u00e8me immunitaire.<\/p>\n","protected":false},"excerpt":{"rendered":"<p>Le pissenlit est une plante herbac\u00e9e r\u00e9pandue dans presque tous les pays temp\u00e9r\u00e9s du monde, o\u00f9 elle fleurit de f\u00e9vrier \u00e0 mai. On l&rsquo;appelle \u00e9galement pissenlit, pissenlit, dent de chien et chicor\u00e9e folle. Cette plante est sous-estim\u00e9e par beaucoup et consid\u00e9r\u00e9e comme une mauvaise herbe alors qu\u2019en r\u00e9alit\u00e9 elle poss\u00e8de d\u2019innombrables qualit\u00e9s b\u00e9n\u00e9fiques. En fait, [&hellip;]<\/p>\n","protected":false},"featured_media":5852,"template":"","meta":{"_acf_changed":false,"inline_featured_image":false},"product_brand":[],"product_cat":[1381],"product_tag":[],"class_list":{"0":"post-5851","1":"product","2":"type-product","3":"status-publish","4":"has-post-thumbnail","6":"product_beauty-colesterolo","7":"product_beauty-detox-e-dren","8":"product_beauty-diabete","9":"product_beauty-digestivo","10":"product_beauty-diuretico","11":"product_beauty-drenante","12":"product_beauty-epatoprotettore","13":"product_beauty-intestino","14":"product_beauty-pressione","15":"product_kind-integrazione-alimentare","16":"product_lines-benessere","17":"product_cat-benessere-fr","18":"pa_size-100-cps-fr","20":"first","21":"outofstock","22":"taxable","23":"shipping-taxable","24":"purchasable","25":"product-type-simple"},"acf":[],"yoast_head":"<!-- This site is optimized with the Yoast SEO plugin v24.6 - https:\/\/yoast.com\/wordpress\/plugins\/seo\/ -->\n<title>Pissenlit - Uniest<\/title>\n<meta name=\"robots\" content=\"index, follow, max-snippet:-1, max-image-preview:large, max-video-preview:-1\" \/>\n<link rel=\"canonical\" href=\"https:\/\/uniest.it\/prodotto\/tarassaco-2\/\" \/>\n<meta property=\"og:locale\" content=\"fr_FR\" \/>\n<meta property=\"og:type\" content=\"article\" \/>\n<meta property=\"og:title\" content=\"Pissenlit - Uniest\" \/>\n<meta property=\"og:description\" content=\"Le pissenlit est une plante herbac\u00e9e r\u00e9pandue dans presque tous les pays temp\u00e9r\u00e9s du monde, o\u00f9 elle fleurit de f\u00e9vrier \u00e0 mai. On l&rsquo;appelle \u00e9galement pissenlit, pissenlit, dent de chien et chicor\u00e9e folle. Cette plante est sous-estim\u00e9e par beaucoup et consid\u00e9r\u00e9e comme une mauvaise herbe alors qu\u2019en r\u00e9alit\u00e9 elle poss\u00e8de d\u2019innombrables qualit\u00e9s b\u00e9n\u00e9fiques. En fait, [&hellip;]\" \/>\n<meta property=\"og:url\" content=\"https:\/\/uniest.it\/prodotto\/tarassaco-2\/\" \/>\n<meta property=\"og:site_name\" content=\"Uniest\" \/>\n<meta property=\"article:modified_time\" content=\"2024-10-23T15:30:35+00:00\" \/>\n<meta property=\"og:image\" content=\"https:\/\/uniest.it\/wp-content\/uploads\/2020\/12\/390ZOP.png\" \/>\n\t<meta property=\"og:image:width\" content=\"1283\" \/>\n\t<meta property=\"og:image:height\" content=\"2000\" \/>\n\t<meta property=\"og:image:type\" content=\"image\/png\" \/>\n<meta name=\"twitter:card\" content=\"summary_large_image\" \/>\n<meta name=\"twitter:label1\" content=\"Dur\u00e9e de lecture estim\u00e9e\" \/>\n\t<meta name=\"twitter:data1\" content=\"1 minute\" \/>\n<script type=\"application\/ld+json\" class=\"yoast-schema-graph\">{\"@context\":\"https:\/\/schema.org\",\"@graph\":[{\"@type\":\"WebPage\",\"@id\":\"https:\/\/uniest.it\/prodotto\/tarassaco-2\/\",\"url\":\"https:\/\/uniest.it\/prodotto\/tarassaco-2\/\",\"name\":\"Pissenlit - Uniest\",\"isPartOf\":{\"@id\":\"https:\/\/uniest.it\/#website\"},\"primaryImageOfPage\":{\"@id\":\"https:\/\/uniest.it\/prodotto\/tarassaco-2\/#primaryimage\"},\"image\":{\"@id\":\"https:\/\/uniest.it\/prodotto\/tarassaco-2\/#primaryimage\"},\"thumbnailUrl\":\"https:\/\/uniest.it\/wp-content\/uploads\/2020\/12\/390ZOP.png\",\"datePublished\":\"2024-10-23T14:43:13+00:00\",\"dateModified\":\"2024-10-23T15:30:35+00:00\",\"breadcrumb\":{\"@id\":\"https:\/\/uniest.it\/prodotto\/tarassaco-2\/#breadcrumb\"},\"inLanguage\":\"fr-FR\",\"potentialAction\":[{\"@type\":\"ReadAction\",\"target\":[\"https:\/\/uniest.it\/prodotto\/tarassaco-2\/\"]}]},{\"@type\":\"ImageObject\",\"inLanguage\":\"fr-FR\",\"@id\":\"https:\/\/uniest.it\/prodotto\/tarassaco-2\/#primaryimage\",\"url\":\"https:\/\/uniest.it\/wp-content\/uploads\/2020\/12\/390ZOP.png\",\"contentUrl\":\"https:\/\/uniest.it\/wp-content\/uploads\/2020\/12\/390ZOP.png\",\"width\":1283,\"height\":2000},{\"@type\":\"BreadcrumbList\",\"@id\":\"https:\/\/uniest.it\/prodotto\/tarassaco-2\/#breadcrumb\",\"itemListElement\":[{\"@type\":\"ListItem\",\"position\":1,\"name\":\"Home\",\"item\":\"https:\/\/uniest.it\/fr\/\"},{\"@type\":\"ListItem\",\"position\":2,\"name\":\"Shop\",\"item\":\"https:\/\/uniest.it\/shop\/\"},{\"@type\":\"ListItem\",\"position\":3,\"name\":\"Pissenlit\"}]},{\"@type\":\"WebSite\",\"@id\":\"https:\/\/uniest.it\/#website\",\"url\":\"https:\/\/uniest.it\/\",\"name\":\"Uniest\",\"description\":\"Cosmetici Naturali e Bio\",\"potentialAction\":[{\"@type\":\"SearchAction\",\"target\":{\"@type\":\"EntryPoint\",\"urlTemplate\":\"https:\/\/uniest.it\/?s={search_term_string}\"},\"query-input\":{\"@type\":\"PropertyValueSpecification\",\"valueRequired\":true,\"valueName\":\"search_term_string\"}}],\"inLanguage\":\"fr-FR\"}]}<\/script>\n<!-- \/ Yoast SEO plugin. -->","yoast_head_json":{"title":"Pissenlit - Uniest","robots":{"index":"index","follow":"follow","max-snippet":"max-snippet:-1","max-image-preview":"max-image-preview:large","max-video-preview":"max-video-preview:-1"},"canonical":"https:\/\/uniest.it\/prodotto\/tarassaco-2\/","og_locale":"fr_FR","og_type":"article","og_title":"Pissenlit - Uniest","og_description":"Le pissenlit est une plante herbac\u00e9e r\u00e9pandue dans presque tous les pays temp\u00e9r\u00e9s du monde, o\u00f9 elle fleurit de f\u00e9vrier \u00e0 mai. On l&rsquo;appelle \u00e9galement pissenlit, pissenlit, dent de chien et chicor\u00e9e folle. Cette plante est sous-estim\u00e9e par beaucoup et consid\u00e9r\u00e9e comme une mauvaise herbe alors qu\u2019en r\u00e9alit\u00e9 elle poss\u00e8de d\u2019innombrables qualit\u00e9s b\u00e9n\u00e9fiques. En fait, [&hellip;]","og_url":"https:\/\/uniest.it\/prodotto\/tarassaco-2\/","og_site_name":"Uniest","article_modified_time":"2024-10-23T15:30:35+00:00","og_image":[{"width":1283,"height":2000,"url":"https:\/\/uniest.it\/wp-content\/uploads\/2020\/12\/390ZOP.png","type":"image\/png"}],"twitter_card":"summary_large_image","twitter_misc":{"Dur\u00e9e de lecture estim\u00e9e":"1 minute"},"schema":{"@context":"https:\/\/schema.org","@graph":[{"@type":"WebPage","@id":"https:\/\/uniest.it\/prodotto\/tarassaco-2\/","url":"https:\/\/uniest.it\/prodotto\/tarassaco-2\/","name":"Pissenlit - Uniest","isPartOf":{"@id":"https:\/\/uniest.it\/#website"},"primaryImageOfPage":{"@id":"https:\/\/uniest.it\/prodotto\/tarassaco-2\/#primaryimage"},"image":{"@id":"https:\/\/uniest.it\/prodotto\/tarassaco-2\/#primaryimage"},"thumbnailUrl":"https:\/\/uniest.it\/wp-content\/uploads\/2020\/12\/390ZOP.png","datePublished":"2024-10-23T14:43:13+00:00","dateModified":"2024-10-23T15:30:35+00:00","breadcrumb":{"@id":"https:\/\/uniest.it\/prodotto\/tarassaco-2\/#breadcrumb"},"inLanguage":"fr-FR","potentialAction":[{"@type":"ReadAction","target":["https:\/\/uniest.it\/prodotto\/tarassaco-2\/"]}]},{"@type":"ImageObject","inLanguage":"fr-FR","@id":"https:\/\/uniest.it\/prodotto\/tarassaco-2\/#primaryimage","url":"https:\/\/uniest.it\/wp-content\/uploads\/2020\/12\/390ZOP.png","contentUrl":"https:\/\/uniest.it\/wp-content\/uploads\/2020\/12\/390ZOP.png","width":1283,"height":2000},{"@type":"BreadcrumbList","@id":"https:\/\/uniest.it\/prodotto\/tarassaco-2\/#breadcrumb","itemListElement":[{"@type":"ListItem","position":1,"name":"Home","item":"https:\/\/uniest.it\/fr\/"},{"@type":"ListItem","position":2,"name":"Shop","item":"https:\/\/uniest.it\/shop\/"},{"@type":"ListItem","position":3,"name":"Pissenlit"}]},{"@type":"WebSite","@id":"https:\/\/uniest.it\/#website","url":"https:\/\/uniest.it\/","name":"Uniest","description":"Cosmetici Naturali e Bio","potentialAction":[{"@type":"SearchAction","target":{"@type":"EntryPoint","urlTemplate":"https:\/\/uniest.it\/?s={search_term_string}"},"query-input":{"@type":"PropertyValueSpecification","valueRequired":true,"valueName":"search_term_string"}}],"inLanguage":"fr-FR"}]}},"_links":{"self":[{"href":"https:\/\/uniest.it\/fr\/wp-json\/wp\/v2\/product\/5851","targetHints":{"allow":["GET"]}}],"collection":[{"href":"https:\/\/uniest.it\/fr\/wp-json\/wp\/v2\/product"}],"about":[{"href":"https:\/\/uniest.it\/fr\/wp-json\/wp\/v2\/types\/product"}],"wp:featuredmedia":[{"embeddable":true,"href":"https:\/\/uniest.it\/fr\/wp-json\/wp\/v2\/media\/5852"}],"wp:attachment":[{"href":"https:\/\/uniest.it\/fr\/wp-json\/wp\/v2\/media?parent=5851"}],"wp:term":[{"taxonomy":"product_brand","embeddable":true,"href":"https:\/\/uniest.it\/fr\/wp-json\/wp\/v2\/product_brand?post=5851"},{"taxonomy":"product_cat","embeddable":true,"href":"https:\/\/uniest.it\/fr\/wp-json\/wp\/v2\/product_cat?post=5851"},{"taxonomy":"product_tag","embeddable":true,"href":"https:\/\/uniest.it\/fr\/wp-json\/wp\/v2\/product_tag?post=5851"}],"curies":[{"name":"wp","href":"https:\/\/api.w.org\/{rel}","templated":true}]}}