{"id":5853,"date":"2024-10-23T15:43:13","date_gmt":"2024-10-23T14:43:13","guid":{"rendered":"https:\/\/uniest.it\/prodotto\/vigne-rouge\/"},"modified":"2024-10-23T16:30:35","modified_gmt":"2024-10-23T15:30:35","slug":"vigne-rouge","status":"publish","type":"product","link":"https:\/\/uniest.it\/fr\/prodotto\/vigne-rouge\/","title":{"rendered":"Vigne rouge"},"content":{"rendered":"<p>La Vigne Rouge, dont le nom botanique est Vitis Vinifera, est une plante appartenant \u00e0 la famille des Vitac\u00e9es. Vitis Vinfera est un arbuste grimpant irr\u00e9gulier, \u00e0 ramification clairsem\u00e9e mais tr\u00e8s d\u00e9velopp\u00e9 en longueur. La tige est tordue et irr\u00e9guli\u00e8re. Les jeunes rameaux poss\u00e8dent un cirrus qui permet \u00e0 la plante de s&rsquo;attacher aux supports. \u00c0 la fin de leur cycle de vie, les feuilles perdent leur couleur verte normale et acqui\u00e8rent la couleur rouge typique. La Vigne Rouge est une plante originaire du sud de l&rsquo;Europe et de l&rsquo;Asie occidentale. Aujourd&rsquo;hui, il est cultiv\u00e9 dans le monde entier pour les fruits qu&rsquo;il produit et pour la production de vin. Les principes actifs sont contenus dans les feuilles r\u00e9colt\u00e9es en automne, lorsqu\u2019elles prennent des nuances rouge\u00e2tres. Ils ont des propri\u00e9t\u00e9s b\u00e9n\u00e9fiques sur notre organisme gr\u00e2ce \u00e0 la tr\u00e8s forte teneur en mol\u00e9cules antioxydantes. Les bioflavono\u00efdes exercent une activit\u00e9 antioxydante intense au niveau des membranes cellulaires. Ces mol\u00e9cules exercent une action phl\u00e9botonique et interviennent en cas d&rsquo;insuffisance veineuse et dans tous les probl\u00e8mes li\u00e9s au syst\u00e8me circulatoire en renfor\u00e7ant les parois des vaisseaux sanguins. Leur action la plus importante est tonique et vasoprotectrice, pr\u00e9venant les \u0153d\u00e8mes et les gonflements. La Vigne Rouge est donc indiqu\u00e9e dans toutes les formes de varices, phl\u00e9bites, fragilit\u00e9 capillaire, couperose, \u0153d\u00e8mes, h\u00e9morro\u00efdes, cellulite, r\u00e9tention d&rsquo;eau, stase sanguine et lourdeur des membres inf\u00e9rieurs. La Vigne Rouge apporte \u00e9galement des bienfaits int\u00e9ressants en cas d&rsquo;hypertension, le cholest\u00e9rol et le diab\u00e8te. Les suppl\u00e9ments de vigne rouge aident \u00e0 pr\u00e9venir le durcissement des parois art\u00e9rielles et \u00e0 r\u00e9duire l\u2019hypertension art\u00e9rielle. La consommation de ces suppl\u00e9ments est \u00e9galement recommand\u00e9e aux femmes m\u00e9nopaus\u00e9es pour contrecarrer certains sympt\u00f4mes tels que les palpitations, l&rsquo;enflure et la fatigue.<\/p>\n","protected":false},"excerpt":{"rendered":"<p>La Vigne Rouge, dont le nom botanique est Vitis Vinifera, est une plante appartenant \u00e0 la famille des Vitac\u00e9es. Vitis Vinfera est un arbuste grimpant irr\u00e9gulier, \u00e0 ramification clairsem\u00e9e mais tr\u00e8s d\u00e9velopp\u00e9 en longueur. La tige est tordue et irr\u00e9guli\u00e8re. Les jeunes rameaux poss\u00e8dent un cirrus qui permet \u00e0 la plante de s&rsquo;attacher aux supports. [&hellip;]<\/p>\n","protected":false},"featured_media":5854,"template":"","meta":{"_acf_changed":false,"inline_featured_image":false},"product_brand":[],"product_cat":[1381],"product_tag":[],"class_list":{"0":"post-5853","1":"product","2":"type-product","3":"status-publish","4":"has-post-thumbnail","6":"product_beauty-antinfiammatoria","7":"product_beauty-antiossidante","8":"product_beauty-antireumatiche","9":"product_beauty-cellulite","10":"product_beauty-circolazione","11":"product_beauty-colesterolo","12":"product_beauty-diabete","13":"product_beauty-diuretico","14":"product_beauty-drenante","15":"product_beauty-insufficienza-venosa","16":"product_beauty-intestino","17":"product_beauty-lenitivo","18":"product_beauty-menopausa","19":"product_beauty-mesturazioni","20":"product_beauty-pressione","21":"product_kind-integrazione-alimentare","22":"product_lines-benessere","23":"product_cat-benessere-fr","24":"pa_size-100-cps-fr","26":"first","27":"outofstock","28":"taxable","29":"shipping-taxable","30":"purchasable","31":"product-type-simple"},"acf":[],"yoast_head":"<!-- This site is optimized with the Yoast SEO plugin v24.6 - https:\/\/yoast.com\/wordpress\/plugins\/seo\/ -->\n<title>Vigne rouge - Uniest<\/title>\n<meta name=\"robots\" content=\"index, follow, max-snippet:-1, max-image-preview:large, max-video-preview:-1\" \/>\n<link rel=\"canonical\" href=\"https:\/\/uniest.it\/prodotto\/vite-rossa\/\" \/>\n<meta property=\"og:locale\" content=\"fr_FR\" \/>\n<meta property=\"og:type\" content=\"article\" \/>\n<meta property=\"og:title\" content=\"Vigne rouge - Uniest\" \/>\n<meta property=\"og:description\" content=\"La Vigne Rouge, dont le nom botanique est Vitis Vinifera, est une plante appartenant \u00e0 la famille des Vitac\u00e9es. Vitis Vinfera est un arbuste grimpant irr\u00e9gulier, \u00e0 ramification clairsem\u00e9e mais tr\u00e8s d\u00e9velopp\u00e9 en longueur. La tige est tordue et irr\u00e9guli\u00e8re. Les jeunes rameaux poss\u00e8dent un cirrus qui permet \u00e0 la plante de s&rsquo;attacher aux supports. [&hellip;]\" \/>\n<meta property=\"og:url\" content=\"https:\/\/uniest.it\/prodotto\/vite-rossa\/\" \/>\n<meta property=\"og:site_name\" content=\"Uniest\" \/>\n<meta property=\"article:modified_time\" content=\"2024-10-23T15:30:35+00:00\" \/>\n<meta property=\"og:image\" content=\"https:\/\/uniest.it\/wp-content\/uploads\/2020\/12\/426ZOP.png\" \/>\n\t<meta property=\"og:image:width\" content=\"1283\" \/>\n\t<meta property=\"og:image:height\" content=\"2000\" \/>\n\t<meta property=\"og:image:type\" content=\"image\/png\" \/>\n<meta name=\"twitter:card\" content=\"summary_large_image\" \/>\n<meta name=\"twitter:label1\" content=\"Dur\u00e9e de lecture estim\u00e9e\" \/>\n\t<meta name=\"twitter:data1\" content=\"2 minutes\" \/>\n<script type=\"application\/ld+json\" class=\"yoast-schema-graph\">{\"@context\":\"https:\/\/schema.org\",\"@graph\":[{\"@type\":\"WebPage\",\"@id\":\"https:\/\/uniest.it\/prodotto\/vite-rossa\/\",\"url\":\"https:\/\/uniest.it\/prodotto\/vite-rossa\/\",\"name\":\"Vigne rouge - Uniest\",\"isPartOf\":{\"@id\":\"https:\/\/uniest.it\/#website\"},\"primaryImageOfPage\":{\"@id\":\"https:\/\/uniest.it\/prodotto\/vite-rossa\/#primaryimage\"},\"image\":{\"@id\":\"https:\/\/uniest.it\/prodotto\/vite-rossa\/#primaryimage\"},\"thumbnailUrl\":\"https:\/\/uniest.it\/wp-content\/uploads\/2020\/12\/426ZOP.png\",\"datePublished\":\"2024-10-23T14:43:13+00:00\",\"dateModified\":\"2024-10-23T15:30:35+00:00\",\"breadcrumb\":{\"@id\":\"https:\/\/uniest.it\/prodotto\/vite-rossa\/#breadcrumb\"},\"inLanguage\":\"fr-FR\",\"potentialAction\":[{\"@type\":\"ReadAction\",\"target\":[\"https:\/\/uniest.it\/prodotto\/vite-rossa\/\"]}]},{\"@type\":\"ImageObject\",\"inLanguage\":\"fr-FR\",\"@id\":\"https:\/\/uniest.it\/prodotto\/vite-rossa\/#primaryimage\",\"url\":\"https:\/\/uniest.it\/wp-content\/uploads\/2020\/12\/426ZOP.png\",\"contentUrl\":\"https:\/\/uniest.it\/wp-content\/uploads\/2020\/12\/426ZOP.png\",\"width\":1283,\"height\":2000},{\"@type\":\"BreadcrumbList\",\"@id\":\"https:\/\/uniest.it\/prodotto\/vite-rossa\/#breadcrumb\",\"itemListElement\":[{\"@type\":\"ListItem\",\"position\":1,\"name\":\"Home\",\"item\":\"https:\/\/uniest.it\/fr\/\"},{\"@type\":\"ListItem\",\"position\":2,\"name\":\"Shop\",\"item\":\"https:\/\/uniest.it\/shop\/\"},{\"@type\":\"ListItem\",\"position\":3,\"name\":\"Vigne rouge\"}]},{\"@type\":\"WebSite\",\"@id\":\"https:\/\/uniest.it\/#website\",\"url\":\"https:\/\/uniest.it\/\",\"name\":\"Uniest\",\"description\":\"Cosmetici Naturali e Bio\",\"potentialAction\":[{\"@type\":\"SearchAction\",\"target\":{\"@type\":\"EntryPoint\",\"urlTemplate\":\"https:\/\/uniest.it\/?s={search_term_string}\"},\"query-input\":{\"@type\":\"PropertyValueSpecification\",\"valueRequired\":true,\"valueName\":\"search_term_string\"}}],\"inLanguage\":\"fr-FR\"}]}<\/script>\n<!-- \/ Yoast SEO plugin. -->","yoast_head_json":{"title":"Vigne rouge - Uniest","robots":{"index":"index","follow":"follow","max-snippet":"max-snippet:-1","max-image-preview":"max-image-preview:large","max-video-preview":"max-video-preview:-1"},"canonical":"https:\/\/uniest.it\/prodotto\/vite-rossa\/","og_locale":"fr_FR","og_type":"article","og_title":"Vigne rouge - Uniest","og_description":"La Vigne Rouge, dont le nom botanique est Vitis Vinifera, est une plante appartenant \u00e0 la famille des Vitac\u00e9es. Vitis Vinfera est un arbuste grimpant irr\u00e9gulier, \u00e0 ramification clairsem\u00e9e mais tr\u00e8s d\u00e9velopp\u00e9 en longueur. La tige est tordue et irr\u00e9guli\u00e8re. Les jeunes rameaux poss\u00e8dent un cirrus qui permet \u00e0 la plante de s&rsquo;attacher aux supports. [&hellip;]","og_url":"https:\/\/uniest.it\/prodotto\/vite-rossa\/","og_site_name":"Uniest","article_modified_time":"2024-10-23T15:30:35+00:00","og_image":[{"width":1283,"height":2000,"url":"https:\/\/uniest.it\/wp-content\/uploads\/2020\/12\/426ZOP.png","type":"image\/png"}],"twitter_card":"summary_large_image","twitter_misc":{"Dur\u00e9e de lecture estim\u00e9e":"2 minutes"},"schema":{"@context":"https:\/\/schema.org","@graph":[{"@type":"WebPage","@id":"https:\/\/uniest.it\/prodotto\/vite-rossa\/","url":"https:\/\/uniest.it\/prodotto\/vite-rossa\/","name":"Vigne rouge - Uniest","isPartOf":{"@id":"https:\/\/uniest.it\/#website"},"primaryImageOfPage":{"@id":"https:\/\/uniest.it\/prodotto\/vite-rossa\/#primaryimage"},"image":{"@id":"https:\/\/uniest.it\/prodotto\/vite-rossa\/#primaryimage"},"thumbnailUrl":"https:\/\/uniest.it\/wp-content\/uploads\/2020\/12\/426ZOP.png","datePublished":"2024-10-23T14:43:13+00:00","dateModified":"2024-10-23T15:30:35+00:00","breadcrumb":{"@id":"https:\/\/uniest.it\/prodotto\/vite-rossa\/#breadcrumb"},"inLanguage":"fr-FR","potentialAction":[{"@type":"ReadAction","target":["https:\/\/uniest.it\/prodotto\/vite-rossa\/"]}]},{"@type":"ImageObject","inLanguage":"fr-FR","@id":"https:\/\/uniest.it\/prodotto\/vite-rossa\/#primaryimage","url":"https:\/\/uniest.it\/wp-content\/uploads\/2020\/12\/426ZOP.png","contentUrl":"https:\/\/uniest.it\/wp-content\/uploads\/2020\/12\/426ZOP.png","width":1283,"height":2000},{"@type":"BreadcrumbList","@id":"https:\/\/uniest.it\/prodotto\/vite-rossa\/#breadcrumb","itemListElement":[{"@type":"ListItem","position":1,"name":"Home","item":"https:\/\/uniest.it\/fr\/"},{"@type":"ListItem","position":2,"name":"Shop","item":"https:\/\/uniest.it\/shop\/"},{"@type":"ListItem","position":3,"name":"Vigne rouge"}]},{"@type":"WebSite","@id":"https:\/\/uniest.it\/#website","url":"https:\/\/uniest.it\/","name":"Uniest","description":"Cosmetici Naturali e Bio","potentialAction":[{"@type":"SearchAction","target":{"@type":"EntryPoint","urlTemplate":"https:\/\/uniest.it\/?s={search_term_string}"},"query-input":{"@type":"PropertyValueSpecification","valueRequired":true,"valueName":"search_term_string"}}],"inLanguage":"fr-FR"}]}},"_links":{"self":[{"href":"https:\/\/uniest.it\/fr\/wp-json\/wp\/v2\/product\/5853","targetHints":{"allow":["GET"]}}],"collection":[{"href":"https:\/\/uniest.it\/fr\/wp-json\/wp\/v2\/product"}],"about":[{"href":"https:\/\/uniest.it\/fr\/wp-json\/wp\/v2\/types\/product"}],"wp:featuredmedia":[{"embeddable":true,"href":"https:\/\/uniest.it\/fr\/wp-json\/wp\/v2\/media\/5854"}],"wp:attachment":[{"href":"https:\/\/uniest.it\/fr\/wp-json\/wp\/v2\/media?parent=5853"}],"wp:term":[{"taxonomy":"product_brand","embeddable":true,"href":"https:\/\/uniest.it\/fr\/wp-json\/wp\/v2\/product_brand?post=5853"},{"taxonomy":"product_cat","embeddable":true,"href":"https:\/\/uniest.it\/fr\/wp-json\/wp\/v2\/product_cat?post=5853"},{"taxonomy":"product_tag","embeddable":true,"href":"https:\/\/uniest.it\/fr\/wp-json\/wp\/v2\/product_tag?post=5853"}],"curies":[{"name":"wp","href":"https:\/\/api.w.org\/{rel}","templated":true}]}}