{"id":5859,"date":"2024-10-23T15:43:15","date_gmt":"2024-10-23T14:43:15","guid":{"rendered":"https:\/\/uniest.it\/prodotto\/creme-multiaction-1000ml\/"},"modified":"2024-10-23T16:30:37","modified_gmt":"2024-10-23T15:30:37","slug":"creme-multiaction-1000ml","status":"publish","type":"product","link":"https:\/\/uniest.it\/fr\/prodotto\/creme-multiaction-1000ml\/","title":{"rendered":"Cr\u00e8me Multiaction &#8211; 1000ml"},"content":{"rendered":"<p>Cr\u00e8me Multiaction Cr\u00e8me douce naturelle formul\u00e9e avec une concentration en Huiles Essentielles telle qu&rsquo;elle permet donc une utilisation multifonctionnelle. Il est donc r\u00e9chauffant s&rsquo;il est appliqu\u00e9 et mass\u00e9 vigoureusement pendant quelques minutes sur la zone \u00e0 traiter ; tandis qu&rsquo;il est rafra\u00eechissant et d\u00e9congestionnant s&rsquo;il est appliqu\u00e9 et laiss\u00e9 en compresse sur la zone traumatis\u00e9e. Il poss\u00e8de un fort pouvoir balsamique.<\/p>\n","protected":false},"excerpt":{"rendered":"<p>Cr\u00e8me Multiaction Cr\u00e8me douce naturelle formul\u00e9e avec une concentration en Huiles Essentielles telle qu&rsquo;elle permet donc une utilisation multifonctionnelle. Il est donc r\u00e9chauffant s&rsquo;il est appliqu\u00e9 et mass\u00e9 vigoureusement pendant quelques minutes sur la zone \u00e0 traiter ; tandis qu&rsquo;il est rafra\u00eechissant et d\u00e9congestionnant s&rsquo;il est appliqu\u00e9 et laiss\u00e9 en compresse sur la zone traumatis\u00e9e. [&hellip;]<\/p>\n","protected":false},"featured_media":5860,"template":"","meta":{"_acf_changed":false,"inline_featured_image":false},"product_brand":[],"product_cat":[1378],"product_tag":[],"class_list":{"0":"post-5859","1":"product","2":"type-product","3":"status-publish","4":"has-post-thumbnail","6":"product_beauty-balsamico","7":"product_beauty-detox-e-dren","8":"product_beauty-idratare","9":"product_beauty-lenire","10":"product_beauty-proteggere","11":"product_skin-tutti-gli-animali","12":"product_kind-trattamenti-speciali","13":"product_kind_pets-trattamenti-speciali","14":"product_lines-animal-care","15":"product_cat-famiglia-e-pet-fr","16":"pa_size-1000-fr","18":"first","19":"outofstock","20":"taxable","21":"shipping-taxable","22":"purchasable","23":"product-type-simple"},"acf":[],"yoast_head":"<!-- This site is optimized with the Yoast SEO plugin v24.6 - https:\/\/yoast.com\/wordpress\/plugins\/seo\/ -->\n<title>Cr\u00e8me Multiaction - 1000ml - Uniest<\/title>\n<meta name=\"robots\" content=\"index, follow, max-snippet:-1, max-image-preview:large, max-video-preview:-1\" \/>\n<link rel=\"canonical\" href=\"https:\/\/uniest.it\/prodotto\/multiaction-cream-1000ml\/\" \/>\n<meta property=\"og:locale\" content=\"fr_FR\" \/>\n<meta property=\"og:type\" content=\"article\" \/>\n<meta property=\"og:title\" content=\"Cr\u00e8me Multiaction - 1000ml - Uniest\" \/>\n<meta property=\"og:description\" content=\"Cr\u00e8me Multiaction Cr\u00e8me douce naturelle formul\u00e9e avec une concentration en Huiles Essentielles telle qu&rsquo;elle permet donc une utilisation multifonctionnelle. Il est donc r\u00e9chauffant s&rsquo;il est appliqu\u00e9 et mass\u00e9 vigoureusement pendant quelques minutes sur la zone \u00e0 traiter ; tandis qu&rsquo;il est rafra\u00eechissant et d\u00e9congestionnant s&rsquo;il est appliqu\u00e9 et laiss\u00e9 en compresse sur la zone traumatis\u00e9e. [&hellip;]\" \/>\n<meta property=\"og:url\" content=\"https:\/\/uniest.it\/prodotto\/multiaction-cream-1000ml\/\" \/>\n<meta property=\"og:site_name\" content=\"Uniest\" \/>\n<meta property=\"article:modified_time\" content=\"2024-10-23T15:30:37+00:00\" \/>\n<meta property=\"og:image\" content=\"https:\/\/uniest.it\/wp-content\/uploads\/2020\/12\/503AAC.png\" \/>\n\t<meta property=\"og:image:width\" content=\"1283\" \/>\n\t<meta property=\"og:image:height\" content=\"2000\" \/>\n\t<meta property=\"og:image:type\" content=\"image\/png\" \/>\n<meta name=\"twitter:card\" content=\"summary_large_image\" \/>\n<script type=\"application\/ld+json\" class=\"yoast-schema-graph\">{\"@context\":\"https:\/\/schema.org\",\"@graph\":[{\"@type\":\"WebPage\",\"@id\":\"https:\/\/uniest.it\/prodotto\/multiaction-cream-1000ml\/\",\"url\":\"https:\/\/uniest.it\/prodotto\/multiaction-cream-1000ml\/\",\"name\":\"Cr\u00e8me Multiaction - 1000ml - Uniest\",\"isPartOf\":{\"@id\":\"https:\/\/uniest.it\/#website\"},\"primaryImageOfPage\":{\"@id\":\"https:\/\/uniest.it\/prodotto\/multiaction-cream-1000ml\/#primaryimage\"},\"image\":{\"@id\":\"https:\/\/uniest.it\/prodotto\/multiaction-cream-1000ml\/#primaryimage\"},\"thumbnailUrl\":\"https:\/\/uniest.it\/wp-content\/uploads\/2020\/12\/503AAC.png\",\"datePublished\":\"2024-10-23T14:43:15+00:00\",\"dateModified\":\"2024-10-23T15:30:37+00:00\",\"breadcrumb\":{\"@id\":\"https:\/\/uniest.it\/prodotto\/multiaction-cream-1000ml\/#breadcrumb\"},\"inLanguage\":\"fr-FR\",\"potentialAction\":[{\"@type\":\"ReadAction\",\"target\":[\"https:\/\/uniest.it\/prodotto\/multiaction-cream-1000ml\/\"]}]},{\"@type\":\"ImageObject\",\"inLanguage\":\"fr-FR\",\"@id\":\"https:\/\/uniest.it\/prodotto\/multiaction-cream-1000ml\/#primaryimage\",\"url\":\"https:\/\/uniest.it\/wp-content\/uploads\/2020\/12\/503AAC.png\",\"contentUrl\":\"https:\/\/uniest.it\/wp-content\/uploads\/2020\/12\/503AAC.png\",\"width\":1283,\"height\":2000},{\"@type\":\"BreadcrumbList\",\"@id\":\"https:\/\/uniest.it\/prodotto\/multiaction-cream-1000ml\/#breadcrumb\",\"itemListElement\":[{\"@type\":\"ListItem\",\"position\":1,\"name\":\"Home\",\"item\":\"https:\/\/uniest.it\/fr\/\"},{\"@type\":\"ListItem\",\"position\":2,\"name\":\"Shop\",\"item\":\"https:\/\/uniest.it\/shop\/\"},{\"@type\":\"ListItem\",\"position\":3,\"name\":\"Cr\u00e8me Multiaction &#8211; 1000ml\"}]},{\"@type\":\"WebSite\",\"@id\":\"https:\/\/uniest.it\/#website\",\"url\":\"https:\/\/uniest.it\/\",\"name\":\"Uniest\",\"description\":\"Cosmetici Naturali e Bio\",\"potentialAction\":[{\"@type\":\"SearchAction\",\"target\":{\"@type\":\"EntryPoint\",\"urlTemplate\":\"https:\/\/uniest.it\/?s={search_term_string}\"},\"query-input\":{\"@type\":\"PropertyValueSpecification\",\"valueRequired\":true,\"valueName\":\"search_term_string\"}}],\"inLanguage\":\"fr-FR\"}]}<\/script>\n<!-- \/ Yoast SEO plugin. -->","yoast_head_json":{"title":"Cr\u00e8me Multiaction - 1000ml - Uniest","robots":{"index":"index","follow":"follow","max-snippet":"max-snippet:-1","max-image-preview":"max-image-preview:large","max-video-preview":"max-video-preview:-1"},"canonical":"https:\/\/uniest.it\/prodotto\/multiaction-cream-1000ml\/","og_locale":"fr_FR","og_type":"article","og_title":"Cr\u00e8me Multiaction - 1000ml - Uniest","og_description":"Cr\u00e8me Multiaction Cr\u00e8me douce naturelle formul\u00e9e avec une concentration en Huiles Essentielles telle qu&rsquo;elle permet donc une utilisation multifonctionnelle. Il est donc r\u00e9chauffant s&rsquo;il est appliqu\u00e9 et mass\u00e9 vigoureusement pendant quelques minutes sur la zone \u00e0 traiter ; tandis qu&rsquo;il est rafra\u00eechissant et d\u00e9congestionnant s&rsquo;il est appliqu\u00e9 et laiss\u00e9 en compresse sur la zone traumatis\u00e9e. [&hellip;]","og_url":"https:\/\/uniest.it\/prodotto\/multiaction-cream-1000ml\/","og_site_name":"Uniest","article_modified_time":"2024-10-23T15:30:37+00:00","og_image":[{"width":1283,"height":2000,"url":"https:\/\/uniest.it\/wp-content\/uploads\/2020\/12\/503AAC.png","type":"image\/png"}],"twitter_card":"summary_large_image","schema":{"@context":"https:\/\/schema.org","@graph":[{"@type":"WebPage","@id":"https:\/\/uniest.it\/prodotto\/multiaction-cream-1000ml\/","url":"https:\/\/uniest.it\/prodotto\/multiaction-cream-1000ml\/","name":"Cr\u00e8me Multiaction - 1000ml - Uniest","isPartOf":{"@id":"https:\/\/uniest.it\/#website"},"primaryImageOfPage":{"@id":"https:\/\/uniest.it\/prodotto\/multiaction-cream-1000ml\/#primaryimage"},"image":{"@id":"https:\/\/uniest.it\/prodotto\/multiaction-cream-1000ml\/#primaryimage"},"thumbnailUrl":"https:\/\/uniest.it\/wp-content\/uploads\/2020\/12\/503AAC.png","datePublished":"2024-10-23T14:43:15+00:00","dateModified":"2024-10-23T15:30:37+00:00","breadcrumb":{"@id":"https:\/\/uniest.it\/prodotto\/multiaction-cream-1000ml\/#breadcrumb"},"inLanguage":"fr-FR","potentialAction":[{"@type":"ReadAction","target":["https:\/\/uniest.it\/prodotto\/multiaction-cream-1000ml\/"]}]},{"@type":"ImageObject","inLanguage":"fr-FR","@id":"https:\/\/uniest.it\/prodotto\/multiaction-cream-1000ml\/#primaryimage","url":"https:\/\/uniest.it\/wp-content\/uploads\/2020\/12\/503AAC.png","contentUrl":"https:\/\/uniest.it\/wp-content\/uploads\/2020\/12\/503AAC.png","width":1283,"height":2000},{"@type":"BreadcrumbList","@id":"https:\/\/uniest.it\/prodotto\/multiaction-cream-1000ml\/#breadcrumb","itemListElement":[{"@type":"ListItem","position":1,"name":"Home","item":"https:\/\/uniest.it\/fr\/"},{"@type":"ListItem","position":2,"name":"Shop","item":"https:\/\/uniest.it\/shop\/"},{"@type":"ListItem","position":3,"name":"Cr\u00e8me Multiaction &#8211; 1000ml"}]},{"@type":"WebSite","@id":"https:\/\/uniest.it\/#website","url":"https:\/\/uniest.it\/","name":"Uniest","description":"Cosmetici Naturali e Bio","potentialAction":[{"@type":"SearchAction","target":{"@type":"EntryPoint","urlTemplate":"https:\/\/uniest.it\/?s={search_term_string}"},"query-input":{"@type":"PropertyValueSpecification","valueRequired":true,"valueName":"search_term_string"}}],"inLanguage":"fr-FR"}]}},"_links":{"self":[{"href":"https:\/\/uniest.it\/fr\/wp-json\/wp\/v2\/product\/5859","targetHints":{"allow":["GET"]}}],"collection":[{"href":"https:\/\/uniest.it\/fr\/wp-json\/wp\/v2\/product"}],"about":[{"href":"https:\/\/uniest.it\/fr\/wp-json\/wp\/v2\/types\/product"}],"wp:featuredmedia":[{"embeddable":true,"href":"https:\/\/uniest.it\/fr\/wp-json\/wp\/v2\/media\/5860"}],"wp:attachment":[{"href":"https:\/\/uniest.it\/fr\/wp-json\/wp\/v2\/media?parent=5859"}],"wp:term":[{"taxonomy":"product_brand","embeddable":true,"href":"https:\/\/uniest.it\/fr\/wp-json\/wp\/v2\/product_brand?post=5859"},{"taxonomy":"product_cat","embeddable":true,"href":"https:\/\/uniest.it\/fr\/wp-json\/wp\/v2\/product_cat?post=5859"},{"taxonomy":"product_tag","embeddable":true,"href":"https:\/\/uniest.it\/fr\/wp-json\/wp\/v2\/product_tag?post=5859"}],"curies":[{"name":"wp","href":"https:\/\/api.w.org\/{rel}","templated":true}]}}