{"id":5861,"date":"2024-10-23T15:43:15","date_gmt":"2024-10-23T14:43:15","guid":{"rendered":"https:\/\/uniest.it\/prodotto\/solution-dren\/"},"modified":"2024-10-23T16:30:37","modified_gmt":"2024-10-23T15:30:37","slug":"solution-dren","status":"publish","type":"product","link":"https:\/\/uniest.it\/fr\/prodotto\/solution-dren\/","title":{"rendered":"Solution Dren"},"content":{"rendered":"<p>Solution Dren pour animaux : c&rsquo;est un m\u00e9lange d&rsquo;extraits et d&rsquo;huiles essentielles tr\u00e8s pris\u00e9s aux propri\u00e9t\u00e9s drainantes et drainantes reconnues. Aide indispensable en cas de : <\/p>\n<ul>\n<li>contusions;<\/li>\n<li>h\u00e9matomes;<\/li>\n<li>gonflements de toutes sortes;<\/li>\n<li>stase.<\/li>\n<p> < \/ul> Les mati\u00e8res premi\u00e8res pr\u00e9cieuses et efficaces contenues dans la solution Dren pour animaux aident donc \u00e0 drainer les liquides en exc\u00e8s, favorisant leur r\u00e9absorption et acc\u00e9l\u00e9rant le processus de gu\u00e9rison.<\/p>\n","protected":false},"excerpt":{"rendered":"<p>Solution Dren pour animaux : c&rsquo;est un m\u00e9lange d&rsquo;extraits et d&rsquo;huiles essentielles tr\u00e8s pris\u00e9s aux propri\u00e9t\u00e9s drainantes et drainantes reconnues. Aide indispensable en cas de : contusions; h\u00e9matomes; gonflements de toutes sortes; stase. < \/ul> Les mati\u00e8res premi\u00e8res pr\u00e9cieuses et efficaces contenues dans la solution Dren pour animaux aident donc \u00e0 drainer les liquides en [&hellip;]<\/p>\n","protected":false},"featured_media":5862,"template":"","meta":{"_acf_changed":false,"inline_featured_image":false},"product_brand":[],"product_cat":[1378],"product_tag":[],"class_list":{"0":"post-5861","1":"product","2":"type-product","3":"status-publish","4":"has-post-thumbnail","6":"product_beauty-detox-e-dren","7":"product_beauty-lenitivo","8":"product_skin-tutti-gli-animali","9":"product_kind-trattamenti-speciali","10":"product_kind_pets-trattamenti-speciali","11":"product_lines-animal-care","12":"product_cat-famiglia-e-pet-fr","13":"pa_size-200-fr","15":"first","16":"instock","17":"taxable","18":"shipping-taxable","19":"purchasable","20":"product-type-simple"},"acf":[],"yoast_head":"<!-- This site is optimized with the Yoast SEO plugin v24.6 - https:\/\/yoast.com\/wordpress\/plugins\/seo\/ -->\n<title>Solution Dren - Uniest<\/title>\n<meta name=\"robots\" content=\"index, follow, max-snippet:-1, max-image-preview:large, max-video-preview:-1\" \/>\n<link rel=\"canonical\" href=\"https:\/\/uniest.it\/prodotto\/dren-solution-2\/\" \/>\n<meta property=\"og:locale\" content=\"fr_FR\" \/>\n<meta property=\"og:type\" content=\"article\" \/>\n<meta property=\"og:title\" content=\"Solution Dren - Uniest\" \/>\n<meta property=\"og:description\" content=\"Solution Dren pour animaux : c&rsquo;est un m\u00e9lange d&rsquo;extraits et d&rsquo;huiles essentielles tr\u00e8s pris\u00e9s aux propri\u00e9t\u00e9s drainantes et drainantes reconnues. Aide indispensable en cas de : contusions; h\u00e9matomes; gonflements de toutes sortes; stase. &lt; \/ul&gt; Les mati\u00e8res premi\u00e8res pr\u00e9cieuses et efficaces contenues dans la solution Dren pour animaux aident donc \u00e0 drainer les liquides en [&hellip;]\" \/>\n<meta property=\"og:url\" content=\"https:\/\/uniest.it\/prodotto\/dren-solution-2\/\" \/>\n<meta property=\"og:site_name\" content=\"Uniest\" \/>\n<meta property=\"article:modified_time\" content=\"2024-10-23T15:30:37+00:00\" \/>\n<meta property=\"og:image\" content=\"https:\/\/uniest.it\/wp-content\/uploads\/2020\/12\/504AAC.png\" \/>\n\t<meta property=\"og:image:width\" content=\"1283\" \/>\n\t<meta property=\"og:image:height\" content=\"2000\" \/>\n\t<meta property=\"og:image:type\" content=\"image\/png\" \/>\n<meta name=\"twitter:card\" content=\"summary_large_image\" \/>\n<script type=\"application\/ld+json\" class=\"yoast-schema-graph\">{\"@context\":\"https:\/\/schema.org\",\"@graph\":[{\"@type\":\"WebPage\",\"@id\":\"https:\/\/uniest.it\/prodotto\/dren-solution-2\/\",\"url\":\"https:\/\/uniest.it\/prodotto\/dren-solution-2\/\",\"name\":\"Solution Dren - Uniest\",\"isPartOf\":{\"@id\":\"https:\/\/uniest.it\/#website\"},\"primaryImageOfPage\":{\"@id\":\"https:\/\/uniest.it\/prodotto\/dren-solution-2\/#primaryimage\"},\"image\":{\"@id\":\"https:\/\/uniest.it\/prodotto\/dren-solution-2\/#primaryimage\"},\"thumbnailUrl\":\"https:\/\/uniest.it\/wp-content\/uploads\/2020\/12\/504AAC.png\",\"datePublished\":\"2024-10-23T14:43:15+00:00\",\"dateModified\":\"2024-10-23T15:30:37+00:00\",\"breadcrumb\":{\"@id\":\"https:\/\/uniest.it\/prodotto\/dren-solution-2\/#breadcrumb\"},\"inLanguage\":\"fr-FR\",\"potentialAction\":[{\"@type\":\"ReadAction\",\"target\":[\"https:\/\/uniest.it\/prodotto\/dren-solution-2\/\"]}]},{\"@type\":\"ImageObject\",\"inLanguage\":\"fr-FR\",\"@id\":\"https:\/\/uniest.it\/prodotto\/dren-solution-2\/#primaryimage\",\"url\":\"https:\/\/uniest.it\/wp-content\/uploads\/2020\/12\/504AAC.png\",\"contentUrl\":\"https:\/\/uniest.it\/wp-content\/uploads\/2020\/12\/504AAC.png\",\"width\":1283,\"height\":2000},{\"@type\":\"BreadcrumbList\",\"@id\":\"https:\/\/uniest.it\/prodotto\/dren-solution-2\/#breadcrumb\",\"itemListElement\":[{\"@type\":\"ListItem\",\"position\":1,\"name\":\"Home\",\"item\":\"https:\/\/uniest.it\/fr\/\"},{\"@type\":\"ListItem\",\"position\":2,\"name\":\"Shop\",\"item\":\"https:\/\/uniest.it\/shop\/\"},{\"@type\":\"ListItem\",\"position\":3,\"name\":\"Solution Dren\"}]},{\"@type\":\"WebSite\",\"@id\":\"https:\/\/uniest.it\/#website\",\"url\":\"https:\/\/uniest.it\/\",\"name\":\"Uniest\",\"description\":\"Cosmetici Naturali e Bio\",\"potentialAction\":[{\"@type\":\"SearchAction\",\"target\":{\"@type\":\"EntryPoint\",\"urlTemplate\":\"https:\/\/uniest.it\/?s={search_term_string}\"},\"query-input\":{\"@type\":\"PropertyValueSpecification\",\"valueRequired\":true,\"valueName\":\"search_term_string\"}}],\"inLanguage\":\"fr-FR\"}]}<\/script>\n<!-- \/ Yoast SEO plugin. -->","yoast_head_json":{"title":"Solution Dren - Uniest","robots":{"index":"index","follow":"follow","max-snippet":"max-snippet:-1","max-image-preview":"max-image-preview:large","max-video-preview":"max-video-preview:-1"},"canonical":"https:\/\/uniest.it\/prodotto\/dren-solution-2\/","og_locale":"fr_FR","og_type":"article","og_title":"Solution Dren - Uniest","og_description":"Solution Dren pour animaux : c&rsquo;est un m\u00e9lange d&rsquo;extraits et d&rsquo;huiles essentielles tr\u00e8s pris\u00e9s aux propri\u00e9t\u00e9s drainantes et drainantes reconnues. Aide indispensable en cas de : contusions; h\u00e9matomes; gonflements de toutes sortes; stase. < \/ul> Les mati\u00e8res premi\u00e8res pr\u00e9cieuses et efficaces contenues dans la solution Dren pour animaux aident donc \u00e0 drainer les liquides en [&hellip;]","og_url":"https:\/\/uniest.it\/prodotto\/dren-solution-2\/","og_site_name":"Uniest","article_modified_time":"2024-10-23T15:30:37+00:00","og_image":[{"width":1283,"height":2000,"url":"https:\/\/uniest.it\/wp-content\/uploads\/2020\/12\/504AAC.png","type":"image\/png"}],"twitter_card":"summary_large_image","schema":{"@context":"https:\/\/schema.org","@graph":[{"@type":"WebPage","@id":"https:\/\/uniest.it\/prodotto\/dren-solution-2\/","url":"https:\/\/uniest.it\/prodotto\/dren-solution-2\/","name":"Solution Dren - Uniest","isPartOf":{"@id":"https:\/\/uniest.it\/#website"},"primaryImageOfPage":{"@id":"https:\/\/uniest.it\/prodotto\/dren-solution-2\/#primaryimage"},"image":{"@id":"https:\/\/uniest.it\/prodotto\/dren-solution-2\/#primaryimage"},"thumbnailUrl":"https:\/\/uniest.it\/wp-content\/uploads\/2020\/12\/504AAC.png","datePublished":"2024-10-23T14:43:15+00:00","dateModified":"2024-10-23T15:30:37+00:00","breadcrumb":{"@id":"https:\/\/uniest.it\/prodotto\/dren-solution-2\/#breadcrumb"},"inLanguage":"fr-FR","potentialAction":[{"@type":"ReadAction","target":["https:\/\/uniest.it\/prodotto\/dren-solution-2\/"]}]},{"@type":"ImageObject","inLanguage":"fr-FR","@id":"https:\/\/uniest.it\/prodotto\/dren-solution-2\/#primaryimage","url":"https:\/\/uniest.it\/wp-content\/uploads\/2020\/12\/504AAC.png","contentUrl":"https:\/\/uniest.it\/wp-content\/uploads\/2020\/12\/504AAC.png","width":1283,"height":2000},{"@type":"BreadcrumbList","@id":"https:\/\/uniest.it\/prodotto\/dren-solution-2\/#breadcrumb","itemListElement":[{"@type":"ListItem","position":1,"name":"Home","item":"https:\/\/uniest.it\/fr\/"},{"@type":"ListItem","position":2,"name":"Shop","item":"https:\/\/uniest.it\/shop\/"},{"@type":"ListItem","position":3,"name":"Solution Dren"}]},{"@type":"WebSite","@id":"https:\/\/uniest.it\/#website","url":"https:\/\/uniest.it\/","name":"Uniest","description":"Cosmetici Naturali e Bio","potentialAction":[{"@type":"SearchAction","target":{"@type":"EntryPoint","urlTemplate":"https:\/\/uniest.it\/?s={search_term_string}"},"query-input":{"@type":"PropertyValueSpecification","valueRequired":true,"valueName":"search_term_string"}}],"inLanguage":"fr-FR"}]}},"_links":{"self":[{"href":"https:\/\/uniest.it\/fr\/wp-json\/wp\/v2\/product\/5861","targetHints":{"allow":["GET"]}}],"collection":[{"href":"https:\/\/uniest.it\/fr\/wp-json\/wp\/v2\/product"}],"about":[{"href":"https:\/\/uniest.it\/fr\/wp-json\/wp\/v2\/types\/product"}],"wp:featuredmedia":[{"embeddable":true,"href":"https:\/\/uniest.it\/fr\/wp-json\/wp\/v2\/media\/5862"}],"wp:attachment":[{"href":"https:\/\/uniest.it\/fr\/wp-json\/wp\/v2\/media?parent=5861"}],"wp:term":[{"taxonomy":"product_brand","embeddable":true,"href":"https:\/\/uniest.it\/fr\/wp-json\/wp\/v2\/product_brand?post=5861"},{"taxonomy":"product_cat","embeddable":true,"href":"https:\/\/uniest.it\/fr\/wp-json\/wp\/v2\/product_cat?post=5861"},{"taxonomy":"product_tag","embeddable":true,"href":"https:\/\/uniest.it\/fr\/wp-json\/wp\/v2\/product_tag?post=5861"}],"curies":[{"name":"wp","href":"https:\/\/api.w.org\/{rel}","templated":true}]}}