{"id":5863,"date":"2021-02-04T13:00:25","date_gmt":"2024-10-23T14:43:16","guid":{"rendered":"https:\/\/uniest.it\/prodotto\/huile-de-lin\/"},"modified":"2024-10-23T16:30:38","modified_gmt":"2024-10-23T15:30:38","slug":"huile-de-lin","status":"publish","type":"product","link":"https:\/\/uniest.it\/fr\/prodotto\/huile-de-lin\/","title":{"rendered":"Huile de lin"},"content":{"rendered":"<p>Huile de lin pure dans de l&rsquo;huile de tournesol issue de l&rsquo;agriculture biologique. Tr\u00e8s riche en Om\u00e9ga 3, cette huile est \u00e9galement connue pour ses propri\u00e9t\u00e9s antioxydantes gr\u00e2ce \u00e0 la pr\u00e9sence de Vitamine E. Merveilleuse source de nutriments b\u00e9n\u00e9fiques pour la peau, elle a une action hydratante et am\u00e9liore son \u00e9lasticit\u00e9, la rendant douce et velout\u00e9e. Depuis des mill\u00e9naires, cette huile est utilis\u00e9e comme un \u00e9lixir capable de redonner fermet\u00e9 et \u00e9lasticit\u00e9 aux peaux les plus ab\u00eem\u00e9es, de ralentir la d\u00e9shydratation et de nourrir en profondeur les tissus. Il est \u00e9galement largement utilis\u00e9 pour le soin des cheveux en raison de ses propri\u00e9t\u00e9s restructurantes notables, il redonne du volume et apporte les \u00e9l\u00e9ments nutritionnels essentiels perdus avec les lavages fr\u00e9quents. Une compresse environ 30 minutes avant le shampooing permet de rendre les cheveux plus doux, plus brillants, nourris et compact\u00e9s.<\/p>\n","protected":false},"excerpt":{"rendered":"<p>Huile de lin pure dans de l&rsquo;huile de tournesol issue de l&rsquo;agriculture biologique. Tr\u00e8s riche en Om\u00e9ga 3, cette huile est \u00e9galement connue pour ses propri\u00e9t\u00e9s antioxydantes gr\u00e2ce \u00e0 la pr\u00e9sence de Vitamine E. Merveilleuse source de nutriments b\u00e9n\u00e9fiques pour la peau, elle a une action hydratante et am\u00e9liore son \u00e9lasticit\u00e9, la rendant douce et [&hellip;]<\/p>\n","protected":false},"featured_media":5864,"template":"","meta":{"_acf_changed":false,"inline_featured_image":false},"product_brand":[],"product_cat":[1384,1372],"product_tag":[],"class_list":{"0":"post-5863","1":"product","2":"type-product","3":"status-publish","4":"has-post-thumbnail","6":"product_beauty-idratare","7":"product_beauty-nutrire-e-rigenerare","8":"product_beauty-proteggere","9":"product_beauty-riequilibrare","10":"product_skin-tutte-le-pelli","11":"product_skin-tutti-i-capelli","12":"product_kind-oli-e-burri","13":"product_kind-trattamenti-speciali","14":"product_lines-oli-pregiati-puri","15":"product_cat-capelli-fr","16":"product_cat-corpo-fr","17":"pa_size-100-fr","19":"first","20":"instock","21":"taxable","22":"shipping-taxable","23":"purchasable","24":"product-type-simple"},"acf":[],"yoast_head":"<!-- This site is optimized with the Yoast SEO plugin v24.6 - https:\/\/yoast.com\/wordpress\/plugins\/seo\/ -->\n<title>Huile de lin - Uniest<\/title>\n<meta name=\"robots\" content=\"index, follow, max-snippet:-1, max-image-preview:large, max-video-preview:-1\" \/>\n<link rel=\"canonical\" href=\"https:\/\/uniest.it\/prodotto\/olio-di-semi-di-lino\/\" \/>\n<meta property=\"og:locale\" content=\"fr_FR\" \/>\n<meta property=\"og:type\" content=\"article\" \/>\n<meta property=\"og:title\" content=\"Huile de lin - Uniest\" \/>\n<meta property=\"og:description\" content=\"Huile de lin pure dans de l&rsquo;huile de tournesol issue de l&rsquo;agriculture biologique. Tr\u00e8s riche en Om\u00e9ga 3, cette huile est \u00e9galement connue pour ses propri\u00e9t\u00e9s antioxydantes gr\u00e2ce \u00e0 la pr\u00e9sence de Vitamine E. Merveilleuse source de nutriments b\u00e9n\u00e9fiques pour la peau, elle a une action hydratante et am\u00e9liore son \u00e9lasticit\u00e9, la rendant douce et [&hellip;]\" \/>\n<meta property=\"og:url\" content=\"https:\/\/uniest.it\/prodotto\/olio-di-semi-di-lino\/\" \/>\n<meta property=\"og:site_name\" content=\"Uniest\" \/>\n<meta property=\"article:modified_time\" content=\"2024-10-23T15:30:38+00:00\" \/>\n<meta property=\"og:image\" content=\"https:\/\/uniest.it\/wp-content\/uploads\/2020\/11\/505AAM.png\" \/>\n\t<meta property=\"og:image:width\" content=\"1283\" \/>\n\t<meta property=\"og:image:height\" content=\"2001\" \/>\n\t<meta property=\"og:image:type\" content=\"image\/png\" \/>\n<meta name=\"twitter:card\" content=\"summary_large_image\" \/>\n<meta name=\"twitter:label1\" content=\"Dur\u00e9e de lecture estim\u00e9e\" \/>\n\t<meta name=\"twitter:data1\" content=\"1 minute\" \/>\n<script type=\"application\/ld+json\" class=\"yoast-schema-graph\">{\"@context\":\"https:\/\/schema.org\",\"@graph\":[{\"@type\":\"WebPage\",\"@id\":\"https:\/\/uniest.it\/prodotto\/olio-di-semi-di-lino\/\",\"url\":\"https:\/\/uniest.it\/prodotto\/olio-di-semi-di-lino\/\",\"name\":\"Huile de lin - Uniest\",\"isPartOf\":{\"@id\":\"https:\/\/uniest.it\/#website\"},\"primaryImageOfPage\":{\"@id\":\"https:\/\/uniest.it\/prodotto\/olio-di-semi-di-lino\/#primaryimage\"},\"image\":{\"@id\":\"https:\/\/uniest.it\/prodotto\/olio-di-semi-di-lino\/#primaryimage\"},\"thumbnailUrl\":\"https:\/\/uniest.it\/wp-content\/uploads\/2020\/11\/505AAM.png\",\"datePublished\":\"2024-10-23T14:43:16+00:00\",\"dateModified\":\"2024-10-23T15:30:38+00:00\",\"breadcrumb\":{\"@id\":\"https:\/\/uniest.it\/prodotto\/olio-di-semi-di-lino\/#breadcrumb\"},\"inLanguage\":\"fr-FR\",\"potentialAction\":[{\"@type\":\"ReadAction\",\"target\":[\"https:\/\/uniest.it\/prodotto\/olio-di-semi-di-lino\/\"]}]},{\"@type\":\"ImageObject\",\"inLanguage\":\"fr-FR\",\"@id\":\"https:\/\/uniest.it\/prodotto\/olio-di-semi-di-lino\/#primaryimage\",\"url\":\"https:\/\/uniest.it\/wp-content\/uploads\/2020\/11\/505AAM.png\",\"contentUrl\":\"https:\/\/uniest.it\/wp-content\/uploads\/2020\/11\/505AAM.png\",\"width\":1283,\"height\":2001},{\"@type\":\"BreadcrumbList\",\"@id\":\"https:\/\/uniest.it\/prodotto\/olio-di-semi-di-lino\/#breadcrumb\",\"itemListElement\":[{\"@type\":\"ListItem\",\"position\":1,\"name\":\"Home\",\"item\":\"https:\/\/uniest.it\/fr\/\"},{\"@type\":\"ListItem\",\"position\":2,\"name\":\"Shop\",\"item\":\"https:\/\/uniest.it\/shop\/\"},{\"@type\":\"ListItem\",\"position\":3,\"name\":\"Huile de lin\"}]},{\"@type\":\"WebSite\",\"@id\":\"https:\/\/uniest.it\/#website\",\"url\":\"https:\/\/uniest.it\/\",\"name\":\"Uniest\",\"description\":\"Cosmetici Naturali e Bio\",\"potentialAction\":[{\"@type\":\"SearchAction\",\"target\":{\"@type\":\"EntryPoint\",\"urlTemplate\":\"https:\/\/uniest.it\/?s={search_term_string}\"},\"query-input\":{\"@type\":\"PropertyValueSpecification\",\"valueRequired\":true,\"valueName\":\"search_term_string\"}}],\"inLanguage\":\"fr-FR\"}]}<\/script>\n<!-- \/ Yoast SEO plugin. -->","yoast_head_json":{"title":"Huile de lin - Uniest","robots":{"index":"index","follow":"follow","max-snippet":"max-snippet:-1","max-image-preview":"max-image-preview:large","max-video-preview":"max-video-preview:-1"},"canonical":"https:\/\/uniest.it\/prodotto\/olio-di-semi-di-lino\/","og_locale":"fr_FR","og_type":"article","og_title":"Huile de lin - Uniest","og_description":"Huile de lin pure dans de l&rsquo;huile de tournesol issue de l&rsquo;agriculture biologique. Tr\u00e8s riche en Om\u00e9ga 3, cette huile est \u00e9galement connue pour ses propri\u00e9t\u00e9s antioxydantes gr\u00e2ce \u00e0 la pr\u00e9sence de Vitamine E. Merveilleuse source de nutriments b\u00e9n\u00e9fiques pour la peau, elle a une action hydratante et am\u00e9liore son \u00e9lasticit\u00e9, la rendant douce et [&hellip;]","og_url":"https:\/\/uniest.it\/prodotto\/olio-di-semi-di-lino\/","og_site_name":"Uniest","article_modified_time":"2024-10-23T15:30:38+00:00","og_image":[{"width":1283,"height":2001,"url":"https:\/\/uniest.it\/wp-content\/uploads\/2020\/11\/505AAM.png","type":"image\/png"}],"twitter_card":"summary_large_image","twitter_misc":{"Dur\u00e9e de lecture estim\u00e9e":"1 minute"},"schema":{"@context":"https:\/\/schema.org","@graph":[{"@type":"WebPage","@id":"https:\/\/uniest.it\/prodotto\/olio-di-semi-di-lino\/","url":"https:\/\/uniest.it\/prodotto\/olio-di-semi-di-lino\/","name":"Huile de lin - Uniest","isPartOf":{"@id":"https:\/\/uniest.it\/#website"},"primaryImageOfPage":{"@id":"https:\/\/uniest.it\/prodotto\/olio-di-semi-di-lino\/#primaryimage"},"image":{"@id":"https:\/\/uniest.it\/prodotto\/olio-di-semi-di-lino\/#primaryimage"},"thumbnailUrl":"https:\/\/uniest.it\/wp-content\/uploads\/2020\/11\/505AAM.png","datePublished":"2024-10-23T14:43:16+00:00","dateModified":"2024-10-23T15:30:38+00:00","breadcrumb":{"@id":"https:\/\/uniest.it\/prodotto\/olio-di-semi-di-lino\/#breadcrumb"},"inLanguage":"fr-FR","potentialAction":[{"@type":"ReadAction","target":["https:\/\/uniest.it\/prodotto\/olio-di-semi-di-lino\/"]}]},{"@type":"ImageObject","inLanguage":"fr-FR","@id":"https:\/\/uniest.it\/prodotto\/olio-di-semi-di-lino\/#primaryimage","url":"https:\/\/uniest.it\/wp-content\/uploads\/2020\/11\/505AAM.png","contentUrl":"https:\/\/uniest.it\/wp-content\/uploads\/2020\/11\/505AAM.png","width":1283,"height":2001},{"@type":"BreadcrumbList","@id":"https:\/\/uniest.it\/prodotto\/olio-di-semi-di-lino\/#breadcrumb","itemListElement":[{"@type":"ListItem","position":1,"name":"Home","item":"https:\/\/uniest.it\/fr\/"},{"@type":"ListItem","position":2,"name":"Shop","item":"https:\/\/uniest.it\/shop\/"},{"@type":"ListItem","position":3,"name":"Huile de lin"}]},{"@type":"WebSite","@id":"https:\/\/uniest.it\/#website","url":"https:\/\/uniest.it\/","name":"Uniest","description":"Cosmetici Naturali e Bio","potentialAction":[{"@type":"SearchAction","target":{"@type":"EntryPoint","urlTemplate":"https:\/\/uniest.it\/?s={search_term_string}"},"query-input":{"@type":"PropertyValueSpecification","valueRequired":true,"valueName":"search_term_string"}}],"inLanguage":"fr-FR"}]}},"_links":{"self":[{"href":"https:\/\/uniest.it\/fr\/wp-json\/wp\/v2\/product\/5863","targetHints":{"allow":["GET"]}}],"collection":[{"href":"https:\/\/uniest.it\/fr\/wp-json\/wp\/v2\/product"}],"about":[{"href":"https:\/\/uniest.it\/fr\/wp-json\/wp\/v2\/types\/product"}],"wp:featuredmedia":[{"embeddable":true,"href":"https:\/\/uniest.it\/fr\/wp-json\/wp\/v2\/media\/5864"}],"wp:attachment":[{"href":"https:\/\/uniest.it\/fr\/wp-json\/wp\/v2\/media?parent=5863"}],"wp:term":[{"taxonomy":"product_brand","embeddable":true,"href":"https:\/\/uniest.it\/fr\/wp-json\/wp\/v2\/product_brand?post=5863"},{"taxonomy":"product_cat","embeddable":true,"href":"https:\/\/uniest.it\/fr\/wp-json\/wp\/v2\/product_cat?post=5863"},{"taxonomy":"product_tag","embeddable":true,"href":"https:\/\/uniest.it\/fr\/wp-json\/wp\/v2\/product_tag?post=5863"}],"curies":[{"name":"wp","href":"https:\/\/api.w.org\/{rel}","templated":true}]}}