{"id":5867,"date":"2024-10-23T15:43:17","date_gmt":"2024-10-23T14:43:17","guid":{"rendered":"https:\/\/uniest.it\/prodotto\/dermocreme\/"},"modified":"2024-10-23T16:30:39","modified_gmt":"2024-10-23T15:30:39","slug":"dermocreme","status":"publish","type":"product","link":"https:\/\/uniest.it\/fr\/prodotto\/dermocreme\/","title":{"rendered":"Dermocr\u00e8me"},"content":{"rendered":"<p>Dermocream : est une cr\u00e8me r\u00e9g\u00e9n\u00e9rante, gr\u00e2ce \u00e0 ses compos\u00e9s, elle favorise une cicatrisation rapide des tissus endommag\u00e9s, favorisant la cicatrisation. Utile dans tous les cas de : &#8211; abrasions de diverses natures ; &#8211; des fissures ; &#8211; des plaies ; &#8211; un coup de soleil ; &#8211; des bosses. Une utilisation correcte et constante aide \u00e0 r\u00e9duire l&rsquo;inflammation, procurant une agr\u00e9able sensation de bien-\u00eatre et favorise \u00e9galement la repousse des cheveux de m\u00eame pigmentation. Prot\u00e8ge et nourrit la peau.<\/p>\n","protected":false},"excerpt":{"rendered":"<p>Dermocream : est une cr\u00e8me r\u00e9g\u00e9n\u00e9rante, gr\u00e2ce \u00e0 ses compos\u00e9s, elle favorise une cicatrisation rapide des tissus endommag\u00e9s, favorisant la cicatrisation. Utile dans tous les cas de : &#8211; abrasions de diverses natures ; &#8211; des fissures ; &#8211; des plaies ; &#8211; un coup de soleil ; &#8211; des bosses. Une utilisation correcte et [&hellip;]<\/p>\n","protected":false},"featured_media":5868,"template":"","meta":{"_acf_changed":false,"inline_featured_image":false},"product_brand":[],"product_cat":[1378],"product_tag":[],"class_list":{"0":"post-5867","1":"product","2":"type-product","3":"status-publish","4":"has-post-thumbnail","6":"product_beauty-idratare","7":"product_beauty-nutrire-e-rigenerare","8":"product_skin-tutti-gli-animali","9":"product_kind-trattamenti-speciali","10":"product_kind_pets-trattamenti-speciali","11":"product_lines-animal-care","12":"product_cat-famiglia-e-pet-fr","13":"pa_size-1000-fr","15":"first","16":"instock","17":"taxable","18":"shipping-taxable","19":"purchasable","20":"product-type-simple"},"acf":[],"yoast_head":"<!-- This site is optimized with the Yoast SEO plugin v24.6 - https:\/\/yoast.com\/wordpress\/plugins\/seo\/ -->\n<title>Dermocr\u00e8me - Uniest<\/title>\n<meta name=\"robots\" content=\"index, follow, max-snippet:-1, max-image-preview:large, max-video-preview:-1\" \/>\n<link rel=\"canonical\" href=\"https:\/\/uniest.it\/prodotto\/dermocream-2\/\" \/>\n<meta property=\"og:locale\" content=\"fr_FR\" \/>\n<meta property=\"og:type\" content=\"article\" \/>\n<meta property=\"og:title\" content=\"Dermocr\u00e8me - Uniest\" \/>\n<meta property=\"og:description\" content=\"Dermocream : est une cr\u00e8me r\u00e9g\u00e9n\u00e9rante, gr\u00e2ce \u00e0 ses compos\u00e9s, elle favorise une cicatrisation rapide des tissus endommag\u00e9s, favorisant la cicatrisation. Utile dans tous les cas de : &#8211; abrasions de diverses natures ; &#8211; des fissures ; &#8211; des plaies ; &#8211; un coup de soleil ; &#8211; des bosses. Une utilisation correcte et [&hellip;]\" \/>\n<meta property=\"og:url\" content=\"https:\/\/uniest.it\/prodotto\/dermocream-2\/\" \/>\n<meta property=\"og:site_name\" content=\"Uniest\" \/>\n<meta property=\"article:modified_time\" content=\"2024-10-23T15:30:39+00:00\" \/>\n<meta property=\"og:image\" content=\"https:\/\/uniest.it\/wp-content\/uploads\/2020\/12\/507AAC.png\" \/>\n\t<meta property=\"og:image:width\" content=\"1283\" \/>\n\t<meta property=\"og:image:height\" content=\"2000\" \/>\n\t<meta property=\"og:image:type\" content=\"image\/png\" \/>\n<meta name=\"twitter:card\" content=\"summary_large_image\" \/>\n<script type=\"application\/ld+json\" class=\"yoast-schema-graph\">{\"@context\":\"https:\/\/schema.org\",\"@graph\":[{\"@type\":\"WebPage\",\"@id\":\"https:\/\/uniest.it\/prodotto\/dermocream-2\/\",\"url\":\"https:\/\/uniest.it\/prodotto\/dermocream-2\/\",\"name\":\"Dermocr\u00e8me - Uniest\",\"isPartOf\":{\"@id\":\"https:\/\/uniest.it\/#website\"},\"primaryImageOfPage\":{\"@id\":\"https:\/\/uniest.it\/prodotto\/dermocream-2\/#primaryimage\"},\"image\":{\"@id\":\"https:\/\/uniest.it\/prodotto\/dermocream-2\/#primaryimage\"},\"thumbnailUrl\":\"https:\/\/uniest.it\/wp-content\/uploads\/2020\/12\/507AAC.png\",\"datePublished\":\"2024-10-23T14:43:17+00:00\",\"dateModified\":\"2024-10-23T15:30:39+00:00\",\"breadcrumb\":{\"@id\":\"https:\/\/uniest.it\/prodotto\/dermocream-2\/#breadcrumb\"},\"inLanguage\":\"fr-FR\",\"potentialAction\":[{\"@type\":\"ReadAction\",\"target\":[\"https:\/\/uniest.it\/prodotto\/dermocream-2\/\"]}]},{\"@type\":\"ImageObject\",\"inLanguage\":\"fr-FR\",\"@id\":\"https:\/\/uniest.it\/prodotto\/dermocream-2\/#primaryimage\",\"url\":\"https:\/\/uniest.it\/wp-content\/uploads\/2020\/12\/507AAC.png\",\"contentUrl\":\"https:\/\/uniest.it\/wp-content\/uploads\/2020\/12\/507AAC.png\",\"width\":1283,\"height\":2000},{\"@type\":\"BreadcrumbList\",\"@id\":\"https:\/\/uniest.it\/prodotto\/dermocream-2\/#breadcrumb\",\"itemListElement\":[{\"@type\":\"ListItem\",\"position\":1,\"name\":\"Home\",\"item\":\"https:\/\/uniest.it\/fr\/\"},{\"@type\":\"ListItem\",\"position\":2,\"name\":\"Shop\",\"item\":\"https:\/\/uniest.it\/shop\/\"},{\"@type\":\"ListItem\",\"position\":3,\"name\":\"Dermocr\u00e8me\"}]},{\"@type\":\"WebSite\",\"@id\":\"https:\/\/uniest.it\/#website\",\"url\":\"https:\/\/uniest.it\/\",\"name\":\"Uniest\",\"description\":\"Cosmetici Naturali e Bio\",\"potentialAction\":[{\"@type\":\"SearchAction\",\"target\":{\"@type\":\"EntryPoint\",\"urlTemplate\":\"https:\/\/uniest.it\/?s={search_term_string}\"},\"query-input\":{\"@type\":\"PropertyValueSpecification\",\"valueRequired\":true,\"valueName\":\"search_term_string\"}}],\"inLanguage\":\"fr-FR\"}]}<\/script>\n<!-- \/ Yoast SEO plugin. -->","yoast_head_json":{"title":"Dermocr\u00e8me - Uniest","robots":{"index":"index","follow":"follow","max-snippet":"max-snippet:-1","max-image-preview":"max-image-preview:large","max-video-preview":"max-video-preview:-1"},"canonical":"https:\/\/uniest.it\/prodotto\/dermocream-2\/","og_locale":"fr_FR","og_type":"article","og_title":"Dermocr\u00e8me - Uniest","og_description":"Dermocream : est une cr\u00e8me r\u00e9g\u00e9n\u00e9rante, gr\u00e2ce \u00e0 ses compos\u00e9s, elle favorise une cicatrisation rapide des tissus endommag\u00e9s, favorisant la cicatrisation. Utile dans tous les cas de : &#8211; abrasions de diverses natures ; &#8211; des fissures ; &#8211; des plaies ; &#8211; un coup de soleil ; &#8211; des bosses. Une utilisation correcte et [&hellip;]","og_url":"https:\/\/uniest.it\/prodotto\/dermocream-2\/","og_site_name":"Uniest","article_modified_time":"2024-10-23T15:30:39+00:00","og_image":[{"width":1283,"height":2000,"url":"https:\/\/uniest.it\/wp-content\/uploads\/2020\/12\/507AAC.png","type":"image\/png"}],"twitter_card":"summary_large_image","schema":{"@context":"https:\/\/schema.org","@graph":[{"@type":"WebPage","@id":"https:\/\/uniest.it\/prodotto\/dermocream-2\/","url":"https:\/\/uniest.it\/prodotto\/dermocream-2\/","name":"Dermocr\u00e8me - Uniest","isPartOf":{"@id":"https:\/\/uniest.it\/#website"},"primaryImageOfPage":{"@id":"https:\/\/uniest.it\/prodotto\/dermocream-2\/#primaryimage"},"image":{"@id":"https:\/\/uniest.it\/prodotto\/dermocream-2\/#primaryimage"},"thumbnailUrl":"https:\/\/uniest.it\/wp-content\/uploads\/2020\/12\/507AAC.png","datePublished":"2024-10-23T14:43:17+00:00","dateModified":"2024-10-23T15:30:39+00:00","breadcrumb":{"@id":"https:\/\/uniest.it\/prodotto\/dermocream-2\/#breadcrumb"},"inLanguage":"fr-FR","potentialAction":[{"@type":"ReadAction","target":["https:\/\/uniest.it\/prodotto\/dermocream-2\/"]}]},{"@type":"ImageObject","inLanguage":"fr-FR","@id":"https:\/\/uniest.it\/prodotto\/dermocream-2\/#primaryimage","url":"https:\/\/uniest.it\/wp-content\/uploads\/2020\/12\/507AAC.png","contentUrl":"https:\/\/uniest.it\/wp-content\/uploads\/2020\/12\/507AAC.png","width":1283,"height":2000},{"@type":"BreadcrumbList","@id":"https:\/\/uniest.it\/prodotto\/dermocream-2\/#breadcrumb","itemListElement":[{"@type":"ListItem","position":1,"name":"Home","item":"https:\/\/uniest.it\/fr\/"},{"@type":"ListItem","position":2,"name":"Shop","item":"https:\/\/uniest.it\/shop\/"},{"@type":"ListItem","position":3,"name":"Dermocr\u00e8me"}]},{"@type":"WebSite","@id":"https:\/\/uniest.it\/#website","url":"https:\/\/uniest.it\/","name":"Uniest","description":"Cosmetici Naturali e Bio","potentialAction":[{"@type":"SearchAction","target":{"@type":"EntryPoint","urlTemplate":"https:\/\/uniest.it\/?s={search_term_string}"},"query-input":{"@type":"PropertyValueSpecification","valueRequired":true,"valueName":"search_term_string"}}],"inLanguage":"fr-FR"}]}},"_links":{"self":[{"href":"https:\/\/uniest.it\/fr\/wp-json\/wp\/v2\/product\/5867","targetHints":{"allow":["GET"]}}],"collection":[{"href":"https:\/\/uniest.it\/fr\/wp-json\/wp\/v2\/product"}],"about":[{"href":"https:\/\/uniest.it\/fr\/wp-json\/wp\/v2\/types\/product"}],"wp:featuredmedia":[{"embeddable":true,"href":"https:\/\/uniest.it\/fr\/wp-json\/wp\/v2\/media\/5868"}],"wp:attachment":[{"href":"https:\/\/uniest.it\/fr\/wp-json\/wp\/v2\/media?parent=5867"}],"wp:term":[{"taxonomy":"product_brand","embeddable":true,"href":"https:\/\/uniest.it\/fr\/wp-json\/wp\/v2\/product_brand?post=5867"},{"taxonomy":"product_cat","embeddable":true,"href":"https:\/\/uniest.it\/fr\/wp-json\/wp\/v2\/product_cat?post=5867"},{"taxonomy":"product_tag","embeddable":true,"href":"https:\/\/uniest.it\/fr\/wp-json\/wp\/v2\/product_tag?post=5867"}],"curies":[{"name":"wp","href":"https:\/\/api.w.org\/{rel}","templated":true}]}}