{"id":5871,"date":"2021-02-04T13:00:25","date_gmt":"2024-10-23T14:43:18","guid":{"rendered":"https:\/\/uniest.it\/prodotto\/huile-de-jojoba\/"},"modified":"2024-10-23T16:30:40","modified_gmt":"2024-10-23T15:30:40","slug":"huile-de-jojoba","status":"publish","type":"product","link":"https:\/\/uniest.it\/fr\/prodotto\/huile-de-jojoba\/","title":{"rendered":"Huile de jojoba"},"content":{"rendered":"<p>Huile de Jojoba Pure Huile de Jojoba d\u00e9licatement aromatis\u00e9e, ce produit a une excellente absorption cutan\u00e9e et laisse la peau lumineuse et \u00e9lastique. Connu pour ses propri\u00e9t\u00e9s antioxydantes, dues \u00e0 la pr\u00e9sence de tocoph\u00e9rols naturels, il est indispensable en cas de vieillissement pr\u00e9matur\u00e9 pour combattre les rides existantes et pr\u00e9venir leur formation. Il poss\u00e8de des propri\u00e9t\u00e9s \u00e9mollientes et convient comme adoucissant protecteur des l\u00e8vres et peut \u00e9galement \u00eatre utilis\u00e9 comme adjuvant dans le traitement des peaux \u00e0 tendance acn\u00e9ique. Sa fonction est principalement eudermique, c&rsquo;est-\u00e0-dire restaurer l&rsquo;\u00e9tat physiologique de la peau, un excellent rem\u00e8de contre la s\u00e9cheresse et les ger\u00e7ures, formant une couche sur la peau qui emp\u00eache la perte d&rsquo;eau, donc la d\u00e9shydratation, mais sans l&rsquo;occlusion, c&rsquo;est-\u00e0-dire sans emp\u00eacher l&rsquo;eau de p\u00e9n\u00e9trer r\u00e9guli\u00e8rement dans la peau. La d\u00e9shydratation est l&rsquo;une des principales causes du vieillissement cutan\u00e9, l&rsquo;huile de jojoba est donc aussi un excellent anti-\u00e2ge, \u00e9lastifiant et antioxydant. Il est \u00e9galement tr\u00e8s adapt\u00e9 \u00e0 la sant\u00e9 des cheveux gr\u00e2ce \u00e0 son effet nourrissant, brillant, anti-frisottis, d\u00e9m\u00ealant, protecteur et purifiant du cuir chevelu.<\/p>\n","protected":false},"excerpt":{"rendered":"<p>Huile de Jojoba Pure Huile de Jojoba d\u00e9licatement aromatis\u00e9e, ce produit a une excellente absorption cutan\u00e9e et laisse la peau lumineuse et \u00e9lastique. Connu pour ses propri\u00e9t\u00e9s antioxydantes, dues \u00e0 la pr\u00e9sence de tocoph\u00e9rols naturels, il est indispensable en cas de vieillissement pr\u00e9matur\u00e9 pour combattre les rides existantes et pr\u00e9venir leur formation. Il poss\u00e8de des [&hellip;]<\/p>\n","protected":false},"featured_media":5872,"template":"","meta":{"_acf_changed":false,"inline_featured_image":false},"product_brand":[],"product_cat":[1372,1383],"product_tag":[],"class_list":{"0":"post-5871","1":"product","2":"type-product","3":"status-publish","4":"has-post-thumbnail","6":"product_beauty-antirughe","7":"product_beauty-idratare","8":"product_beauty-nutrire-e-rigenerare","9":"product_beauty-proteggere","10":"product_beauty-purificare","11":"product_beauty-rassodare-e-tonificare","12":"product_beauty-riequilibrare","13":"product_skin-tutte-le-pelli","14":"product_kind-oli-e-burri","15":"product_kind-trattamenti-speciali","16":"product_lines-oli-pregiati-puri","17":"product_cat-corpo-fr","18":"product_cat-viso-fr","19":"pa_size-100-fr","21":"first","22":"instock","23":"taxable","24":"shipping-taxable","25":"purchasable","26":"product-type-simple"},"acf":[],"yoast_head":"<!-- This site is optimized with the Yoast SEO plugin v24.6 - https:\/\/yoast.com\/wordpress\/plugins\/seo\/ -->\n<title>Huile de jojoba - Uniest<\/title>\n<meta name=\"robots\" content=\"index, follow, max-snippet:-1, max-image-preview:large, max-video-preview:-1\" \/>\n<link rel=\"canonical\" href=\"https:\/\/uniest.it\/prodotto\/olio-di-jojoba\/\" \/>\n<meta property=\"og:locale\" content=\"fr_FR\" \/>\n<meta property=\"og:type\" content=\"article\" \/>\n<meta property=\"og:title\" content=\"Huile de jojoba - Uniest\" \/>\n<meta property=\"og:description\" content=\"Huile de Jojoba Pure Huile de Jojoba d\u00e9licatement aromatis\u00e9e, ce produit a une excellente absorption cutan\u00e9e et laisse la peau lumineuse et \u00e9lastique. Connu pour ses propri\u00e9t\u00e9s antioxydantes, dues \u00e0 la pr\u00e9sence de tocoph\u00e9rols naturels, il est indispensable en cas de vieillissement pr\u00e9matur\u00e9 pour combattre les rides existantes et pr\u00e9venir leur formation. Il poss\u00e8de des [&hellip;]\" \/>\n<meta property=\"og:url\" content=\"https:\/\/uniest.it\/prodotto\/olio-di-jojoba\/\" \/>\n<meta property=\"og:site_name\" content=\"Uniest\" \/>\n<meta property=\"article:modified_time\" content=\"2024-10-23T15:30:40+00:00\" \/>\n<meta property=\"og:image\" content=\"https:\/\/uniest.it\/wp-content\/uploads\/2020\/11\/510AAM.png\" \/>\n\t<meta property=\"og:image:width\" content=\"1283\" \/>\n\t<meta property=\"og:image:height\" content=\"2000\" \/>\n\t<meta property=\"og:image:type\" content=\"image\/png\" \/>\n<meta name=\"twitter:card\" content=\"summary_large_image\" \/>\n<meta name=\"twitter:label1\" content=\"Dur\u00e9e de lecture estim\u00e9e\" \/>\n\t<meta name=\"twitter:data1\" content=\"1 minute\" \/>\n<script type=\"application\/ld+json\" class=\"yoast-schema-graph\">{\"@context\":\"https:\/\/schema.org\",\"@graph\":[{\"@type\":\"WebPage\",\"@id\":\"https:\/\/uniest.it\/prodotto\/olio-di-jojoba\/\",\"url\":\"https:\/\/uniest.it\/prodotto\/olio-di-jojoba\/\",\"name\":\"Huile de jojoba - Uniest\",\"isPartOf\":{\"@id\":\"https:\/\/uniest.it\/#website\"},\"primaryImageOfPage\":{\"@id\":\"https:\/\/uniest.it\/prodotto\/olio-di-jojoba\/#primaryimage\"},\"image\":{\"@id\":\"https:\/\/uniest.it\/prodotto\/olio-di-jojoba\/#primaryimage\"},\"thumbnailUrl\":\"https:\/\/uniest.it\/wp-content\/uploads\/2020\/11\/510AAM.png\",\"datePublished\":\"2024-10-23T14:43:18+00:00\",\"dateModified\":\"2024-10-23T15:30:40+00:00\",\"breadcrumb\":{\"@id\":\"https:\/\/uniest.it\/prodotto\/olio-di-jojoba\/#breadcrumb\"},\"inLanguage\":\"fr-FR\",\"potentialAction\":[{\"@type\":\"ReadAction\",\"target\":[\"https:\/\/uniest.it\/prodotto\/olio-di-jojoba\/\"]}]},{\"@type\":\"ImageObject\",\"inLanguage\":\"fr-FR\",\"@id\":\"https:\/\/uniest.it\/prodotto\/olio-di-jojoba\/#primaryimage\",\"url\":\"https:\/\/uniest.it\/wp-content\/uploads\/2020\/11\/510AAM.png\",\"contentUrl\":\"https:\/\/uniest.it\/wp-content\/uploads\/2020\/11\/510AAM.png\",\"width\":1283,\"height\":2000},{\"@type\":\"BreadcrumbList\",\"@id\":\"https:\/\/uniest.it\/prodotto\/olio-di-jojoba\/#breadcrumb\",\"itemListElement\":[{\"@type\":\"ListItem\",\"position\":1,\"name\":\"Home\",\"item\":\"https:\/\/uniest.it\/fr\/\"},{\"@type\":\"ListItem\",\"position\":2,\"name\":\"Shop\",\"item\":\"https:\/\/uniest.it\/shop\/\"},{\"@type\":\"ListItem\",\"position\":3,\"name\":\"Huile de jojoba\"}]},{\"@type\":\"WebSite\",\"@id\":\"https:\/\/uniest.it\/#website\",\"url\":\"https:\/\/uniest.it\/\",\"name\":\"Uniest\",\"description\":\"Cosmetici Naturali e Bio\",\"potentialAction\":[{\"@type\":\"SearchAction\",\"target\":{\"@type\":\"EntryPoint\",\"urlTemplate\":\"https:\/\/uniest.it\/?s={search_term_string}\"},\"query-input\":{\"@type\":\"PropertyValueSpecification\",\"valueRequired\":true,\"valueName\":\"search_term_string\"}}],\"inLanguage\":\"fr-FR\"}]}<\/script>\n<!-- \/ Yoast SEO plugin. -->","yoast_head_json":{"title":"Huile de jojoba - Uniest","robots":{"index":"index","follow":"follow","max-snippet":"max-snippet:-1","max-image-preview":"max-image-preview:large","max-video-preview":"max-video-preview:-1"},"canonical":"https:\/\/uniest.it\/prodotto\/olio-di-jojoba\/","og_locale":"fr_FR","og_type":"article","og_title":"Huile de jojoba - Uniest","og_description":"Huile de Jojoba Pure Huile de Jojoba d\u00e9licatement aromatis\u00e9e, ce produit a une excellente absorption cutan\u00e9e et laisse la peau lumineuse et \u00e9lastique. Connu pour ses propri\u00e9t\u00e9s antioxydantes, dues \u00e0 la pr\u00e9sence de tocoph\u00e9rols naturels, il est indispensable en cas de vieillissement pr\u00e9matur\u00e9 pour combattre les rides existantes et pr\u00e9venir leur formation. Il poss\u00e8de des [&hellip;]","og_url":"https:\/\/uniest.it\/prodotto\/olio-di-jojoba\/","og_site_name":"Uniest","article_modified_time":"2024-10-23T15:30:40+00:00","og_image":[{"width":1283,"height":2000,"url":"https:\/\/uniest.it\/wp-content\/uploads\/2020\/11\/510AAM.png","type":"image\/png"}],"twitter_card":"summary_large_image","twitter_misc":{"Dur\u00e9e de lecture estim\u00e9e":"1 minute"},"schema":{"@context":"https:\/\/schema.org","@graph":[{"@type":"WebPage","@id":"https:\/\/uniest.it\/prodotto\/olio-di-jojoba\/","url":"https:\/\/uniest.it\/prodotto\/olio-di-jojoba\/","name":"Huile de jojoba - Uniest","isPartOf":{"@id":"https:\/\/uniest.it\/#website"},"primaryImageOfPage":{"@id":"https:\/\/uniest.it\/prodotto\/olio-di-jojoba\/#primaryimage"},"image":{"@id":"https:\/\/uniest.it\/prodotto\/olio-di-jojoba\/#primaryimage"},"thumbnailUrl":"https:\/\/uniest.it\/wp-content\/uploads\/2020\/11\/510AAM.png","datePublished":"2024-10-23T14:43:18+00:00","dateModified":"2024-10-23T15:30:40+00:00","breadcrumb":{"@id":"https:\/\/uniest.it\/prodotto\/olio-di-jojoba\/#breadcrumb"},"inLanguage":"fr-FR","potentialAction":[{"@type":"ReadAction","target":["https:\/\/uniest.it\/prodotto\/olio-di-jojoba\/"]}]},{"@type":"ImageObject","inLanguage":"fr-FR","@id":"https:\/\/uniest.it\/prodotto\/olio-di-jojoba\/#primaryimage","url":"https:\/\/uniest.it\/wp-content\/uploads\/2020\/11\/510AAM.png","contentUrl":"https:\/\/uniest.it\/wp-content\/uploads\/2020\/11\/510AAM.png","width":1283,"height":2000},{"@type":"BreadcrumbList","@id":"https:\/\/uniest.it\/prodotto\/olio-di-jojoba\/#breadcrumb","itemListElement":[{"@type":"ListItem","position":1,"name":"Home","item":"https:\/\/uniest.it\/fr\/"},{"@type":"ListItem","position":2,"name":"Shop","item":"https:\/\/uniest.it\/shop\/"},{"@type":"ListItem","position":3,"name":"Huile de jojoba"}]},{"@type":"WebSite","@id":"https:\/\/uniest.it\/#website","url":"https:\/\/uniest.it\/","name":"Uniest","description":"Cosmetici Naturali e Bio","potentialAction":[{"@type":"SearchAction","target":{"@type":"EntryPoint","urlTemplate":"https:\/\/uniest.it\/?s={search_term_string}"},"query-input":{"@type":"PropertyValueSpecification","valueRequired":true,"valueName":"search_term_string"}}],"inLanguage":"fr-FR"}]}},"_links":{"self":[{"href":"https:\/\/uniest.it\/fr\/wp-json\/wp\/v2\/product\/5871","targetHints":{"allow":["GET"]}}],"collection":[{"href":"https:\/\/uniest.it\/fr\/wp-json\/wp\/v2\/product"}],"about":[{"href":"https:\/\/uniest.it\/fr\/wp-json\/wp\/v2\/types\/product"}],"wp:featuredmedia":[{"embeddable":true,"href":"https:\/\/uniest.it\/fr\/wp-json\/wp\/v2\/media\/5872"}],"wp:attachment":[{"href":"https:\/\/uniest.it\/fr\/wp-json\/wp\/v2\/media?parent=5871"}],"wp:term":[{"taxonomy":"product_brand","embeddable":true,"href":"https:\/\/uniest.it\/fr\/wp-json\/wp\/v2\/product_brand?post=5871"},{"taxonomy":"product_cat","embeddable":true,"href":"https:\/\/uniest.it\/fr\/wp-json\/wp\/v2\/product_cat?post=5871"},{"taxonomy":"product_tag","embeddable":true,"href":"https:\/\/uniest.it\/fr\/wp-json\/wp\/v2\/product_tag?post=5871"}],"curies":[{"name":"wp","href":"https:\/\/api.w.org\/{rel}","templated":true}]}}