{"id":5873,"date":"2021-02-04T13:00:25","date_gmt":"2024-10-23T14:43:19","guid":{"rendered":"https:\/\/uniest.it\/prodotto\/huile-damande-douce-bio-vitamine-e\/"},"modified":"2024-10-23T16:30:41","modified_gmt":"2024-10-23T15:30:41","slug":"huile-damande-douce-bio-vitamine-e","status":"publish","type":"product","link":"https:\/\/uniest.it\/fr\/prodotto\/huile-damande-douce-bio-vitamine-e\/","title":{"rendered":"Huile d&rsquo;Amande douce BIO + Vitamine E"},"content":{"rendered":"<p>Huile d&rsquo;amande douce extr\u00eamement pure issue de l&rsquo;agriculture biologique. D\u00e9licatement parfum\u00e9e, elle est extraite du noyau du fruit de l&rsquo;amande. Gr\u00e2ce \u00e0 ses propri\u00e9t\u00e9s \u00e9mollientes, adoucissantes, nourrissantes et apaisantes, l&rsquo;huile d&rsquo;amande douce est particuli\u00e8rement adapt\u00e9e aux peaux fragiles et sensibles comme celles des nouveau-n\u00e9s, des enfants et des personnes \u00e2g\u00e9es et aux peaux s\u00e8ches et rouges. Efficace dans le traitement des vergetures, son application pendant la grossesse est donc recommand\u00e9e d\u00e8s le troisi\u00e8me mois sur le ventre, les seins, les hanches et les cuisses. Riche en Vitamines E, B et Min\u00e9raux, c&rsquo;est un excellent adjuvant dans le traitement des gonflements, des br\u00fblures et des tissus n\u00e9cessitant de l&rsquo;\u00e9lasticit\u00e9. Elle s&rsquo;utilise \u00e9galement pour le soin des cheveux secs, cr\u00e9pus, fragilis\u00e9s par le soleil et le sel, leur redonnant douceur et brillance. Une compresse d&rsquo;environ 30 minutes avant le shampooing permet de rendre les cheveux plus doux et plus brillants, nourris et compact\u00e9s.<\/p>\n","protected":false},"excerpt":{"rendered":"<p>Huile d&rsquo;amande douce extr\u00eamement pure issue de l&rsquo;agriculture biologique. D\u00e9licatement parfum\u00e9e, elle est extraite du noyau du fruit de l&rsquo;amande. Gr\u00e2ce \u00e0 ses propri\u00e9t\u00e9s \u00e9mollientes, adoucissantes, nourrissantes et apaisantes, l&rsquo;huile d&rsquo;amande douce est particuli\u00e8rement adapt\u00e9e aux peaux fragiles et sensibles comme celles des nouveau-n\u00e9s, des enfants et des personnes \u00e2g\u00e9es et aux peaux s\u00e8ches et [&hellip;]<\/p>\n","protected":false},"featured_media":5874,"template":"","meta":{"_acf_changed":false,"inline_featured_image":false},"product_brand":[],"product_cat":[1372,1383,1378],"product_tag":[],"class_list":{"0":"post-5873","1":"product","2":"type-product","3":"status-publish","4":"has-post-thumbnail","6":"product_beauty-antirughe","7":"product_beauty-idratare","8":"product_beauty-lenire","9":"product_beauty-nutrire-e-rigenerare","10":"product_beauty-proteggere","11":"product_beauty-rassodare-e-tonificare","12":"product_beauty-schiarire","13":"product_skin-tutte-le-pelli","14":"product_kind-creme-antieta-e-prime-rughe","15":"product_kind-oli-e-burri","16":"product_kind-trattamenti-speciali","17":"product_lines-oli-pregiati-puri","18":"product_cat-corpo-fr","19":"product_cat-viso-fr","20":"product_cat-famiglia-e-pet-fr","21":"pa_size-100-fr","23":"first","24":"instock","25":"taxable","26":"shipping-taxable","27":"purchasable","28":"product-type-simple"},"acf":[],"yoast_head":"<!-- This site is optimized with the Yoast SEO plugin v24.6 - https:\/\/yoast.com\/wordpress\/plugins\/seo\/ -->\n<title>Huile d&#039;Amande douce BIO + Vitamine E - Uniest<\/title>\n<meta name=\"robots\" content=\"index, follow, max-snippet:-1, max-image-preview:large, max-video-preview:-1\" \/>\n<link rel=\"canonical\" href=\"https:\/\/uniest.it\/prodotto\/olio-di-mandorle-dolci-bio-vitamina-e\/\" \/>\n<meta property=\"og:locale\" content=\"fr_FR\" \/>\n<meta property=\"og:type\" content=\"article\" \/>\n<meta property=\"og:title\" content=\"Huile d&#039;Amande douce BIO + Vitamine E - Uniest\" \/>\n<meta property=\"og:description\" content=\"Huile d&rsquo;amande douce extr\u00eamement pure issue de l&rsquo;agriculture biologique. D\u00e9licatement parfum\u00e9e, elle est extraite du noyau du fruit de l&rsquo;amande. Gr\u00e2ce \u00e0 ses propri\u00e9t\u00e9s \u00e9mollientes, adoucissantes, nourrissantes et apaisantes, l&rsquo;huile d&rsquo;amande douce est particuli\u00e8rement adapt\u00e9e aux peaux fragiles et sensibles comme celles des nouveau-n\u00e9s, des enfants et des personnes \u00e2g\u00e9es et aux peaux s\u00e8ches et [&hellip;]\" \/>\n<meta property=\"og:url\" content=\"https:\/\/uniest.it\/prodotto\/olio-di-mandorle-dolci-bio-vitamina-e\/\" \/>\n<meta property=\"og:site_name\" content=\"Uniest\" \/>\n<meta property=\"article:modified_time\" content=\"2024-10-23T15:30:41+00:00\" \/>\n<meta property=\"og:image\" content=\"https:\/\/uniest.it\/wp-content\/uploads\/2020\/11\/512AAM.png\" \/>\n\t<meta property=\"og:image:width\" content=\"1283\" \/>\n\t<meta property=\"og:image:height\" content=\"2000\" \/>\n\t<meta property=\"og:image:type\" content=\"image\/png\" \/>\n<meta name=\"twitter:card\" content=\"summary_large_image\" \/>\n<meta name=\"twitter:label1\" content=\"Dur\u00e9e de lecture estim\u00e9e\" \/>\n\t<meta name=\"twitter:data1\" content=\"1 minute\" \/>\n<script type=\"application\/ld+json\" class=\"yoast-schema-graph\">{\"@context\":\"https:\/\/schema.org\",\"@graph\":[{\"@type\":\"WebPage\",\"@id\":\"https:\/\/uniest.it\/prodotto\/olio-di-mandorle-dolci-bio-vitamina-e\/\",\"url\":\"https:\/\/uniest.it\/prodotto\/olio-di-mandorle-dolci-bio-vitamina-e\/\",\"name\":\"Huile d'Amande douce BIO + Vitamine E - Uniest\",\"isPartOf\":{\"@id\":\"https:\/\/uniest.it\/#website\"},\"primaryImageOfPage\":{\"@id\":\"https:\/\/uniest.it\/prodotto\/olio-di-mandorle-dolci-bio-vitamina-e\/#primaryimage\"},\"image\":{\"@id\":\"https:\/\/uniest.it\/prodotto\/olio-di-mandorle-dolci-bio-vitamina-e\/#primaryimage\"},\"thumbnailUrl\":\"https:\/\/uniest.it\/wp-content\/uploads\/2020\/11\/512AAM.png\",\"datePublished\":\"2024-10-23T14:43:19+00:00\",\"dateModified\":\"2024-10-23T15:30:41+00:00\",\"breadcrumb\":{\"@id\":\"https:\/\/uniest.it\/prodotto\/olio-di-mandorle-dolci-bio-vitamina-e\/#breadcrumb\"},\"inLanguage\":\"fr-FR\",\"potentialAction\":[{\"@type\":\"ReadAction\",\"target\":[\"https:\/\/uniest.it\/prodotto\/olio-di-mandorle-dolci-bio-vitamina-e\/\"]}]},{\"@type\":\"ImageObject\",\"inLanguage\":\"fr-FR\",\"@id\":\"https:\/\/uniest.it\/prodotto\/olio-di-mandorle-dolci-bio-vitamina-e\/#primaryimage\",\"url\":\"https:\/\/uniest.it\/wp-content\/uploads\/2020\/11\/512AAM.png\",\"contentUrl\":\"https:\/\/uniest.it\/wp-content\/uploads\/2020\/11\/512AAM.png\",\"width\":1283,\"height\":2000},{\"@type\":\"BreadcrumbList\",\"@id\":\"https:\/\/uniest.it\/prodotto\/olio-di-mandorle-dolci-bio-vitamina-e\/#breadcrumb\",\"itemListElement\":[{\"@type\":\"ListItem\",\"position\":1,\"name\":\"Home\",\"item\":\"https:\/\/uniest.it\/fr\/\"},{\"@type\":\"ListItem\",\"position\":2,\"name\":\"Shop\",\"item\":\"https:\/\/uniest.it\/shop\/\"},{\"@type\":\"ListItem\",\"position\":3,\"name\":\"Huile d&#8217;Amande douce BIO + Vitamine E\"}]},{\"@type\":\"WebSite\",\"@id\":\"https:\/\/uniest.it\/#website\",\"url\":\"https:\/\/uniest.it\/\",\"name\":\"Uniest\",\"description\":\"Cosmetici Naturali e Bio\",\"potentialAction\":[{\"@type\":\"SearchAction\",\"target\":{\"@type\":\"EntryPoint\",\"urlTemplate\":\"https:\/\/uniest.it\/?s={search_term_string}\"},\"query-input\":{\"@type\":\"PropertyValueSpecification\",\"valueRequired\":true,\"valueName\":\"search_term_string\"}}],\"inLanguage\":\"fr-FR\"}]}<\/script>\n<!-- \/ Yoast SEO plugin. -->","yoast_head_json":{"title":"Huile d'Amande douce BIO + Vitamine E - Uniest","robots":{"index":"index","follow":"follow","max-snippet":"max-snippet:-1","max-image-preview":"max-image-preview:large","max-video-preview":"max-video-preview:-1"},"canonical":"https:\/\/uniest.it\/prodotto\/olio-di-mandorle-dolci-bio-vitamina-e\/","og_locale":"fr_FR","og_type":"article","og_title":"Huile d'Amande douce BIO + Vitamine E - Uniest","og_description":"Huile d&rsquo;amande douce extr\u00eamement pure issue de l&rsquo;agriculture biologique. D\u00e9licatement parfum\u00e9e, elle est extraite du noyau du fruit de l&rsquo;amande. Gr\u00e2ce \u00e0 ses propri\u00e9t\u00e9s \u00e9mollientes, adoucissantes, nourrissantes et apaisantes, l&rsquo;huile d&rsquo;amande douce est particuli\u00e8rement adapt\u00e9e aux peaux fragiles et sensibles comme celles des nouveau-n\u00e9s, des enfants et des personnes \u00e2g\u00e9es et aux peaux s\u00e8ches et [&hellip;]","og_url":"https:\/\/uniest.it\/prodotto\/olio-di-mandorle-dolci-bio-vitamina-e\/","og_site_name":"Uniest","article_modified_time":"2024-10-23T15:30:41+00:00","og_image":[{"width":1283,"height":2000,"url":"https:\/\/uniest.it\/wp-content\/uploads\/2020\/11\/512AAM.png","type":"image\/png"}],"twitter_card":"summary_large_image","twitter_misc":{"Dur\u00e9e de lecture estim\u00e9e":"1 minute"},"schema":{"@context":"https:\/\/schema.org","@graph":[{"@type":"WebPage","@id":"https:\/\/uniest.it\/prodotto\/olio-di-mandorle-dolci-bio-vitamina-e\/","url":"https:\/\/uniest.it\/prodotto\/olio-di-mandorle-dolci-bio-vitamina-e\/","name":"Huile d'Amande douce BIO + Vitamine E - Uniest","isPartOf":{"@id":"https:\/\/uniest.it\/#website"},"primaryImageOfPage":{"@id":"https:\/\/uniest.it\/prodotto\/olio-di-mandorle-dolci-bio-vitamina-e\/#primaryimage"},"image":{"@id":"https:\/\/uniest.it\/prodotto\/olio-di-mandorle-dolci-bio-vitamina-e\/#primaryimage"},"thumbnailUrl":"https:\/\/uniest.it\/wp-content\/uploads\/2020\/11\/512AAM.png","datePublished":"2024-10-23T14:43:19+00:00","dateModified":"2024-10-23T15:30:41+00:00","breadcrumb":{"@id":"https:\/\/uniest.it\/prodotto\/olio-di-mandorle-dolci-bio-vitamina-e\/#breadcrumb"},"inLanguage":"fr-FR","potentialAction":[{"@type":"ReadAction","target":["https:\/\/uniest.it\/prodotto\/olio-di-mandorle-dolci-bio-vitamina-e\/"]}]},{"@type":"ImageObject","inLanguage":"fr-FR","@id":"https:\/\/uniest.it\/prodotto\/olio-di-mandorle-dolci-bio-vitamina-e\/#primaryimage","url":"https:\/\/uniest.it\/wp-content\/uploads\/2020\/11\/512AAM.png","contentUrl":"https:\/\/uniest.it\/wp-content\/uploads\/2020\/11\/512AAM.png","width":1283,"height":2000},{"@type":"BreadcrumbList","@id":"https:\/\/uniest.it\/prodotto\/olio-di-mandorle-dolci-bio-vitamina-e\/#breadcrumb","itemListElement":[{"@type":"ListItem","position":1,"name":"Home","item":"https:\/\/uniest.it\/fr\/"},{"@type":"ListItem","position":2,"name":"Shop","item":"https:\/\/uniest.it\/shop\/"},{"@type":"ListItem","position":3,"name":"Huile d&#8217;Amande douce BIO + Vitamine E"}]},{"@type":"WebSite","@id":"https:\/\/uniest.it\/#website","url":"https:\/\/uniest.it\/","name":"Uniest","description":"Cosmetici Naturali e Bio","potentialAction":[{"@type":"SearchAction","target":{"@type":"EntryPoint","urlTemplate":"https:\/\/uniest.it\/?s={search_term_string}"},"query-input":{"@type":"PropertyValueSpecification","valueRequired":true,"valueName":"search_term_string"}}],"inLanguage":"fr-FR"}]}},"_links":{"self":[{"href":"https:\/\/uniest.it\/fr\/wp-json\/wp\/v2\/product\/5873","targetHints":{"allow":["GET"]}}],"collection":[{"href":"https:\/\/uniest.it\/fr\/wp-json\/wp\/v2\/product"}],"about":[{"href":"https:\/\/uniest.it\/fr\/wp-json\/wp\/v2\/types\/product"}],"wp:featuredmedia":[{"embeddable":true,"href":"https:\/\/uniest.it\/fr\/wp-json\/wp\/v2\/media\/5874"}],"wp:attachment":[{"href":"https:\/\/uniest.it\/fr\/wp-json\/wp\/v2\/media?parent=5873"}],"wp:term":[{"taxonomy":"product_brand","embeddable":true,"href":"https:\/\/uniest.it\/fr\/wp-json\/wp\/v2\/product_brand?post=5873"},{"taxonomy":"product_cat","embeddable":true,"href":"https:\/\/uniest.it\/fr\/wp-json\/wp\/v2\/product_cat?post=5873"},{"taxonomy":"product_tag","embeddable":true,"href":"https:\/\/uniest.it\/fr\/wp-json\/wp\/v2\/product_tag?post=5873"}],"curies":[{"name":"wp","href":"https:\/\/api.w.org\/{rel}","templated":true}]}}