{"id":5875,"date":"2021-02-04T13:00:25","date_gmt":"2024-10-23T14:43:20","guid":{"rendered":"https:\/\/uniest.it\/prodotto\/huile-de-son-de-riz-vitamine-c\/"},"modified":"2024-10-23T16:30:42","modified_gmt":"2024-10-23T15:30:42","slug":"huile-de-son-de-riz-vitamine-c","status":"publish","type":"product","link":"https:\/\/uniest.it\/fr\/prodotto\/huile-de-son-de-riz-vitamine-c\/","title":{"rendered":"Huile de son de riz + vitamine C"},"content":{"rendered":"<p>Huile de Son de Riz extr\u00eamement pure L&rsquo;huile de Son de Riz est naturellement enrichie en Gamma Oryzanol et en Vitamine E qui en font un produit aux caract\u00e9ristiques \u00e9mollientes, apaisantes, protectrices et antioxydantes. Sa composition parfaitement \u00e9quilibr\u00e9e en Acide Ol\u00e9ique, Linol\u00e9ique, Palmitique et Vitamine E en fait une huile particuli\u00e8rement adapt\u00e9e pour lutter contre le vieillissement cutan\u00e9. Il prot\u00e8ge des rayons du soleil car ses composants naturels favorisent le bronzage de la peau, luttant contre la formation de radicaux libres. Il a une action \u00e9molliente profonde, rendant la peau lisse, lumineuse, hydrat\u00e9e et nourrie jour apr\u00e8s jour. L&rsquo;huile de riz est tr\u00e8s utile pour le traitement des peaux matures, irrit\u00e9es et ternes et pour le soin du contour des yeux.<\/p>\n","protected":false},"excerpt":{"rendered":"<p>Huile de Son de Riz extr\u00eamement pure L&rsquo;huile de Son de Riz est naturellement enrichie en Gamma Oryzanol et en Vitamine E qui en font un produit aux caract\u00e9ristiques \u00e9mollientes, apaisantes, protectrices et antioxydantes. Sa composition parfaitement \u00e9quilibr\u00e9e en Acide Ol\u00e9ique, Linol\u00e9ique, Palmitique et Vitamine E en fait une huile particuli\u00e8rement adapt\u00e9e pour lutter contre [&hellip;]<\/p>\n","protected":false},"featured_media":5876,"template":"","meta":{"_acf_changed":false,"inline_featured_image":false},"product_brand":[],"product_cat":[1372,1383,1392],"product_tag":[],"class_list":{"0":"post-5875","1":"product","2":"type-product","3":"status-publish","4":"has-post-thumbnail","6":"product_beauty-antirughe","7":"product_beauty-detergere","8":"product_beauty-detox-e-dren","9":"product_beauty-esfoliare","10":"product_beauty-idratare","11":"product_beauty-nutrire-e-rigenerare","12":"product_beauty-rassodare-e-tonificare","13":"product_skin-tutte-le-pelli","14":"product_kind-creme-antieta-e-prime-rughe","15":"product_kind-oli-e-burri","16":"product_kind-trattamenti-speciali","17":"product_lines-oli-pregiati-puri","18":"product_cat-corpo-fr","19":"product_cat-viso-fr","20":"product_cat-mani-e-piedi-fr","21":"pa_size-100-fr","23":"first","24":"instock","25":"taxable","26":"shipping-taxable","27":"purchasable","28":"product-type-simple"},"acf":[],"yoast_head":"<!-- This site is optimized with the Yoast SEO plugin v24.6 - https:\/\/yoast.com\/wordpress\/plugins\/seo\/ -->\n<title>Huile de son de riz + vitamine C - Uniest<\/title>\n<meta name=\"robots\" content=\"index, follow, max-snippet:-1, max-image-preview:large, max-video-preview:-1\" \/>\n<link rel=\"canonical\" href=\"https:\/\/uniest.it\/prodotto\/olio-di-crusca-di-riso-vitamina-c\/\" \/>\n<meta property=\"og:locale\" content=\"fr_FR\" \/>\n<meta property=\"og:type\" content=\"article\" \/>\n<meta property=\"og:title\" content=\"Huile de son de riz + vitamine C - Uniest\" \/>\n<meta property=\"og:description\" content=\"Huile de Son de Riz extr\u00eamement pure L&rsquo;huile de Son de Riz est naturellement enrichie en Gamma Oryzanol et en Vitamine E qui en font un produit aux caract\u00e9ristiques \u00e9mollientes, apaisantes, protectrices et antioxydantes. Sa composition parfaitement \u00e9quilibr\u00e9e en Acide Ol\u00e9ique, Linol\u00e9ique, Palmitique et Vitamine E en fait une huile particuli\u00e8rement adapt\u00e9e pour lutter contre [&hellip;]\" \/>\n<meta property=\"og:url\" content=\"https:\/\/uniest.it\/prodotto\/olio-di-crusca-di-riso-vitamina-c\/\" \/>\n<meta property=\"og:site_name\" content=\"Uniest\" \/>\n<meta property=\"article:modified_time\" content=\"2024-10-23T15:30:42+00:00\" \/>\n<meta property=\"og:image\" content=\"https:\/\/uniest.it\/wp-content\/uploads\/2020\/11\/514AAM.png\" \/>\n\t<meta property=\"og:image:width\" content=\"1283\" \/>\n\t<meta property=\"og:image:height\" content=\"2000\" \/>\n\t<meta property=\"og:image:type\" content=\"image\/png\" \/>\n<meta name=\"twitter:card\" content=\"summary_large_image\" \/>\n<meta name=\"twitter:label1\" content=\"Dur\u00e9e de lecture estim\u00e9e\" \/>\n\t<meta name=\"twitter:data1\" content=\"1 minute\" \/>\n<script type=\"application\/ld+json\" class=\"yoast-schema-graph\">{\"@context\":\"https:\/\/schema.org\",\"@graph\":[{\"@type\":\"WebPage\",\"@id\":\"https:\/\/uniest.it\/prodotto\/olio-di-crusca-di-riso-vitamina-c\/\",\"url\":\"https:\/\/uniest.it\/prodotto\/olio-di-crusca-di-riso-vitamina-c\/\",\"name\":\"Huile de son de riz + vitamine C - Uniest\",\"isPartOf\":{\"@id\":\"https:\/\/uniest.it\/#website\"},\"primaryImageOfPage\":{\"@id\":\"https:\/\/uniest.it\/prodotto\/olio-di-crusca-di-riso-vitamina-c\/#primaryimage\"},\"image\":{\"@id\":\"https:\/\/uniest.it\/prodotto\/olio-di-crusca-di-riso-vitamina-c\/#primaryimage\"},\"thumbnailUrl\":\"https:\/\/uniest.it\/wp-content\/uploads\/2020\/11\/514AAM.png\",\"datePublished\":\"2024-10-23T14:43:20+00:00\",\"dateModified\":\"2024-10-23T15:30:42+00:00\",\"breadcrumb\":{\"@id\":\"https:\/\/uniest.it\/prodotto\/olio-di-crusca-di-riso-vitamina-c\/#breadcrumb\"},\"inLanguage\":\"fr-FR\",\"potentialAction\":[{\"@type\":\"ReadAction\",\"target\":[\"https:\/\/uniest.it\/prodotto\/olio-di-crusca-di-riso-vitamina-c\/\"]}]},{\"@type\":\"ImageObject\",\"inLanguage\":\"fr-FR\",\"@id\":\"https:\/\/uniest.it\/prodotto\/olio-di-crusca-di-riso-vitamina-c\/#primaryimage\",\"url\":\"https:\/\/uniest.it\/wp-content\/uploads\/2020\/11\/514AAM.png\",\"contentUrl\":\"https:\/\/uniest.it\/wp-content\/uploads\/2020\/11\/514AAM.png\",\"width\":1283,\"height\":2000},{\"@type\":\"BreadcrumbList\",\"@id\":\"https:\/\/uniest.it\/prodotto\/olio-di-crusca-di-riso-vitamina-c\/#breadcrumb\",\"itemListElement\":[{\"@type\":\"ListItem\",\"position\":1,\"name\":\"Home\",\"item\":\"https:\/\/uniest.it\/fr\/\"},{\"@type\":\"ListItem\",\"position\":2,\"name\":\"Shop\",\"item\":\"https:\/\/uniest.it\/shop\/\"},{\"@type\":\"ListItem\",\"position\":3,\"name\":\"Huile de son de riz + vitamine C\"}]},{\"@type\":\"WebSite\",\"@id\":\"https:\/\/uniest.it\/#website\",\"url\":\"https:\/\/uniest.it\/\",\"name\":\"Uniest\",\"description\":\"Cosmetici Naturali e Bio\",\"potentialAction\":[{\"@type\":\"SearchAction\",\"target\":{\"@type\":\"EntryPoint\",\"urlTemplate\":\"https:\/\/uniest.it\/?s={search_term_string}\"},\"query-input\":{\"@type\":\"PropertyValueSpecification\",\"valueRequired\":true,\"valueName\":\"search_term_string\"}}],\"inLanguage\":\"fr-FR\"}]}<\/script>\n<!-- \/ Yoast SEO plugin. -->","yoast_head_json":{"title":"Huile de son de riz + vitamine C - Uniest","robots":{"index":"index","follow":"follow","max-snippet":"max-snippet:-1","max-image-preview":"max-image-preview:large","max-video-preview":"max-video-preview:-1"},"canonical":"https:\/\/uniest.it\/prodotto\/olio-di-crusca-di-riso-vitamina-c\/","og_locale":"fr_FR","og_type":"article","og_title":"Huile de son de riz + vitamine C - Uniest","og_description":"Huile de Son de Riz extr\u00eamement pure L&rsquo;huile de Son de Riz est naturellement enrichie en Gamma Oryzanol et en Vitamine E qui en font un produit aux caract\u00e9ristiques \u00e9mollientes, apaisantes, protectrices et antioxydantes. Sa composition parfaitement \u00e9quilibr\u00e9e en Acide Ol\u00e9ique, Linol\u00e9ique, Palmitique et Vitamine E en fait une huile particuli\u00e8rement adapt\u00e9e pour lutter contre [&hellip;]","og_url":"https:\/\/uniest.it\/prodotto\/olio-di-crusca-di-riso-vitamina-c\/","og_site_name":"Uniest","article_modified_time":"2024-10-23T15:30:42+00:00","og_image":[{"width":1283,"height":2000,"url":"https:\/\/uniest.it\/wp-content\/uploads\/2020\/11\/514AAM.png","type":"image\/png"}],"twitter_card":"summary_large_image","twitter_misc":{"Dur\u00e9e de lecture estim\u00e9e":"1 minute"},"schema":{"@context":"https:\/\/schema.org","@graph":[{"@type":"WebPage","@id":"https:\/\/uniest.it\/prodotto\/olio-di-crusca-di-riso-vitamina-c\/","url":"https:\/\/uniest.it\/prodotto\/olio-di-crusca-di-riso-vitamina-c\/","name":"Huile de son de riz + vitamine C - Uniest","isPartOf":{"@id":"https:\/\/uniest.it\/#website"},"primaryImageOfPage":{"@id":"https:\/\/uniest.it\/prodotto\/olio-di-crusca-di-riso-vitamina-c\/#primaryimage"},"image":{"@id":"https:\/\/uniest.it\/prodotto\/olio-di-crusca-di-riso-vitamina-c\/#primaryimage"},"thumbnailUrl":"https:\/\/uniest.it\/wp-content\/uploads\/2020\/11\/514AAM.png","datePublished":"2024-10-23T14:43:20+00:00","dateModified":"2024-10-23T15:30:42+00:00","breadcrumb":{"@id":"https:\/\/uniest.it\/prodotto\/olio-di-crusca-di-riso-vitamina-c\/#breadcrumb"},"inLanguage":"fr-FR","potentialAction":[{"@type":"ReadAction","target":["https:\/\/uniest.it\/prodotto\/olio-di-crusca-di-riso-vitamina-c\/"]}]},{"@type":"ImageObject","inLanguage":"fr-FR","@id":"https:\/\/uniest.it\/prodotto\/olio-di-crusca-di-riso-vitamina-c\/#primaryimage","url":"https:\/\/uniest.it\/wp-content\/uploads\/2020\/11\/514AAM.png","contentUrl":"https:\/\/uniest.it\/wp-content\/uploads\/2020\/11\/514AAM.png","width":1283,"height":2000},{"@type":"BreadcrumbList","@id":"https:\/\/uniest.it\/prodotto\/olio-di-crusca-di-riso-vitamina-c\/#breadcrumb","itemListElement":[{"@type":"ListItem","position":1,"name":"Home","item":"https:\/\/uniest.it\/fr\/"},{"@type":"ListItem","position":2,"name":"Shop","item":"https:\/\/uniest.it\/shop\/"},{"@type":"ListItem","position":3,"name":"Huile de son de riz + vitamine C"}]},{"@type":"WebSite","@id":"https:\/\/uniest.it\/#website","url":"https:\/\/uniest.it\/","name":"Uniest","description":"Cosmetici Naturali e Bio","potentialAction":[{"@type":"SearchAction","target":{"@type":"EntryPoint","urlTemplate":"https:\/\/uniest.it\/?s={search_term_string}"},"query-input":{"@type":"PropertyValueSpecification","valueRequired":true,"valueName":"search_term_string"}}],"inLanguage":"fr-FR"}]}},"_links":{"self":[{"href":"https:\/\/uniest.it\/fr\/wp-json\/wp\/v2\/product\/5875","targetHints":{"allow":["GET"]}}],"collection":[{"href":"https:\/\/uniest.it\/fr\/wp-json\/wp\/v2\/product"}],"about":[{"href":"https:\/\/uniest.it\/fr\/wp-json\/wp\/v2\/types\/product"}],"wp:featuredmedia":[{"embeddable":true,"href":"https:\/\/uniest.it\/fr\/wp-json\/wp\/v2\/media\/5876"}],"wp:attachment":[{"href":"https:\/\/uniest.it\/fr\/wp-json\/wp\/v2\/media?parent=5875"}],"wp:term":[{"taxonomy":"product_brand","embeddable":true,"href":"https:\/\/uniest.it\/fr\/wp-json\/wp\/v2\/product_brand?post=5875"},{"taxonomy":"product_cat","embeddable":true,"href":"https:\/\/uniest.it\/fr\/wp-json\/wp\/v2\/product_cat?post=5875"},{"taxonomy":"product_tag","embeddable":true,"href":"https:\/\/uniest.it\/fr\/wp-json\/wp\/v2\/product_tag?post=5875"}],"curies":[{"name":"wp","href":"https:\/\/api.w.org\/{rel}","templated":true}]}}