{"id":5877,"date":"2021-02-04T13:00:25","date_gmt":"2024-10-23T14:43:20","guid":{"rendered":"https:\/\/uniest.it\/prodotto\/huile-de-coque-de-noix\/"},"modified":"2024-10-23T16:30:42","modified_gmt":"2024-10-23T15:30:42","slug":"huile-de-coque-de-noix","status":"publish","type":"product","link":"https:\/\/uniest.it\/fr\/prodotto\/huile-de-coque-de-noix\/","title":{"rendered":"Huile de coque de noix"},"content":{"rendered":"<p>Huile de coque de noix extr\u00eamement pure, d\u00e9licatement parfum\u00e9e et riche en colorant naturel appel\u00e9 Juglone aux propri\u00e9t\u00e9s k\u00e9ratinisantes, qui favorise le renouvellement \u00e9pidermique. Cette substance r\u00e9agit avec la k\u00e9ratine pr\u00e9sente dans l&rsquo;\u00e9piderme, formant un complexe pigmentant brun. En effet, l&rsquo;association de cette huile avec des produits solaires favorise le bronzage naturel et artificiel, prot\u00e9geant et nourrissant la peau et lui donnant un teint enviable. C&rsquo;est une huile hydratante et nourrissante qui peut \u00eatre ajout\u00e9e \u00e0 une routine beaut\u00e9 pour peaux s\u00e8ches, en compl\u00e9ment de la cr\u00e8me visage que vous utilisez habituellement. De plus, ses propri\u00e9t\u00e9s antibact\u00e9riennes et astringentes le rendent adapt\u00e9 au traitement des peaux grasses et \u00e0 tendance acn\u00e9ique, ainsi qu&rsquo;au traitement de l&rsquo;ecz\u00e9ma du b\u00e9b\u00e9. Sa texture l\u00e9g\u00e8re et ses bienfaits sur la circulation permettent \u00e9galement de l&rsquo;utiliser lors de massages corporels. Parmi ses bienfaits cosm\u00e9tiques, il y a aussi la protection des cheveux, favorisant la brillance et le corps.<\/p>\n","protected":false},"excerpt":{"rendered":"<p>Huile de coque de noix extr\u00eamement pure, d\u00e9licatement parfum\u00e9e et riche en colorant naturel appel\u00e9 Juglone aux propri\u00e9t\u00e9s k\u00e9ratinisantes, qui favorise le renouvellement \u00e9pidermique. Cette substance r\u00e9agit avec la k\u00e9ratine pr\u00e9sente dans l&rsquo;\u00e9piderme, formant un complexe pigmentant brun. En effet, l&rsquo;association de cette huile avec des produits solaires favorise le bronzage naturel et artificiel, prot\u00e9geant [&hellip;]<\/p>\n","protected":false},"featured_media":5878,"template":"","meta":{"_acf_changed":false,"inline_featured_image":false},"product_brand":[],"product_cat":[1372],"product_tag":[],"class_list":{"0":"post-5877","1":"product","2":"type-product","3":"status-publish","4":"has-post-thumbnail","6":"product_beauty-antirughe","7":"product_beauty-idratare","8":"product_beauty-nutrire-e-rigenerare","9":"product_beauty-proteggere","10":"product_beauty-purificare","11":"product_beauty-rassodare-e-tonificare","12":"product_beauty-riequilibrare","13":"product_skin-tutte-le-pelli","14":"product_kind-oli-e-burri","15":"product_kind-trattamenti-speciali","16":"product_lines-oli-pregiati-puri","17":"product_cat-corpo-fr","18":"pa_size-100-fr","20":"first","21":"instock","22":"taxable","23":"shipping-taxable","24":"purchasable","25":"product-type-simple"},"acf":[],"yoast_head":"<!-- This site is optimized with the Yoast SEO plugin v24.6 - https:\/\/yoast.com\/wordpress\/plugins\/seo\/ -->\n<title>Huile de coque de noix - Uniest<\/title>\n<meta name=\"robots\" content=\"index, follow, max-snippet:-1, max-image-preview:large, max-video-preview:-1\" \/>\n<link rel=\"canonical\" href=\"https:\/\/uniest.it\/prodotto\/olio-di-mallo-di-noce\/\" \/>\n<meta property=\"og:locale\" content=\"fr_FR\" \/>\n<meta property=\"og:type\" content=\"article\" \/>\n<meta property=\"og:title\" content=\"Huile de coque de noix - Uniest\" \/>\n<meta property=\"og:description\" content=\"Huile de coque de noix extr\u00eamement pure, d\u00e9licatement parfum\u00e9e et riche en colorant naturel appel\u00e9 Juglone aux propri\u00e9t\u00e9s k\u00e9ratinisantes, qui favorise le renouvellement \u00e9pidermique. Cette substance r\u00e9agit avec la k\u00e9ratine pr\u00e9sente dans l&rsquo;\u00e9piderme, formant un complexe pigmentant brun. En effet, l&rsquo;association de cette huile avec des produits solaires favorise le bronzage naturel et artificiel, prot\u00e9geant [&hellip;]\" \/>\n<meta property=\"og:url\" content=\"https:\/\/uniest.it\/prodotto\/olio-di-mallo-di-noce\/\" \/>\n<meta property=\"og:site_name\" content=\"Uniest\" \/>\n<meta property=\"article:modified_time\" content=\"2024-10-23T15:30:42+00:00\" \/>\n<meta property=\"og:image\" content=\"https:\/\/uniest.it\/wp-content\/uploads\/2020\/11\/516AAM.png\" \/>\n\t<meta property=\"og:image:width\" content=\"1283\" \/>\n\t<meta property=\"og:image:height\" content=\"2000\" \/>\n\t<meta property=\"og:image:type\" content=\"image\/png\" \/>\n<meta name=\"twitter:card\" content=\"summary_large_image\" \/>\n<meta name=\"twitter:label1\" content=\"Dur\u00e9e de lecture estim\u00e9e\" \/>\n\t<meta name=\"twitter:data1\" content=\"1 minute\" \/>\n<script type=\"application\/ld+json\" class=\"yoast-schema-graph\">{\"@context\":\"https:\/\/schema.org\",\"@graph\":[{\"@type\":\"WebPage\",\"@id\":\"https:\/\/uniest.it\/prodotto\/olio-di-mallo-di-noce\/\",\"url\":\"https:\/\/uniest.it\/prodotto\/olio-di-mallo-di-noce\/\",\"name\":\"Huile de coque de noix - Uniest\",\"isPartOf\":{\"@id\":\"https:\/\/uniest.it\/#website\"},\"primaryImageOfPage\":{\"@id\":\"https:\/\/uniest.it\/prodotto\/olio-di-mallo-di-noce\/#primaryimage\"},\"image\":{\"@id\":\"https:\/\/uniest.it\/prodotto\/olio-di-mallo-di-noce\/#primaryimage\"},\"thumbnailUrl\":\"https:\/\/uniest.it\/wp-content\/uploads\/2020\/11\/516AAM.png\",\"datePublished\":\"2024-10-23T14:43:20+00:00\",\"dateModified\":\"2024-10-23T15:30:42+00:00\",\"breadcrumb\":{\"@id\":\"https:\/\/uniest.it\/prodotto\/olio-di-mallo-di-noce\/#breadcrumb\"},\"inLanguage\":\"fr-FR\",\"potentialAction\":[{\"@type\":\"ReadAction\",\"target\":[\"https:\/\/uniest.it\/prodotto\/olio-di-mallo-di-noce\/\"]}]},{\"@type\":\"ImageObject\",\"inLanguage\":\"fr-FR\",\"@id\":\"https:\/\/uniest.it\/prodotto\/olio-di-mallo-di-noce\/#primaryimage\",\"url\":\"https:\/\/uniest.it\/wp-content\/uploads\/2020\/11\/516AAM.png\",\"contentUrl\":\"https:\/\/uniest.it\/wp-content\/uploads\/2020\/11\/516AAM.png\",\"width\":1283,\"height\":2000},{\"@type\":\"BreadcrumbList\",\"@id\":\"https:\/\/uniest.it\/prodotto\/olio-di-mallo-di-noce\/#breadcrumb\",\"itemListElement\":[{\"@type\":\"ListItem\",\"position\":1,\"name\":\"Home\",\"item\":\"https:\/\/uniest.it\/fr\/\"},{\"@type\":\"ListItem\",\"position\":2,\"name\":\"Shop\",\"item\":\"https:\/\/uniest.it\/shop\/\"},{\"@type\":\"ListItem\",\"position\":3,\"name\":\"Huile de coque de noix\"}]},{\"@type\":\"WebSite\",\"@id\":\"https:\/\/uniest.it\/#website\",\"url\":\"https:\/\/uniest.it\/\",\"name\":\"Uniest\",\"description\":\"Cosmetici Naturali e Bio\",\"potentialAction\":[{\"@type\":\"SearchAction\",\"target\":{\"@type\":\"EntryPoint\",\"urlTemplate\":\"https:\/\/uniest.it\/?s={search_term_string}\"},\"query-input\":{\"@type\":\"PropertyValueSpecification\",\"valueRequired\":true,\"valueName\":\"search_term_string\"}}],\"inLanguage\":\"fr-FR\"}]}<\/script>\n<!-- \/ Yoast SEO plugin. -->","yoast_head_json":{"title":"Huile de coque de noix - Uniest","robots":{"index":"index","follow":"follow","max-snippet":"max-snippet:-1","max-image-preview":"max-image-preview:large","max-video-preview":"max-video-preview:-1"},"canonical":"https:\/\/uniest.it\/prodotto\/olio-di-mallo-di-noce\/","og_locale":"fr_FR","og_type":"article","og_title":"Huile de coque de noix - Uniest","og_description":"Huile de coque de noix extr\u00eamement pure, d\u00e9licatement parfum\u00e9e et riche en colorant naturel appel\u00e9 Juglone aux propri\u00e9t\u00e9s k\u00e9ratinisantes, qui favorise le renouvellement \u00e9pidermique. Cette substance r\u00e9agit avec la k\u00e9ratine pr\u00e9sente dans l&rsquo;\u00e9piderme, formant un complexe pigmentant brun. En effet, l&rsquo;association de cette huile avec des produits solaires favorise le bronzage naturel et artificiel, prot\u00e9geant [&hellip;]","og_url":"https:\/\/uniest.it\/prodotto\/olio-di-mallo-di-noce\/","og_site_name":"Uniest","article_modified_time":"2024-10-23T15:30:42+00:00","og_image":[{"width":1283,"height":2000,"url":"https:\/\/uniest.it\/wp-content\/uploads\/2020\/11\/516AAM.png","type":"image\/png"}],"twitter_card":"summary_large_image","twitter_misc":{"Dur\u00e9e de lecture estim\u00e9e":"1 minute"},"schema":{"@context":"https:\/\/schema.org","@graph":[{"@type":"WebPage","@id":"https:\/\/uniest.it\/prodotto\/olio-di-mallo-di-noce\/","url":"https:\/\/uniest.it\/prodotto\/olio-di-mallo-di-noce\/","name":"Huile de coque de noix - Uniest","isPartOf":{"@id":"https:\/\/uniest.it\/#website"},"primaryImageOfPage":{"@id":"https:\/\/uniest.it\/prodotto\/olio-di-mallo-di-noce\/#primaryimage"},"image":{"@id":"https:\/\/uniest.it\/prodotto\/olio-di-mallo-di-noce\/#primaryimage"},"thumbnailUrl":"https:\/\/uniest.it\/wp-content\/uploads\/2020\/11\/516AAM.png","datePublished":"2024-10-23T14:43:20+00:00","dateModified":"2024-10-23T15:30:42+00:00","breadcrumb":{"@id":"https:\/\/uniest.it\/prodotto\/olio-di-mallo-di-noce\/#breadcrumb"},"inLanguage":"fr-FR","potentialAction":[{"@type":"ReadAction","target":["https:\/\/uniest.it\/prodotto\/olio-di-mallo-di-noce\/"]}]},{"@type":"ImageObject","inLanguage":"fr-FR","@id":"https:\/\/uniest.it\/prodotto\/olio-di-mallo-di-noce\/#primaryimage","url":"https:\/\/uniest.it\/wp-content\/uploads\/2020\/11\/516AAM.png","contentUrl":"https:\/\/uniest.it\/wp-content\/uploads\/2020\/11\/516AAM.png","width":1283,"height":2000},{"@type":"BreadcrumbList","@id":"https:\/\/uniest.it\/prodotto\/olio-di-mallo-di-noce\/#breadcrumb","itemListElement":[{"@type":"ListItem","position":1,"name":"Home","item":"https:\/\/uniest.it\/fr\/"},{"@type":"ListItem","position":2,"name":"Shop","item":"https:\/\/uniest.it\/shop\/"},{"@type":"ListItem","position":3,"name":"Huile de coque de noix"}]},{"@type":"WebSite","@id":"https:\/\/uniest.it\/#website","url":"https:\/\/uniest.it\/","name":"Uniest","description":"Cosmetici Naturali e Bio","potentialAction":[{"@type":"SearchAction","target":{"@type":"EntryPoint","urlTemplate":"https:\/\/uniest.it\/?s={search_term_string}"},"query-input":{"@type":"PropertyValueSpecification","valueRequired":true,"valueName":"search_term_string"}}],"inLanguage":"fr-FR"}]}},"_links":{"self":[{"href":"https:\/\/uniest.it\/fr\/wp-json\/wp\/v2\/product\/5877","targetHints":{"allow":["GET"]}}],"collection":[{"href":"https:\/\/uniest.it\/fr\/wp-json\/wp\/v2\/product"}],"about":[{"href":"https:\/\/uniest.it\/fr\/wp-json\/wp\/v2\/types\/product"}],"wp:featuredmedia":[{"embeddable":true,"href":"https:\/\/uniest.it\/fr\/wp-json\/wp\/v2\/media\/5878"}],"wp:attachment":[{"href":"https:\/\/uniest.it\/fr\/wp-json\/wp\/v2\/media?parent=5877"}],"wp:term":[{"taxonomy":"product_brand","embeddable":true,"href":"https:\/\/uniest.it\/fr\/wp-json\/wp\/v2\/product_brand?post=5877"},{"taxonomy":"product_cat","embeddable":true,"href":"https:\/\/uniest.it\/fr\/wp-json\/wp\/v2\/product_cat?post=5877"},{"taxonomy":"product_tag","embeddable":true,"href":"https:\/\/uniest.it\/fr\/wp-json\/wp\/v2\/product_tag?post=5877"}],"curies":[{"name":"wp","href":"https:\/\/api.w.org\/{rel}","templated":true}]}}