{"id":5879,"date":"2021-02-04T13:00:25","date_gmt":"2024-10-23T14:43:21","guid":{"rendered":"https:\/\/uniest.it\/prodotto\/huile-de-germe-de-ble-vitamine-a\/"},"modified":"2024-10-23T16:30:43","modified_gmt":"2024-10-23T15:30:43","slug":"huile-de-germe-de-ble-vitamine-a","status":"publish","type":"product","link":"https:\/\/uniest.it\/fr\/prodotto\/huile-de-germe-de-ble-vitamine-a\/","title":{"rendered":"Huile de Germe de Bl\u00e9 + Vitamine A"},"content":{"rendered":"<p>L&rsquo;Huile de Germe de Bl\u00e9 d&rsquo;une extr\u00eame puret\u00e9, d\u00e9licatement parfum\u00e9e, est recommand\u00e9e pour lutter contre le dess\u00e8chement des peaux s\u00e8ches gr\u00e2ce \u00e0 son action hydratante et nourrissante intensive. L&rsquo;huile de germe de bl\u00e9 renforce les peaux s\u00e8ches et sensibles qui sont soumises au stress quotidien \u00e0 cause de la pollution ou des agents d\u00e9shydratants, comme le vent, le froid et le soleil. C&rsquo;est \u00e9galement un excellent adjuvant dans les traitements contre les rides et les vergetures, car il neutralise la formation de radicaux libres responsables du vieillissement pr\u00e9matur\u00e9. Puissant r\u00e9\u00e9pith\u00e9lisant, il est \u00e9galement utilis\u00e9 en saison estivale lorsqu&rsquo;il est utilis\u00e9 directement sur la peau comme apr\u00e8s-soleil naturel, l&rsquo;hydratant et la prot\u00e9geant des ger\u00e7ures dues aux rayons du soleil.<\/p>\n","protected":false},"excerpt":{"rendered":"<p>L&rsquo;Huile de Germe de Bl\u00e9 d&rsquo;une extr\u00eame puret\u00e9, d\u00e9licatement parfum\u00e9e, est recommand\u00e9e pour lutter contre le dess\u00e8chement des peaux s\u00e8ches gr\u00e2ce \u00e0 son action hydratante et nourrissante intensive. L&rsquo;huile de germe de bl\u00e9 renforce les peaux s\u00e8ches et sensibles qui sont soumises au stress quotidien \u00e0 cause de la pollution ou des agents d\u00e9shydratants, comme [&hellip;]<\/p>\n","protected":false},"featured_media":5880,"template":"","meta":{"_acf_changed":false,"inline_featured_image":false},"product_brand":[],"product_cat":[1372,1383,1378],"product_tag":[],"class_list":{"0":"post-5879","1":"product","2":"type-product","3":"status-publish","4":"has-post-thumbnail","6":"product_beauty-antirughe","7":"product_beauty-idratare","8":"product_beauty-lenire","9":"product_beauty-nutrire-e-rigenerare","10":"product_beauty-proteggere","11":"product_beauty-rassodare-e-tonificare","12":"product_beauty-schiarire","13":"product_skin-tutte-le-pelli","14":"product_kind-creme-antieta-e-prime-rughe","15":"product_kind-oli-e-burri","16":"product_kind-trattamenti-speciali","17":"product_lines-oli-pregiati-puri","18":"product_cat-corpo-fr","19":"product_cat-viso-fr","20":"product_cat-famiglia-e-pet-fr","21":"pa_size-100-fr","23":"first","24":"instock","25":"taxable","26":"shipping-taxable","27":"purchasable","28":"product-type-simple"},"acf":[],"yoast_head":"<!-- This site is optimized with the Yoast SEO plugin v24.6 - https:\/\/yoast.com\/wordpress\/plugins\/seo\/ -->\n<title>Huile de Germe de Bl\u00e9 + Vitamine A - Uniest<\/title>\n<meta name=\"robots\" content=\"index, follow, max-snippet:-1, max-image-preview:large, max-video-preview:-1\" \/>\n<link rel=\"canonical\" href=\"https:\/\/uniest.it\/prodotto\/olio-di-germe-di-grano-vitamina-a\/\" \/>\n<meta property=\"og:locale\" content=\"fr_FR\" \/>\n<meta property=\"og:type\" content=\"article\" \/>\n<meta property=\"og:title\" content=\"Huile de Germe de Bl\u00e9 + Vitamine A - Uniest\" \/>\n<meta property=\"og:description\" content=\"L&rsquo;Huile de Germe de Bl\u00e9 d&rsquo;une extr\u00eame puret\u00e9, d\u00e9licatement parfum\u00e9e, est recommand\u00e9e pour lutter contre le dess\u00e8chement des peaux s\u00e8ches gr\u00e2ce \u00e0 son action hydratante et nourrissante intensive. L&rsquo;huile de germe de bl\u00e9 renforce les peaux s\u00e8ches et sensibles qui sont soumises au stress quotidien \u00e0 cause de la pollution ou des agents d\u00e9shydratants, comme [&hellip;]\" \/>\n<meta property=\"og:url\" content=\"https:\/\/uniest.it\/prodotto\/olio-di-germe-di-grano-vitamina-a\/\" \/>\n<meta property=\"og:site_name\" content=\"Uniest\" \/>\n<meta property=\"article:modified_time\" content=\"2024-10-23T15:30:43+00:00\" \/>\n<meta property=\"og:image\" content=\"https:\/\/uniest.it\/wp-content\/uploads\/2020\/11\/522AAM.png\" \/>\n\t<meta property=\"og:image:width\" content=\"1283\" \/>\n\t<meta property=\"og:image:height\" content=\"2000\" \/>\n\t<meta property=\"og:image:type\" content=\"image\/png\" \/>\n<meta name=\"twitter:card\" content=\"summary_large_image\" \/>\n<meta name=\"twitter:label1\" content=\"Dur\u00e9e de lecture estim\u00e9e\" \/>\n\t<meta name=\"twitter:data1\" content=\"1 minute\" \/>\n<script type=\"application\/ld+json\" class=\"yoast-schema-graph\">{\"@context\":\"https:\/\/schema.org\",\"@graph\":[{\"@type\":\"WebPage\",\"@id\":\"https:\/\/uniest.it\/prodotto\/olio-di-germe-di-grano-vitamina-a\/\",\"url\":\"https:\/\/uniest.it\/prodotto\/olio-di-germe-di-grano-vitamina-a\/\",\"name\":\"Huile de Germe de Bl\u00e9 + Vitamine A - Uniest\",\"isPartOf\":{\"@id\":\"https:\/\/uniest.it\/#website\"},\"primaryImageOfPage\":{\"@id\":\"https:\/\/uniest.it\/prodotto\/olio-di-germe-di-grano-vitamina-a\/#primaryimage\"},\"image\":{\"@id\":\"https:\/\/uniest.it\/prodotto\/olio-di-germe-di-grano-vitamina-a\/#primaryimage\"},\"thumbnailUrl\":\"https:\/\/uniest.it\/wp-content\/uploads\/2020\/11\/522AAM.png\",\"datePublished\":\"2024-10-23T14:43:21+00:00\",\"dateModified\":\"2024-10-23T15:30:43+00:00\",\"breadcrumb\":{\"@id\":\"https:\/\/uniest.it\/prodotto\/olio-di-germe-di-grano-vitamina-a\/#breadcrumb\"},\"inLanguage\":\"fr-FR\",\"potentialAction\":[{\"@type\":\"ReadAction\",\"target\":[\"https:\/\/uniest.it\/prodotto\/olio-di-germe-di-grano-vitamina-a\/\"]}]},{\"@type\":\"ImageObject\",\"inLanguage\":\"fr-FR\",\"@id\":\"https:\/\/uniest.it\/prodotto\/olio-di-germe-di-grano-vitamina-a\/#primaryimage\",\"url\":\"https:\/\/uniest.it\/wp-content\/uploads\/2020\/11\/522AAM.png\",\"contentUrl\":\"https:\/\/uniest.it\/wp-content\/uploads\/2020\/11\/522AAM.png\",\"width\":1283,\"height\":2000},{\"@type\":\"BreadcrumbList\",\"@id\":\"https:\/\/uniest.it\/prodotto\/olio-di-germe-di-grano-vitamina-a\/#breadcrumb\",\"itemListElement\":[{\"@type\":\"ListItem\",\"position\":1,\"name\":\"Home\",\"item\":\"https:\/\/uniest.it\/fr\/\"},{\"@type\":\"ListItem\",\"position\":2,\"name\":\"Shop\",\"item\":\"https:\/\/uniest.it\/shop\/\"},{\"@type\":\"ListItem\",\"position\":3,\"name\":\"Huile de Germe de Bl\u00e9 + Vitamine A\"}]},{\"@type\":\"WebSite\",\"@id\":\"https:\/\/uniest.it\/#website\",\"url\":\"https:\/\/uniest.it\/\",\"name\":\"Uniest\",\"description\":\"Cosmetici Naturali e Bio\",\"potentialAction\":[{\"@type\":\"SearchAction\",\"target\":{\"@type\":\"EntryPoint\",\"urlTemplate\":\"https:\/\/uniest.it\/?s={search_term_string}\"},\"query-input\":{\"@type\":\"PropertyValueSpecification\",\"valueRequired\":true,\"valueName\":\"search_term_string\"}}],\"inLanguage\":\"fr-FR\"}]}<\/script>\n<!-- \/ Yoast SEO plugin. -->","yoast_head_json":{"title":"Huile de Germe de Bl\u00e9 + Vitamine A - Uniest","robots":{"index":"index","follow":"follow","max-snippet":"max-snippet:-1","max-image-preview":"max-image-preview:large","max-video-preview":"max-video-preview:-1"},"canonical":"https:\/\/uniest.it\/prodotto\/olio-di-germe-di-grano-vitamina-a\/","og_locale":"fr_FR","og_type":"article","og_title":"Huile de Germe de Bl\u00e9 + Vitamine A - Uniest","og_description":"L&rsquo;Huile de Germe de Bl\u00e9 d&rsquo;une extr\u00eame puret\u00e9, d\u00e9licatement parfum\u00e9e, est recommand\u00e9e pour lutter contre le dess\u00e8chement des peaux s\u00e8ches gr\u00e2ce \u00e0 son action hydratante et nourrissante intensive. L&rsquo;huile de germe de bl\u00e9 renforce les peaux s\u00e8ches et sensibles qui sont soumises au stress quotidien \u00e0 cause de la pollution ou des agents d\u00e9shydratants, comme [&hellip;]","og_url":"https:\/\/uniest.it\/prodotto\/olio-di-germe-di-grano-vitamina-a\/","og_site_name":"Uniest","article_modified_time":"2024-10-23T15:30:43+00:00","og_image":[{"width":1283,"height":2000,"url":"https:\/\/uniest.it\/wp-content\/uploads\/2020\/11\/522AAM.png","type":"image\/png"}],"twitter_card":"summary_large_image","twitter_misc":{"Dur\u00e9e de lecture estim\u00e9e":"1 minute"},"schema":{"@context":"https:\/\/schema.org","@graph":[{"@type":"WebPage","@id":"https:\/\/uniest.it\/prodotto\/olio-di-germe-di-grano-vitamina-a\/","url":"https:\/\/uniest.it\/prodotto\/olio-di-germe-di-grano-vitamina-a\/","name":"Huile de Germe de Bl\u00e9 + Vitamine A - Uniest","isPartOf":{"@id":"https:\/\/uniest.it\/#website"},"primaryImageOfPage":{"@id":"https:\/\/uniest.it\/prodotto\/olio-di-germe-di-grano-vitamina-a\/#primaryimage"},"image":{"@id":"https:\/\/uniest.it\/prodotto\/olio-di-germe-di-grano-vitamina-a\/#primaryimage"},"thumbnailUrl":"https:\/\/uniest.it\/wp-content\/uploads\/2020\/11\/522AAM.png","datePublished":"2024-10-23T14:43:21+00:00","dateModified":"2024-10-23T15:30:43+00:00","breadcrumb":{"@id":"https:\/\/uniest.it\/prodotto\/olio-di-germe-di-grano-vitamina-a\/#breadcrumb"},"inLanguage":"fr-FR","potentialAction":[{"@type":"ReadAction","target":["https:\/\/uniest.it\/prodotto\/olio-di-germe-di-grano-vitamina-a\/"]}]},{"@type":"ImageObject","inLanguage":"fr-FR","@id":"https:\/\/uniest.it\/prodotto\/olio-di-germe-di-grano-vitamina-a\/#primaryimage","url":"https:\/\/uniest.it\/wp-content\/uploads\/2020\/11\/522AAM.png","contentUrl":"https:\/\/uniest.it\/wp-content\/uploads\/2020\/11\/522AAM.png","width":1283,"height":2000},{"@type":"BreadcrumbList","@id":"https:\/\/uniest.it\/prodotto\/olio-di-germe-di-grano-vitamina-a\/#breadcrumb","itemListElement":[{"@type":"ListItem","position":1,"name":"Home","item":"https:\/\/uniest.it\/fr\/"},{"@type":"ListItem","position":2,"name":"Shop","item":"https:\/\/uniest.it\/shop\/"},{"@type":"ListItem","position":3,"name":"Huile de Germe de Bl\u00e9 + Vitamine A"}]},{"@type":"WebSite","@id":"https:\/\/uniest.it\/#website","url":"https:\/\/uniest.it\/","name":"Uniest","description":"Cosmetici Naturali e Bio","potentialAction":[{"@type":"SearchAction","target":{"@type":"EntryPoint","urlTemplate":"https:\/\/uniest.it\/?s={search_term_string}"},"query-input":{"@type":"PropertyValueSpecification","valueRequired":true,"valueName":"search_term_string"}}],"inLanguage":"fr-FR"}]}},"_links":{"self":[{"href":"https:\/\/uniest.it\/fr\/wp-json\/wp\/v2\/product\/5879","targetHints":{"allow":["GET"]}}],"collection":[{"href":"https:\/\/uniest.it\/fr\/wp-json\/wp\/v2\/product"}],"about":[{"href":"https:\/\/uniest.it\/fr\/wp-json\/wp\/v2\/types\/product"}],"wp:featuredmedia":[{"embeddable":true,"href":"https:\/\/uniest.it\/fr\/wp-json\/wp\/v2\/media\/5880"}],"wp:attachment":[{"href":"https:\/\/uniest.it\/fr\/wp-json\/wp\/v2\/media?parent=5879"}],"wp:term":[{"taxonomy":"product_brand","embeddable":true,"href":"https:\/\/uniest.it\/fr\/wp-json\/wp\/v2\/product_brand?post=5879"},{"taxonomy":"product_cat","embeddable":true,"href":"https:\/\/uniest.it\/fr\/wp-json\/wp\/v2\/product_cat?post=5879"},{"taxonomy":"product_tag","embeddable":true,"href":"https:\/\/uniest.it\/fr\/wp-json\/wp\/v2\/product_tag?post=5879"}],"curies":[{"name":"wp","href":"https:\/\/api.w.org\/{rel}","templated":true}]}}