{"id":5881,"date":"2021-02-04T13:00:25","date_gmt":"2024-10-23T14:43:22","guid":{"rendered":"https:\/\/uniest.it\/prodotto\/huile-dargan\/"},"modified":"2024-10-23T16:30:44","modified_gmt":"2024-10-23T15:30:44","slug":"huile-dargan","status":"publish","type":"product","link":"https:\/\/uniest.it\/fr\/prodotto\/huile-dargan\/","title":{"rendered":"Huile d&rsquo;argan"},"content":{"rendered":"<p>Huile d&rsquo;Argan pure aux propri\u00e9t\u00e9s antioxydantes, \u00e9mollientes, hydratantes et hautement \u00e9lastiques reconnues. D\u00e9licatement parfum\u00e9 et riche en acides gras insatur\u00e9s et en vitamine E, alli\u00e9s utiles pour lutter contre l&rsquo;action n\u00e9faste des radicaux libres, il exerce une action synergique pour pr\u00e9venir le vieillissement cutan\u00e9. Une fois appliqu\u00e9 sur la peau, il est capable d&rsquo;atteindre les couches les plus profondes sans laisser de film gras en surface, emp\u00eachant ainsi la formation de vergetures d\u00e8s les premi\u00e8res applications. Son utilisation est \u00e9galement recommand\u00e9e pour nourrir et r\u00e9g\u00e9n\u00e9rer les cheveux d\u00e9vitalis\u00e9s, cassants, secs et ternes, en leur apportant brillance et douceur. Cette huile est \u00e9galement indiqu\u00e9e pour hydrater les peaux gerc\u00e9es et s\u00e8ches, notamment apr\u00e8s une exposition au soleil. Son application constante pendant l&rsquo;\u00e9t\u00e9 pr\u00e9pare la peau aux changements de temp\u00e9ratures de la saison froide.<\/p>\n","protected":false},"excerpt":{"rendered":"<p>Huile d&rsquo;Argan pure aux propri\u00e9t\u00e9s antioxydantes, \u00e9mollientes, hydratantes et hautement \u00e9lastiques reconnues. D\u00e9licatement parfum\u00e9 et riche en acides gras insatur\u00e9s et en vitamine E, alli\u00e9s utiles pour lutter contre l&rsquo;action n\u00e9faste des radicaux libres, il exerce une action synergique pour pr\u00e9venir le vieillissement cutan\u00e9. Une fois appliqu\u00e9 sur la peau, il est capable d&rsquo;atteindre les [&hellip;]<\/p>\n","protected":false},"featured_media":5882,"template":"","meta":{"_acf_changed":false,"inline_featured_image":false},"product_brand":[],"product_cat":[1372,1383,1392],"product_tag":[],"class_list":{"0":"post-5881","1":"product","2":"type-product","3":"status-publish","4":"has-post-thumbnail","6":"product_beauty-antirughe","7":"product_beauty-idratare","8":"product_beauty-lenire","9":"product_beauty-nutrire-e-rigenerare","10":"product_beauty-proteggere","11":"product_beauty-purificare","12":"product_beauty-riequilibrare","13":"product_skin-tutte-le-pelli","14":"product_kind-oli-e-burri","15":"product_kind-trattamenti-speciali","16":"product_lines-oli-pregiati-puri","17":"product_cat-corpo-fr","18":"product_cat-viso-fr","19":"product_cat-mani-e-piedi-fr","20":"pa_size-100-fr","22":"first","23":"outofstock","24":"taxable","25":"shipping-taxable","26":"purchasable","27":"product-type-simple"},"acf":[],"yoast_head":"<!-- This site is optimized with the Yoast SEO plugin v24.6 - https:\/\/yoast.com\/wordpress\/plugins\/seo\/ -->\n<title>Huile d&#039;argan - Uniest<\/title>\n<meta name=\"robots\" content=\"index, follow, max-snippet:-1, max-image-preview:large, max-video-preview:-1\" \/>\n<link rel=\"canonical\" href=\"https:\/\/uniest.it\/prodotto\/olio-di-argan\/\" \/>\n<meta property=\"og:locale\" content=\"fr_FR\" \/>\n<meta property=\"og:type\" content=\"article\" \/>\n<meta property=\"og:title\" content=\"Huile d&#039;argan - Uniest\" \/>\n<meta property=\"og:description\" content=\"Huile d&rsquo;Argan pure aux propri\u00e9t\u00e9s antioxydantes, \u00e9mollientes, hydratantes et hautement \u00e9lastiques reconnues. D\u00e9licatement parfum\u00e9 et riche en acides gras insatur\u00e9s et en vitamine E, alli\u00e9s utiles pour lutter contre l&rsquo;action n\u00e9faste des radicaux libres, il exerce une action synergique pour pr\u00e9venir le vieillissement cutan\u00e9. Une fois appliqu\u00e9 sur la peau, il est capable d&rsquo;atteindre les [&hellip;]\" \/>\n<meta property=\"og:url\" content=\"https:\/\/uniest.it\/prodotto\/olio-di-argan\/\" \/>\n<meta property=\"og:site_name\" content=\"Uniest\" \/>\n<meta property=\"article:modified_time\" content=\"2024-10-23T15:30:44+00:00\" \/>\n<meta property=\"og:image\" content=\"https:\/\/uniest.it\/wp-content\/uploads\/2020\/11\/532AAM.png\" \/>\n\t<meta property=\"og:image:width\" content=\"1283\" \/>\n\t<meta property=\"og:image:height\" content=\"2001\" \/>\n\t<meta property=\"og:image:type\" content=\"image\/png\" \/>\n<meta name=\"twitter:card\" content=\"summary_large_image\" \/>\n<meta name=\"twitter:label1\" content=\"Dur\u00e9e de lecture estim\u00e9e\" \/>\n\t<meta name=\"twitter:data1\" content=\"1 minute\" \/>\n<script type=\"application\/ld+json\" class=\"yoast-schema-graph\">{\"@context\":\"https:\/\/schema.org\",\"@graph\":[{\"@type\":\"WebPage\",\"@id\":\"https:\/\/uniest.it\/prodotto\/olio-di-argan\/\",\"url\":\"https:\/\/uniest.it\/prodotto\/olio-di-argan\/\",\"name\":\"Huile d'argan - Uniest\",\"isPartOf\":{\"@id\":\"https:\/\/uniest.it\/#website\"},\"primaryImageOfPage\":{\"@id\":\"https:\/\/uniest.it\/prodotto\/olio-di-argan\/#primaryimage\"},\"image\":{\"@id\":\"https:\/\/uniest.it\/prodotto\/olio-di-argan\/#primaryimage\"},\"thumbnailUrl\":\"https:\/\/uniest.it\/wp-content\/uploads\/2020\/11\/532AAM.png\",\"datePublished\":\"2024-10-23T14:43:22+00:00\",\"dateModified\":\"2024-10-23T15:30:44+00:00\",\"breadcrumb\":{\"@id\":\"https:\/\/uniest.it\/prodotto\/olio-di-argan\/#breadcrumb\"},\"inLanguage\":\"fr-FR\",\"potentialAction\":[{\"@type\":\"ReadAction\",\"target\":[\"https:\/\/uniest.it\/prodotto\/olio-di-argan\/\"]}]},{\"@type\":\"ImageObject\",\"inLanguage\":\"fr-FR\",\"@id\":\"https:\/\/uniest.it\/prodotto\/olio-di-argan\/#primaryimage\",\"url\":\"https:\/\/uniest.it\/wp-content\/uploads\/2020\/11\/532AAM.png\",\"contentUrl\":\"https:\/\/uniest.it\/wp-content\/uploads\/2020\/11\/532AAM.png\",\"width\":1283,\"height\":2001},{\"@type\":\"BreadcrumbList\",\"@id\":\"https:\/\/uniest.it\/prodotto\/olio-di-argan\/#breadcrumb\",\"itemListElement\":[{\"@type\":\"ListItem\",\"position\":1,\"name\":\"Home\",\"item\":\"https:\/\/uniest.it\/fr\/\"},{\"@type\":\"ListItem\",\"position\":2,\"name\":\"Shop\",\"item\":\"https:\/\/uniest.it\/shop\/\"},{\"@type\":\"ListItem\",\"position\":3,\"name\":\"Huile d&#8217;argan\"}]},{\"@type\":\"WebSite\",\"@id\":\"https:\/\/uniest.it\/#website\",\"url\":\"https:\/\/uniest.it\/\",\"name\":\"Uniest\",\"description\":\"Cosmetici Naturali e Bio\",\"potentialAction\":[{\"@type\":\"SearchAction\",\"target\":{\"@type\":\"EntryPoint\",\"urlTemplate\":\"https:\/\/uniest.it\/?s={search_term_string}\"},\"query-input\":{\"@type\":\"PropertyValueSpecification\",\"valueRequired\":true,\"valueName\":\"search_term_string\"}}],\"inLanguage\":\"fr-FR\"}]}<\/script>\n<!-- \/ Yoast SEO plugin. -->","yoast_head_json":{"title":"Huile d'argan - Uniest","robots":{"index":"index","follow":"follow","max-snippet":"max-snippet:-1","max-image-preview":"max-image-preview:large","max-video-preview":"max-video-preview:-1"},"canonical":"https:\/\/uniest.it\/prodotto\/olio-di-argan\/","og_locale":"fr_FR","og_type":"article","og_title":"Huile d'argan - Uniest","og_description":"Huile d&rsquo;Argan pure aux propri\u00e9t\u00e9s antioxydantes, \u00e9mollientes, hydratantes et hautement \u00e9lastiques reconnues. D\u00e9licatement parfum\u00e9 et riche en acides gras insatur\u00e9s et en vitamine E, alli\u00e9s utiles pour lutter contre l&rsquo;action n\u00e9faste des radicaux libres, il exerce une action synergique pour pr\u00e9venir le vieillissement cutan\u00e9. Une fois appliqu\u00e9 sur la peau, il est capable d&rsquo;atteindre les [&hellip;]","og_url":"https:\/\/uniest.it\/prodotto\/olio-di-argan\/","og_site_name":"Uniest","article_modified_time":"2024-10-23T15:30:44+00:00","og_image":[{"width":1283,"height":2001,"url":"https:\/\/uniest.it\/wp-content\/uploads\/2020\/11\/532AAM.png","type":"image\/png"}],"twitter_card":"summary_large_image","twitter_misc":{"Dur\u00e9e de lecture estim\u00e9e":"1 minute"},"schema":{"@context":"https:\/\/schema.org","@graph":[{"@type":"WebPage","@id":"https:\/\/uniest.it\/prodotto\/olio-di-argan\/","url":"https:\/\/uniest.it\/prodotto\/olio-di-argan\/","name":"Huile d'argan - Uniest","isPartOf":{"@id":"https:\/\/uniest.it\/#website"},"primaryImageOfPage":{"@id":"https:\/\/uniest.it\/prodotto\/olio-di-argan\/#primaryimage"},"image":{"@id":"https:\/\/uniest.it\/prodotto\/olio-di-argan\/#primaryimage"},"thumbnailUrl":"https:\/\/uniest.it\/wp-content\/uploads\/2020\/11\/532AAM.png","datePublished":"2024-10-23T14:43:22+00:00","dateModified":"2024-10-23T15:30:44+00:00","breadcrumb":{"@id":"https:\/\/uniest.it\/prodotto\/olio-di-argan\/#breadcrumb"},"inLanguage":"fr-FR","potentialAction":[{"@type":"ReadAction","target":["https:\/\/uniest.it\/prodotto\/olio-di-argan\/"]}]},{"@type":"ImageObject","inLanguage":"fr-FR","@id":"https:\/\/uniest.it\/prodotto\/olio-di-argan\/#primaryimage","url":"https:\/\/uniest.it\/wp-content\/uploads\/2020\/11\/532AAM.png","contentUrl":"https:\/\/uniest.it\/wp-content\/uploads\/2020\/11\/532AAM.png","width":1283,"height":2001},{"@type":"BreadcrumbList","@id":"https:\/\/uniest.it\/prodotto\/olio-di-argan\/#breadcrumb","itemListElement":[{"@type":"ListItem","position":1,"name":"Home","item":"https:\/\/uniest.it\/fr\/"},{"@type":"ListItem","position":2,"name":"Shop","item":"https:\/\/uniest.it\/shop\/"},{"@type":"ListItem","position":3,"name":"Huile d&#8217;argan"}]},{"@type":"WebSite","@id":"https:\/\/uniest.it\/#website","url":"https:\/\/uniest.it\/","name":"Uniest","description":"Cosmetici Naturali e Bio","potentialAction":[{"@type":"SearchAction","target":{"@type":"EntryPoint","urlTemplate":"https:\/\/uniest.it\/?s={search_term_string}"},"query-input":{"@type":"PropertyValueSpecification","valueRequired":true,"valueName":"search_term_string"}}],"inLanguage":"fr-FR"}]}},"_links":{"self":[{"href":"https:\/\/uniest.it\/fr\/wp-json\/wp\/v2\/product\/5881","targetHints":{"allow":["GET"]}}],"collection":[{"href":"https:\/\/uniest.it\/fr\/wp-json\/wp\/v2\/product"}],"about":[{"href":"https:\/\/uniest.it\/fr\/wp-json\/wp\/v2\/types\/product"}],"wp:featuredmedia":[{"embeddable":true,"href":"https:\/\/uniest.it\/fr\/wp-json\/wp\/v2\/media\/5882"}],"wp:attachment":[{"href":"https:\/\/uniest.it\/fr\/wp-json\/wp\/v2\/media?parent=5881"}],"wp:term":[{"taxonomy":"product_brand","embeddable":true,"href":"https:\/\/uniest.it\/fr\/wp-json\/wp\/v2\/product_brand?post=5881"},{"taxonomy":"product_cat","embeddable":true,"href":"https:\/\/uniest.it\/fr\/wp-json\/wp\/v2\/product_cat?post=5881"},{"taxonomy":"product_tag","embeddable":true,"href":"https:\/\/uniest.it\/fr\/wp-json\/wp\/v2\/product_tag?post=5881"}],"curies":[{"name":"wp","href":"https:\/\/api.w.org\/{rel}","templated":true}]}}