{"id":5886,"date":"2024-10-23T15:43:23","date_gmt":"2024-10-23T14:43:23","guid":{"rendered":"https:\/\/uniest.it\/prodotto\/gel-darnica-1000-ml\/"},"modified":"2024-10-23T16:30:45","modified_gmt":"2024-10-23T15:30:45","slug":"gel-darnica-1000-ml","status":"publish","type":"product","link":"https:\/\/uniest.it\/fr\/prodotto\/gel-darnica-1000-ml\/","title":{"rendered":"Gel d&rsquo;Arnica &#8211; 1000 ml"},"content":{"rendered":"<p>Arnica Gel Ricarica est un anti-fatigue par excellence, il permet de : &#8211; mod\u00e9rer la formation d&rsquo;h\u00e9matomes ; &#8211; r\u00e9duire l&rsquo;enflure ; &#8211; soulager la douleur due \u00e0 un traumatisme ; &#8211; soulager les douleurs dues \u00e0 un travail excessif. L&rsquo;action rub\u00e9fiante de l&rsquo;Arnica stimule la circulation sanguine, favorisant la r\u00e9absorption des traumatismes. Les actions anti-fatigue et d\u00e9congestionnantes reconnues des tr\u00e8s pris\u00e9es Huiles Essentielles de Menthol et de Menthe Poivr\u00e9e contribuent ainsi \u00e0 r\u00e9duire les gonflements, procurant une agr\u00e9able sensation de fra\u00eecheur et de bien-\u00eatre.<\/p>\n","protected":false},"excerpt":{"rendered":"<p>Arnica Gel Ricarica est un anti-fatigue par excellence, il permet de : &#8211; mod\u00e9rer la formation d&rsquo;h\u00e9matomes ; &#8211; r\u00e9duire l&rsquo;enflure ; &#8211; soulager la douleur due \u00e0 un traumatisme ; &#8211; soulager les douleurs dues \u00e0 un travail excessif. L&rsquo;action rub\u00e9fiante de l&rsquo;Arnica stimule la circulation sanguine, favorisant la r\u00e9absorption des traumatismes. Les actions [&hellip;]<\/p>\n","protected":false},"featured_media":5887,"template":"","meta":{"_acf_changed":false,"inline_featured_image":false},"product_brand":[],"product_cat":[1378],"product_tag":[],"class_list":{"0":"post-5886","1":"product","2":"type-product","3":"status-publish","4":"has-post-thumbnail","6":"product_beauty-detox-e-dren","7":"product_beauty-idratare","8":"product_beauty-lenire","9":"product_beauty-proteggere","10":"product_skin-tutti-gli-animali","11":"product_kind-trattamenti-speciali","12":"product_kind_pets-trattamenti-speciali","13":"product_lines-animal-care","14":"product_cat-famiglia-e-pet-fr","15":"pa_size-1000-fr","17":"first","18":"instock","19":"taxable","20":"shipping-taxable","21":"purchasable","22":"product-type-simple"},"acf":[],"yoast_head":"<!-- This site is optimized with the Yoast SEO plugin v24.6 - https:\/\/yoast.com\/wordpress\/plugins\/seo\/ -->\n<title>Gel d&#039;Arnica - 1000 ml - Uniest<\/title>\n<meta name=\"robots\" content=\"index, follow, max-snippet:-1, max-image-preview:large, max-video-preview:-1\" \/>\n<link rel=\"canonical\" href=\"https:\/\/uniest.it\/prodotto\/arnica-gel-1000-ml\/\" \/>\n<meta property=\"og:locale\" content=\"fr_FR\" \/>\n<meta property=\"og:type\" content=\"article\" \/>\n<meta property=\"og:title\" content=\"Gel d&#039;Arnica - 1000 ml - Uniest\" \/>\n<meta property=\"og:description\" content=\"Arnica Gel Ricarica est un anti-fatigue par excellence, il permet de : &#8211; mod\u00e9rer la formation d&rsquo;h\u00e9matomes ; &#8211; r\u00e9duire l&rsquo;enflure ; &#8211; soulager la douleur due \u00e0 un traumatisme ; &#8211; soulager les douleurs dues \u00e0 un travail excessif. L&rsquo;action rub\u00e9fiante de l&rsquo;Arnica stimule la circulation sanguine, favorisant la r\u00e9absorption des traumatismes. Les actions [&hellip;]\" \/>\n<meta property=\"og:url\" content=\"https:\/\/uniest.it\/prodotto\/arnica-gel-1000-ml\/\" \/>\n<meta property=\"og:site_name\" content=\"Uniest\" \/>\n<meta property=\"article:modified_time\" content=\"2024-10-23T15:30:45+00:00\" \/>\n<meta property=\"og:image\" content=\"https:\/\/uniest.it\/wp-content\/uploads\/2020\/12\/606AAC.png\" \/>\n\t<meta property=\"og:image:width\" content=\"1283\" \/>\n\t<meta property=\"og:image:height\" content=\"2000\" \/>\n\t<meta property=\"og:image:type\" content=\"image\/png\" \/>\n<meta name=\"twitter:card\" content=\"summary_large_image\" \/>\n<script type=\"application\/ld+json\" class=\"yoast-schema-graph\">{\"@context\":\"https:\/\/schema.org\",\"@graph\":[{\"@type\":\"WebPage\",\"@id\":\"https:\/\/uniest.it\/prodotto\/arnica-gel-1000-ml\/\",\"url\":\"https:\/\/uniest.it\/prodotto\/arnica-gel-1000-ml\/\",\"name\":\"Gel d'Arnica - 1000 ml - Uniest\",\"isPartOf\":{\"@id\":\"https:\/\/uniest.it\/#website\"},\"primaryImageOfPage\":{\"@id\":\"https:\/\/uniest.it\/prodotto\/arnica-gel-1000-ml\/#primaryimage\"},\"image\":{\"@id\":\"https:\/\/uniest.it\/prodotto\/arnica-gel-1000-ml\/#primaryimage\"},\"thumbnailUrl\":\"https:\/\/uniest.it\/wp-content\/uploads\/2020\/12\/606AAC.png\",\"datePublished\":\"2024-10-23T14:43:23+00:00\",\"dateModified\":\"2024-10-23T15:30:45+00:00\",\"breadcrumb\":{\"@id\":\"https:\/\/uniest.it\/prodotto\/arnica-gel-1000-ml\/#breadcrumb\"},\"inLanguage\":\"fr-FR\",\"potentialAction\":[{\"@type\":\"ReadAction\",\"target\":[\"https:\/\/uniest.it\/prodotto\/arnica-gel-1000-ml\/\"]}]},{\"@type\":\"ImageObject\",\"inLanguage\":\"fr-FR\",\"@id\":\"https:\/\/uniest.it\/prodotto\/arnica-gel-1000-ml\/#primaryimage\",\"url\":\"https:\/\/uniest.it\/wp-content\/uploads\/2020\/12\/606AAC.png\",\"contentUrl\":\"https:\/\/uniest.it\/wp-content\/uploads\/2020\/12\/606AAC.png\",\"width\":1283,\"height\":2000},{\"@type\":\"BreadcrumbList\",\"@id\":\"https:\/\/uniest.it\/prodotto\/arnica-gel-1000-ml\/#breadcrumb\",\"itemListElement\":[{\"@type\":\"ListItem\",\"position\":1,\"name\":\"Home\",\"item\":\"https:\/\/uniest.it\/fr\/\"},{\"@type\":\"ListItem\",\"position\":2,\"name\":\"Shop\",\"item\":\"https:\/\/uniest.it\/shop\/\"},{\"@type\":\"ListItem\",\"position\":3,\"name\":\"Gel d&#8217;Arnica &#8211; 1000 ml\"}]},{\"@type\":\"WebSite\",\"@id\":\"https:\/\/uniest.it\/#website\",\"url\":\"https:\/\/uniest.it\/\",\"name\":\"Uniest\",\"description\":\"Cosmetici Naturali e Bio\",\"potentialAction\":[{\"@type\":\"SearchAction\",\"target\":{\"@type\":\"EntryPoint\",\"urlTemplate\":\"https:\/\/uniest.it\/?s={search_term_string}\"},\"query-input\":{\"@type\":\"PropertyValueSpecification\",\"valueRequired\":true,\"valueName\":\"search_term_string\"}}],\"inLanguage\":\"fr-FR\"}]}<\/script>\n<!-- \/ Yoast SEO plugin. -->","yoast_head_json":{"title":"Gel d'Arnica - 1000 ml - Uniest","robots":{"index":"index","follow":"follow","max-snippet":"max-snippet:-1","max-image-preview":"max-image-preview:large","max-video-preview":"max-video-preview:-1"},"canonical":"https:\/\/uniest.it\/prodotto\/arnica-gel-1000-ml\/","og_locale":"fr_FR","og_type":"article","og_title":"Gel d'Arnica - 1000 ml - Uniest","og_description":"Arnica Gel Ricarica est un anti-fatigue par excellence, il permet de : &#8211; mod\u00e9rer la formation d&rsquo;h\u00e9matomes ; &#8211; r\u00e9duire l&rsquo;enflure ; &#8211; soulager la douleur due \u00e0 un traumatisme ; &#8211; soulager les douleurs dues \u00e0 un travail excessif. L&rsquo;action rub\u00e9fiante de l&rsquo;Arnica stimule la circulation sanguine, favorisant la r\u00e9absorption des traumatismes. Les actions [&hellip;]","og_url":"https:\/\/uniest.it\/prodotto\/arnica-gel-1000-ml\/","og_site_name":"Uniest","article_modified_time":"2024-10-23T15:30:45+00:00","og_image":[{"width":1283,"height":2000,"url":"https:\/\/uniest.it\/wp-content\/uploads\/2020\/12\/606AAC.png","type":"image\/png"}],"twitter_card":"summary_large_image","schema":{"@context":"https:\/\/schema.org","@graph":[{"@type":"WebPage","@id":"https:\/\/uniest.it\/prodotto\/arnica-gel-1000-ml\/","url":"https:\/\/uniest.it\/prodotto\/arnica-gel-1000-ml\/","name":"Gel d'Arnica - 1000 ml - Uniest","isPartOf":{"@id":"https:\/\/uniest.it\/#website"},"primaryImageOfPage":{"@id":"https:\/\/uniest.it\/prodotto\/arnica-gel-1000-ml\/#primaryimage"},"image":{"@id":"https:\/\/uniest.it\/prodotto\/arnica-gel-1000-ml\/#primaryimage"},"thumbnailUrl":"https:\/\/uniest.it\/wp-content\/uploads\/2020\/12\/606AAC.png","datePublished":"2024-10-23T14:43:23+00:00","dateModified":"2024-10-23T15:30:45+00:00","breadcrumb":{"@id":"https:\/\/uniest.it\/prodotto\/arnica-gel-1000-ml\/#breadcrumb"},"inLanguage":"fr-FR","potentialAction":[{"@type":"ReadAction","target":["https:\/\/uniest.it\/prodotto\/arnica-gel-1000-ml\/"]}]},{"@type":"ImageObject","inLanguage":"fr-FR","@id":"https:\/\/uniest.it\/prodotto\/arnica-gel-1000-ml\/#primaryimage","url":"https:\/\/uniest.it\/wp-content\/uploads\/2020\/12\/606AAC.png","contentUrl":"https:\/\/uniest.it\/wp-content\/uploads\/2020\/12\/606AAC.png","width":1283,"height":2000},{"@type":"BreadcrumbList","@id":"https:\/\/uniest.it\/prodotto\/arnica-gel-1000-ml\/#breadcrumb","itemListElement":[{"@type":"ListItem","position":1,"name":"Home","item":"https:\/\/uniest.it\/fr\/"},{"@type":"ListItem","position":2,"name":"Shop","item":"https:\/\/uniest.it\/shop\/"},{"@type":"ListItem","position":3,"name":"Gel d&#8217;Arnica &#8211; 1000 ml"}]},{"@type":"WebSite","@id":"https:\/\/uniest.it\/#website","url":"https:\/\/uniest.it\/","name":"Uniest","description":"Cosmetici Naturali e Bio","potentialAction":[{"@type":"SearchAction","target":{"@type":"EntryPoint","urlTemplate":"https:\/\/uniest.it\/?s={search_term_string}"},"query-input":{"@type":"PropertyValueSpecification","valueRequired":true,"valueName":"search_term_string"}}],"inLanguage":"fr-FR"}]}},"_links":{"self":[{"href":"https:\/\/uniest.it\/fr\/wp-json\/wp\/v2\/product\/5886","targetHints":{"allow":["GET"]}}],"collection":[{"href":"https:\/\/uniest.it\/fr\/wp-json\/wp\/v2\/product"}],"about":[{"href":"https:\/\/uniest.it\/fr\/wp-json\/wp\/v2\/types\/product"}],"wp:featuredmedia":[{"embeddable":true,"href":"https:\/\/uniest.it\/fr\/wp-json\/wp\/v2\/media\/5887"}],"wp:attachment":[{"href":"https:\/\/uniest.it\/fr\/wp-json\/wp\/v2\/media?parent=5886"}],"wp:term":[{"taxonomy":"product_brand","embeddable":true,"href":"https:\/\/uniest.it\/fr\/wp-json\/wp\/v2\/product_brand?post=5886"},{"taxonomy":"product_cat","embeddable":true,"href":"https:\/\/uniest.it\/fr\/wp-json\/wp\/v2\/product_cat?post=5886"},{"taxonomy":"product_tag","embeddable":true,"href":"https:\/\/uniest.it\/fr\/wp-json\/wp\/v2\/product_tag?post=5886"}],"curies":[{"name":"wp","href":"https:\/\/api.w.org\/{rel}","templated":true}]}}