{"id":5890,"date":"2021-02-04T13:00:25","date_gmt":"2024-10-23T14:43:24","guid":{"rendered":"https:\/\/uniest.it\/prodotto\/masque-fortifiant-et-epaississant\/"},"modified":"2024-10-23T16:30:46","modified_gmt":"2024-10-23T15:30:46","slug":"masque-fortifiant-et-epaississant","status":"publish","type":"product","link":"https:\/\/uniest.it\/fr\/prodotto\/masque-fortifiant-et-epaississant\/","title":{"rendered":"Masque Fortifiant et \u00c9paississant"},"content":{"rendered":"<p>Masque fortifiant et \u00e9paississant cr\u00e9\u00e9 pour pouvoir \u00eatre utilis\u00e9 aussi bien comme pr\u00e9-shampoing, comme compresse, pour nourrir et r\u00e9g\u00e9n\u00e9rer, hydrater et aussi stimuler le cuir chevelu, et imm\u00e9diatement apr\u00e8s avoir lav\u00e9 les cheveux, les nourrir, les renforcer et les d\u00e9m\u00ealer, faisant \u00e9galement office de baume. Le masque fortifiant et \u00e9paississant est un v\u00e9ritable soin de beaut\u00e9 pour r\u00e9duire la chute des cheveux, qui se perdent en grande quantit\u00e9 \u00e0 chaque saison de l&rsquo;ann\u00e9e. Cependant, sa formule naturelle sp\u00e9ciale a \u00e9t\u00e9 enrichie des principes actifs de Maca et de Dermosaccharides et enrichie de substances aux fonctions nourrissantes, hydratantes et dermoprotectrices. L&rsquo;application constante de ce masque rendra vos cheveux doux, volumineux et brillants.<\/p>\n","protected":false},"excerpt":{"rendered":"<p>Masque fortifiant et \u00e9paississant cr\u00e9\u00e9 pour pouvoir \u00eatre utilis\u00e9 aussi bien comme pr\u00e9-shampoing, comme compresse, pour nourrir et r\u00e9g\u00e9n\u00e9rer, hydrater et aussi stimuler le cuir chevelu, et imm\u00e9diatement apr\u00e8s avoir lav\u00e9 les cheveux, les nourrir, les renforcer et les d\u00e9m\u00ealer, faisant \u00e9galement office de baume. Le masque fortifiant et \u00e9paississant est un v\u00e9ritable soin de [&hellip;]<\/p>\n","protected":false},"featured_media":5891,"template":"","meta":{"_acf_changed":false,"inline_featured_image":false},"product_brand":[],"product_cat":[1384,1372,1373],"product_tag":[],"class_list":{"0":"post-5890","1":"product","2":"type-product","3":"status-publish","4":"has-post-thumbnail","6":"product_beauty-idratare","7":"product_beauty-lenire","8":"product_beauty-nutrire-e-rigenerare","9":"product_beauty-proteggere","10":"product_skin-tutti-i-capelli","11":"product_kind-bagno","12":"product_kind-doccia","13":"product_kind-shampoo-e-detergenza","14":"product_kind-trattamenti-speciali","15":"product_lines-capelli","16":"product_cat-capelli-fr","17":"product_cat-corpo-fr","18":"product_cat-uomo-fr","19":"pa_size-250-fr","21":"first","22":"instock","23":"taxable","24":"shipping-taxable","25":"purchasable","26":"product-type-simple"},"acf":[],"yoast_head":"<!-- This site is optimized with the Yoast SEO plugin v24.6 - https:\/\/yoast.com\/wordpress\/plugins\/seo\/ -->\n<title>Masque Fortifiant et \u00c9paississant - Uniest<\/title>\n<meta name=\"robots\" content=\"index, follow, max-snippet:-1, max-image-preview:large, max-video-preview:-1\" \/>\n<link rel=\"canonical\" href=\"https:\/\/uniest.it\/prodotto\/maschera-rinforzante-e-rinfoltente\/\" \/>\n<meta property=\"og:locale\" content=\"fr_FR\" \/>\n<meta property=\"og:type\" content=\"article\" \/>\n<meta property=\"og:title\" content=\"Masque Fortifiant et \u00c9paississant - Uniest\" \/>\n<meta property=\"og:description\" content=\"Masque fortifiant et \u00e9paississant cr\u00e9\u00e9 pour pouvoir \u00eatre utilis\u00e9 aussi bien comme pr\u00e9-shampoing, comme compresse, pour nourrir et r\u00e9g\u00e9n\u00e9rer, hydrater et aussi stimuler le cuir chevelu, et imm\u00e9diatement apr\u00e8s avoir lav\u00e9 les cheveux, les nourrir, les renforcer et les d\u00e9m\u00ealer, faisant \u00e9galement office de baume. Le masque fortifiant et \u00e9paississant est un v\u00e9ritable soin de [&hellip;]\" \/>\n<meta property=\"og:url\" content=\"https:\/\/uniest.it\/prodotto\/maschera-rinforzante-e-rinfoltente\/\" \/>\n<meta property=\"og:site_name\" content=\"Uniest\" \/>\n<meta property=\"article:modified_time\" content=\"2024-10-23T15:30:46+00:00\" \/>\n<meta property=\"og:image\" content=\"https:\/\/uniest.it\/wp-content\/uploads\/2020\/11\/746AAE.png\" \/>\n\t<meta property=\"og:image:width\" content=\"1283\" \/>\n\t<meta property=\"og:image:height\" content=\"2000\" \/>\n\t<meta property=\"og:image:type\" content=\"image\/png\" \/>\n<meta name=\"twitter:card\" content=\"summary_large_image\" \/>\n<meta name=\"twitter:label1\" content=\"Dur\u00e9e de lecture estim\u00e9e\" \/>\n\t<meta name=\"twitter:data1\" content=\"1 minute\" \/>\n<script type=\"application\/ld+json\" class=\"yoast-schema-graph\">{\"@context\":\"https:\/\/schema.org\",\"@graph\":[{\"@type\":\"WebPage\",\"@id\":\"https:\/\/uniest.it\/prodotto\/maschera-rinforzante-e-rinfoltente\/\",\"url\":\"https:\/\/uniest.it\/prodotto\/maschera-rinforzante-e-rinfoltente\/\",\"name\":\"Masque Fortifiant et \u00c9paississant - Uniest\",\"isPartOf\":{\"@id\":\"https:\/\/uniest.it\/#website\"},\"primaryImageOfPage\":{\"@id\":\"https:\/\/uniest.it\/prodotto\/maschera-rinforzante-e-rinfoltente\/#primaryimage\"},\"image\":{\"@id\":\"https:\/\/uniest.it\/prodotto\/maschera-rinforzante-e-rinfoltente\/#primaryimage\"},\"thumbnailUrl\":\"https:\/\/uniest.it\/wp-content\/uploads\/2020\/11\/746AAE.png\",\"datePublished\":\"2024-10-23T14:43:24+00:00\",\"dateModified\":\"2024-10-23T15:30:46+00:00\",\"breadcrumb\":{\"@id\":\"https:\/\/uniest.it\/prodotto\/maschera-rinforzante-e-rinfoltente\/#breadcrumb\"},\"inLanguage\":\"fr-FR\",\"potentialAction\":[{\"@type\":\"ReadAction\",\"target\":[\"https:\/\/uniest.it\/prodotto\/maschera-rinforzante-e-rinfoltente\/\"]}]},{\"@type\":\"ImageObject\",\"inLanguage\":\"fr-FR\",\"@id\":\"https:\/\/uniest.it\/prodotto\/maschera-rinforzante-e-rinfoltente\/#primaryimage\",\"url\":\"https:\/\/uniest.it\/wp-content\/uploads\/2020\/11\/746AAE.png\",\"contentUrl\":\"https:\/\/uniest.it\/wp-content\/uploads\/2020\/11\/746AAE.png\",\"width\":1283,\"height\":2000},{\"@type\":\"BreadcrumbList\",\"@id\":\"https:\/\/uniest.it\/prodotto\/maschera-rinforzante-e-rinfoltente\/#breadcrumb\",\"itemListElement\":[{\"@type\":\"ListItem\",\"position\":1,\"name\":\"Home\",\"item\":\"https:\/\/uniest.it\/fr\/\"},{\"@type\":\"ListItem\",\"position\":2,\"name\":\"Shop\",\"item\":\"https:\/\/uniest.it\/shop\/\"},{\"@type\":\"ListItem\",\"position\":3,\"name\":\"Masque Fortifiant et \u00c9paississant\"}]},{\"@type\":\"WebSite\",\"@id\":\"https:\/\/uniest.it\/#website\",\"url\":\"https:\/\/uniest.it\/\",\"name\":\"Uniest\",\"description\":\"Cosmetici Naturali e Bio\",\"potentialAction\":[{\"@type\":\"SearchAction\",\"target\":{\"@type\":\"EntryPoint\",\"urlTemplate\":\"https:\/\/uniest.it\/?s={search_term_string}\"},\"query-input\":{\"@type\":\"PropertyValueSpecification\",\"valueRequired\":true,\"valueName\":\"search_term_string\"}}],\"inLanguage\":\"fr-FR\"}]}<\/script>\n<!-- \/ Yoast SEO plugin. -->","yoast_head_json":{"title":"Masque Fortifiant et \u00c9paississant - Uniest","robots":{"index":"index","follow":"follow","max-snippet":"max-snippet:-1","max-image-preview":"max-image-preview:large","max-video-preview":"max-video-preview:-1"},"canonical":"https:\/\/uniest.it\/prodotto\/maschera-rinforzante-e-rinfoltente\/","og_locale":"fr_FR","og_type":"article","og_title":"Masque Fortifiant et \u00c9paississant - Uniest","og_description":"Masque fortifiant et \u00e9paississant cr\u00e9\u00e9 pour pouvoir \u00eatre utilis\u00e9 aussi bien comme pr\u00e9-shampoing, comme compresse, pour nourrir et r\u00e9g\u00e9n\u00e9rer, hydrater et aussi stimuler le cuir chevelu, et imm\u00e9diatement apr\u00e8s avoir lav\u00e9 les cheveux, les nourrir, les renforcer et les d\u00e9m\u00ealer, faisant \u00e9galement office de baume. Le masque fortifiant et \u00e9paississant est un v\u00e9ritable soin de [&hellip;]","og_url":"https:\/\/uniest.it\/prodotto\/maschera-rinforzante-e-rinfoltente\/","og_site_name":"Uniest","article_modified_time":"2024-10-23T15:30:46+00:00","og_image":[{"width":1283,"height":2000,"url":"https:\/\/uniest.it\/wp-content\/uploads\/2020\/11\/746AAE.png","type":"image\/png"}],"twitter_card":"summary_large_image","twitter_misc":{"Dur\u00e9e de lecture estim\u00e9e":"1 minute"},"schema":{"@context":"https:\/\/schema.org","@graph":[{"@type":"WebPage","@id":"https:\/\/uniest.it\/prodotto\/maschera-rinforzante-e-rinfoltente\/","url":"https:\/\/uniest.it\/prodotto\/maschera-rinforzante-e-rinfoltente\/","name":"Masque Fortifiant et \u00c9paississant - Uniest","isPartOf":{"@id":"https:\/\/uniest.it\/#website"},"primaryImageOfPage":{"@id":"https:\/\/uniest.it\/prodotto\/maschera-rinforzante-e-rinfoltente\/#primaryimage"},"image":{"@id":"https:\/\/uniest.it\/prodotto\/maschera-rinforzante-e-rinfoltente\/#primaryimage"},"thumbnailUrl":"https:\/\/uniest.it\/wp-content\/uploads\/2020\/11\/746AAE.png","datePublished":"2024-10-23T14:43:24+00:00","dateModified":"2024-10-23T15:30:46+00:00","breadcrumb":{"@id":"https:\/\/uniest.it\/prodotto\/maschera-rinforzante-e-rinfoltente\/#breadcrumb"},"inLanguage":"fr-FR","potentialAction":[{"@type":"ReadAction","target":["https:\/\/uniest.it\/prodotto\/maschera-rinforzante-e-rinfoltente\/"]}]},{"@type":"ImageObject","inLanguage":"fr-FR","@id":"https:\/\/uniest.it\/prodotto\/maschera-rinforzante-e-rinfoltente\/#primaryimage","url":"https:\/\/uniest.it\/wp-content\/uploads\/2020\/11\/746AAE.png","contentUrl":"https:\/\/uniest.it\/wp-content\/uploads\/2020\/11\/746AAE.png","width":1283,"height":2000},{"@type":"BreadcrumbList","@id":"https:\/\/uniest.it\/prodotto\/maschera-rinforzante-e-rinfoltente\/#breadcrumb","itemListElement":[{"@type":"ListItem","position":1,"name":"Home","item":"https:\/\/uniest.it\/fr\/"},{"@type":"ListItem","position":2,"name":"Shop","item":"https:\/\/uniest.it\/shop\/"},{"@type":"ListItem","position":3,"name":"Masque Fortifiant et \u00c9paississant"}]},{"@type":"WebSite","@id":"https:\/\/uniest.it\/#website","url":"https:\/\/uniest.it\/","name":"Uniest","description":"Cosmetici Naturali e Bio","potentialAction":[{"@type":"SearchAction","target":{"@type":"EntryPoint","urlTemplate":"https:\/\/uniest.it\/?s={search_term_string}"},"query-input":{"@type":"PropertyValueSpecification","valueRequired":true,"valueName":"search_term_string"}}],"inLanguage":"fr-FR"}]}},"_links":{"self":[{"href":"https:\/\/uniest.it\/fr\/wp-json\/wp\/v2\/product\/5890","targetHints":{"allow":["GET"]}}],"collection":[{"href":"https:\/\/uniest.it\/fr\/wp-json\/wp\/v2\/product"}],"about":[{"href":"https:\/\/uniest.it\/fr\/wp-json\/wp\/v2\/types\/product"}],"wp:featuredmedia":[{"embeddable":true,"href":"https:\/\/uniest.it\/fr\/wp-json\/wp\/v2\/media\/5891"}],"wp:attachment":[{"href":"https:\/\/uniest.it\/fr\/wp-json\/wp\/v2\/media?parent=5890"}],"wp:term":[{"taxonomy":"product_brand","embeddable":true,"href":"https:\/\/uniest.it\/fr\/wp-json\/wp\/v2\/product_brand?post=5890"},{"taxonomy":"product_cat","embeddable":true,"href":"https:\/\/uniest.it\/fr\/wp-json\/wp\/v2\/product_cat?post=5890"},{"taxonomy":"product_tag","embeddable":true,"href":"https:\/\/uniest.it\/fr\/wp-json\/wp\/v2\/product_tag?post=5890"}],"curies":[{"name":"wp","href":"https:\/\/api.w.org\/{rel}","templated":true}]}}