{"id":5892,"date":"2021-02-04T13:00:44","date_gmt":"2024-10-23T14:43:24","guid":{"rendered":"https:\/\/uniest.it\/prodotto\/lotion-fortifiante-et-epaississante\/"},"modified":"2024-10-23T16:30:46","modified_gmt":"2024-10-23T15:30:46","slug":"lotion-fortifiante-et-epaississante","status":"publish","type":"product","link":"https:\/\/uniest.it\/fr\/prodotto\/lotion-fortifiante-et-epaississante\/","title":{"rendered":"Lotion fortifiante et \u00e9paississante"},"content":{"rendered":"<p>La Lotion Fortifiante et \u00c9paississante est une lotion pour les cheveux, elle aide \u00e0 les garder sains et bien enracin\u00e9s et aussi en stimulant le cuir chevelu elle aide \u00e0 leur repousse. Enrichi en extrait de plante de Capsicum, en menthol et en complexe AC love, il rend les cheveux sains, forts et \u00e9pais, en prenant soin du cuir chevelu. Sa formule naturelle sp\u00e9ciale a \u00e9t\u00e9 enrichie d&rsquo;actifs de Maca et de Dermosaccharides et de substances aux fonctions nourrissantes, hydratantes et dermoprotectrices. La phase de croissance et la r\u00e9sistance \u00e0 la chute du bulbe pileux sont stimul\u00e9es et ce dernier devient ainsi plus robuste et plus cors\u00e9.<\/p>\n","protected":false},"excerpt":{"rendered":"<p>La Lotion Fortifiante et \u00c9paississante est une lotion pour les cheveux, elle aide \u00e0 les garder sains et bien enracin\u00e9s et aussi en stimulant le cuir chevelu elle aide \u00e0 leur repousse. Enrichi en extrait de plante de Capsicum, en menthol et en complexe AC love, il rend les cheveux sains, forts et \u00e9pais, en [&hellip;]<\/p>\n","protected":false},"featured_media":5893,"template":"","meta":{"_acf_changed":false,"inline_featured_image":false},"product_brand":[],"product_cat":[1384,1372,1373],"product_tag":[],"class_list":{"0":"post-5892","1":"product","2":"type-product","3":"status-publish","4":"has-post-thumbnail","6":"product_beauty-idratare","7":"product_beauty-lenire","8":"product_beauty-nutrire-e-rigenerare","9":"product_beauty-proteggere","10":"product_skin-tutti-i-capelli","11":"product_kind-bagno","12":"product_kind-doccia","13":"product_kind-shampoo-e-detergenza","14":"product_kind-trattamenti-speciali","15":"product_lines-capelli","16":"product_cat-capelli-fr","17":"product_cat-corpo-fr","18":"product_cat-uomo-fr","19":"pa_size-50-fr","21":"first","22":"instock","23":"taxable","24":"shipping-taxable","25":"purchasable","26":"product-type-simple"},"acf":[],"yoast_head":"<!-- This site is optimized with the Yoast SEO plugin v24.6 - https:\/\/yoast.com\/wordpress\/plugins\/seo\/ -->\n<title>Lotion fortifiante et \u00e9paississante - Uniest<\/title>\n<meta name=\"robots\" content=\"index, follow, max-snippet:-1, max-image-preview:large, max-video-preview:-1\" \/>\n<link rel=\"canonical\" href=\"https:\/\/uniest.it\/prodotto\/lozione-rinforzante-e-rinfoltente\/\" \/>\n<meta property=\"og:locale\" content=\"fr_FR\" \/>\n<meta property=\"og:type\" content=\"article\" \/>\n<meta property=\"og:title\" content=\"Lotion fortifiante et \u00e9paississante - Uniest\" \/>\n<meta property=\"og:description\" content=\"La Lotion Fortifiante et \u00c9paississante est une lotion pour les cheveux, elle aide \u00e0 les garder sains et bien enracin\u00e9s et aussi en stimulant le cuir chevelu elle aide \u00e0 leur repousse. Enrichi en extrait de plante de Capsicum, en menthol et en complexe AC love, il rend les cheveux sains, forts et \u00e9pais, en [&hellip;]\" \/>\n<meta property=\"og:url\" content=\"https:\/\/uniest.it\/prodotto\/lozione-rinforzante-e-rinfoltente\/\" \/>\n<meta property=\"og:site_name\" content=\"Uniest\" \/>\n<meta property=\"article:modified_time\" content=\"2024-10-23T15:30:46+00:00\" \/>\n<meta property=\"og:image\" content=\"https:\/\/uniest.it\/wp-content\/uploads\/2020\/11\/747AAE.png\" \/>\n\t<meta property=\"og:image:width\" content=\"1283\" \/>\n\t<meta property=\"og:image:height\" content=\"2001\" \/>\n\t<meta property=\"og:image:type\" content=\"image\/png\" \/>\n<meta name=\"twitter:card\" content=\"summary_large_image\" \/>\n<meta name=\"twitter:label1\" content=\"Dur\u00e9e de lecture estim\u00e9e\" \/>\n\t<meta name=\"twitter:data1\" content=\"1 minute\" \/>\n<script type=\"application\/ld+json\" class=\"yoast-schema-graph\">{\"@context\":\"https:\/\/schema.org\",\"@graph\":[{\"@type\":\"WebPage\",\"@id\":\"https:\/\/uniest.it\/prodotto\/lozione-rinforzante-e-rinfoltente\/\",\"url\":\"https:\/\/uniest.it\/prodotto\/lozione-rinforzante-e-rinfoltente\/\",\"name\":\"Lotion fortifiante et \u00e9paississante - Uniest\",\"isPartOf\":{\"@id\":\"https:\/\/uniest.it\/#website\"},\"primaryImageOfPage\":{\"@id\":\"https:\/\/uniest.it\/prodotto\/lozione-rinforzante-e-rinfoltente\/#primaryimage\"},\"image\":{\"@id\":\"https:\/\/uniest.it\/prodotto\/lozione-rinforzante-e-rinfoltente\/#primaryimage\"},\"thumbnailUrl\":\"https:\/\/uniest.it\/wp-content\/uploads\/2020\/11\/747AAE.png\",\"datePublished\":\"2024-10-23T14:43:24+00:00\",\"dateModified\":\"2024-10-23T15:30:46+00:00\",\"breadcrumb\":{\"@id\":\"https:\/\/uniest.it\/prodotto\/lozione-rinforzante-e-rinfoltente\/#breadcrumb\"},\"inLanguage\":\"fr-FR\",\"potentialAction\":[{\"@type\":\"ReadAction\",\"target\":[\"https:\/\/uniest.it\/prodotto\/lozione-rinforzante-e-rinfoltente\/\"]}]},{\"@type\":\"ImageObject\",\"inLanguage\":\"fr-FR\",\"@id\":\"https:\/\/uniest.it\/prodotto\/lozione-rinforzante-e-rinfoltente\/#primaryimage\",\"url\":\"https:\/\/uniest.it\/wp-content\/uploads\/2020\/11\/747AAE.png\",\"contentUrl\":\"https:\/\/uniest.it\/wp-content\/uploads\/2020\/11\/747AAE.png\",\"width\":1283,\"height\":2001},{\"@type\":\"BreadcrumbList\",\"@id\":\"https:\/\/uniest.it\/prodotto\/lozione-rinforzante-e-rinfoltente\/#breadcrumb\",\"itemListElement\":[{\"@type\":\"ListItem\",\"position\":1,\"name\":\"Home\",\"item\":\"https:\/\/uniest.it\/fr\/\"},{\"@type\":\"ListItem\",\"position\":2,\"name\":\"Shop\",\"item\":\"https:\/\/uniest.it\/shop\/\"},{\"@type\":\"ListItem\",\"position\":3,\"name\":\"Lotion fortifiante et \u00e9paississante\"}]},{\"@type\":\"WebSite\",\"@id\":\"https:\/\/uniest.it\/#website\",\"url\":\"https:\/\/uniest.it\/\",\"name\":\"Uniest\",\"description\":\"Cosmetici Naturali e Bio\",\"potentialAction\":[{\"@type\":\"SearchAction\",\"target\":{\"@type\":\"EntryPoint\",\"urlTemplate\":\"https:\/\/uniest.it\/?s={search_term_string}\"},\"query-input\":{\"@type\":\"PropertyValueSpecification\",\"valueRequired\":true,\"valueName\":\"search_term_string\"}}],\"inLanguage\":\"fr-FR\"}]}<\/script>\n<!-- \/ Yoast SEO plugin. -->","yoast_head_json":{"title":"Lotion fortifiante et \u00e9paississante - Uniest","robots":{"index":"index","follow":"follow","max-snippet":"max-snippet:-1","max-image-preview":"max-image-preview:large","max-video-preview":"max-video-preview:-1"},"canonical":"https:\/\/uniest.it\/prodotto\/lozione-rinforzante-e-rinfoltente\/","og_locale":"fr_FR","og_type":"article","og_title":"Lotion fortifiante et \u00e9paississante - Uniest","og_description":"La Lotion Fortifiante et \u00c9paississante est une lotion pour les cheveux, elle aide \u00e0 les garder sains et bien enracin\u00e9s et aussi en stimulant le cuir chevelu elle aide \u00e0 leur repousse. Enrichi en extrait de plante de Capsicum, en menthol et en complexe AC love, il rend les cheveux sains, forts et \u00e9pais, en [&hellip;]","og_url":"https:\/\/uniest.it\/prodotto\/lozione-rinforzante-e-rinfoltente\/","og_site_name":"Uniest","article_modified_time":"2024-10-23T15:30:46+00:00","og_image":[{"width":1283,"height":2001,"url":"https:\/\/uniest.it\/wp-content\/uploads\/2020\/11\/747AAE.png","type":"image\/png"}],"twitter_card":"summary_large_image","twitter_misc":{"Dur\u00e9e de lecture estim\u00e9e":"1 minute"},"schema":{"@context":"https:\/\/schema.org","@graph":[{"@type":"WebPage","@id":"https:\/\/uniest.it\/prodotto\/lozione-rinforzante-e-rinfoltente\/","url":"https:\/\/uniest.it\/prodotto\/lozione-rinforzante-e-rinfoltente\/","name":"Lotion fortifiante et \u00e9paississante - Uniest","isPartOf":{"@id":"https:\/\/uniest.it\/#website"},"primaryImageOfPage":{"@id":"https:\/\/uniest.it\/prodotto\/lozione-rinforzante-e-rinfoltente\/#primaryimage"},"image":{"@id":"https:\/\/uniest.it\/prodotto\/lozione-rinforzante-e-rinfoltente\/#primaryimage"},"thumbnailUrl":"https:\/\/uniest.it\/wp-content\/uploads\/2020\/11\/747AAE.png","datePublished":"2024-10-23T14:43:24+00:00","dateModified":"2024-10-23T15:30:46+00:00","breadcrumb":{"@id":"https:\/\/uniest.it\/prodotto\/lozione-rinforzante-e-rinfoltente\/#breadcrumb"},"inLanguage":"fr-FR","potentialAction":[{"@type":"ReadAction","target":["https:\/\/uniest.it\/prodotto\/lozione-rinforzante-e-rinfoltente\/"]}]},{"@type":"ImageObject","inLanguage":"fr-FR","@id":"https:\/\/uniest.it\/prodotto\/lozione-rinforzante-e-rinfoltente\/#primaryimage","url":"https:\/\/uniest.it\/wp-content\/uploads\/2020\/11\/747AAE.png","contentUrl":"https:\/\/uniest.it\/wp-content\/uploads\/2020\/11\/747AAE.png","width":1283,"height":2001},{"@type":"BreadcrumbList","@id":"https:\/\/uniest.it\/prodotto\/lozione-rinforzante-e-rinfoltente\/#breadcrumb","itemListElement":[{"@type":"ListItem","position":1,"name":"Home","item":"https:\/\/uniest.it\/fr\/"},{"@type":"ListItem","position":2,"name":"Shop","item":"https:\/\/uniest.it\/shop\/"},{"@type":"ListItem","position":3,"name":"Lotion fortifiante et \u00e9paississante"}]},{"@type":"WebSite","@id":"https:\/\/uniest.it\/#website","url":"https:\/\/uniest.it\/","name":"Uniest","description":"Cosmetici Naturali e Bio","potentialAction":[{"@type":"SearchAction","target":{"@type":"EntryPoint","urlTemplate":"https:\/\/uniest.it\/?s={search_term_string}"},"query-input":{"@type":"PropertyValueSpecification","valueRequired":true,"valueName":"search_term_string"}}],"inLanguage":"fr-FR"}]}},"_links":{"self":[{"href":"https:\/\/uniest.it\/fr\/wp-json\/wp\/v2\/product\/5892","targetHints":{"allow":["GET"]}}],"collection":[{"href":"https:\/\/uniest.it\/fr\/wp-json\/wp\/v2\/product"}],"about":[{"href":"https:\/\/uniest.it\/fr\/wp-json\/wp\/v2\/types\/product"}],"wp:featuredmedia":[{"embeddable":true,"href":"https:\/\/uniest.it\/fr\/wp-json\/wp\/v2\/media\/5893"}],"wp:attachment":[{"href":"https:\/\/uniest.it\/fr\/wp-json\/wp\/v2\/media?parent=5892"}],"wp:term":[{"taxonomy":"product_brand","embeddable":true,"href":"https:\/\/uniest.it\/fr\/wp-json\/wp\/v2\/product_brand?post=5892"},{"taxonomy":"product_cat","embeddable":true,"href":"https:\/\/uniest.it\/fr\/wp-json\/wp\/v2\/product_cat?post=5892"},{"taxonomy":"product_tag","embeddable":true,"href":"https:\/\/uniest.it\/fr\/wp-json\/wp\/v2\/product_tag?post=5892"}],"curies":[{"name":"wp","href":"https:\/\/api.w.org\/{rel}","templated":true}]}}