{"id":5894,"date":"2021-02-04T13:00:44","date_gmt":"2024-10-23T14:43:25","guid":{"rendered":"https:\/\/uniest.it\/prodotto\/huile-capillaire\/"},"modified":"2024-10-23T16:30:47","modified_gmt":"2024-10-23T15:30:47","slug":"huile-capillaire","status":"publish","type":"product","link":"https:\/\/uniest.it\/fr\/prodotto\/huile-capillaire\/","title":{"rendered":"Huile capillaire"},"content":{"rendered":"<p>Huile capillaire innovante sp\u00e9cialement con\u00e7ue pour le traitement des cheveux. Gr\u00e2ce au savant m\u00e9lange de substances actives dont le Squalane V\u00e9g\u00e9tal et les Vitamines C &amp; Et une base parfaitement \u00e9quilibr\u00e9e d&rsquo;huiles pr\u00e9cieuses dont l&rsquo;huile d&rsquo;amande douce bio, de jojoba et de son de riz, donne brillance, douceur, hydratation et nutrition aux cheveux. Il aide \u00e0 prot\u00e9ger la structure du cheveu de la d\u00e9shydratation et de l&rsquo;apparition cons\u00e9quente de pointes fourchues, en aidant \u00e0 fermer les cuticules.<\/p>\n","protected":false},"excerpt":{"rendered":"<p>Huile capillaire innovante sp\u00e9cialement con\u00e7ue pour le traitement des cheveux. Gr\u00e2ce au savant m\u00e9lange de substances actives dont le Squalane V\u00e9g\u00e9tal et les Vitamines C &amp; Et une base parfaitement \u00e9quilibr\u00e9e d&rsquo;huiles pr\u00e9cieuses dont l&rsquo;huile d&rsquo;amande douce bio, de jojoba et de son de riz, donne brillance, douceur, hydratation et nutrition aux cheveux. Il aide [&hellip;]<\/p>\n","protected":false},"featured_media":5895,"template":"","meta":{"_acf_changed":false,"inline_featured_image":false},"product_brand":[],"product_cat":[1384,1372],"product_tag":[],"class_list":{"0":"post-5894","1":"product","2":"type-product","3":"status-publish","4":"has-post-thumbnail","6":"product_beauty-idratare","7":"product_beauty-nutrire-e-rigenerare","8":"product_beauty-proteggere","9":"product_skin-tutti-i-capelli","10":"product_kind-bagno","11":"product_kind-doccia","12":"product_kind-oli-e-burri","13":"product_kind-shampoo-e-detergenza","14":"product_lines-capelli","15":"product_cat-capelli-fr","16":"product_cat-corpo-fr","17":"pa_size-50-fr","19":"first","20":"instock","21":"taxable","22":"shipping-taxable","23":"purchasable","24":"product-type-simple"},"acf":[],"yoast_head":"<!-- This site is optimized with the Yoast SEO plugin v24.6 - https:\/\/yoast.com\/wordpress\/plugins\/seo\/ -->\n<title>Huile capillaire - Uniest<\/title>\n<meta name=\"robots\" content=\"index, follow, max-snippet:-1, max-image-preview:large, max-video-preview:-1\" \/>\n<link rel=\"canonical\" href=\"https:\/\/uniest.it\/prodotto\/olio-capelli\/\" \/>\n<meta property=\"og:locale\" content=\"fr_FR\" \/>\n<meta property=\"og:type\" content=\"article\" \/>\n<meta property=\"og:title\" content=\"Huile capillaire - Uniest\" \/>\n<meta property=\"og:description\" content=\"Huile capillaire innovante sp\u00e9cialement con\u00e7ue pour le traitement des cheveux. Gr\u00e2ce au savant m\u00e9lange de substances actives dont le Squalane V\u00e9g\u00e9tal et les Vitamines C &amp; Et une base parfaitement \u00e9quilibr\u00e9e d&rsquo;huiles pr\u00e9cieuses dont l&rsquo;huile d&rsquo;amande douce bio, de jojoba et de son de riz, donne brillance, douceur, hydratation et nutrition aux cheveux. Il aide [&hellip;]\" \/>\n<meta property=\"og:url\" content=\"https:\/\/uniest.it\/prodotto\/olio-capelli\/\" \/>\n<meta property=\"og:site_name\" content=\"Uniest\" \/>\n<meta property=\"article:modified_time\" content=\"2024-10-23T15:30:47+00:00\" \/>\n<meta property=\"og:image\" content=\"https:\/\/uniest.it\/wp-content\/uploads\/2020\/11\/748AAE.png\" \/>\n\t<meta property=\"og:image:width\" content=\"1283\" \/>\n\t<meta property=\"og:image:height\" content=\"2000\" \/>\n\t<meta property=\"og:image:type\" content=\"image\/png\" \/>\n<meta name=\"twitter:card\" content=\"summary_large_image\" \/>\n<script type=\"application\/ld+json\" class=\"yoast-schema-graph\">{\"@context\":\"https:\/\/schema.org\",\"@graph\":[{\"@type\":\"WebPage\",\"@id\":\"https:\/\/uniest.it\/prodotto\/olio-capelli\/\",\"url\":\"https:\/\/uniest.it\/prodotto\/olio-capelli\/\",\"name\":\"Huile capillaire - Uniest\",\"isPartOf\":{\"@id\":\"https:\/\/uniest.it\/#website\"},\"primaryImageOfPage\":{\"@id\":\"https:\/\/uniest.it\/prodotto\/olio-capelli\/#primaryimage\"},\"image\":{\"@id\":\"https:\/\/uniest.it\/prodotto\/olio-capelli\/#primaryimage\"},\"thumbnailUrl\":\"https:\/\/uniest.it\/wp-content\/uploads\/2020\/11\/748AAE.png\",\"datePublished\":\"2024-10-23T14:43:25+00:00\",\"dateModified\":\"2024-10-23T15:30:47+00:00\",\"breadcrumb\":{\"@id\":\"https:\/\/uniest.it\/prodotto\/olio-capelli\/#breadcrumb\"},\"inLanguage\":\"fr-FR\",\"potentialAction\":[{\"@type\":\"ReadAction\",\"target\":[\"https:\/\/uniest.it\/prodotto\/olio-capelli\/\"]}]},{\"@type\":\"ImageObject\",\"inLanguage\":\"fr-FR\",\"@id\":\"https:\/\/uniest.it\/prodotto\/olio-capelli\/#primaryimage\",\"url\":\"https:\/\/uniest.it\/wp-content\/uploads\/2020\/11\/748AAE.png\",\"contentUrl\":\"https:\/\/uniest.it\/wp-content\/uploads\/2020\/11\/748AAE.png\",\"width\":1283,\"height\":2000},{\"@type\":\"BreadcrumbList\",\"@id\":\"https:\/\/uniest.it\/prodotto\/olio-capelli\/#breadcrumb\",\"itemListElement\":[{\"@type\":\"ListItem\",\"position\":1,\"name\":\"Home\",\"item\":\"https:\/\/uniest.it\/fr\/\"},{\"@type\":\"ListItem\",\"position\":2,\"name\":\"Shop\",\"item\":\"https:\/\/uniest.it\/shop\/\"},{\"@type\":\"ListItem\",\"position\":3,\"name\":\"Huile capillaire\"}]},{\"@type\":\"WebSite\",\"@id\":\"https:\/\/uniest.it\/#website\",\"url\":\"https:\/\/uniest.it\/\",\"name\":\"Uniest\",\"description\":\"Cosmetici Naturali e Bio\",\"potentialAction\":[{\"@type\":\"SearchAction\",\"target\":{\"@type\":\"EntryPoint\",\"urlTemplate\":\"https:\/\/uniest.it\/?s={search_term_string}\"},\"query-input\":{\"@type\":\"PropertyValueSpecification\",\"valueRequired\":true,\"valueName\":\"search_term_string\"}}],\"inLanguage\":\"fr-FR\"}]}<\/script>\n<!-- \/ Yoast SEO plugin. -->","yoast_head_json":{"title":"Huile capillaire - Uniest","robots":{"index":"index","follow":"follow","max-snippet":"max-snippet:-1","max-image-preview":"max-image-preview:large","max-video-preview":"max-video-preview:-1"},"canonical":"https:\/\/uniest.it\/prodotto\/olio-capelli\/","og_locale":"fr_FR","og_type":"article","og_title":"Huile capillaire - Uniest","og_description":"Huile capillaire innovante sp\u00e9cialement con\u00e7ue pour le traitement des cheveux. Gr\u00e2ce au savant m\u00e9lange de substances actives dont le Squalane V\u00e9g\u00e9tal et les Vitamines C &amp; Et une base parfaitement \u00e9quilibr\u00e9e d&rsquo;huiles pr\u00e9cieuses dont l&rsquo;huile d&rsquo;amande douce bio, de jojoba et de son de riz, donne brillance, douceur, hydratation et nutrition aux cheveux. Il aide [&hellip;]","og_url":"https:\/\/uniest.it\/prodotto\/olio-capelli\/","og_site_name":"Uniest","article_modified_time":"2024-10-23T15:30:47+00:00","og_image":[{"width":1283,"height":2000,"url":"https:\/\/uniest.it\/wp-content\/uploads\/2020\/11\/748AAE.png","type":"image\/png"}],"twitter_card":"summary_large_image","schema":{"@context":"https:\/\/schema.org","@graph":[{"@type":"WebPage","@id":"https:\/\/uniest.it\/prodotto\/olio-capelli\/","url":"https:\/\/uniest.it\/prodotto\/olio-capelli\/","name":"Huile capillaire - Uniest","isPartOf":{"@id":"https:\/\/uniest.it\/#website"},"primaryImageOfPage":{"@id":"https:\/\/uniest.it\/prodotto\/olio-capelli\/#primaryimage"},"image":{"@id":"https:\/\/uniest.it\/prodotto\/olio-capelli\/#primaryimage"},"thumbnailUrl":"https:\/\/uniest.it\/wp-content\/uploads\/2020\/11\/748AAE.png","datePublished":"2024-10-23T14:43:25+00:00","dateModified":"2024-10-23T15:30:47+00:00","breadcrumb":{"@id":"https:\/\/uniest.it\/prodotto\/olio-capelli\/#breadcrumb"},"inLanguage":"fr-FR","potentialAction":[{"@type":"ReadAction","target":["https:\/\/uniest.it\/prodotto\/olio-capelli\/"]}]},{"@type":"ImageObject","inLanguage":"fr-FR","@id":"https:\/\/uniest.it\/prodotto\/olio-capelli\/#primaryimage","url":"https:\/\/uniest.it\/wp-content\/uploads\/2020\/11\/748AAE.png","contentUrl":"https:\/\/uniest.it\/wp-content\/uploads\/2020\/11\/748AAE.png","width":1283,"height":2000},{"@type":"BreadcrumbList","@id":"https:\/\/uniest.it\/prodotto\/olio-capelli\/#breadcrumb","itemListElement":[{"@type":"ListItem","position":1,"name":"Home","item":"https:\/\/uniest.it\/fr\/"},{"@type":"ListItem","position":2,"name":"Shop","item":"https:\/\/uniest.it\/shop\/"},{"@type":"ListItem","position":3,"name":"Huile capillaire"}]},{"@type":"WebSite","@id":"https:\/\/uniest.it\/#website","url":"https:\/\/uniest.it\/","name":"Uniest","description":"Cosmetici Naturali e Bio","potentialAction":[{"@type":"SearchAction","target":{"@type":"EntryPoint","urlTemplate":"https:\/\/uniest.it\/?s={search_term_string}"},"query-input":{"@type":"PropertyValueSpecification","valueRequired":true,"valueName":"search_term_string"}}],"inLanguage":"fr-FR"}]}},"_links":{"self":[{"href":"https:\/\/uniest.it\/fr\/wp-json\/wp\/v2\/product\/5894","targetHints":{"allow":["GET"]}}],"collection":[{"href":"https:\/\/uniest.it\/fr\/wp-json\/wp\/v2\/product"}],"about":[{"href":"https:\/\/uniest.it\/fr\/wp-json\/wp\/v2\/types\/product"}],"wp:featuredmedia":[{"embeddable":true,"href":"https:\/\/uniest.it\/fr\/wp-json\/wp\/v2\/media\/5895"}],"wp:attachment":[{"href":"https:\/\/uniest.it\/fr\/wp-json\/wp\/v2\/media?parent=5894"}],"wp:term":[{"taxonomy":"product_brand","embeddable":true,"href":"https:\/\/uniest.it\/fr\/wp-json\/wp\/v2\/product_brand?post=5894"},{"taxonomy":"product_cat","embeddable":true,"href":"https:\/\/uniest.it\/fr\/wp-json\/wp\/v2\/product_cat?post=5894"},{"taxonomy":"product_tag","embeddable":true,"href":"https:\/\/uniest.it\/fr\/wp-json\/wp\/v2\/product_tag?post=5894"}],"curies":[{"name":"wp","href":"https:\/\/api.w.org\/{rel}","templated":true}]}}