{"id":5896,"date":"2021-02-04T13:00:44","date_gmt":"2024-10-23T14:43:26","guid":{"rendered":"https:\/\/uniest.it\/prodotto\/post-ponction-rapide-avec-gel\/"},"modified":"2024-10-23T16:30:47","modified_gmt":"2024-10-23T15:30:47","slug":"post-ponction-rapide-avec-gel","status":"publish","type":"product","link":"https:\/\/uniest.it\/fr\/prodotto\/post-ponction-rapide-avec-gel\/","title":{"rendered":"Post-ponction rapide avec gel"},"content":{"rendered":"<p>Gel d\u00e9licat et innovant \u00e0 la formulation naturelle. Ce gel doux Post Sting est indiqu\u00e9 dans le traitement des piq\u00fbres d&rsquo;insectes ou de moustiques car il est capable d&rsquo;apaiser et d&rsquo;apporter un soulagement imm\u00e9diat aux d\u00e9mangeaisons et aux gonflements g\u00eanants. Dans sa riche formulation naturelle on retrouve l&rsquo;Alo\u00e8s Bio*, le Calendula Bio* et le Complexe Mauve, Alth\u00e9a, Calendula \u00e0 l&rsquo;Huile de Tournesol Bio* qui d\u00e9veloppent une forte action d\u00e9congestionnante alli\u00e9e \u00e0 une excellente action hydratante, calmante et apaisante. PAS GRAIS. Convient \u00e0 toute la famille.<\/p>\n","protected":false},"excerpt":{"rendered":"<p>Gel d\u00e9licat et innovant \u00e0 la formulation naturelle. Ce gel doux Post Sting est indiqu\u00e9 dans le traitement des piq\u00fbres d&rsquo;insectes ou de moustiques car il est capable d&rsquo;apaiser et d&rsquo;apporter un soulagement imm\u00e9diat aux d\u00e9mangeaisons et aux gonflements g\u00eanants. Dans sa riche formulation naturelle on retrouve l&rsquo;Alo\u00e8s Bio*, le Calendula Bio* et le Complexe [&hellip;]<\/p>\n","protected":false},"featured_media":5897,"template":"","meta":{"_acf_changed":false,"inline_featured_image":false},"product_brand":[],"product_cat":[1372],"product_tag":[],"class_list":{"0":"post-5896","1":"product","2":"type-product","3":"status-publish","4":"has-post-thumbnail","6":"product_beauty-idratare","7":"product_beauty-lenire","8":"product_skin-tutte-le-pelli","9":"product_kind-trattamenti-speciali","10":"product_lines-igiene-e-protezione","11":"product_cat-corpo-fr","12":"pa_size-30-fr","14":"first","15":"instock","16":"taxable","17":"shipping-taxable","18":"purchasable","19":"product-type-simple"},"acf":[],"yoast_head":"<!-- This site is optimized with the Yoast SEO plugin v24.6 - https:\/\/yoast.com\/wordpress\/plugins\/seo\/ -->\n<title>Post-ponction rapide avec gel - Uniest<\/title>\n<meta name=\"robots\" content=\"index, follow, max-snippet:-1, max-image-preview:large, max-video-preview:-1\" \/>\n<link rel=\"canonical\" href=\"https:\/\/uniest.it\/prodotto\/rapid-gel-post-puntura\/\" \/>\n<meta property=\"og:locale\" content=\"fr_FR\" \/>\n<meta property=\"og:type\" content=\"article\" \/>\n<meta property=\"og:title\" content=\"Post-ponction rapide avec gel - Uniest\" \/>\n<meta property=\"og:description\" content=\"Gel d\u00e9licat et innovant \u00e0 la formulation naturelle. Ce gel doux Post Sting est indiqu\u00e9 dans le traitement des piq\u00fbres d&rsquo;insectes ou de moustiques car il est capable d&rsquo;apaiser et d&rsquo;apporter un soulagement imm\u00e9diat aux d\u00e9mangeaisons et aux gonflements g\u00eanants. Dans sa riche formulation naturelle on retrouve l&rsquo;Alo\u00e8s Bio*, le Calendula Bio* et le Complexe [&hellip;]\" \/>\n<meta property=\"og:url\" content=\"https:\/\/uniest.it\/prodotto\/rapid-gel-post-puntura\/\" \/>\n<meta property=\"og:site_name\" content=\"Uniest\" \/>\n<meta property=\"article:modified_time\" content=\"2024-10-23T15:30:47+00:00\" \/>\n<meta property=\"og:image\" content=\"https:\/\/uniest.it\/wp-content\/uploads\/2020\/11\/752AAE.png\" \/>\n\t<meta property=\"og:image:width\" content=\"1283\" \/>\n\t<meta property=\"og:image:height\" content=\"2000\" \/>\n\t<meta property=\"og:image:type\" content=\"image\/png\" \/>\n<meta name=\"twitter:card\" content=\"summary_large_image\" \/>\n<script type=\"application\/ld+json\" class=\"yoast-schema-graph\">{\"@context\":\"https:\/\/schema.org\",\"@graph\":[{\"@type\":\"WebPage\",\"@id\":\"https:\/\/uniest.it\/prodotto\/rapid-gel-post-puntura\/\",\"url\":\"https:\/\/uniest.it\/prodotto\/rapid-gel-post-puntura\/\",\"name\":\"Post-ponction rapide avec gel - Uniest\",\"isPartOf\":{\"@id\":\"https:\/\/uniest.it\/#website\"},\"primaryImageOfPage\":{\"@id\":\"https:\/\/uniest.it\/prodotto\/rapid-gel-post-puntura\/#primaryimage\"},\"image\":{\"@id\":\"https:\/\/uniest.it\/prodotto\/rapid-gel-post-puntura\/#primaryimage\"},\"thumbnailUrl\":\"https:\/\/uniest.it\/wp-content\/uploads\/2020\/11\/752AAE.png\",\"datePublished\":\"2024-10-23T14:43:26+00:00\",\"dateModified\":\"2024-10-23T15:30:47+00:00\",\"breadcrumb\":{\"@id\":\"https:\/\/uniest.it\/prodotto\/rapid-gel-post-puntura\/#breadcrumb\"},\"inLanguage\":\"fr-FR\",\"potentialAction\":[{\"@type\":\"ReadAction\",\"target\":[\"https:\/\/uniest.it\/prodotto\/rapid-gel-post-puntura\/\"]}]},{\"@type\":\"ImageObject\",\"inLanguage\":\"fr-FR\",\"@id\":\"https:\/\/uniest.it\/prodotto\/rapid-gel-post-puntura\/#primaryimage\",\"url\":\"https:\/\/uniest.it\/wp-content\/uploads\/2020\/11\/752AAE.png\",\"contentUrl\":\"https:\/\/uniest.it\/wp-content\/uploads\/2020\/11\/752AAE.png\",\"width\":1283,\"height\":2000},{\"@type\":\"BreadcrumbList\",\"@id\":\"https:\/\/uniest.it\/prodotto\/rapid-gel-post-puntura\/#breadcrumb\",\"itemListElement\":[{\"@type\":\"ListItem\",\"position\":1,\"name\":\"Home\",\"item\":\"https:\/\/uniest.it\/fr\/\"},{\"@type\":\"ListItem\",\"position\":2,\"name\":\"Shop\",\"item\":\"https:\/\/uniest.it\/shop\/\"},{\"@type\":\"ListItem\",\"position\":3,\"name\":\"Post-ponction rapide avec gel\"}]},{\"@type\":\"WebSite\",\"@id\":\"https:\/\/uniest.it\/#website\",\"url\":\"https:\/\/uniest.it\/\",\"name\":\"Uniest\",\"description\":\"Cosmetici Naturali e Bio\",\"potentialAction\":[{\"@type\":\"SearchAction\",\"target\":{\"@type\":\"EntryPoint\",\"urlTemplate\":\"https:\/\/uniest.it\/?s={search_term_string}\"},\"query-input\":{\"@type\":\"PropertyValueSpecification\",\"valueRequired\":true,\"valueName\":\"search_term_string\"}}],\"inLanguage\":\"fr-FR\"}]}<\/script>\n<!-- \/ Yoast SEO plugin. -->","yoast_head_json":{"title":"Post-ponction rapide avec gel - Uniest","robots":{"index":"index","follow":"follow","max-snippet":"max-snippet:-1","max-image-preview":"max-image-preview:large","max-video-preview":"max-video-preview:-1"},"canonical":"https:\/\/uniest.it\/prodotto\/rapid-gel-post-puntura\/","og_locale":"fr_FR","og_type":"article","og_title":"Post-ponction rapide avec gel - Uniest","og_description":"Gel d\u00e9licat et innovant \u00e0 la formulation naturelle. Ce gel doux Post Sting est indiqu\u00e9 dans le traitement des piq\u00fbres d&rsquo;insectes ou de moustiques car il est capable d&rsquo;apaiser et d&rsquo;apporter un soulagement imm\u00e9diat aux d\u00e9mangeaisons et aux gonflements g\u00eanants. Dans sa riche formulation naturelle on retrouve l&rsquo;Alo\u00e8s Bio*, le Calendula Bio* et le Complexe [&hellip;]","og_url":"https:\/\/uniest.it\/prodotto\/rapid-gel-post-puntura\/","og_site_name":"Uniest","article_modified_time":"2024-10-23T15:30:47+00:00","og_image":[{"width":1283,"height":2000,"url":"https:\/\/uniest.it\/wp-content\/uploads\/2020\/11\/752AAE.png","type":"image\/png"}],"twitter_card":"summary_large_image","schema":{"@context":"https:\/\/schema.org","@graph":[{"@type":"WebPage","@id":"https:\/\/uniest.it\/prodotto\/rapid-gel-post-puntura\/","url":"https:\/\/uniest.it\/prodotto\/rapid-gel-post-puntura\/","name":"Post-ponction rapide avec gel - Uniest","isPartOf":{"@id":"https:\/\/uniest.it\/#website"},"primaryImageOfPage":{"@id":"https:\/\/uniest.it\/prodotto\/rapid-gel-post-puntura\/#primaryimage"},"image":{"@id":"https:\/\/uniest.it\/prodotto\/rapid-gel-post-puntura\/#primaryimage"},"thumbnailUrl":"https:\/\/uniest.it\/wp-content\/uploads\/2020\/11\/752AAE.png","datePublished":"2024-10-23T14:43:26+00:00","dateModified":"2024-10-23T15:30:47+00:00","breadcrumb":{"@id":"https:\/\/uniest.it\/prodotto\/rapid-gel-post-puntura\/#breadcrumb"},"inLanguage":"fr-FR","potentialAction":[{"@type":"ReadAction","target":["https:\/\/uniest.it\/prodotto\/rapid-gel-post-puntura\/"]}]},{"@type":"ImageObject","inLanguage":"fr-FR","@id":"https:\/\/uniest.it\/prodotto\/rapid-gel-post-puntura\/#primaryimage","url":"https:\/\/uniest.it\/wp-content\/uploads\/2020\/11\/752AAE.png","contentUrl":"https:\/\/uniest.it\/wp-content\/uploads\/2020\/11\/752AAE.png","width":1283,"height":2000},{"@type":"BreadcrumbList","@id":"https:\/\/uniest.it\/prodotto\/rapid-gel-post-puntura\/#breadcrumb","itemListElement":[{"@type":"ListItem","position":1,"name":"Home","item":"https:\/\/uniest.it\/fr\/"},{"@type":"ListItem","position":2,"name":"Shop","item":"https:\/\/uniest.it\/shop\/"},{"@type":"ListItem","position":3,"name":"Post-ponction rapide avec gel"}]},{"@type":"WebSite","@id":"https:\/\/uniest.it\/#website","url":"https:\/\/uniest.it\/","name":"Uniest","description":"Cosmetici Naturali e Bio","potentialAction":[{"@type":"SearchAction","target":{"@type":"EntryPoint","urlTemplate":"https:\/\/uniest.it\/?s={search_term_string}"},"query-input":{"@type":"PropertyValueSpecification","valueRequired":true,"valueName":"search_term_string"}}],"inLanguage":"fr-FR"}]}},"_links":{"self":[{"href":"https:\/\/uniest.it\/fr\/wp-json\/wp\/v2\/product\/5896","targetHints":{"allow":["GET"]}}],"collection":[{"href":"https:\/\/uniest.it\/fr\/wp-json\/wp\/v2\/product"}],"about":[{"href":"https:\/\/uniest.it\/fr\/wp-json\/wp\/v2\/types\/product"}],"wp:featuredmedia":[{"embeddable":true,"href":"https:\/\/uniest.it\/fr\/wp-json\/wp\/v2\/media\/5897"}],"wp:attachment":[{"href":"https:\/\/uniest.it\/fr\/wp-json\/wp\/v2\/media?parent=5896"}],"wp:term":[{"taxonomy":"product_brand","embeddable":true,"href":"https:\/\/uniest.it\/fr\/wp-json\/wp\/v2\/product_brand?post=5896"},{"taxonomy":"product_cat","embeddable":true,"href":"https:\/\/uniest.it\/fr\/wp-json\/wp\/v2\/product_cat?post=5896"},{"taxonomy":"product_tag","embeddable":true,"href":"https:\/\/uniest.it\/fr\/wp-json\/wp\/v2\/product_tag?post=5896"}],"curies":[{"name":"wp","href":"https:\/\/api.w.org\/{rel}","templated":true}]}}