{"id":5898,"date":"2021-02-04T13:00:44","date_gmt":"2024-10-23T14:43:27","guid":{"rendered":"https:\/\/uniest.it\/prodotto\/lotion-spray-multidefense\/"},"modified":"2024-10-23T16:30:48","modified_gmt":"2024-10-23T15:30:48","slug":"lotion-spray-multidefense","status":"publish","type":"product","link":"https:\/\/uniest.it\/fr\/prodotto\/lotion-spray-multidefense\/","title":{"rendered":"Lotion Spray Multid\u00e9fense"},"content":{"rendered":"<p>Lotion en spray naturelle efficace, riche en actifs pr\u00e9cieux, sp\u00e9cialement con\u00e7ue pour \u00e9loigner les moustiques et les insectes en g\u00e9n\u00e9ral et \u00e9viter de se faire piquer. Riche en huiles essentielles de Lavande, Menthe poivr\u00e9e et Citronnelle qui, notoirement, ont un parfum que les insectes n&rsquo;aiment pas et ont donc tendance \u00e0 s&rsquo;\u00e9loigner. La formulation a \u00e9t\u00e9 \u00ab\u00a0renforc\u00e9e\u00a0\u00bb par l&rsquo;ajout d&rsquo;Extrait de Pyr\u00e8thre, un Actif d&rsquo;origine v\u00e9g\u00e9tale et de nombreuses substances naturelles comme les Extraits Naturels de Plantes d&rsquo;Alo\u00e8s Bio, d&rsquo;Avoine Bio et d&rsquo;Amidon de Bl\u00e9 qui en font \u00e9galement un agent hautement hydratant, apaisant et \u00e9mollient. , et donc adapt\u00e9 m\u00eame aux peaux les plus sensibles qui la laisse agr\u00e9ablement douce et non grasse apr\u00e8s application. Convient \u00e0 toute la famille. Bien agiter avant utilisation.<\/p>\n","protected":false},"excerpt":{"rendered":"<p>Lotion en spray naturelle efficace, riche en actifs pr\u00e9cieux, sp\u00e9cialement con\u00e7ue pour \u00e9loigner les moustiques et les insectes en g\u00e9n\u00e9ral et \u00e9viter de se faire piquer. Riche en huiles essentielles de Lavande, Menthe poivr\u00e9e et Citronnelle qui, notoirement, ont un parfum que les insectes n&rsquo;aiment pas et ont donc tendance \u00e0 s&rsquo;\u00e9loigner. La formulation a [&hellip;]<\/p>\n","protected":false},"featured_media":5903,"template":"","meta":{"_acf_changed":false,"inline_featured_image":false},"product_brand":[],"product_cat":[1372],"product_tag":[],"class_list":{"0":"post-5898","1":"product","2":"type-product","3":"status-publish","4":"has-post-thumbnail","6":"product_beauty-idratare","7":"product_beauty-lenire","8":"product_beauty-proteggere","9":"product_skin-tutte-le-pelli","10":"product_kind-trattamenti-speciali","11":"product_lines-igiene-e-protezione","12":"product_cat-corpo-fr","13":"pa_size-100-fr","15":"first","16":"instock","17":"taxable","18":"shipping-taxable","19":"purchasable","20":"product-type-simple"},"acf":[],"yoast_head":"<!-- This site is optimized with the Yoast SEO plugin v24.6 - https:\/\/yoast.com\/wordpress\/plugins\/seo\/ -->\n<title>Lotion Spray Multid\u00e9fense - Uniest<\/title>\n<meta name=\"robots\" content=\"index, follow, max-snippet:-1, max-image-preview:large, max-video-preview:-1\" \/>\n<link rel=\"canonical\" href=\"https:\/\/uniest.it\/prodotto\/lozione-spray-antipuntura\/\" \/>\n<meta property=\"og:locale\" content=\"fr_FR\" \/>\n<meta property=\"og:type\" content=\"article\" \/>\n<meta property=\"og:title\" content=\"Lotion Spray Multid\u00e9fense - Uniest\" \/>\n<meta property=\"og:description\" content=\"Lotion en spray naturelle efficace, riche en actifs pr\u00e9cieux, sp\u00e9cialement con\u00e7ue pour \u00e9loigner les moustiques et les insectes en g\u00e9n\u00e9ral et \u00e9viter de se faire piquer. Riche en huiles essentielles de Lavande, Menthe poivr\u00e9e et Citronnelle qui, notoirement, ont un parfum que les insectes n&rsquo;aiment pas et ont donc tendance \u00e0 s&rsquo;\u00e9loigner. La formulation a [&hellip;]\" \/>\n<meta property=\"og:url\" content=\"https:\/\/uniest.it\/prodotto\/lozione-spray-antipuntura\/\" \/>\n<meta property=\"og:site_name\" content=\"Uniest\" \/>\n<meta property=\"article:modified_time\" content=\"2024-10-23T15:30:48+00:00\" \/>\n<meta property=\"og:image\" content=\"https:\/\/uniest.it\/wp-content\/uploads\/2021\/02\/753AAE.-1280x1920.png\" \/>\n\t<meta property=\"og:image:width\" content=\"1280\" \/>\n\t<meta property=\"og:image:height\" content=\"1920\" \/>\n\t<meta property=\"og:image:type\" content=\"image\/png\" \/>\n<meta name=\"twitter:card\" content=\"summary_large_image\" \/>\n<meta name=\"twitter:label1\" content=\"Dur\u00e9e de lecture estim\u00e9e\" \/>\n\t<meta name=\"twitter:data1\" content=\"1 minute\" \/>\n<script type=\"application\/ld+json\" class=\"yoast-schema-graph\">{\"@context\":\"https:\/\/schema.org\",\"@graph\":[{\"@type\":\"WebPage\",\"@id\":\"https:\/\/uniest.it\/prodotto\/lozione-spray-antipuntura\/\",\"url\":\"https:\/\/uniest.it\/prodotto\/lozione-spray-antipuntura\/\",\"name\":\"Lotion Spray Multid\u00e9fense - Uniest\",\"isPartOf\":{\"@id\":\"https:\/\/uniest.it\/#website\"},\"primaryImageOfPage\":{\"@id\":\"https:\/\/uniest.it\/prodotto\/lozione-spray-antipuntura\/#primaryimage\"},\"image\":{\"@id\":\"https:\/\/uniest.it\/prodotto\/lozione-spray-antipuntura\/#primaryimage\"},\"thumbnailUrl\":\"https:\/\/uniest.it\/wp-content\/uploads\/2021\/02\/753AAE..png\",\"datePublished\":\"2024-10-23T14:43:27+00:00\",\"dateModified\":\"2024-10-23T15:30:48+00:00\",\"breadcrumb\":{\"@id\":\"https:\/\/uniest.it\/prodotto\/lozione-spray-antipuntura\/#breadcrumb\"},\"inLanguage\":\"fr-FR\",\"potentialAction\":[{\"@type\":\"ReadAction\",\"target\":[\"https:\/\/uniest.it\/prodotto\/lozione-spray-antipuntura\/\"]}]},{\"@type\":\"ImageObject\",\"inLanguage\":\"fr-FR\",\"@id\":\"https:\/\/uniest.it\/prodotto\/lozione-spray-antipuntura\/#primaryimage\",\"url\":\"https:\/\/uniest.it\/wp-content\/uploads\/2021\/02\/753AAE..png\",\"contentUrl\":\"https:\/\/uniest.it\/wp-content\/uploads\/2021\/02\/753AAE..png\",\"width\":3369,\"height\":5053},{\"@type\":\"BreadcrumbList\",\"@id\":\"https:\/\/uniest.it\/prodotto\/lozione-spray-antipuntura\/#breadcrumb\",\"itemListElement\":[{\"@type\":\"ListItem\",\"position\":1,\"name\":\"Home\",\"item\":\"https:\/\/uniest.it\/fr\/\"},{\"@type\":\"ListItem\",\"position\":2,\"name\":\"Shop\",\"item\":\"https:\/\/uniest.it\/shop\/\"},{\"@type\":\"ListItem\",\"position\":3,\"name\":\"Lotion Spray Multid\u00e9fense\"}]},{\"@type\":\"WebSite\",\"@id\":\"https:\/\/uniest.it\/#website\",\"url\":\"https:\/\/uniest.it\/\",\"name\":\"Uniest\",\"description\":\"Cosmetici Naturali e Bio\",\"potentialAction\":[{\"@type\":\"SearchAction\",\"target\":{\"@type\":\"EntryPoint\",\"urlTemplate\":\"https:\/\/uniest.it\/?s={search_term_string}\"},\"query-input\":{\"@type\":\"PropertyValueSpecification\",\"valueRequired\":true,\"valueName\":\"search_term_string\"}}],\"inLanguage\":\"fr-FR\"}]}<\/script>\n<!-- \/ Yoast SEO plugin. -->","yoast_head_json":{"title":"Lotion Spray Multid\u00e9fense - Uniest","robots":{"index":"index","follow":"follow","max-snippet":"max-snippet:-1","max-image-preview":"max-image-preview:large","max-video-preview":"max-video-preview:-1"},"canonical":"https:\/\/uniest.it\/prodotto\/lozione-spray-antipuntura\/","og_locale":"fr_FR","og_type":"article","og_title":"Lotion Spray Multid\u00e9fense - Uniest","og_description":"Lotion en spray naturelle efficace, riche en actifs pr\u00e9cieux, sp\u00e9cialement con\u00e7ue pour \u00e9loigner les moustiques et les insectes en g\u00e9n\u00e9ral et \u00e9viter de se faire piquer. Riche en huiles essentielles de Lavande, Menthe poivr\u00e9e et Citronnelle qui, notoirement, ont un parfum que les insectes n&rsquo;aiment pas et ont donc tendance \u00e0 s&rsquo;\u00e9loigner. La formulation a [&hellip;]","og_url":"https:\/\/uniest.it\/prodotto\/lozione-spray-antipuntura\/","og_site_name":"Uniest","article_modified_time":"2024-10-23T15:30:48+00:00","og_image":[{"width":1280,"height":1920,"url":"https:\/\/uniest.it\/wp-content\/uploads\/2021\/02\/753AAE.-1280x1920.png","type":"image\/png"}],"twitter_card":"summary_large_image","twitter_misc":{"Dur\u00e9e de lecture estim\u00e9e":"1 minute"},"schema":{"@context":"https:\/\/schema.org","@graph":[{"@type":"WebPage","@id":"https:\/\/uniest.it\/prodotto\/lozione-spray-antipuntura\/","url":"https:\/\/uniest.it\/prodotto\/lozione-spray-antipuntura\/","name":"Lotion Spray Multid\u00e9fense - Uniest","isPartOf":{"@id":"https:\/\/uniest.it\/#website"},"primaryImageOfPage":{"@id":"https:\/\/uniest.it\/prodotto\/lozione-spray-antipuntura\/#primaryimage"},"image":{"@id":"https:\/\/uniest.it\/prodotto\/lozione-spray-antipuntura\/#primaryimage"},"thumbnailUrl":"https:\/\/uniest.it\/wp-content\/uploads\/2021\/02\/753AAE..png","datePublished":"2024-10-23T14:43:27+00:00","dateModified":"2024-10-23T15:30:48+00:00","breadcrumb":{"@id":"https:\/\/uniest.it\/prodotto\/lozione-spray-antipuntura\/#breadcrumb"},"inLanguage":"fr-FR","potentialAction":[{"@type":"ReadAction","target":["https:\/\/uniest.it\/prodotto\/lozione-spray-antipuntura\/"]}]},{"@type":"ImageObject","inLanguage":"fr-FR","@id":"https:\/\/uniest.it\/prodotto\/lozione-spray-antipuntura\/#primaryimage","url":"https:\/\/uniest.it\/wp-content\/uploads\/2021\/02\/753AAE..png","contentUrl":"https:\/\/uniest.it\/wp-content\/uploads\/2021\/02\/753AAE..png","width":3369,"height":5053},{"@type":"BreadcrumbList","@id":"https:\/\/uniest.it\/prodotto\/lozione-spray-antipuntura\/#breadcrumb","itemListElement":[{"@type":"ListItem","position":1,"name":"Home","item":"https:\/\/uniest.it\/fr\/"},{"@type":"ListItem","position":2,"name":"Shop","item":"https:\/\/uniest.it\/shop\/"},{"@type":"ListItem","position":3,"name":"Lotion Spray Multid\u00e9fense"}]},{"@type":"WebSite","@id":"https:\/\/uniest.it\/#website","url":"https:\/\/uniest.it\/","name":"Uniest","description":"Cosmetici Naturali e Bio","potentialAction":[{"@type":"SearchAction","target":{"@type":"EntryPoint","urlTemplate":"https:\/\/uniest.it\/?s={search_term_string}"},"query-input":{"@type":"PropertyValueSpecification","valueRequired":true,"valueName":"search_term_string"}}],"inLanguage":"fr-FR"}]}},"_links":{"self":[{"href":"https:\/\/uniest.it\/fr\/wp-json\/wp\/v2\/product\/5898","targetHints":{"allow":["GET"]}}],"collection":[{"href":"https:\/\/uniest.it\/fr\/wp-json\/wp\/v2\/product"}],"about":[{"href":"https:\/\/uniest.it\/fr\/wp-json\/wp\/v2\/types\/product"}],"wp:featuredmedia":[{"embeddable":true,"href":"https:\/\/uniest.it\/fr\/wp-json\/wp\/v2\/media\/5903"}],"wp:attachment":[{"href":"https:\/\/uniest.it\/fr\/wp-json\/wp\/v2\/media?parent=5898"}],"wp:term":[{"taxonomy":"product_brand","embeddable":true,"href":"https:\/\/uniest.it\/fr\/wp-json\/wp\/v2\/product_brand?post=5898"},{"taxonomy":"product_cat","embeddable":true,"href":"https:\/\/uniest.it\/fr\/wp-json\/wp\/v2\/product_cat?post=5898"},{"taxonomy":"product_tag","embeddable":true,"href":"https:\/\/uniest.it\/fr\/wp-json\/wp\/v2\/product_tag?post=5898"}],"curies":[{"name":"wp","href":"https:\/\/api.w.org\/{rel}","templated":true}]}}